{"id":6248,"date":"2023-09-20T14:25:44","date_gmt":"2023-09-20T20:25:44","guid":{"rendered":"https:\/\/www.tamaulipas.gob.mx\/desarrollorural\/?page_id=6248"},"modified":"2023-09-20T14:30:44","modified_gmt":"2023-09-20T20:30:44","slug":"tema-sector-pesquero-en-tamaulipas","status":"publish","type":"page","link":"https:\/\/www.tamaulipas.gob.mx\/desarrollorural\/tema-sector-pesquero-en-tamaulipas\/","title":{"rendered":"TEMA: SECTOR PESQUERO EN TAMAULIPAS"},"content":{"rendered":"<p><strong>Biol. Mar\u00eda Guadalupe Vega Barr\u00f3n, L.C.A Jos\u00e9 Luis Rosales Fuentes y Yorllert Baca Ort\u00edz.<\/strong><\/p>\n<p style=\"text-align: justify;\">\u201cEl Campo Tiene Voz\u201d, en esta ocasi\u00f3n se entrevist\u00f3 al Subsecretario de Pesca y Acuacultura, Ing. Juan Jes\u00fas Hern\u00e1ndez Torres, quien nos habl\u00f3 sobre que son los dragados, y en qu\u00e9 consisten y en que municipios se han llevado acabo.<\/p>\n<p style=\"text-align: justify;\">El Subsecretario de Pesca y Acuacultura el Lic. Juan Jes\u00fas Hern\u00e1ndez, nos platic\u00f3 sobre la activaci\u00f3n del Centro Acu\u00edcola Vicente Guerrero, localizado en el municipio de Abasolo, se encontr\u00f3 en total abandono este Centro Acu\u00edcola el cual fue el n\u00famero 1 en proporcionar larva de las especies como el bagre, tilapia en donde tuvimos por muchos a\u00f1os los primeros lugares, es por eso que rescatando este centro acu\u00edcola vamos a restablecerlo para que funcione bien.<\/p>\n<p style=\"text-align: justify;\">Tambi\u00e9n el Lic. Juan Jes\u00fas, nos habl\u00f3 sobre un importante proyecto que tiene mucho futuro, el Proyecto de Trucha Arcoiris en el municipio de Miquihuana. Esta especie tiene un parecido similar al del Salm\u00f3n, la trucha dependiendo de la zona o regi\u00f3n cambia de color y es muy aceptada como producto de consumo y venta local para los acuacultores.<\/p>\n<p style=\"text-align: justify;\">Visita nuestro sitio web en\u00a0<a href=\"http:\/\/www.tamaulipas.gob.mx\/desarrollorural\/\"><strong>www.tamaulipas.gob.mx\/desarrollorural\/<\/strong><\/a><strong>,<\/strong>\u00a0tambi\u00e9n b\u00fascanos en Facebook como\u00a0<strong>secretariadedesarrolloruraltamaulipas<\/strong>\u00a0y en Twitter como\u00a0<strong>@ruraltam<\/strong>\u00a0y comparte tu opini\u00f3n.<\/p>\n<p style=\"text-align: justify;\">Esc\u00fachanos todos los mi\u00e9rcoles a las 08:30 de la ma\u00f1ana es esta su estaci\u00f3n Radio Tamaulipas.<\/p>\n","protected":false},"excerpt":{"rendered":"<p>Biol. Mar\u00eda Guadalupe Vega Barr\u00f3n, L.C.A Jos\u00e9 Luis Rosales Fuentes y Yorllert Baca Ort\u00edz. \u201cEl Campo Tiene Voz\u201d, en esta ocasi\u00f3n se entrevist\u00f3 al Subsecretario\u2026<\/p>\n","protected":false},"author":11,"featured_media":6251,"parent":0,"menu_order":0,"comment_status":"closed","ping_status":"closed","template":"","meta":{"footnotes":""},"class_list":["post-6248","page","type-page","status-publish","has-post-thumbnail","hentry"],"publishpress_future_action":{"enabled":false,"date":"2026-04-10 11:49:39","action":"change-status","newStatus":"draft","terms":[],"taxonomy":""},"_links":{"self":[{"href":"https:\/\/www.tamaulipas.gob.mx\/desarrollorural\/wp-json\/wp\/v2\/pages\/6248"}],"collection":[{"href":"https:\/\/www.tamaulipas.gob.mx\/desarrollorural\/wp-json\/wp\/v2\/pages"}],"about":[{"href":"https:\/\/www.tamaulipas.gob.mx\/desarrollorural\/wp-json\/wp\/v2\/types\/page"}],"author":[{"embeddable":true,"href":"https:\/\/www.tamaulipas.gob.mx\/desarrollorural\/wp-json\/wp\/v2\/users\/11"}],"replies":[{"embeddable":true,"href":"https:\/\/www.tamaulipas.gob.mx\/desarrollorural\/wp-json\/wp\/v2\/comments?post=6248"}],"version-history":[{"count":1,"href":"https:\/\/www.tamaulipas.gob.mx\/desarrollorural\/wp-json\/wp\/v2\/pages\/6248\/revisions"}],"predecessor-version":[{"id":6250,"href":"https:\/\/www.tamaulipas.gob.mx\/desarrollorural\/wp-json\/wp\/v2\/pages\/6248\/revisions\/6250"}],"wp:featuredmedia":[{"embeddable":true,"href":"https:\/\/www.tamaulipas.gob.mx\/desarrollorural\/wp-json\/wp\/v2\/media\/6251"}],"wp:attachment":[{"href":"https:\/\/www.tamaulipas.gob.mx\/desarrollorural\/wp-json\/wp\/v2\/media?parent=6248"}],"curies":[{"name":"wp","href":"https:\/\/api.w.org\/{rel}","templated":true}]}}