{"id":62,"date":"2016-11-07T09:14:22","date_gmt":"2016-11-07T15:14:22","guid":{"rendered":"http:\/\/www.tamaulipas.gob.mx\/desarrollorural\/?page_id=62"},"modified":"2025-08-28T13:58:06","modified_gmt":"2025-08-28T19:58:06","slug":"ganaderia","status":"publish","type":"page","link":"https:\/\/www.tamaulipas.gob.mx\/desarrollorural\/temas-del-sector\/ganaderia\/","title":{"rendered":"Ganader\u00eda"},"content":{"rendered":"<ul class=\"nav nav-tabs\" id=\"\"><li class=\"active\"><a href=\"#custom-tab-0-10691dd4875dece638a4c20132dea2dc\" data-toggle=\"tab\" >Ganader\u00eda<\/a><\/li><li class=\" next\"><a href=\"#custom-tab-0-7746b916573fa2244dc4dad0bd6d9f54\" data-toggle=\"tab\" >Mejoramiento Gen\u00e9tico 2024<\/a><\/li><li class=\" next\"><a href=\"#custom-tab-0-1a9342f955fc9b5c9f1d6cc17c28ad75\" data-toggle=\"tab\" >Mejoramiento Gen\u00e9tico 2020<\/a><\/li><li class=\" next\"><a href=\"#custom-tab-0-0bc778c9063976d7e9f9b0f2d8fdbbd4\" data-toggle=\"tab\" >Mejoramiento Gen\u00e9tico 2019<\/a><\/li><li class=\" next\"><a href=\"#custom-tab-0-9041419082a7728d5fdcad3dd8d1df15\" data-toggle=\"tab\" >Mejoramiento Gen\u00e9tico 2018<\/a><\/li><\/ul><div class=\"tab-content\">\n<div id=\"custom-tab-0-10691dd4875dece638a4c20132dea2dc\" class=\"tab-pane active\">\n<p style=\"text-align: justify;\">El cierre del ciclo ganadero 2024, Tamaulipas obtuvo una producci\u00f3n de 47,896 Ton de carne en canal de Bovino, Porcino 10,604 Ton, Ovino 1,485 Ton, Caprino 1,532 Ton y Ave 439 Ton. Adem\u00e1s, tambi\u00e9n se obtuvo 22,016 (miles de litros) de leche de Bovino y Caprino 111 (miles de litros).<\/p>\n<p style=\"text-align: justify;\">Otros productos pecuarios de los cuales destaca en la producci\u00f3n es el huevo para plato con 1,177 Ton, Miel 795 Ton, y cera en gre\u00f1a 20 Ton.<\/p>\n<p style=\"text-align: justify;\">La actividad ganadera est\u00e1 distribuida a lo largo de todo el Estado, sin embargo, es conveniente destacar municipios como Jim\u00e9nez, Soto La Marina, Gonz\u00e1lez, Aldama, Victoria y Altamira producen una gran cantidad de carne de Bovino. La producci\u00f3n de porcinos los municipios que destacan como principales productores, son R\u00edo Bravo, Reynosa, Valle Hermoso, G\u00fc\u00e9mez, Victoria, Gonz\u00e1lez y Altamira.<\/p>\n<p style=\"text-align: justify;\">Tamaulipas tiene un enorme potencial, para la crianza de especies zoot\u00e9cnicas en la zona semi\u00e1rida y \u00e1rida de nuestro Estado, como es el ganado Caprino que es el que mejor se adapta por las condiciones de vegetaci\u00f3n y clima de estas zonas; como en la regi\u00f3n del Altiplano y el Valle de San Fernando.<\/p>\n<p style=\"text-align: justify;\">Sin duda alguna, el ganado ovino tambi\u00e9n ha demostrado que es una fuente de ingresos, siendo los principales municipios productores San Fernando, M\u00e9ndez, Reynosa, Hidalgo, Victoria, Villagr\u00e1n y Burgos entre otros.<\/p>\n<p style=\"text-align: justify;\">Existe otra actividad que no necesita mucha inversi\u00f3n, esta es la apicultura donde se obtienen la cera y la miel entre otros productos derivados de la misma. Esta actividad tiene mucho futuro ya que abre un amplio campo en la exportaci\u00f3n hacia otros pa\u00edses de Europa como son Alemania entre otros.<\/p>\n<div class=\"panel panel-default\">\n\t\t\t\t<div class=\"panel-heading\">\n\t\t\t\t\t<h4 class=\"panel-title\">\n\t\t\t\t\t\t<a class=\"collapsed\" data-toggle=\"collapse\" data-parent=\"#single-collapse\" href=\"#single-collapse-0\">Calendario de Eventos de Mejoramiento Gen\u00e9tico 2024<\/a>\n\t\t\t\t\t<\/h4>\n\t\t\t\t<\/div>\n\t\t\t\t<div id=\"single-collapse-0\" class=\"panel-collapse collapse\">\n\t\t\t\t\t<div class=\"panel-body\">\n<div class=\"table-responsive\"><\/div>\n<p><a href=\"https:\/\/www.tamaulipas.gob.mx\/desarrollorural\/calendariomg2024\/\" target=\"_blank\" rel=\"noopener\"><strong>Ir al calendario<\/strong><\/a><\/p>\n<\/div>\n\t\t\t\t<\/div>\n\t\t\t<\/div>\n<div class=\"panel panel-default\">\n\t\t\t\t<div class=\"panel-heading\">\n\t\t\t\t\t<h4 class=\"panel-title\">\n\t\t\t\t\t\t<a class=\"collapsed\" data-toggle=\"collapse\" data-parent=\"#single-collapse\" href=\"#single-collapse-1\">Producci\u00f3n pecuaria 2024<\/a>\n\t\t\t\t\t<\/h4>\n\t\t\t\t<\/div>\n\t\t\t\t<div id=\"single-collapse-1\" class=\"panel-collapse collapse\">\n\t\t\t\t\t<div class=\"panel-body\">\n<div class=\"table-responsive\"><table class=\" table table table-gobtam\"><thead><tr><td>Producto \/ Especie<\/td>\n<td>Producci&#xF3;n<\/td>\n<\/tr><\/thead><tbody><tr><td colspan=\"2\"><strong>Carne en canal (tonelada)<\/strong><\/td>\n<\/tr><tr><td>Bovino<\/td>\n<td>47,896<\/td>\n<\/tr><tr><td>Porcino<\/td>\n<td>10,604<\/td>\n<\/tr><tr><td>Ovino<\/td>\n<td>1,485<\/td>\n<\/tr><tr><td>Caprino<\/td>\n<td>1,532<\/td>\n<\/tr><tr><td>Ave<\/td>\n<td>439<\/td>\n<\/tr><tr><td colspan=\"2\"><strong>Leche (miles de litros)<\/strong><\/td>\n<\/tr><tr><td>Bovino<\/td>\n<td>22,016<\/td>\n<\/tr><tr><td>Caprino<\/td>\n<td>111<\/td>\n<\/tr><tr><td colspan=\"2\"><strong>Otros productos (toneladas)<\/strong><\/td>\n<\/tr><tr><td>Huevo para plato<\/td>\n<td>1,177<\/td>\n<\/tr><tr><td>Miel<\/td>\n<td>795<\/td>\n<\/tr><tr><td>Cera en gre&#xF1;a<\/td>\n<td>20<\/td>\n<\/tr><\/tbody><\/table><\/div>\n<\/div>\n\t\t\t\t<\/div>\n\t\t\t<\/div>\n[\/collapse]\n<div class=\"panel panel-default\">\n\t\t\t\t<div class=\"panel-heading\">\n\t\t\t\t\t<h4 class=\"panel-title\">\n\t\t\t\t\t\t<a class=\"collapsed\" data-toggle=\"collapse\" data-parent=\"#single-collapse\" href=\"#single-collapse-2\">Producci\u00f3n pecuaria 2023<\/a>\n\t\t\t\t\t<\/h4>\n\t\t\t\t<\/div>\n\t\t\t\t<div id=\"single-collapse-2\" class=\"panel-collapse collapse\">\n\t\t\t\t\t<div class=\"panel-body\">\n<div class=\"table-responsive\"><table class=\" table table table-gobtam\"><thead><tr><td>Producto \/ Especie<\/td>\n<td>Producci&#xF3;n<\/td>\n<\/tr><\/thead><tbody><tr><td colspan=\"2\"><strong>Carne en canal (tonelada)<\/strong><\/td>\n<\/tr><tr><td>Bovino<\/td>\n<td>46,999<\/td>\n<\/tr><tr><td>Porcino<\/td>\n<td>10,357<\/td>\n<\/tr><tr><td>Ovino<\/td>\n<td>1,475<\/td>\n<\/tr><tr><td>Caprino<\/td>\n<td>1,543<\/td>\n<\/tr><tr><td>Ave<\/td>\n<td>438<\/td>\n<\/tr><tr><td colspan=\"2\"><strong>Leche (miles de litros)<\/strong><\/td>\n<\/tr><tr><td>Bovino<\/td>\n<td>21,699<\/td>\n<\/tr><tr><td>Caprino<\/td>\n<td>111<\/td>\n<\/tr><tr><td colspan=\"2\"><strong>Otros productos (toneladas)<\/strong><\/td>\n<\/tr><tr><td>Huevo para plato<\/td>\n<td>1,159<\/td>\n<\/tr><tr><td>Miel<\/td>\n<td>829<\/td>\n<\/tr><tr><td>Cera en gre&#xF1;a<\/td>\n<td>26<\/td>\n<\/tr><\/tbody><\/table><\/div>\n<\/div>\n\t\t\t\t<\/div>\n\t\t\t<\/div>\n<div class=\"panel panel-default\">\n\t\t\t\t<div class=\"panel-heading\">\n\t\t\t\t\t<h4 class=\"panel-title\">\n\t\t\t\t\t\t<a class=\"collapsed\" data-toggle=\"collapse\" data-parent=\"#single-collapse\" href=\"#single-collapse-3\">Producci\u00f3n pecuaria 2022<\/a>\n\t\t\t\t\t<\/h4>\n\t\t\t\t<\/div>\n\t\t\t\t<div id=\"single-collapse-3\" class=\"panel-collapse collapse\">\n\t\t\t\t\t<div class=\"panel-body\">\n<div class=\"table-responsive\"><table class=\" table table table-gobtam\"><thead><tr><td>Producto \/ Especie<\/td>\n<td>Producci&#xF3;n<\/td>\n<\/tr><\/thead><tbody><tr><td colspan=\"2\"><strong>Carne en canal (tonelada)<\/strong><\/td>\n<\/tr><tr><td>Bovino<\/td>\n<td>46,166<\/td>\n<\/tr><tr><td>Porcino<\/td>\n<td>10,166<\/td>\n<\/tr><tr><td>Ovino<\/td>\n<td>1,464<\/td>\n<\/tr><tr><td>Caprino<\/td>\n<td>1,525<\/td>\n<\/tr><tr><td>Ave<\/td>\n<td>422<\/td>\n<\/tr><tr><td colspan=\"2\"><strong>Leche (miles de litros)<\/strong><\/td>\n<\/tr><tr><td>Bovino<\/td>\n<td>21,341<\/td>\n<\/tr><tr><td>Caprino<\/td>\n<td>108<\/td>\n<\/tr><tr><td colspan=\"2\"><strong>Otros productos (toneladas)<\/strong><\/td>\n<\/tr><tr><td>Huevo para plato<\/td>\n<td>1,111<\/td>\n<\/tr><tr><td>Miel<\/td>\n<td>799<\/td>\n<\/tr><tr><td>Cera en gre&#xF1;a<\/td>\n<td>27<\/td>\n<\/tr><\/tbody><\/table><\/div>\n<\/div>\n\t\t\t\t<\/div>\n\t\t\t<\/div>\n<div class=\"panel panel-default\">\n\t\t\t\t<div class=\"panel-heading\">\n\t\t\t\t\t<h4 class=\"panel-title\">\n\t\t\t\t\t\t<a class=\"collapsed\" data-toggle=\"collapse\" data-parent=\"#single-collapse\" href=\"#single-collapse-4\">Producci\u00f3n pecuaria 2021<\/a>\n\t\t\t\t\t<\/h4>\n\t\t\t\t<\/div>\n\t\t\t\t<div id=\"single-collapse-4\" class=\"panel-collapse collapse\">\n\t\t\t\t\t<div class=\"panel-body\">\n<div class=\"table-responsive\"><table class=\" table table table-gobtam\"><thead><tr><td>Producto \/ Especie<\/td>\n<td>Producci&#xF3;n<\/td>\n<\/tr><\/thead><tbody><tr><td colspan=\"2\"><strong>Carne en canal (tonelada)<\/strong><\/td>\n<\/tr><tr><td>Bovino<\/td>\n<td>45,363<\/td>\n<\/tr><tr><td>Porcino<\/td>\n<td>10,056<\/td>\n<\/tr><tr><td>Ovino<\/td>\n<td>1,458<\/td>\n<\/tr><tr><td>Caprino<\/td>\n<td>1,517<\/td>\n<\/tr><tr><td>Ave<\/td>\n<td>419<\/td>\n<\/tr><tr><td colspan=\"2\"><strong>Leche (miles de litros)<\/strong><\/td>\n<\/tr><tr><td>Bovino<\/td>\n<td>20,815<\/td>\n<\/tr><tr><td>Caprino<\/td>\n<td>106<\/td>\n<\/tr><tr><td colspan=\"2\"><strong>Otros productos (toneladas)<\/strong><\/td>\n<\/tr><tr><td>Huevo para plato<\/td>\n<td>691<\/td>\n<\/tr><tr><td>Miel<\/td>\n<td>754<\/td>\n<\/tr><tr><td>Cera en gre&#xF1;a<\/td>\n<td>24<\/td>\n<\/tr><\/tbody><\/table><\/div>\n<\/div>\n\t\t\t\t<\/div>\n\t\t\t<\/div>\n<div class=\"panel panel-default\">\n\t\t\t\t<div class=\"panel-heading\">\n\t\t\t\t\t<h4 class=\"panel-title\">\n\t\t\t\t\t\t<a class=\"collapsed\" data-toggle=\"collapse\" data-parent=\"#single-collapse\" href=\"#single-collapse-5\">Producci\u00f3n pecuaria 2020<\/a>\n\t\t\t\t\t<\/h4>\n\t\t\t\t<\/div>\n\t\t\t\t<div id=\"single-collapse-5\" class=\"panel-collapse collapse\">\n\t\t\t\t\t<div class=\"panel-body\">\n<div class=\"table-responsive\"><table class=\" table table table-gobtam\"><thead><tr><td>Producto \/ Especie<\/td>\n<td>Producci&#xF3;n<\/td>\n<\/tr><\/thead><tbody><tr><td colspan=\"2\"><strong>Carne en canal (tonelada)<\/strong><\/td>\n<\/tr><tr><td>Bovino<\/td>\n<td>44,255<\/td>\n<\/tr><tr><td>Porcino<\/td>\n<td>9,977<\/td>\n<\/tr><tr><td>Ovino<\/td>\n<td>1,436<\/td>\n<\/tr><tr><td>Caprino<\/td>\n<td>1,460<\/td>\n<\/tr><tr><td>Ave<\/td>\n<td>398<\/td>\n<\/tr><tr><td colspan=\"2\"><strong>Leche (miles de litros)<\/strong><\/td>\n<\/tr><tr><td>Bovino<\/td>\n<td>20,765<\/td>\n<\/tr><tr><td>Caprino<\/td>\n<td>105<\/td>\n<\/tr><tr><td colspan=\"2\"><strong>Otros productos (toneladas)<\/strong><\/td>\n<\/tr><tr><td>Huevo para plato<\/td>\n<td>686<\/td>\n<\/tr><tr><td>Miel<\/td>\n<td>709<\/td>\n<\/tr><tr><td>Cera en gre&#xF1;a<\/td>\n<td>24<\/td>\n<\/tr><\/tbody><\/table><\/div>\n<\/div>\n\t\t\t\t<\/div>\n\t\t\t<\/div>\n<div class=\"panel panel-default\">\n\t\t\t\t<div class=\"panel-heading\">\n\t\t\t\t\t<h4 class=\"panel-title\">\n\t\t\t\t\t\t<a class=\"collapsed\" data-toggle=\"collapse\" data-parent=\"#single-collapse\" href=\"#single-collapse-6\">Producci\u00f3n pecuaria 2019<\/a>\n\t\t\t\t\t<\/h4>\n\t\t\t\t<\/div>\n\t\t\t\t<div id=\"single-collapse-6\" class=\"panel-collapse collapse\">\n\t\t\t\t\t<div class=\"panel-body\">\n<div class=\"table-responsive\"><table class=\" table table table-gobtam\"><thead><tr><td>Producto \/ Especie<\/td>\n<td>Producci&#xF3;n<\/td>\n<\/tr><\/thead><tbody><tr><td colspan=\"2\"><strong>Carne en canal (tonelada)<\/strong><\/td>\n<\/tr><tr><td>Bovino<\/td>\n<td>43,400<\/td>\n<\/tr><tr><td>Porcino<\/td>\n<td>9,578<\/td>\n<\/tr><tr><td>Ovino<\/td>\n<td>1,380<\/td>\n<\/tr><tr><td>Caprino<\/td>\n<td>1,438<\/td>\n<\/tr><tr><td>Ave<\/td>\n<td>320<\/td>\n<\/tr><tr><td colspan=\"2\"><strong>Leche (miles de litros)<\/strong><\/td>\n<\/tr><tr><td>Bovino<\/td>\n<td>19,649<\/td>\n<\/tr><tr><td>Caprino<\/td>\n<td>107<\/td>\n<\/tr><tr><td colspan=\"2\"><strong>Otros productos (toneladas)<\/strong><\/td>\n<\/tr><tr><td>Huevo para plato<\/td>\n<td>663<\/td>\n<\/tr><tr><td>Miel<\/td>\n<td>608<\/td>\n<\/tr><tr><td>Cera en gre&#xF1;a<\/td>\n<td>18<\/td>\n<\/tr><\/tbody><\/table><\/div>\n<\/div>\n\t\t\t\t<\/div>\n\t\t\t<\/div>\n<div class=\"panel panel-default\">\n\t\t\t\t<div class=\"panel-heading\">\n\t\t\t\t\t<h4 class=\"panel-title\">\n\t\t\t\t\t\t<a class=\"collapsed\" data-toggle=\"collapse\" data-parent=\"#single-collapse\" href=\"#single-collapse-7\">Producci\u00f3n pecuaria 2018<\/a>\n\t\t\t\t\t<\/h4>\n\t\t\t\t<\/div>\n\t\t\t\t<div id=\"single-collapse-7\" class=\"panel-collapse collapse\">\n\t\t\t\t\t<div class=\"panel-body\">\n<div class=\"table-responsive\"><table class=\" table table table-gobtam\"><thead><tr><td>Producto \/ Especie<\/td>\n<td>Producci&#xF3;n<\/td>\n<\/tr><\/thead><tbody><tr><td colspan=\"2\"><strong>Carne en canal (tonelada)<\/strong><\/td>\n<\/tr><tr><td>Bovino<\/td>\n<td>41,998<\/td>\n<\/tr><tr><td>Porcino<\/td>\n<td>9,666<\/td>\n<\/tr><tr><td>Ovino<\/td>\n<td>1,453<\/td>\n<\/tr><tr><td>Caprino<\/td>\n<td>1,554<\/td>\n<\/tr><tr><td>Ave<\/td>\n<td>340<\/td>\n<\/tr><tr><td colspan=\"2\"><strong>Leche (miles de litros)<\/strong><\/td>\n<\/tr><tr><td>Bovino<\/td>\n<td>20,300<\/td>\n<\/tr><tr><td>Caprino<\/td>\n<td>120<\/td>\n<\/tr><tr><td colspan=\"2\"><strong>Otros productos (toneladas)<\/strong><\/td>\n<\/tr><tr><td>Huevo para plato<\/td>\n<td>692<\/td>\n<\/tr><tr><td>Miel<\/td>\n<td>855<\/td>\n<\/tr><tr><td>Cera en gre&#xF1;a<\/td>\n<td>29<\/td>\n<\/tr><\/tbody><\/table><\/div>\n<\/div>\n\t\t\t\t<\/div>\n\t\t\t<\/div>\n<p>&nbsp;<\/p>\n<\/div>\n<div id=\"custom-tab-0-7746b916573fa2244dc4dad0bd6d9f54\" class=\"tab-pane next\">\n<h3><strong>Calendario de Eventos 2024<\/strong><\/h3>\n<div class=\"table-responsive\"><\/div>\n<table style=\"width: 49.9168%; height: 336px;\">\n<tbody>\n<tr style=\"height: 24px;\">\n<td style=\"width: 51.1929%; height: 24px; text-align: center;\"><strong>Sede<\/strong><\/td>\n<td style=\"width: 63.2468%; height: 24px; text-align: center;\"><strong>Fecha<\/strong><\/td>\n<\/tr>\n<tr style=\"height: 24px;\">\n<td style=\"width: 51.1929%; height: 24px;\">Aldama<\/td>\n<td style=\"width: 63.2468%; height: 24px;\">16 de Agosto<\/td>\n<\/tr>\n<tr style=\"height: 24px;\">\n<td style=\"width: 51.1929%; height: 24px;\">Palmillas<\/td>\n<td style=\"width: 63.2468%; height: 24px;\">23 de Agosto<\/td>\n<\/tr>\n<tr style=\"height: 24px;\">\n<td style=\"width: 51.1929%; height: 24px;\">Cru\u00edllas<\/td>\n<td style=\"width: 63.2468%; height: 24px;\">06 de Septiembre<\/td>\n<\/tr>\n<tr style=\"height: 24px;\">\n<td style=\"width: 51.1929%; height: 24px;\">Soto la Marina<\/td>\n<td style=\"width: 63.2468%; height: 24px;\">27 de Septiembre<\/td>\n<\/tr>\n<tr style=\"height: 24px;\">\n<td style=\"width: 51.1929%; height: 24px;\">Miguel Alem\u00e1n<\/td>\n<td style=\"width: 63.2468%; height: 24px;\">11 de octubre<\/td>\n<\/tr>\n<tr style=\"height: 24px;\">\n<td style=\"width: 51.1929%; height: 24px;\">Feria Victoria<\/td>\n<td style=\"width: 63.2468%; height: 24px;\">Por definir<\/td>\n<\/tr>\n<\/tbody>\n<\/table>\n<\/div>\n<div id=\"custom-tab-0-1a9342f955fc9b5c9f1d6cc17c28ad75\" class=\"tab-pane next\">\n<h3><strong>Calendario de Eventos 2020<\/strong><\/h3>\n<div class=\"table-responsive\"><\/div>\n<table style=\"width: 49.9168%; height: 336px;\">\n<tbody>\n<tr style=\"height: 24px;\">\n<td style=\"width: 51.1929%; height: 24px; text-align: center;\"><strong>Sede<\/strong><\/td>\n<td style=\"width: 63.2468%; height: 24px; text-align: center;\"><strong>Fecha<\/strong><\/td>\n<\/tr>\n<tr style=\"height: 24px;\">\n<td style=\"width: 51.1929%; height: 24px;\">Gonz\u00e1lez<\/td>\n<td style=\"width: 63.2468%; height: 24px;\">21 de Febrero<\/td>\n<\/tr>\n<tr style=\"height: 24px;\">\n<td style=\"width: 51.1929%; height: 24px;\">Subasta Congreso Mundial de Ganader\u00eda Tropical Tampico<\/td>\n<td style=\"width: 63.2468%; height: 24px;\">22 de Febrero<\/td>\n<\/tr>\n<tr style=\"height: 24px;\">\n<td style=\"width: 51.1929%; height: 24px;\">G\u00f3mez Far\u00edas<\/td>\n<td style=\"width: 63.2468%; height: 24px;\">29 de Mayo<\/td>\n<\/tr>\n<tr style=\"height: 24px;\">\n<td style=\"width: 51.1929%; height: 24px;\">Miguel Alem\u00e1n<\/td>\n<td style=\"width: 63.2468%; height: 24px;\">26 de Junio<\/td>\n<\/tr>\n<tr style=\"height: 24px;\">\n<td style=\"width: 51.1929%; height: 24px;\">Aldama<\/td>\n<td style=\"width: 63.2468%; height: 24px;\">25 de Septiembre<\/td>\n<\/tr>\n<tr style=\"height: 24px;\">\n<td style=\"width: 51.1929%; height: 24px;\">Soto la Marina<\/td>\n<td style=\"width: 63.2468%; height: 24px;\">06 de Noviembre<\/td>\n<\/tr>\n<tr style=\"height: 24px;\">\n<td style=\"width: 51.1929%; height: 24px;\">San Fernando<\/td>\n<td style=\"width: 63.2468%; height: 24px;\">27 de noviembre<\/td>\n<\/tr>\n<\/tbody>\n<\/table>\n<\/div>\n<div id=\"custom-tab-0-0bc778c9063976d7e9f9b0f2d8fdbbd4\" class=\"tab-pane next\">\n<h3><strong>Calendario de Eventos 2019<\/strong><\/h3>\n<div class=\"table-responsive\"><\/div>\n<table style=\"width: 49.9168%; height: 336px;\">\n<tbody>\n<tr style=\"height: 24px;\">\n<td style=\"width: 51.1929%; height: 24px; text-align: center;\"><strong>Sede<\/strong><\/td>\n<td style=\"width: 63.2468%; height: 24px; text-align: center;\"><strong>Fecha<\/strong><\/td>\n<\/tr>\n<tr style=\"height: 24px;\">\n<td style=\"width: 51.1929%; height: 24px;\">Burgos<\/td>\n<td style=\"width: 63.2468%; height: 24px;\">S\u00e1bado 16 Febrero<\/td>\n<\/tr>\n<tr style=\"height: 24px;\">\n<td style=\"width: 51.1929%; height: 24px;\">Altamira<\/td>\n<td style=\"width: 63.2468%; height: 24px;\">Viernes 15 de Marzo<\/td>\n<\/tr>\n<tr style=\"height: 24px;\">\n<td style=\"width: 51.1929%; height: 24px;\">Congreso Mundial de Ganader\u00eda Tropical<\/td>\n<td style=\"width: 63.2468%; height: 24px;\">S\u00e1bado 16 de Marzo<\/td>\n<\/tr>\n<tr style=\"height: 24px;\">\n<td style=\"width: 51.1929%; height: 24px;\">Victoria en el marco de la Asamblea de la UGRT<\/td>\n<td style=\"width: 63.2468%; height: 24px;\">Viernes 5 de Abril<\/td>\n<\/tr>\n<tr style=\"height: 24px;\">\n<td style=\"width: 51.1929%; height: 24px;\">Tula<\/td>\n<td style=\"width: 63.2468%; height: 24px;\">Viernes 12 de Abril<\/td>\n<\/tr>\n<tr style=\"height: 24px;\">\n<td style=\"width: 51.1929%; height: 24px;\">Mante<\/td>\n<td style=\"width: 63.2468%; height: 24px;\">Viernes 07 Junio<\/td>\n<\/tr>\n<tr style=\"height: 24px;\">\n<td style=\"width: 51.1929%; height: 24px;\">Aldama<\/td>\n<td style=\"width: 63.2468%; height: 24px;\">Viernes 5 Julio<\/td>\n<\/tr>\n<tr style=\"height: 24px;\">\n<td style=\"width: 51.1929%; height: 24px;\">Soto La Marina<\/td>\n<td style=\"width: 63.2468%; height: 24px;\">Viernes 16 Agosto<\/td>\n<\/tr>\n<tr style=\"height: 24px;\">\n<td style=\"width: 51.1929%; height: 24px;\">San Fernando<\/td>\n<td style=\"width: 63.2468%; height: 24px;\">Viernes 30 Agosto<\/td>\n<\/tr>\n<tr style=\"height: 24px;\">\n<td style=\"width: 51.1929%; height: 24px;\">Reynosa<\/td>\n<td style=\"width: 63.2468%; height: 24px;\">Viernes 6 Septiembre<\/td>\n<\/tr>\n<tr style=\"height: 24px;\">\n<td style=\"width: 51.1929%; height: 24px;\">Cd. Mier<\/td>\n<td style=\"width: 63.2468%; height: 24px;\">Viernes 20 Septiembre<\/td>\n<\/tr>\n<tr style=\"height: 24px;\">\n<td style=\"width: 51.1929%; height: 24px;\">Nuevo Laredo<\/td>\n<td style=\"width: 63.2468%; height: 24px;\">Domingo 22 Septiembre<\/td>\n<\/tr>\n<tr style=\"height: 24px;\">\n<td style=\"width: 51.1929%; height: 24px;\">Feria Estatal Tamaulipas<\/td>\n<td style=\"width: 63.2468%; height: 24px;\">Domingo 3 de Noviembre<\/td>\n<\/tr>\n<\/tbody>\n<\/table>\n<\/div>\n<p>&nbsp;<\/p>\n<div id=\"custom-tab-0-9041419082a7728d5fdcad3dd8d1df15\" class=\"tab-pane next\">\n<h3><strong>Calendario de Eventos 2018<\/strong><\/h3>\n<div class=\"table-responsive\"><\/div>\n<table style=\"width: 49.9168%; height: 336px;\">\n<tbody>\n<tr style=\"height: 24px;\">\n<td style=\"width: 51.1929%; height: 24px; text-align: center;\"><strong>Sede<\/strong><\/td>\n<td style=\"width: 63.2468%; height: 24px; text-align: center;\"><strong>Fecha<\/strong><\/td>\n<\/tr>\n<tr style=\"height: 24px;\">\n<td style=\"width: 51.1929%; height: 24px;\">Congreso Mundial de Ganader\u00eda Tropical Altamira<\/td>\n<td style=\"width: 63.2468%; height: 24px;\">9 de Febrero<\/td>\n<\/tr>\n<tr style=\"height: 24px;\">\n<td style=\"width: 51.1929%; height: 24px;\">Mante<\/td>\n<td style=\"width: 63.2468%; height: 24px;\">23 de Febrero<\/td>\n<\/tr>\n<tr style=\"height: 24px;\">\n<td style=\"width: 51.1929%; height: 24px;\">Cruillas<\/td>\n<td style=\"width: 63.2468%; height: 24px;\">23 de Marzo<\/td>\n<\/tr>\n<tr style=\"height: 24px;\">\n<td style=\"width: 51.1929%; height: 24px;\">Gonz\u00e1lez<\/td>\n<td style=\"width: 63.2468%; height: 24px;\">6 de Julio<\/td>\n<\/tr>\n<tr style=\"height: 24px;\">\n<td style=\"width: 51.1929%; height: 24px;\">Soto la Marina<\/td>\n<td style=\"width: 63.2468%; height: 24px;\">10 de Agosto<\/td>\n<\/tr>\n<tr style=\"height: 24px;\">\n<td style=\"width: 51.1929%; height: 24px;\">San Fernando<\/td>\n<td style=\"width: 63.2468%; height: 24px;\">24 de Agosto<\/td>\n<\/tr>\n<tr style=\"height: 24px;\">\n<td style=\"width: 51.1929%; height: 24px;\">M\u00e9ndez<\/td>\n<td style=\"width: 63.2468%; height: 24px;\">31 de Agosto<\/td>\n<\/tr>\n<tr style=\"height: 24px;\">\n<td style=\"width: 51.1929%; height: 24px;\">Reynosa<\/td>\n<td style=\"width: 63.2468%; height: 24px;\">07 de Septiembre<\/td>\n<\/tr>\n<tr style=\"height: 24px;\">\n<td style=\"width: 51.1929%; height: 24px;\">Guerrero<\/td>\n<td style=\"width: 63.2468%; height: 24px;\">14 de Septiembre<\/td>\n<\/tr>\n<tr style=\"height: 24px;\">\n<td style=\"width: 51.1929%; height: 24px;\">Nuevo Laredo<\/td>\n<td style=\"width: 63.2468%; height: 24px;\">16 de Septiembre<\/td>\n<\/tr>\n<tr style=\"height: 24px;\">\n<td style=\"width: 51.1929%; height: 24px;\">Jaumave<\/td>\n<td style=\"width: 63.2468%; height: 24px;\">05 de Octubre<\/td>\n<\/tr>\n<tr style=\"height: 24px;\">\n<td style=\"width: 51.1929%; height: 24px;\">Feria Estatal Tamaulipas<\/td>\n<td style=\"width: 63.2468%; height: 24px;\">4 de Noviembre<\/td>\n<\/tr>\n<tr style=\"height: 24px;\">\n<td style=\"width: 51.1929%; height: 24px;\"><\/td>\n<td style=\"width: 63.2468%; height: 24px;\"><\/td>\n<\/tr>\n<\/tbody>\n<\/table>\n<\/div>\n<\/div>\n","protected":false},"excerpt":{"rendered":"","protected":false},"author":8,"featured_media":0,"parent":45,"menu_order":0,"comment_status":"closed","ping_status":"closed","template":"","meta":{"footnotes":""},"class_list":["post-62","page","type-page","status-publish","hentry"],"publishpress_future_action":{"enabled":false,"date":"2026-04-21 21:13:50","action":"change-status","newStatus":"draft","terms":[],"taxonomy":""},"_links":{"self":[{"href":"https:\/\/www.tamaulipas.gob.mx\/desarrollorural\/wp-json\/wp\/v2\/pages\/62"}],"collection":[{"href":"https:\/\/www.tamaulipas.gob.mx\/desarrollorural\/wp-json\/wp\/v2\/pages"}],"about":[{"href":"https:\/\/www.tamaulipas.gob.mx\/desarrollorural\/wp-json\/wp\/v2\/types\/page"}],"author":[{"embeddable":true,"href":"https:\/\/www.tamaulipas.gob.mx\/desarrollorural\/wp-json\/wp\/v2\/users\/8"}],"replies":[{"embeddable":true,"href":"https:\/\/www.tamaulipas.gob.mx\/desarrollorural\/wp-json\/wp\/v2\/comments?post=62"}],"version-history":[{"count":71,"href":"https:\/\/www.tamaulipas.gob.mx\/desarrollorural\/wp-json\/wp\/v2\/pages\/62\/revisions"}],"predecessor-version":[{"id":7361,"href":"https:\/\/www.tamaulipas.gob.mx\/desarrollorural\/wp-json\/wp\/v2\/pages\/62\/revisions\/7361"}],"up":[{"embeddable":true,"href":"https:\/\/www.tamaulipas.gob.mx\/desarrollorural\/wp-json\/wp\/v2\/pages\/45"}],"wp:attachment":[{"href":"https:\/\/www.tamaulipas.gob.mx\/desarrollorural\/wp-json\/wp\/v2\/media?parent=62"}],"curies":[{"name":"wp","href":"https:\/\/api.w.org\/{rel}","templated":true}]}}