{"id":6095,"date":"2023-08-03T18:45:02","date_gmt":"2023-08-04T00:45:02","guid":{"rendered":"https:\/\/www.tamaulipas.gob.mx\/desarrollorural\/?page_id=6095"},"modified":"2026-04-13T10:24:29","modified_gmt":"2026-04-13T16:24:29","slug":"comite-de-etica-conducta-y-conflictos-de-interes","status":"publish","type":"page","link":"https:\/\/www.tamaulipas.gob.mx\/desarrollorural\/comite-de-etica-conducta-y-conflictos-de-interes\/","title":{"rendered":"Comit\u00e9 de \u00c9tica, Conducta y Conflictos de Inter\u00e9s"},"content":{"rendered":"<ul>\n<li><a href=\"https:\/\/www.tamaulipas.gob.mx\/desarrollorural\/wp-content\/uploads\/sites\/6\/2023\/08\/1-acuerdo-de-prorroga-para-la-emision-del-codigo-de-conducta-y-prevencion-de-conflictos-de-interes.pdf\" target=\"_blank\" rel=\"noopener\">Acuerdo de pr\u00f3rroga para la emisi\u00f3n del c\u00f3digo de conducta y prevenci\u00f3n de conflictos de inter\u00e9s de las dependencias y entidades del poder ejecutivo del Estado y para la elaboraci\u00f3n del Programa Anual de Trabajo de los comit\u00e9s de \u00e9tica, conducta y prevenci\u00f3n de conflictos de inter\u00e9s de las dependencias y entidades de la administraci\u00f3n p\u00fablica Estatal.<\/a><\/li>\n<li><a href=\"https:\/\/www.tamaulipas.gob.mx\/desarrollorural\/wp-content\/uploads\/sites\/6\/2023\/11\/codigo-de-conducta-de-la-secretaria-de-desarrollo-rural-pesca-y-acuacultura-2023.pdf\" target=\"_blank\" rel=\"noopener\">C\u00f3digo de conducta y prevenci\u00f3n de conflictos de inter\u00e9s de la Secretaria de Desarrollo Rural.<\/a><\/li>\n<li><a href=\"https:\/\/www.tamaulipas.gob.mx\/desarrollorural\/wp-content\/uploads\/sites\/6\/2023\/08\/3-codigo-de-etica-del-poder-ejecutivo-del-estado-de-tamaulipas.pdf\" target=\"_blank\" rel=\"noopener\">C\u00f3digo de \u00e9tica del poder ejecutivo del estado de Tamaulipas<\/a><\/li>\n<li>Integrantes del comit\u00e9 de \u00e9tica, conducta y conflictos de inter\u00e9s<\/li>\n<\/ul>\n<div class=\"table-responsive\"><table style=\"height: 300px; width: 53.9692%;\" class=\" table table-gobtam\"><thead><tr><td style=\"width: 9.01841%;\" width=\"303\"><strong>Nombre<\/strong><\/td>\n<td style=\"width: 116.254%;\" width=\"235\"><strong>Puesto<\/strong><\/td>\n<\/tr><\/thead><tbody><tr><td style=\"width: 9.01841%;\" width=\"303\"><strong>Presidente<\/strong><\/td>\n<td style=\"width: 116.254%;\" width=\"235\"><strong>Lic. Ruben Adr&#xED;an Rend&#xF3;n Monterrey<\/strong><\/td>\n<\/tr><tr><td style=\"width: 9.01841%;\" width=\"303\"><strong>Secretario T&#xE9;cnico<\/strong><\/td>\n<td style=\"width: 116.254%;\" width=\"235\"><strong>M.V.Z. Fernando Galicia Zamora<\/strong><\/td>\n<\/tr><tr><td style=\"width: 9.01841%;\"><strong>Coordinador<\/strong><\/td>\n<td style=\"width: 116.254%;\"><strong>Lic. Enrique Montero Rodr&#xED;guez<\/strong><\/td>\n<\/tr><tr><td style=\"width: 9.01841%;\" width=\"303\"><strong>Vocal 1<\/strong><\/td>\n<td style=\"width: 116.254%;\" width=\"235\"><strong>C.P. Magdiel Alejandro Maldonado Olvera<\/strong><\/td>\n<\/tr><tr><td style=\"width: 9.01841%;\" width=\"303\"><strong>Vocal 2<\/strong><\/td>\n<td style=\"width: 116.254%;\" width=\"235\"><strong>Ing. Jos&#xE9; Luis Gerardo Renero Hern&#xE1;ndez<\/strong><\/td>\n<\/tr><\/tbody><\/table><\/div>\n<ul>\n<li><a href=\"https:\/\/www.tamaulipas.gob.mx\/desarrollorural\/wp-content\/uploads\/sites\/6\/2023\/08\/5-lineamientos-para-la-integracion-organizacion-funcionamiento-y-evaluacion-de-los-comites-de-etica-conducta-y-prevencion-de-conflictos-de-interes.pdf\" target=\"_blank\" rel=\"noopener\">Lineamientos para la integraci\u00f3n, organizaci\u00f3n, funcionamiento y evaluaci\u00f3n de los comit\u00e9s de \u00e9tica, conducta y prevenci\u00f3n de conflictos de inter\u00e9s en las dependencias y entidades de la administraci\u00f3n p\u00fablica Estatal y la gu\u00eda para la elaboraci\u00f3n y actualizaci\u00f3n del c\u00f3digo de conducta y prevenci\u00f3n de conflictos de inter\u00e9s de las dependencias y entidades de la administraci\u00f3n p\u00fablica Estatal.<\/a><\/li>\n<li><a href=\"https:\/\/www.tamaulipas.gob.mx\/desarrollorural\/wp-content\/uploads\/sites\/6\/2023\/08\/6-reglas-de-integridad-para-el-ejercicio-de-la-funcion-publica.pdf\" target=\"_blank\" rel=\"noopener\">Reglas de integridad para el ejercicio de la funci\u00f3n p\u00fablica<\/a><\/li>\n<\/ul>\n<p>&nbsp;<\/p>\n","protected":false},"excerpt":{"rendered":"<p>Acuerdo de pr\u00f3rroga para la emisi\u00f3n del c\u00f3digo de conducta y prevenci\u00f3n de conflictos de inter\u00e9s de las dependencias y entidades del poder ejecutivo del\u2026<\/p>\n","protected":false},"author":11,"featured_media":0,"parent":0,"menu_order":0,"comment_status":"closed","ping_status":"closed","template":"","meta":{"footnotes":""},"class_list":["post-6095","page","type-page","status-publish","hentry"],"publishpress_future_action":{"enabled":false,"date":"2026-04-28 10:01:20","action":"change-status","newStatus":"draft","terms":[],"taxonomy":""},"_links":{"self":[{"href":"https:\/\/www.tamaulipas.gob.mx\/desarrollorural\/wp-json\/wp\/v2\/pages\/6095"}],"collection":[{"href":"https:\/\/www.tamaulipas.gob.mx\/desarrollorural\/wp-json\/wp\/v2\/pages"}],"about":[{"href":"https:\/\/www.tamaulipas.gob.mx\/desarrollorural\/wp-json\/wp\/v2\/types\/page"}],"author":[{"embeddable":true,"href":"https:\/\/www.tamaulipas.gob.mx\/desarrollorural\/wp-json\/wp\/v2\/users\/11"}],"replies":[{"embeddable":true,"href":"https:\/\/www.tamaulipas.gob.mx\/desarrollorural\/wp-json\/wp\/v2\/comments?post=6095"}],"version-history":[{"count":18,"href":"https:\/\/www.tamaulipas.gob.mx\/desarrollorural\/wp-json\/wp\/v2\/pages\/6095\/revisions"}],"predecessor-version":[{"id":7679,"href":"https:\/\/www.tamaulipas.gob.mx\/desarrollorural\/wp-json\/wp\/v2\/pages\/6095\/revisions\/7679"}],"wp:attachment":[{"href":"https:\/\/www.tamaulipas.gob.mx\/desarrollorural\/wp-json\/wp\/v2\/media?parent=6095"}],"curies":[{"name":"wp","href":"https:\/\/api.w.org\/{rel}","templated":true}]}}