{"id":5813,"date":"2023-05-24T09:50:54","date_gmt":"2023-05-24T15:50:54","guid":{"rendered":"https:\/\/www.tamaulipas.gob.mx\/desarrollorural\/?page_id=5813"},"modified":"2024-12-09T12:16:12","modified_gmt":"2024-12-09T18:16:12","slug":"publicacion-de-resultados-2023","status":"publish","type":"page","link":"https:\/\/www.tamaulipas.gob.mx\/desarrollorural\/publicacion-de-resultados-2023\/","title":{"rendered":"PUBLICACI\u00d3N DE RESULTADOS 2023"},"content":{"rendered":"<p><strong>En los siguientes enlaces se encuentran las publicaciones de resultados de los Programas Estatales 2023.\u00a0<\/strong><\/p>\n<p><strong>P042 Programa Conducci\u00f3n de la Pol\u00edtica Rural Extensionismo, Capacitaci\u00f3n y Asistencia T\u00e9cnica<\/strong><\/p>\n<p><a href=\"https:\/\/www.tamaulipas.gob.mx\/desarrollorural\/wp-content\/uploads\/sites\/6\/2023\/07\/coordinadores-de-extensionistas-y-extensionistas_2023.pdf\" target=\"_blank\" rel=\"noopener\"><i class=\"fa fa-file-pdf-o\"><\/i> Publicaci\u00f3n de resultados de Coordinadores de Extensionistas y Extensionistas<\/a><\/p>\n<p><strong>S107 Programa de Fomento a la Producci\u00f3n Rural<\/strong><\/p>\n<p><a href=\"https:\/\/www.tamaulipas.gob.mx\/desarrollorural\/wp-content\/uploads\/sites\/6\/2024\/12\/publicacion-de-paquetes-productivos-de-huertos-de-traspatio-2023-positivos.pdf\" target=\"_blank\" rel=\"noopener\"><i class=\"fa fa-file-pdf-o\"><\/i> Publicaci\u00f3n de Paquetes Productivos Huertos De Traspatio 2023 (Positivos)<\/a><\/p>\n<p><a href=\"https:\/\/www.tamaulipas.gob.mx\/desarrollorural\/wp-content\/uploads\/sites\/6\/2024\/12\/publicacion-de-paquetes-productivos-de-granja-de-aves-de-postura-2023-positivos.pdf\" target=\"_blank\" rel=\"noopener\"><i class=\"fa fa-file-pdf-o\"><\/i> Publicaci\u00f3n de Paquetes productivos de Granja de aves de postura 2023 (Positivos)<\/a><\/p>\n<p><a href=\"https:\/\/www.tamaulipas.gob.mx\/desarrollorural\/wp-content\/uploads\/sites\/6\/2023\/05\/resultados-semilla-2023.pdf\" target=\"_blank\" rel=\"noopener\"><i class=\"fa fa-file-pdf-o\"><\/i> Primera Publicaci\u00f3n de resultados Semilla de Calidad (Ma\u00edz y Sorgo)<\/a><\/p>\n<p><a href=\"https:\/\/www.tamaulipas.gob.mx\/desarrollorural\/wp-content\/uploads\/sites\/6\/2023\/08\/resultados-semilla-sorgo-2da-convocatoria_2023.pdf\" target=\"_blank\" rel=\"noopener\"><i class=\"fa fa-file-pdf-o\"><\/i> Segunda Publicaci\u00f3n de resultados Semilla de Calidad (sorgo)<\/a><\/p>\n<p><a href=\"https:\/\/www.tamaulipas.gob.mx\/desarrollorural\/wp-content\/uploads\/sites\/6\/2023\/05\/resultados-fertilizante-2023.pdf\" target=\"_blank\" rel=\"noopener\"><i class=\"fa fa-file-pdf-o\"><\/i> Publicaci\u00f3n de resultados Fertilizante a Personas Productoras Agr\u00edcolas<\/a><\/p>\n<p><a href=\"https:\/\/www.tamaulipas.gob.mx\/desarrollorural\/wp-content\/uploads\/sites\/6\/2023\/09\/comunicado-apoyo-sorgo-2023-extension-dictamen.pdf\" target=\"_blank\" rel=\"noopener\"><i class=\"fa fa-file-pdf-o\"><\/i> Comunicado Publicaci\u00f3n de Resultados Apoyos Productivos Agr\u00edcolas<\/a><\/p>\n<p><a href=\"https:\/\/www.tamaulipas.gob.mx\/desarrollorural\/wp-content\/uploads\/sites\/6\/2023\/09\/primera-publicacion-convocatoria-apoyos-productivos-agricolas-1_2023.pdf\" target=\"_blank\" rel=\"noopener\"><i class=\"fa fa-file-pdf-o\"><\/i> Primera Publicaci\u00f3n de Resultados Apoyos Productivos Agr\u00edcolas<\/a><\/p>\n<p><a href=\"https:\/\/www.tamaulipas.gob.mx\/desarrollorural\/wp-content\/uploads\/sites\/6\/2023\/09\/segunda-publicacion-convocatoria-apoyos-productivos-agricolas-2_2023.pdf\" target=\"_blank\" rel=\"noopener\"><i class=\"fa fa-file-pdf-o\"><\/i> Segunda Publicaci\u00f3n de Resultados Apoyos Productivos Agr\u00edcolas<\/a><\/p>\n<p><a href=\"https:\/\/www.tamaulipas.gob.mx\/desarrollorural\/wp-content\/uploads\/sites\/6\/2023\/10\/tercera-publicacion-convocatoria-apoyos-productivos-agricolas-2023.pdf\" target=\"_blank\" rel=\"noopener\"><i class=\"fa fa-file-pdf-o\"><\/i> Tercera Publicaci\u00f3n de Resultados Apoyos Productivos Agr\u00edcolas<\/a><\/p>\n<p><a href=\"https:\/\/www.tamaulipas.gob.mx\/desarrollorural\/wp-content\/uploads\/sites\/6\/2023\/10\/cuarta-publicacion-convocatoria-apoyos-productivos-agricolas_2023.pdf\" target=\"_blank\" rel=\"noopener\"><i class=\"fa fa-file-pdf-o\"><\/i> Cuarta Publicaci\u00f3n de Resultados Apoyos Productivos Agr\u00edcolas<\/a><\/p>\n<p><a href=\"https:\/\/www.tamaulipas.gob.mx\/desarrollorural\/wp-content\/uploads\/sites\/6\/2023\/10\/quinta-publicacion-convocatoria-apoyos-productivos-agricolas_2023.pdf\" target=\"_blank\" rel=\"noopener\"><i class=\"fa fa-file-pdf-o\"><\/i> Quinta Publicaci\u00f3n de Resultados Apoyos Productivos Agr\u00edcolas<\/a><\/p>\n<p><a href=\"https:\/\/www.tamaulipas.gob.mx\/desarrollorural\/wp-content\/uploads\/sites\/6\/2023\/10\/sexta-publicacion-convocatoria-apoyos-productivos-agricolas_2023.pdf\" target=\"_blank\" rel=\"noopener\"><i class=\"fa fa-file-pdf-o\"><\/i> Sexta Publicaci\u00f3n de Resultados Apoyos Productivos Agr\u00edcolas<\/a><\/p>\n<p><a href=\"https:\/\/www.tamaulipas.gob.mx\/desarrollorural\/wp-content\/uploads\/sites\/6\/2023\/12\/septima_pub_apoyos_productivos_agricolas_2023.pdf\" target=\"_blank\" rel=\"noopener\"><i class=\"fa fa-file-pdf-o\"><\/i> S\u00e9ptima Publicaci\u00f3n de Resultados Apoyos Productivos Agr\u00edcolas<\/a><\/p>\n<p>&nbsp;<\/p>\n","protected":false},"excerpt":{"rendered":"<p>En los siguientes enlaces se encuentran las publicaciones de resultados de los Programas Estatales 2023.\u00a0 P042 Programa Conducci\u00f3n de la Pol\u00edtica Rural Extensionismo, Capacitaci\u00f3n y\u2026<\/p>\n","protected":false},"author":11,"featured_media":0,"parent":0,"menu_order":0,"comment_status":"closed","ping_status":"closed","template":"","meta":{"footnotes":""},"class_list":["post-5813","page","type-page","status-publish","hentry"],"publishpress_future_action":{"enabled":false,"date":"2026-04-28 11:41:23","action":"change-status","newStatus":"draft","terms":[],"taxonomy":""},"_links":{"self":[{"href":"https:\/\/www.tamaulipas.gob.mx\/desarrollorural\/wp-json\/wp\/v2\/pages\/5813"}],"collection":[{"href":"https:\/\/www.tamaulipas.gob.mx\/desarrollorural\/wp-json\/wp\/v2\/pages"}],"about":[{"href":"https:\/\/www.tamaulipas.gob.mx\/desarrollorural\/wp-json\/wp\/v2\/types\/page"}],"author":[{"embeddable":true,"href":"https:\/\/www.tamaulipas.gob.mx\/desarrollorural\/wp-json\/wp\/v2\/users\/11"}],"replies":[{"embeddable":true,"href":"https:\/\/www.tamaulipas.gob.mx\/desarrollorural\/wp-json\/wp\/v2\/comments?post=5813"}],"version-history":[{"count":22,"href":"https:\/\/www.tamaulipas.gob.mx\/desarrollorural\/wp-json\/wp\/v2\/pages\/5813\/revisions"}],"predecessor-version":[{"id":7131,"href":"https:\/\/www.tamaulipas.gob.mx\/desarrollorural\/wp-json\/wp\/v2\/pages\/5813\/revisions\/7131"}],"wp:attachment":[{"href":"https:\/\/www.tamaulipas.gob.mx\/desarrollorural\/wp-json\/wp\/v2\/media?parent=5813"}],"curies":[{"name":"wp","href":"https:\/\/api.w.org\/{rel}","templated":true}]}}