{"id":5727,"date":"2023-05-04T14:22:54","date_gmt":"2023-05-04T20:22:54","guid":{"rendered":"https:\/\/www.tamaulipas.gob.mx\/desarrollorural\/?page_id=5727"},"modified":"2023-05-19T14:07:51","modified_gmt":"2023-05-19T20:07:51","slug":"langosta-centroamericana","status":"publish","type":"page","link":"https:\/\/www.tamaulipas.gob.mx\/desarrollorural\/langosta-centroamericana\/","title":{"rendered":"LANGOSTA CENTROAMERICANA"},"content":{"rendered":"<p style=\"text-align: center;\"><strong>Langosta Centroamericana<\/strong><br \/>\n<strong>Schistocerca piceifrons piceifrons<\/strong><\/p>\n<p><strong>Importancia de la campa\u00f1a:<\/strong><\/p>\n<p style=\"text-align: justify;\">La langosta ocasiona da\u00f1os en los cultivos hospederos y algunos pastos causando graves da\u00f1os a la agricultura. Afecta severamente a cereales, frutales, legumbres y pastos.<\/p>\n<p style=\"text-align: justify;\">En Centro America, existen cuatro especies de genero Schistocerc: Schistocerca piceifrons, Schistocerca pallens, Schistocerca nitens y Schistocerca centralis.<\/p>\n<p style=\"text-align: justify;\">La primera de ellas tiene aptitudes para gregarizar y ser m\u00e1s abundante, raz\u00f3n por la cual es m\u00e1s da\u00f1ina para los cultivos. En su alimentaci\u00f3n incluye varios cultivos y vegetaci\u00f3n silvestre, por lo que su peligrosidad radica cuando presenta un comportamiento gregario y se forman las mangas, mismas que se constituyen hasta por unos 80 millones de individuos por km2 y pueden devorar hasta 100 toneladas de alimento verde al d\u00eda.<\/p>\n<p><strong>Cultivos donde se hospeda:<\/strong><\/p>\n<div class=\"panel panel-default\">\n\t\t\t\t<div class=\"panel-heading\">\n\t\t\t\t\t<h4 class=\"panel-title\">\n\t\t\t\t\t\t<a class=\"collapsed\" data-toggle=\"collapse\" data-parent=\"#single-collapse\" href=\"#single-collapse-0\">Principales hospedantes<\/a>\n\t\t\t\t\t<\/h4>\n\t\t\t\t<\/div>\n\t\t\t\t<div id=\"single-collapse-0\" class=\"panel-collapse collapse\">\n\t\t\t\t\t<div class=\"panel-body\">\n<div class=\"table-responsive\"><table style=\"width: 100%; height: 263px;\" class=\" table table table-gobtam\"><thead><tr style=\"height: 24px;\"><td style=\"width: 22.3637%; height: 24px;\">Nombre com&#xFA;n<\/td>\n<td style=\"width: 26.078%; height: 24px;\">Nombre cient&#xED;fico<\/td>\n<td style=\"width: 25.753%; height: 24px;\">Nombre com&#xFA;n<\/td>\n<td style=\"width: 86.0198%; height: 24px;\">Nombre cient&#xED;fico<\/td>\n<\/tr><\/thead><tbody><tr style=\"height: 24px;\"><td style=\"width: 22.3637%; height: 24px;\">Ma&#xED;z<\/td>\n<td style=\"text-align: left; width: 26.078%; height: 24px;\">Zea mays<\/td>\n<td style=\"width: 25.753%; height: 24px;\">Chile<\/td>\n<td style=\"width: 86.0198%; height: 24px;\">Capsicum annuum<\/td>\n<\/tr><tr style=\"height: 24px;\"><td style=\"width: 22.3637%; height: 24px;\">Soya<\/td>\n<td style=\"width: 26.078%; height: 24px; text-align: left;\">Glycine max<\/td>\n<td style=\"width: 25.753%; height: 24px;\">Arroz<\/td>\n<td style=\"width: 86.0198%; height: 24px;\">Oryza sativa<\/td>\n<\/tr><tr style=\"height: 24px;\"><td style=\"width: 22.3637%; height: 24px;\">Frijol<\/td>\n<td style=\"width: 26.078%; height: 24px; text-align: left;\">Phaseolus vulgaris<\/td>\n<td style=\"width: 25.753%; height: 24px;\">Agave<\/td>\n<td style=\"width: 86.0198%; height: 24px;\">Agave tequilana<\/td>\n<\/tr><tr style=\"height: 24px;\"><td style=\"width: 22.3637%; height: 24px;\">Ajonjol&#xED;<\/td>\n<td style=\"width: 26.078%; height: 24px; text-align: left;\">Sesamum indicum<\/td>\n<td style=\"width: 25.753%; height: 24px;\">Coco<\/td>\n<td style=\"width: 86.0198%; height: 24px;\">Cocos nucifera<\/td>\n<\/tr><tr style=\"height: 24px;\"><td style=\"width: 22.3637%; height: 24px;\">Sorgo<\/td>\n<td style=\"width: 26.078%; height: 24px; text-align: left;\">Sorghum bicolor<\/td>\n<td style=\"width: 25.753%; height: 24px;\">Lim&#xF3;n<\/td>\n<td style=\"width: 86.0198%; height: 24px;\">Citrus lim&#xF3;n<\/td>\n<\/tr><tr style=\"height: 24px;\"><td style=\"width: 22.3637%; height: 24px;\">Cacahuate<\/td>\n<td style=\"width: 26.078%; height: 24px; text-align: left;\">Arachis hypogaea<\/td>\n<td style=\"width: 25.753%; height: 24px;\">Mandarina<\/td>\n<td style=\"width: 86.0198%; height: 24px;\">Citrus reticulata<\/td>\n<\/tr><tr style=\"height: 24px;\"><td style=\"width: 22.3637%; height: 23px;\">Algod&#xF3;n<\/td>\n<td style=\"width: 26.078%; height: 23px; text-align: left;\">Gossypium hirsutum<\/td>\n<td style=\"width: 25.753%; height: 23px;\">Naranja<\/td>\n<td style=\"width: 86.0198%; height: 23px;\">Citrus sinensis<\/td>\n<\/tr><tr style=\"height: 24px;\"><td style=\"width: 22.3637%; height: 24px;\">Ca&#xF1;a de az&#xFA;car<\/td>\n<td style=\"width: 26.078%; text-align: left; height: 24px;\">Saccharum officibarum<\/td>\n<td style=\"width: 25.753%; height: 24px;\">Toronja<\/td>\n<td style=\"width: 86.0198%; height: 24px;\">Citrus paradisi<\/td>\n<\/tr><tr style=\"height: 24px;\"><td style=\"width: 22.3637%; height: 24px;\">Jitomate<\/td>\n<td style=\"width: 26.078%; height: 24px; text-align: left;\">Lycopersicon esculentum<\/td>\n<td style=\"width: 25.753%; height: 24px;\">Lima<\/td>\n<td style=\"width: 86.0198%; height: 24px;\">Citrus aurantifolia<\/td>\n<\/tr><tr style=\"height: 24px;\"><td style=\"width: 22.3637%; height: 24px;\">Pl&#xE1;tano<\/td>\n<td style=\"width: 26.078%; height: 24px;\">Musa paradisiaca<\/td>\n<td style=\"width: 25.753%; height: 24px;\">Palma de aceite<\/td>\n<td style=\"width: 86.0198%; height: 24px;\">Elaeis guineensis<\/td>\n<\/tr><\/tbody><\/table><\/div>\n<\/div>\n\t\t\t\t<\/div>\n\t\t\t<\/div>\n<p><strong>Ciclo de vida<\/strong><\/p>\n<p>Los huevos eclosionan en un periodo de 15 a 20 d\u00edas, para dar origen a las ninfas de primera generaci\u00f3n. La segunda generaci\u00f3n, inicia el periodo de c\u00f3pula a finales de agosto y concluye en noviembre. El periodo de la oviposici\u00f3n va de septiembre a noviembre.<\/p>\n<p><strong>Da\u00f1os<\/strong><\/p>\n<p style=\"text-align: justify;\">El da\u00f1o es ocasionado por ninfas y adultos al alimentarse de los cultivos, frutales, pastos y especies silvestres (Figura 8 B-D). Este se caracteriza por una defoliaci\u00f3n total cuando las infestaciones son muy severas; observ\u00e1ndose solo los tallos en cultivos de ma\u00edz, soya, sorgo, ca\u00f1a de az\u00facar y frutales.<\/p>\n<p><strong>Medidas de Manejo y control<\/strong><\/p>\n<p>M\u00e9todos de muestreo<\/p>\n<p style=\"text-align: justify;\"><strong>Exploraci\u00f3n.<\/strong> Revisi\u00f3n de extensiones grandes en el menor tiempo posible. Para obtener informaci\u00f3n de la situaci\u00f3n acridiana para un periodo dado, que obedece generalmente a factores ambientales.<\/p>\n<p style=\"text-align: justify;\"><strong>Muestreo.<\/strong> Actividad basada en los resultados de la exploraci\u00f3n, para obtener datos representativos y precisos sobre las poblaciones de langosta y su evoluci\u00f3n, y s\u00f3lo se realiza en aquellos puntos en los que el explorador detecte poblaciones solitarias o en transici\u00f3n, en concentraciones que se sospeche rebasen el umbral de acci\u00f3n.<\/p>\n<p><strong>Control biol\u00f3gico<\/strong><br \/>\nEs importante conocer el estadio de la plaga para aplicar esta medida. El uso de hongos entomopat\u00f3genos, como Metarhizum anisopliae var. acridum es usado con \u00e9xito en M\u00e9xico para el control de S. piceifrons piceifrons y en el Norte de \u00c1frica.<\/p>\n<p style=\"text-align: justify;\"><strong>Control qu\u00edmico<\/strong><br \/>\nEs el m\u00e9todo m\u00e1s r\u00e1pido y efectivo para controlar las altas poblaciones de langosta, tanto bandos como mangas. Se recomienda como lucha preventiva iniciar en el estado biol\u00f3gico de ninfa, sin embargo, las langostas permanecen en ese estado solo unas cuantas semanas y no todas pueden ser destruidas, por lo que hay que realizar control de todos los estados biol\u00f3gicos.<\/p>\n","protected":false},"excerpt":{"rendered":"<p>Langosta Centroamericana Schistocerca piceifrons piceifrons Importancia de la campa\u00f1a: La langosta ocasiona da\u00f1os en los cultivos hospederos y algunos pastos causando graves da\u00f1os a la\u2026<\/p>\n","protected":false},"author":11,"featured_media":0,"parent":0,"menu_order":0,"comment_status":"closed","ping_status":"closed","template":"","meta":{"footnotes":""},"class_list":["post-5727","page","type-page","status-publish","hentry"],"publishpress_future_action":{"enabled":false,"date":"2026-04-28 11:29:51","action":"change-status","newStatus":"draft","terms":[],"taxonomy":""},"_links":{"self":[{"href":"https:\/\/www.tamaulipas.gob.mx\/desarrollorural\/wp-json\/wp\/v2\/pages\/5727"}],"collection":[{"href":"https:\/\/www.tamaulipas.gob.mx\/desarrollorural\/wp-json\/wp\/v2\/pages"}],"about":[{"href":"https:\/\/www.tamaulipas.gob.mx\/desarrollorural\/wp-json\/wp\/v2\/types\/page"}],"author":[{"embeddable":true,"href":"https:\/\/www.tamaulipas.gob.mx\/desarrollorural\/wp-json\/wp\/v2\/users\/11"}],"replies":[{"embeddable":true,"href":"https:\/\/www.tamaulipas.gob.mx\/desarrollorural\/wp-json\/wp\/v2\/comments?post=5727"}],"version-history":[{"count":10,"href":"https:\/\/www.tamaulipas.gob.mx\/desarrollorural\/wp-json\/wp\/v2\/pages\/5727\/revisions"}],"predecessor-version":[{"id":5730,"href":"https:\/\/www.tamaulipas.gob.mx\/desarrollorural\/wp-json\/wp\/v2\/pages\/5727\/revisions\/5730"}],"wp:attachment":[{"href":"https:\/\/www.tamaulipas.gob.mx\/desarrollorural\/wp-json\/wp\/v2\/media?parent=5727"}],"curies":[{"name":"wp","href":"https:\/\/api.w.org\/{rel}","templated":true}]}}