{"id":5697,"date":"2023-04-26T12:33:38","date_gmt":"2023-04-26T18:33:38","guid":{"rendered":"https:\/\/www.tamaulipas.gob.mx\/desarrollorural\/?page_id=5697"},"modified":"2024-10-29T13:04:44","modified_gmt":"2024-10-29T19:04:44","slug":"convocatorias","status":"publish","type":"page","link":"https:\/\/www.tamaulipas.gob.mx\/desarrollorural\/convocatorias\/","title":{"rendered":"Convocatorias"},"content":{"rendered":"<p style=\"text-align: justify;\">Con fundamento en el ACUERDO por el que se dan a conocer las Reglas de Operaci\u00f3n del Programa de Sanidad e Inocuidad Agroalimentaria de la Secretar\u00eda de Agricultura y Desarrollo Rural, para el ejercicio 2024.<\/p>\n<div class=\"panel panel-default\">\n\t\t\t\t<div class=\"panel-heading\">\n\t\t\t\t\t<h4 class=\"panel-title\">\n\t\t\t\t\t\t<a class=\"collapsed\" data-toggle=\"collapse\" data-parent=\"#single-collapse\" href=\"#single-collapse-0\"><strong>Convocatoria para ocupar vacantes 2024<\/strong> \u2207<\/a>\n\t\t\t\t\t<\/h4>\n\t\t\t\t<\/div>\n\t\t\t\t<div id=\"single-collapse-0\" class=\"panel-collapse collapse\">\n\t\t\t\t\t<div class=\"panel-body\">\n<ul>\n<li><a href=\"https:\/\/www.tamaulipas.gob.mx\/desarrollorural\/wp-content\/uploads\/sites\/6\/2024\/03\/convocatoria-n-sdrpya-ie-p-001-2024.pdf\" target=\"_blank\" rel=\"noopener\"><i class=\"fa fa-file-pdf-o\"><\/i> Convocatoria P\u00fablica y Abierta SDRPyA\/IE\/P\/001\/2024 Coordinador Administrativo<\/a><\/li>\n<li><a href=\"https:\/\/www.tamaulipas.gob.mx\/desarrollorural\/wp-content\/uploads\/sites\/6\/2024\/04\/convocatoria-n-sdrpya-ie-p-002-2024-profesional-de-proyecto-pvef.pdf\" target=\"_blank\" rel=\"noopener\"><i class=\"fa fa-file-pdf-o\"><\/i> Convocatoria P\u00fablica y Abierta N\u00b0 SDRPyA-IE-P-002-2024 Vigilancia Epidemiol\u00f3gica Fitosanitaria<\/a><\/li>\n<li><a href=\"https:\/\/www.tamaulipas.gob.mx\/desarrollorural\/wp-content\/uploads\/sites\/6\/2024\/03\/convocatoria-n-sdrpya-ie-p-003-2024-auxiliar-de-campo-langosta.pdf\" target=\"_blank\" rel=\"noopener\"><i class=\"fa fa-file-pdf-o\"><\/i> Convocatoria P\u00fablica y Abierta N\u00b0 SDRPyA-IE-P-003-2024 Auxiliar de campo del proyecto de la Langosta<\/a><\/li>\n<li><a href=\"https:\/\/www.tamaulipas.gob.mx\/desarrollorural\/wp-content\/uploads\/sites\/6\/2024\/04\/convocatoria-n-sdrpya-ie-p-004-2024-coordinador-de-proyecto-langosta.pdf\" target=\"_blank\" rel=\"noopener\"><i class=\"fa fa-file-pdf-o\"><\/i> Convocatoria P\u00fablica y Abierta N\u00b0 SDRPyA-IE-P-004-2024 Coordinador del Proyecto Langosta<\/a><\/li>\n<li><a href=\"https:\/\/www.tamaulipas.gob.mx\/desarrollorural\/wp-content\/uploads\/sites\/6\/2024\/04\/convocatoria-n-sdrpya-ie-p-005-2024-aux.-tecnico-cat-inocuidad-agricola.pdf\" target=\"_blank\" rel=\"noopener\"><i class=\"fa fa-file-pdf-o\"><\/i> Convocatoria P\u00fablica y Abierta N\u00b0 SDRPyA-IE-P-005-2024 Auxiliar T\u00e9cnico de Acopio Temporal (CAT)<\/a><\/li>\n<li><a href=\"https:\/\/www.tamaulipas.gob.mx\/desarrollorural\/wp-content\/uploads\/sites\/6\/2024\/04\/convocatoria-n-sdrpya-ie-p-006-2024-aux.-campo-moscas-de-la-fruta.pdf\" target=\"_blank\" rel=\"noopener\"><i class=\"fa fa-file-pdf-o\"><\/i> Convocatoria P\u00fablica y Abierta N\u00b0 SDRPyA-IE-P-006-2024 Auxiliar de campo de Moscas de la fruta<\/a><\/li>\n<li><a href=\"https:\/\/www.tamaulipas.gob.mx\/desarrollorural\/wp-content\/uploads\/sites\/6\/2024\/04\/convocatoria-n-sdrpya-ie-p-007-2024-aux.-campo-plagas-de-los-citricos.pdf\" target=\"_blank\" rel=\"noopener\"><i class=\"fa fa-file-pdf-o\"><\/i> Convocatoria P\u00fablica y Abierta N\u00b0 SDRPyA-IE-P-007-2024 Auxiliar de campo de Plagas de los c\u00edtricos<\/a><\/li>\n<li><a href=\"https:\/\/www.tamaulipas.gob.mx\/desarrollorural\/wp-content\/uploads\/sites\/6\/2024\/04\/convocatoria-n-sdrpya-ie-p-008-2024-aux.-campo-cultivos-basicos.pdf\" target=\"_blank\" rel=\"noopener\"><i class=\"fa fa-file-pdf-o\"><\/i> Convocatoria P\u00fablica y Abierta N\u00b0 SDRPyA-IE-P-008-2024 Auxiliar de campo de Cultivos b\u00e1sicos<\/a><\/li>\n<li><a href=\"https:\/\/www.tamaulipas.gob.mx\/desarrollorural\/wp-content\/uploads\/sites\/6\/2024\/05\/convocatoria-n-sdrpya-ie-p-009-2024-aux.-campo-langosta.pdf\" target=\"_blank\" rel=\"noopener\"><i class=\"fa fa-file-pdf-o\"><\/i> Convocatoria P\u00fablica y Abierta N\u00b0 SDRPyA-IE-P-009-2024 Auxiliar de campo de la Langosta<\/a><\/li>\n<li><a href=\"https:\/\/www.tamaulipas.gob.mx\/desarrollorural\/wp-content\/uploads\/sites\/6\/2024\/05\/convocatoria-n-sdrpya-ie-p-010-2024-aux.-campo-plagas-de-los-citricos.pdf\" target=\"_blank\" rel=\"noopener\"><i class=\"fa fa-file-pdf-o\"><\/i> Convocatoria P\u00fablica y Abierta N\u00b0 SDRPyA-IE-P-010-2024 Auxiliar de Campo de Plagas de los c\u00edtricos<\/a><\/li>\n<li><a href=\"https:\/\/www.tamaulipas.gob.mx\/desarrollorural\/wp-content\/uploads\/sites\/6\/2024\/05\/convocatoria-n-sdrpya-ie-p-011-2024-aux.-campo-moscas-de-la-fruta.pdf\" target=\"_blank\" rel=\"noopener\"><i class=\"fa fa-file-pdf-o\"><\/i> Convocatoria P\u00fablica y Abierta N\u00b0 SDRPyA-IE-P-011-2024 Auxiliar de campo de Moscas de la fruta<\/a><\/li>\n<li><a href=\"https:\/\/www.tamaulipas.gob.mx\/desarrollorural\/wp-content\/uploads\/sites\/6\/2024\/05\/convocatoria-n-sdrpya-ie-p-012-2024-aux.-tecnico-cat-inocuidad-agricola.pdf\" target=\"_blank\" rel=\"noopener\"><i class=\"fa fa-file-pdf-o\"><\/i> Convocatoria P\u00fablica y Abierta N\u00b0 SDRPyA-IE-P-012-2024 Auxiliar T\u00e9cnico de Centro de Acopio Temporal (CAT).<\/a><\/li>\n<li><a href=\"https:\/\/www.tamaulipas.gob.mx\/desarrollorural\/wp-content\/uploads\/sites\/6\/2024\/05\/convocatoria-n-sdrpya-ie-p-013-2024-coordinador-administrativo_ok.pdf\" target=\"_blank\" rel=\"noopener\"><i class=\"fa fa-file-pdf-o\"><\/i> Convocatoria P\u00fablica y Abierta N\u00b0 SDRPyA-IE-P-013-2024 Coordinador Administrativo de la IE PSIA<\/a><\/li>\n<li><a href=\"https:\/\/www.tamaulipas.gob.mx\/desarrollorural\/wp-content\/uploads\/sites\/6\/2024\/05\/convocatoria-n-sdrpya-ie-p-014-2024-coordinador-de-proyecto-langosta.pdf\" target=\"_blank\" rel=\"noopener\"><i class=\"fa fa-file-pdf-o\"><\/i> Convocatoria P\u00fablica y Abierta N\u00b0 SDRPyA-IE-P-014-2024 Coordinador del Proyecto Langosta<\/a><\/li>\n<li><a href=\"https:\/\/www.tamaulipas.gob.mx\/desarrollorural\/wp-content\/uploads\/sites\/6\/2024\/05\/convocatoria-profesional-de-proyectos_2024.pdf\" target=\"_blank\" rel=\"noopener\"><i class=\"fa fa-file-pdf-o\"><\/i> Convocatoria P\u00fablica y Abierta N\u00b0 SDRPyA-IE-P-015-2024 Profesional de Proyectos Vigilancia Epidemiol\u00f3gica Fitosanitaria.<\/a><\/li>\n<li><a href=\"https:\/\/www.tamaulipas.gob.mx\/desarrollorural\/wp-content\/uploads\/sites\/6\/2024\/06\/convocatoria-n-sdrpya-ie-p-016-2024-aux.-de-campo-pvef.pdf\" target=\"_blank\" rel=\"noopener\"><i class=\"fa fa-file-pdf-o\"><\/i> Convocatoria P\u00fablica y Abierta N\u00b0 SDRPyA-IE-P-016-2024 Auxiliar de Campo Programa de Vigilancia Epidemiol\u00f3gica Fitosanitaria.<\/a><\/li>\n<li><a href=\"https:\/\/www.tamaulipas.gob.mx\/desarrollorural\/wp-content\/uploads\/sites\/6\/2024\/06\/convocatoria-n-sdrpya-ie-p-016-bis-2024-profesional-de-proyecto-pvef.pdf\" target=\"_blank\" rel=\"noopener\"><i class=\"fa fa-file-pdf-o\"><\/i> Convocatoria P\u00fablica y Abierta N\u00b0 SDRPyA-IE-P-016-BIS-2024 Profesional en el Programa de Vigilancia Epidemiol\u00f3gica Fitosanitaria.<\/a><\/li>\n<li><a href=\"https:\/\/www.tamaulipas.gob.mx\/desarrollorural\/wp-content\/uploads\/sites\/6\/2024\/06\/convocatoria-n-sdrpya-ie-p-017-2024-aux.-tecnico-cat-inocuidad-agricola.pdf\" target=\"_blank\" rel=\"noopener\"><i class=\"fa fa-file-pdf-o\"><\/i> Convocatoria P\u00fablica y Abierta N\u00b0 SDRPyA-IE-P-017-2024 Auxiliar T\u00e9cnico de Centro de Acopio Temporal (CAT) Inocuidad Agr\u00edcola.<\/a><\/li>\n<li><a href=\"https:\/\/www.tamaulipas.gob.mx\/desarrollorural\/wp-content\/uploads\/sites\/6\/2024\/06\/convocatoria-n-sdrpya-ie-p-018-2024-aux.-de-campo-plagas-de-los-citricos.pdf\" target=\"_blank\" rel=\"noopener\"><i class=\"fa fa-file-pdf-o\"><\/i> Convocatoria P\u00fablica y Abierta N\u00b0 SDRPyA-IE-P-018-2024 Auxiliar de campo del Proyecto Plagas de los C\u00edtricos de la IE PSIA 2024.<\/a><\/li>\n<li><a href=\"https:\/\/www.tamaulipas.gob.mx\/desarrollorural\/wp-content\/uploads\/sites\/6\/2024\/07\/sdrpya-ie-p-019-2024.pdf\" target=\"_blank\" rel=\"noopener\"><i class=\"fa fa-file-pdf-o\"><\/i> Convocatoria P\u00fablica y Abierta N\u00b0 SDRPyA-IE-P-019-2024 Auxiliar de campo en el Programa de Vigilancia Epidemiol\u00f3gica Fitosanitaria<\/a><\/li>\n<li><a href=\"https:\/\/www.tamaulipas.gob.mx\/desarrollorural\/wp-content\/uploads\/sites\/6\/2024\/07\/sdrpya-ie-p-020-2024.pdf\" target=\"_blank\" rel=\"noopener\"><i class=\"fa fa-file-pdf-o\"><\/i> Convocatoria P\u00fablica y Abierta N\u00b0 SDRPyA-IE-P-020-2024 Auxiliar T\u00e9cnico de Centro de Acopio Temporal (CAT).<\/a><\/li>\n<li><a href=\"https:\/\/www.tamaulipas.gob.mx\/desarrollorural\/wp-content\/uploads\/sites\/6\/2024\/07\/sdrpya-ie-p-022-2024.pdf\" target=\"_blank\" rel=\"noopener\"><i class=\"fa fa-file-pdf-o\"><\/i> Convocatoria P\u00fablica y Abierta N\u00b0 SDRPyA-IE-P-022-2024 Profesional de Proyecto de Campa\u00f1as Fitozoosanitarias (Plagas de los C\u00edtricos).<\/a><\/li>\n<li><a href=\"https:\/\/www.tamaulipas.gob.mx\/desarrollorural\/wp-content\/uploads\/sites\/6\/2024\/08\/sdrpya-ie-p-023-2024.pdf\" target=\"_blank\" rel=\"noopener\"><i class=\"fa fa-file-pdf-o\"><\/i> Convocatoria P\u00fablica y Abierta N\u00b0 SDRPyA-IE-P-023-2024 Auxiliar T\u00e9cnico de Centro de Acopio Temporal (CAT).<\/a><\/li>\n<li><a href=\"https:\/\/www.tamaulipas.gob.mx\/desarrollorural\/wp-content\/uploads\/sites\/6\/2024\/08\/convocatoria-publica-y-abierta-sdrpya-ie-p-024-2024.pdf\" target=\"_blank\" rel=\"noopener\"><i class=\"fa fa-file-pdf-o\"><\/i> Convocatoria P\u00fablica y Abierta N\u00b0 SDRPyA-IE-P-024-2024 Auxiliar de Campo en el Proyecto de Auxiliar de Langosta.<\/a><\/li>\n<li><a href=\"https:\/\/www.tamaulipas.gob.mx\/desarrollorural\/wp-content\/uploads\/sites\/6\/2024\/09\/sdrpya-ie-p-025-2024.pdf\" target=\"_blank\" rel=\"noopener\"><i class=\"fa fa-file-pdf-o\"><\/i> Convocatoria P\u00fablica y Abierta N\u00b0 SDRPyA-IE-P-025-2024 Auxiliar T\u00e9cnico de Centro de Acopio Temporal (CAT).<\/a><\/li>\n<li><a href=\"https:\/\/www.tamaulipas.gob.mx\/desarrollorural\/wp-content\/uploads\/sites\/6\/2024\/10\/sdrpya-ie-p-026-2024.pdf\" target=\"_blank\" rel=\"noopener\"><i class=\"fa fa-file-pdf-o\"><\/i> Convocatoria P\u00fablica y Abierta N\u00b0 SDRPyA-IE-P-026-2024 Profesional de Proyecto de Campa\u00f1as Fitozoosanitarias (Plagas de los C\u00edtricos).<\/a><\/li>\n<li><a href=\"https:\/\/www.tamaulipas.gob.mx\/desarrollorural\/wp-content\/uploads\/sites\/6\/2024\/10\/sdrpya-ie-p-027-2024.pdf\" target=\"_blank\" rel=\"noopener\"><i class=\"fa fa-file-pdf-o\"><\/i> Convocatoria P\u00fablica y Abierta N\u00b0 SDRPyA-IE-P-027-2024 Auxiliar de Campo (Plagas de los C\u00edtricos).<\/a><\/li>\n<li><a href=\"https:\/\/www.tamaulipas.gob.mx\/desarrollorural\/wp-content\/uploads\/sites\/6\/2024\/10\/sdrpya-ie-p-028-2024.pdf\" target=\"_blank\" rel=\"noopener\"><i class=\"fa fa-file-pdf-o\"><\/i> Convocatoria P\u00fablica y Abierta N\u00b0 SDRPyA-IE-P-028-2024 Auxiliar de Campo (Plagas de la Langosta).<\/a><\/li>\n<li><a href=\"https:\/\/www.tamaulipas.gob.mx\/desarrollorural\/wp-content\/uploads\/sites\/6\/2024\/10\/sdrpya-ie-p-029-2024.pdf\" target=\"_blank\" rel=\"noopener\"><i class=\"fa fa-file-pdf-o\"><\/i> Convocatoria P\u00fablica y Abierta N\u00b0 SDRPyA-IE-P-029-2024 Auxiliar T\u00e9cnico de Centro de Acopio Temporal (Programa de Inocuidad)<\/a>.<\/li>\n<\/ul>\n<\/div>\n\t\t\t\t<\/div>\n\t\t\t<\/div>\n<div class=\"panel panel-default\">\n\t\t\t\t<div class=\"panel-heading\">\n\t\t\t\t\t<h4 class=\"panel-title\">\n\t\t\t\t\t\t<a class=\"collapsed\" data-toggle=\"collapse\" data-parent=\"#single-collapse\" href=\"#single-collapse-1\"><strong>Convocatoria para ocupar vacantes 2023<\/strong> \u2207<\/a>\n\t\t\t\t\t<\/h4>\n\t\t\t\t<\/div>\n\t\t\t\t<div id=\"single-collapse-1\" class=\"panel-collapse collapse\">\n\t\t\t\t\t<div class=\"panel-body\">\n<ul>\n<li><a href=\"https:\/\/www.tamaulipas.gob.mx\/desarrollorural\/wp-content\/uploads\/sites\/6\/2023\/07\/convocatoria-aux.-adtivo_2023.pdf\" target=\"_blank\" rel=\"noopener\"><i class=\"fa fa-file-pdf-o\"><\/i> Programa Inocuidad Agr\u00edcola Auxiliar Administrativo<\/a><\/li>\n<li><a href=\"https:\/\/www.tamaulipas.gob.mx\/desarrollorural\/wp-content\/uploads\/sites\/6\/2023\/06\/convocatoria-auxiliares-de-campo-inocuidad-agricola_2023.pdf\" target=\"_blank\" rel=\"noopener\"><i class=\"fa fa-file-pdf-o\"><\/i> Programa Inocuidad Agr\u00edcola Auxiliar de Campo<\/a><\/li>\n<li><a href=\"https:\/\/www.tamaulipas.gob.mx\/desarrollorural\/wp-content\/uploads\/sites\/6\/2023\/06\/convocatoria-sdr-ie-g-003-2023.pdf\" target=\"_blank\" rel=\"noopener\"><i class=\"fa fa-file-pdf-o\"><\/i> Para la Gerencia<\/a><\/li>\n<li><a href=\"https:\/\/www.tamaulipas.gob.mx\/desarrollorural\/wp-content\/uploads\/sites\/6\/2023\/07\/ii_convocatoria_sdr-g-009-gerente_2023.pdf\" target=\"_blank\" rel=\"noopener\"><i class=\"fa fa-file-pdf-o\"><\/i> Segunda Convocatoria Para la Gerencia<\/a><\/li>\n<li><a href=\"https:\/\/www.tamaulipas.gob.mx\/desarrollorural\/wp-content\/uploads\/sites\/6\/2023\/04\/convocatoria-profesional-langosta.pdf\" target=\"_blank\" rel=\"noopener\"><i class=\"fa fa-file-pdf-o\"><\/i> Campa\u00f1a contra la Langosta<\/a><\/li>\n<li><a href=\"https:\/\/www.tamaulipas.gob.mx\/desarrollorural\/wp-content\/uploads\/sites\/6\/2023\/05\/convocatoria_inocuidad_agricola.pdf\" target=\"_blank\" rel=\"noopener\"><i class=\"fa fa-file-pdf-o\"><\/i> Programa Inocuidad Agr\u00edcola<\/a><\/li>\n<li><a href=\"https:\/\/www.tamaulipas.gob.mx\/desarrollorural\/wp-content\/uploads\/sites\/6\/2023\/07\/convocatoria_inocuidad_agricola_auxiliar_007.pdf\" target=\"_blank\" rel=\"noopener\"><i class=\"fa fa-file-pdf-o\"><\/i> Programa Inocuidad Agr\u00edcola Auxiliar de Campo<\/a><\/li>\n<li><a href=\"https:\/\/www.tamaulipas.gob.mx\/desarrollorural\/wp-content\/uploads\/sites\/6\/2023\/08\/convocatoria-sdr-ie-p-006-2023.pdf\" target=\"_blank\" rel=\"noopener\"><i class=\"fa fa-file-pdf-o\"><\/i> Programa Campa\u00f1a de Protecci\u00f3n Fitosanitaria Plagas de los C\u00edtricos<\/a><\/li>\n<li><a href=\"https:\/\/www.tamaulipas.gob.mx\/desarrollorural\/wp-content\/uploads\/sites\/6\/2023\/08\/convocatoria-profesional-de-proyecto-en-la-campana-contra-la-langosta.pdf\" target=\"_blank\" rel=\"noopener\"><i class=\"fa fa-file-pdf-o\"><\/i> Profesional de Proyecto en la Campa\u00f1a Contra la Langosta<\/a><\/li>\n<li><a href=\"https:\/\/www.tamaulipas.gob.mx\/desarrollorural\/wp-content\/uploads\/sites\/6\/2023\/09\/convocatoria-010-2023-profesional-de-proyecto-langosta.pdf\" target=\"_blank\" rel=\"noopener\"><i class=\"fa fa-file-pdf-o\"><\/i> SDR\/IE\/P\/010\/2023 Profesional de Proyecto en la Campa\u00f1a Contra la Langosta<\/a><\/li>\n<li><a href=\"https:\/\/www.tamaulipas.gob.mx\/desarrollorural\/wp-content\/uploads\/sites\/6\/2023\/09\/convocatoria-011-2023-secretaria-1.pdf\" target=\"_blank\" rel=\"noopener\"><i class=\"fa fa-file-pdf-o\"><\/i> Convocatoria P\u00fablica y Abierta SDR\/IE\/P\/011\/2023 Puesto de Secretaria<\/a><\/li>\n<li><a href=\"https:\/\/www.tamaulipas.gob.mx\/desarrollorural\/wp-content\/uploads\/sites\/6\/2023\/09\/convocatoria-012-2023-auxiliar-de-campo-cancro.pdf\" target=\"_blank\" rel=\"noopener\"><i class=\"fa fa-file-pdf-o\"><\/i> Convocatoria P\u00fablica y Abierta SDR\/IE\/P\/012\/2023 Auxiliar de Campo Cancro<\/a><\/li>\n<li><a href=\"https:\/\/www.tamaulipas.gob.mx\/desarrollorural\/wp-content\/uploads\/sites\/6\/2023\/10\/convocatoria-sdr-ie-p-013-2023-auxiliar-de-campo-cancro-de-los-citricos.pdf\" target=\"_blank\" rel=\"noopener\"><i class=\"fa fa-file-pdf-o\"><\/i> Convocatoria P\u00fablica y Abierta SDR\/IE\/P\/013\/2023 Auxiliar de Campo Cancro<\/a><\/li>\n<li><a href=\"https:\/\/www.tamaulipas.gob.mx\/desarrollorural\/wp-content\/uploads\/sites\/6\/2023\/11\/convocatoria-sdr-ie-p-014-2023-auxiliar-de-campo-moscas-de-la-fruta.pdf\" target=\"_blank\" rel=\"noopener\"><i class=\"fa fa-file-pdf-o\"><\/i> Convocatoria P\u00fablica y Abierta SDR\/IE\/P\/014\/2023 Auxiliar de Campo Moscas de la Fruta<\/a><\/li>\n<\/ul>\n<\/div>\n\t\t\t\t<\/div>\n\t\t\t<\/div>\n<p>&nbsp;<\/p>\n","protected":false},"excerpt":{"rendered":"<p>Con fundamento en el ACUERDO por el que se dan a conocer las Reglas de Operaci\u00f3n del Programa de Sanidad e Inocuidad Agroalimentaria de la\u2026<\/p>\n","protected":false},"author":11,"featured_media":0,"parent":0,"menu_order":0,"comment_status":"closed","ping_status":"closed","template":"","meta":{"footnotes":""},"class_list":["post-5697","page","type-page","status-publish","hentry"],"publishpress_future_action":{"enabled":false,"date":"2026-04-28 09:59:52","action":"change-status","newStatus":"draft","terms":[],"taxonomy":""},"_links":{"self":[{"href":"https:\/\/www.tamaulipas.gob.mx\/desarrollorural\/wp-json\/wp\/v2\/pages\/5697"}],"collection":[{"href":"https:\/\/www.tamaulipas.gob.mx\/desarrollorural\/wp-json\/wp\/v2\/pages"}],"about":[{"href":"https:\/\/www.tamaulipas.gob.mx\/desarrollorural\/wp-json\/wp\/v2\/types\/page"}],"author":[{"embeddable":true,"href":"https:\/\/www.tamaulipas.gob.mx\/desarrollorural\/wp-json\/wp\/v2\/users\/11"}],"replies":[{"embeddable":true,"href":"https:\/\/www.tamaulipas.gob.mx\/desarrollorural\/wp-json\/wp\/v2\/comments?post=5697"}],"version-history":[{"count":49,"href":"https:\/\/www.tamaulipas.gob.mx\/desarrollorural\/wp-json\/wp\/v2\/pages\/5697\/revisions"}],"predecessor-version":[{"id":7053,"href":"https:\/\/www.tamaulipas.gob.mx\/desarrollorural\/wp-json\/wp\/v2\/pages\/5697\/revisions\/7053"}],"wp:attachment":[{"href":"https:\/\/www.tamaulipas.gob.mx\/desarrollorural\/wp-json\/wp\/v2\/media?parent=5697"}],"curies":[{"name":"wp","href":"https:\/\/api.w.org\/{rel}","templated":true}]}}