{"id":5681,"date":"2023-04-20T12:00:11","date_gmt":"2023-04-20T18:00:11","guid":{"rendered":"https:\/\/www.tamaulipas.gob.mx\/desarrollorural\/?page_id=5681"},"modified":"2023-04-20T20:33:53","modified_gmt":"2023-04-21T02:33:53","slug":"mision-y-vision","status":"publish","type":"page","link":"https:\/\/www.tamaulipas.gob.mx\/desarrollorural\/mision-y-vision\/","title":{"rendered":"Misi\u00f3n y Visi\u00f3n"},"content":{"rendered":"<p>MISION<\/p>\n<p style=\"text-align: justify;\">Ser parte integral en la operaci\u00f3n de las diferentes campa\u00f1as fitosanitarias, Programa de Vigilancia Epidemiol\u00f3gica Fitosanitaria y de Inocuidad Agr\u00edcola, que se llevan en el Estado de Tamaulipas, donde se aplica la tecnolog\u00eda con los mejores sistemas de prevenci\u00f3n, detecci\u00f3n, control, erradicaci\u00f3n de plagas y enfermedades de importancia econ\u00f3mica y cuarentenaria, as\u00ed como la conservaci\u00f3n de los estatus fitosanitarios, evitando da\u00f1os y p\u00e9rdidas a la producci\u00f3n agr\u00edcola, as\u00ed como la aplicaci\u00f3n de los sistemas de reducci\u00f3n de riesgos de contaminaci\u00f3n en el desarrollo de la producci\u00f3n primaria, que permita obtener productos con, calidad, sanidad e inocuidad.<\/p>\n<p>VISION<\/p>\n<p style=\"text-align: justify;\">Contar con un campo agr\u00edcola moderno y productivo, donde los productores sean la base fundamental en la operatividad de las diferentes campa\u00f1as fitosanitarias, Programa de Vigilancia Epidemiol\u00f3gica Fitosanitaria y Sistemas de Reducci\u00f3n de Riesgos de contaminaci\u00f3n, que como resultado de ello, permita la movilizaci\u00f3n y comercio de sus productos y subproductos vegetales a los mejores mercados nacionales y de exportaci\u00f3n, que esto conlleve una mejora constante en la econom\u00eda y desarrollo para el bienestar de las familias del agro tamaulipeco y sirva de modelo a las futuras generaciones.<\/p>\n","protected":false},"excerpt":{"rendered":"<p>MISION Ser parte integral en la operaci\u00f3n de las diferentes campa\u00f1as fitosanitarias, Programa de Vigilancia Epidemiol\u00f3gica Fitosanitaria y de Inocuidad Agr\u00edcola, que se llevan en\u2026<\/p>\n","protected":false},"author":11,"featured_media":0,"parent":0,"menu_order":0,"comment_status":"closed","ping_status":"closed","template":"","meta":{"footnotes":""},"class_list":["post-5681","page","type-page","status-publish","hentry"],"publishpress_future_action":{"enabled":false,"date":"2026-04-28 10:02:23","action":"change-status","newStatus":"draft","terms":[],"taxonomy":""},"_links":{"self":[{"href":"https:\/\/www.tamaulipas.gob.mx\/desarrollorural\/wp-json\/wp\/v2\/pages\/5681"}],"collection":[{"href":"https:\/\/www.tamaulipas.gob.mx\/desarrollorural\/wp-json\/wp\/v2\/pages"}],"about":[{"href":"https:\/\/www.tamaulipas.gob.mx\/desarrollorural\/wp-json\/wp\/v2\/types\/page"}],"author":[{"embeddable":true,"href":"https:\/\/www.tamaulipas.gob.mx\/desarrollorural\/wp-json\/wp\/v2\/users\/11"}],"replies":[{"embeddable":true,"href":"https:\/\/www.tamaulipas.gob.mx\/desarrollorural\/wp-json\/wp\/v2\/comments?post=5681"}],"version-history":[{"count":4,"href":"https:\/\/www.tamaulipas.gob.mx\/desarrollorural\/wp-json\/wp\/v2\/pages\/5681\/revisions"}],"predecessor-version":[{"id":5690,"href":"https:\/\/www.tamaulipas.gob.mx\/desarrollorural\/wp-json\/wp\/v2\/pages\/5681\/revisions\/5690"}],"wp:attachment":[{"href":"https:\/\/www.tamaulipas.gob.mx\/desarrollorural\/wp-json\/wp\/v2\/media?parent=5681"}],"curies":[{"name":"wp","href":"https:\/\/api.w.org\/{rel}","templated":true}]}}