{"id":5640,"date":"2023-04-09T13:25:12","date_gmt":"2023-04-09T19:25:12","guid":{"rendered":"https:\/\/www.tamaulipas.gob.mx\/desarrollorural\/?page_id=5640"},"modified":"2023-05-18T10:37:26","modified_gmt":"2023-05-18T16:37:26","slug":"vigilancia-epidemiologica","status":"publish","type":"page","link":"https:\/\/www.tamaulipas.gob.mx\/desarrollorural\/vigilancia-epidemiologica\/","title":{"rendered":"VIGILANCIA EPIDEMIOLOGICA"},"content":{"rendered":"<p><b>Vigilancia Epidemiol\u00f3gica:<\/b><\/p>\n<div class=\"panel panel-default\">\n\t\t\t\t<div class=\"panel-heading\">\n\t\t\t\t\t<h4 class=\"panel-title\">\n\t\t\t\t\t\t<a class=\"collapsed\" data-toggle=\"collapse\" data-parent=\"#single-collapse\" href=\"#single-collapse-0\"><strong>Escarabajo barrenador pol\u00edfago<\/strong><\/a>\n\t\t\t\t\t<\/h4>\n\t\t\t\t<\/div>\n\t\t\t\t<div id=\"single-collapse-0\" class=\"panel-collapse collapse\">\n\t\t\t\t\t<div class=\"panel-body\">\n<div class=\"table-responsive\"><\/div>\n<p>Tiene una gran diversidad de especies reportadas como hospedantes, tanto de importancia agr\u00edcola y forestal como de ornato. Entre los hospedantes potenciales de importancia agr\u00edcola se encuentra el aguacate, durazno, macadamia, naranja, n\u00edspero, nuez, olivo, persimonio y vid.<\/p>\n<p><img loading=\"lazy\" decoding=\"async\" class=\"aligncenter wp-image-5792 size-full\" src=\"https:\/\/www.tamaulipas.gob.mx\/desarrollorural\/wp-content\/uploads\/sites\/6\/2023\/05\/escarabajo-barrenador-polifago.jpg\" alt=\"\" width=\"269\" height=\"188\" \/><\/p>\n<\/div>\n\t\t\t\t<\/div>\n\t\t\t<\/div>\n<div class=\"panel panel-default\">\n\t\t\t\t<div class=\"panel-heading\">\n\t\t\t\t\t<h4 class=\"panel-title\">\n\t\t\t\t\t\t<a class=\"collapsed\" data-toggle=\"collapse\" data-parent=\"#single-collapse\" href=\"#single-collapse-1\"><strong>Escarabajo marchitez del laurel rojo<\/strong><\/a>\n\t\t\t\t\t<\/h4>\n\t\t\t\t<\/div>\n\t\t\t\t<div id=\"single-collapse-1\" class=\"panel-collapse collapse\">\n\t\t\t\t\t<div class=\"panel-body\">\n<div class=\"table-responsive\"><\/div>\n<p style=\"text-align: justify;\">X. glabratus es un insecto barrenador de madera y vector del hongo Raffaelea lauricola, responsable de la marchitez del laurel. Podr\u00eda afectar de forma negativa la producci\u00f3n de aguacate, as\u00ed como causar graves da\u00f1os ecol\u00f3gicos en \u00e1reas naturales como bosques tropicales perennifolios y bosques mes\u00f3filos de monta\u00f1a, donde se encuentra la mayor diversidad y abundancia de \u00e1rboles y arbustos de la familia Lauraceae.<\/p>\n<p><img loading=\"lazy\" decoding=\"async\" class=\"size-full wp-image-5794 aligncenter\" src=\"https:\/\/www.tamaulipas.gob.mx\/desarrollorural\/wp-content\/uploads\/sites\/6\/2023\/05\/escarabajo-marchitez-del-laurel-rojo.jpg\" alt=\"\" width=\"302\" height=\"167\" \/><\/p>\n<\/div>\n\t\t\t\t<\/div>\n\t\t\t<\/div>\n<div class=\"panel panel-default\">\n\t\t\t\t<div class=\"panel-heading\">\n\t\t\t\t\t<h4 class=\"panel-title\">\n\t\t\t\t\t\t<a class=\"collapsed\" data-toggle=\"collapse\" data-parent=\"#single-collapse\" href=\"#single-collapse-2\"><strong>Palomilla del tomate<\/strong><\/a>\n\t\t\t\t\t<\/h4>\n\t\t\t\t<\/div>\n\t\t\t\t<div id=\"single-collapse-2\" class=\"panel-collapse collapse\">\n\t\t\t\t\t<div class=\"panel-body\">\n<div class=\"table-responsive\"><\/div>\n<p style=\"text-align: justify;\">Es considerada una plaga de importancia cuarentenaria para Centroam\u00e9rica\u00a0 y Norteam\u00e9rica, por sus mecanismos de dispersi\u00f3n y los da\u00f1os que ocasiona; afecta al cultivo del tomate, papa, tabaco, berenjena y chile verde.<\/p>\n<p><img loading=\"lazy\" decoding=\"async\" class=\"size-full wp-image-5796 aligncenter\" src=\"https:\/\/www.tamaulipas.gob.mx\/desarrollorural\/wp-content\/uploads\/sites\/6\/2023\/05\/palomilla-del-tomate.jpg\" alt=\"\" width=\"182\" height=\"163\" \/><\/p>\n<\/div>\n\t\t\t\t<\/div>\n\t\t\t<\/div>\n<div class=\"panel panel-default\">\n\t\t\t\t<div class=\"panel-heading\">\n\t\t\t\t\t<h4 class=\"panel-title\">\n\t\t\t\t\t\t<a class=\"collapsed\" data-toggle=\"collapse\" data-parent=\"#single-collapse\" href=\"#single-collapse-3\"><strong>Gusano de la mazorca<\/strong><\/a>\n\t\t\t\t\t<\/h4>\n\t\t\t\t<\/div>\n\t\t\t\t<div id=\"single-collapse-3\" class=\"panel-collapse collapse\">\n\t\t\t\t\t<div class=\"panel-body\">\n<div class=\"table-responsive\"><\/div>\n<p style=\"text-align: justify;\">Es una plaga que afecta a diversos cultivos (pol\u00edfaga), se alimenta desde la etapa de desarrollo vegetativo hasta la etapa reproductiva del hospedante, afectando a cultivos de importancia econ\u00f3mica como ma\u00edz, frijol, algod\u00f3n, alfalfa, papa, soya, linaza, tabaco, sorgo, tomate, chile, br\u00f3coli, coliflor y garbanzo.<\/p>\n<p><img loading=\"lazy\" decoding=\"async\" class=\"size-full wp-image-5798 aligncenter\" src=\"https:\/\/www.tamaulipas.gob.mx\/desarrollorural\/wp-content\/uploads\/sites\/6\/2023\/05\/gusano-de-la-mazorca.jpg\" alt=\"\" width=\"208\" height=\"243\" \/><\/p>\n<\/div>\n\t\t\t\t<\/div>\n\t\t\t<\/div>\n<div class=\"panel panel-default\">\n\t\t\t\t<div class=\"panel-heading\">\n\t\t\t\t\t<h4 class=\"panel-title\">\n\t\t\t\t\t\t<a class=\"collapsed\" data-toggle=\"collapse\" data-parent=\"#single-collapse\" href=\"#single-collapse-4\"><strong>Cancro de los c\u00edtricos<\/strong><\/a>\n\t\t\t\t\t<\/h4>\n\t\t\t\t<\/div>\n\t\t\t\t<div id=\"single-collapse-4\" class=\"panel-collapse collapse\">\n\t\t\t\t\t<div class=\"panel-body\">\n<div class=\"table-responsive\"><\/div>\n<p style=\"text-align: justify;\">Es una de las enfermedades m\u00e1s importantes de los c\u00edtricos. Esta bacteria se dispersa a largas distancias por medio de material vegetal infectado, mientras que a distancias cortas a trav\u00e9s de gotas de lluvia. Los principales hospedantes de importancia econ\u00f3mica de esta bacteria son las especies del g\u00e9nero Citrus. Los c\u00edtricos de mayor importancia son lim\u00f3n, naranja, mandarina, lima y toronja.<\/p>\n<\/div>\n\t\t\t\t<\/div>\n\t\t\t<\/div>\n<div class=\"panel panel-default\">\n\t\t\t\t<div class=\"panel-heading\">\n\t\t\t\t\t<h4 class=\"panel-title\">\n\t\t\t\t\t\t<a class=\"collapsed\" data-toggle=\"collapse\" data-parent=\"#single-collapse\" href=\"#single-collapse-5\"><strong>Palomilla del nopal<\/strong><\/a>\n\t\t\t\t\t<\/h4>\n\t\t\t\t<\/div>\n\t\t\t\t<div id=\"single-collapse-5\" class=\"panel-collapse collapse\">\n\t\t\t\t\t<div class=\"panel-body\">\n<div class=\"table-responsive\"><\/div>\n<p style=\"text-align: justify;\">Se alimenta de cactus y es considerada una plaga importante de plantas del g\u00e9nero Opuntia (nopal). Debido al valor econ\u00f3mico, ecol\u00f3gico, est\u00e9tico y cultural que tienen estas especies en M\u00e9xico y a que la reintroducci\u00f3n de C. cactorum al pa\u00eds, pondr\u00eda en riesgo a especies del g\u00e9nero Opuntia, que crecen de forma silvestre y cultivada como nopal verdura, forrajero y tunero.<\/p>\n<\/div>\n\t\t\t\t<\/div>\n\t\t\t<\/div>\n<div class=\"panel panel-default\">\n\t\t\t\t<div class=\"panel-heading\">\n\t\t\t\t\t<h4 class=\"panel-title\">\n\t\t\t\t\t\t<a class=\"collapsed\" data-toggle=\"collapse\" data-parent=\"#single-collapse\" href=\"#single-collapse-6\"><strong>Gusano oriental de la hoja<\/strong><\/a>\n\t\t\t\t\t<\/h4>\n\t\t\t\t<\/div>\n\t\t\t\t<div id=\"single-collapse-6\" class=\"panel-collapse collapse\">\n\t\t\t\t\t<div class=\"panel-body\">\n<div class=\"table-responsive\"><\/div>\n<p style=\"text-align: justify;\">Spodotera litura es una plaga importante debido a sus h\u00e1bitos defoliadores en diversos cultivos de relevancia econ\u00f3mica. Se reporta que puede causar p\u00e9rdidas del 25.5 al 100% en producci\u00f3n (Dhir et al., 1992), lo anterior de acuerdo a la etapa fenol\u00f3gica del cultivo y el nivel de infestaci\u00f3n de la plaga en campo (Ramana, et al., 1998). En pa\u00edses de Asia se han registrado p\u00e9rdidas importantes en cultivos hospedantes de esta palaga. Estudios en la India, reportan porcentajes de da\u00f1o en la producci\u00f3n de tomate, que oscilan entre 9 y 24% durante la \u00e9poca de invierno.(Patnaik, 1998).<\/p>\n<p style=\"text-align: justify;\">Los costos para el control y manejo de la plaga, representan un problema, debido a los altos costos de los insumos, uso de feromonas, entre otras actividades (Nandagopal et al., 2008).<\/p>\n<\/div>\n\t\t\t\t<\/div>\n\t\t\t<\/div>\n<div class=\"panel panel-default\">\n\t\t\t\t<div class=\"panel-heading\">\n\t\t\t\t\t<h4 class=\"panel-title\">\n\t\t\t\t\t\t<a class=\"collapsed\" data-toggle=\"collapse\" data-parent=\"#single-collapse\" href=\"#single-collapse-7\"><strong>Enfermedad de Pierce<\/strong> <\/a>\n\t\t\t\t\t<\/h4>\n\t\t\t\t<\/div>\n\t\t\t\t<div id=\"single-collapse-7\" class=\"panel-collapse collapse\">\n\t\t\t\t\t<div class=\"panel-body\">\n<div class=\"table-responsive\"><\/div>\n<p style=\"text-align: justify;\">La enfermedad de Pierce, ocasionada por la bacteria Xylella fastidiosa subsp. fastidiosa, afecta directamente al cultivo de la vid. Se multiplica en los conductos y tejidos que transportan el agua en la planta y act\u00faa de manera progresiva. Es capaz de provocar la muerte de plantas y vi\u00f1edos completos en un periodo de dos a cinco a\u00f1os.<\/p>\n<p style=\"text-align: justify;\">La dispersi\u00f3n de la enfermedad es a trav\u00e9s de insectos portadores de la bacteria, los cuales se trasladan de una zona a otra de manera r\u00e1pida, representando un riesgo de suma importancia, ya que pueden afectar a zonas declaradas libres de la enfermedad y donde nunca se ha reportado su presencia.<\/p>\n<\/div>\n\t\t\t\t<\/div>\n\t\t\t<\/div>\n<div class=\"panel panel-default\">\n\t\t\t\t<div class=\"panel-heading\">\n\t\t\t\t\t<h4 class=\"panel-title\">\n\t\t\t\t\t\t<a class=\"collapsed\" data-toggle=\"collapse\" data-parent=\"#single-collapse\" href=\"#single-collapse-8\"><strong>Mancha negra de los c\u00edtricos<\/strong><\/a>\n\t\t\t\t\t<\/h4>\n\t\t\t\t<\/div>\n\t\t\t\t<div id=\"single-collapse-8\" class=\"panel-collapse collapse\">\n\t\t\t\t\t<div class=\"panel-body\">\n<div class=\"table-responsive\"><\/div>\n<p style=\"text-align: justify;\">Es una enfermedad causada por el hongo Guignardia citricarpa la cual se considera como una de las enfermedades m\u00e1s importante del sector citr\u00edcola. Los principales hospedantes de esta enfermedad son especies del g\u00e9nero Citrus. Los c\u00edtricos de mayor importancia son lim\u00f3n, naranja, mandarina, lima y toronja.<\/p>\n<\/div>\n\t\t\t\t<\/div>\n\t\t\t<\/div>\n<div class=\"panel panel-default\">\n\t\t\t\t<div class=\"panel-heading\">\n\t\t\t\t\t<h4 class=\"panel-title\">\n\t\t\t\t\t\t<a class=\"collapsed\" data-toggle=\"collapse\" data-parent=\"#single-collapse\" href=\"#single-collapse-9\"><strong>Escarabajo de los cuernos largos<\/strong><\/a>\n\t\t\t\t\t<\/h4>\n\t\t\t\t<\/div>\n\t\t\t\t<div id=\"single-collapse-9\" class=\"panel-collapse collapse\">\n\t\t\t\t\t<div class=\"panel-body\">\n<div class=\"table-responsive\"><\/div>\n<p style=\"text-align: justify;\">Anoplophora glabripennis, conocido como escarabajo asi\u00e1tico de cuernos largos es un insecto originario de China, Corea, Jap\u00f3n, Isla de Hain\u00e1n y la pen\u00ednsula de Malasia. Su amplio rango de distribuci\u00f3n y su alta capacidad de da\u00f1o, hacen que se posicione como una de las principales plagas ex\u00f3ticas de bosques naturales.<\/p>\n<\/div>\n\t\t\t\t<\/div>\n\t\t\t<\/div>\n<div class=\"panel panel-default\">\n\t\t\t\t<div class=\"panel-heading\">\n\t\t\t\t\t<h4 class=\"panel-title\">\n\t\t\t\t\t\t<a class=\"collapsed\" data-toggle=\"collapse\" data-parent=\"#single-collapse\" href=\"#single-collapse-10\"><strong>Mosca linterna con manchas<\/strong> <\/a>\n\t\t\t\t\t<\/h4>\n\t\t\t\t<\/div>\n\t\t\t\t<div id=\"single-collapse-10\" class=\"panel-collapse collapse\">\n\t\t\t\t\t<div class=\"panel-body\">\n<div class=\"table-responsive\"><\/div>\n<p style=\"text-align: justify;\">La Mosca Linterna con Manchas (MLM o SLF, Spotted Lanternfly por sus siglas en ingl\u00e9s), Lycorma delicatula, es una plaga invasora que se detect\u00f3 por primera vez en Norteam\u00e9rica en el 2014, en el sureste de Pensilvania. Desde entonces, la MLM se ha extendido a otros estados del este de Estados Unidos. Este insecto es originario de ciertas regiones de Asia.<\/p>\n<p style=\"text-align: justify;\">La MLM se alimenta vorazmente de muchos cultivos de plantas de importancia econ\u00f3mica, como la vid, el l\u00fapulo, las plantas ornamentales de vivero y varias especies de \u00e1rboles. La intensa alimentaci\u00f3n de la MLM ha contribuido a la muerte de vides de uva, individuos del \u00e1rbol invasor Ailanthus altissima (\u00e1rbol del cielo) y de pl\u00e1ntulas j\u00f3venes de nogal negro. Aunque la alimentaci\u00f3n de la MLM puede estresar a las plantas y causar da\u00f1os localizados en las ramas, no se tiene conocimiento de que mate directamente a otras plantas. La alimentaci\u00f3n de la MLM se considera un factor de estr\u00e9s para las plantas y \u00e1rboles y puede contribuir a su debilitamiento a largo plazo. En la actualidad se considera principalmente una plaga molesta en jardines, \u00e1reas verdes y zonas residenciales.<\/p>\n<\/div>\n\t\t\t\t<\/div>\n\t\t\t<\/div>\n<div class=\"panel panel-default\">\n\t\t\t\t<div class=\"panel-heading\">\n\t\t\t\t\t<h4 class=\"panel-title\">\n\t\t\t\t\t\t<a class=\"collapsed\" data-toggle=\"collapse\" data-parent=\"#single-collapse\" href=\"#single-collapse-11\"><strong>Barrenador esmeralda<\/strong> <\/a>\n\t\t\t\t\t<\/h4>\n\t\t\t\t<\/div>\n\t\t\t\t<div id=\"single-collapse-11\" class=\"panel-collapse collapse\">\n\t\t\t\t\t<div class=\"panel-body\">\n<div class=\"table-responsive\"><\/div>\n<p style=\"text-align: justify;\">Agrilus planipennis es un escarabajo nativo del noreste de Asia que pertenece a la familia Buprestidae. Es conocido en ingl\u00e9s por el nombre com\u00fan de emerald ash borer, que al espa\u00f1ol se traduce como barrenador esmeralda del fresno, el cual hace alusi\u00f3n a su coloraci\u00f3n verde brillante y a su alimentaci\u00f3n basada en varias especies de fresnos. Las hembras de esta especie ponen huevos en las grietas de la corteza de los fresnos, y las larvas se alimentan debajo de la corteza para emerger como adultos en uno o dos a\u00f1os.<\/p>\n<p style=\"text-align: justify;\">En su distribuci\u00f3n nativa, generalmente se encuentra en densidades bajas y no causa da\u00f1os significativos a los \u00e1rboles nativos del \u00e1rea. Fuera de su \u00e1rea de distribuci\u00f3n nativa, es considerada una especie invasora y altamente destructiva para los fresnos nativos del noroeste de Europa y Am\u00e9rica del Norte. Antes de ser encontrados en Am\u00e9rica del Norte, se sab\u00eda muy poco acerca del barrenador esmeralda del fresno; esto ha dado como resultado que gran parte de la investigaci\u00f3n sobre su biolog\u00eda se centre en Am\u00e9rica del Norte. Los gobiernos locales de Am\u00e9rica del Norte est\u00e1n intentando controlarlo mediante el monitoreo de su propagaci\u00f3n, la diversificaci\u00f3n de especies de \u00e1rboles, insecticidas y el control biol\u00f3gico.<\/p>\n<\/div>\n\t\t\t\t<\/div>\n\t\t\t<\/div>\n<div class=\"panel panel-default\">\n\t\t\t\t<div class=\"panel-heading\">\n\t\t\t\t\t<h4 class=\"panel-title\">\n\t\t\t\t\t\t<a class=\"collapsed\" data-toggle=\"collapse\" data-parent=\"#single-collapse\" href=\"#single-collapse-12\"><strong>Chinche marmolada<\/strong><\/a>\n\t\t\t\t\t<\/h4>\n\t\t\t\t<\/div>\n\t\t\t\t<div id=\"single-collapse-12\" class=\"panel-collapse collapse\">\n\t\t\t\t\t<div class=\"panel-body\">\n<div class=\"table-responsive\"><\/div>\n<p style=\"text-align: justify;\">Halyomorpha halys es una plaga nativa de China, Jap\u00f3n, Corea y Taiw\u00e1n (Hoebeke y Carter, 2003), que ha causado da\u00f1os de 50 a 70% en diferentes variedades de cultivos frut\u00edcolas, hort\u00edcolas y ornamentales (Oda et al., 1980; Leskey et al., 2012; Bergmann et al., 2016).<\/p>\n<p style=\"text-align: justify;\">En 2010, ocasion\u00f3 p\u00e9rdidas significativas en varios estados del Atl\u00e1ntico medio, atacando principalmente a la manzana (Malus domestica L.), esta p\u00e9rdida econ\u00f3mica se calcul\u00f3 aproximadamente en 37 millones de d\u00f3lares por la Asociaci\u00f3n USApple. Por otro lado, Nielsen y Hamilton (2008) reportan en su estudio que la H. halys provoc\u00f3 da\u00f1os de 25% en cada \u00e1rbol frutal en los estados de Nueva Jersey y Pensilvania, principalmente en peras, manzanas y duraznos, as\u00ed como ma\u00edz, pimientos, tomates y soya (Leskey et al., 2012; Rice et al., 2014).<\/p>\n<\/div>\n\t\t\t\t<\/div>\n\t\t\t<\/div>\n<div class=\"panel panel-default\">\n\t\t\t\t<div class=\"panel-heading\">\n\t\t\t\t\t<h4 class=\"panel-title\">\n\t\t\t\t\t\t<a class=\"collapsed\" data-toggle=\"collapse\" data-parent=\"#single-collapse\" href=\"#single-collapse-13\"><strong>Caracol Gigante Africano<\/strong> <\/a>\n\t\t\t\t\t<\/h4>\n\t\t\t\t<\/div>\n\t\t\t\t<div id=\"single-collapse-13\" class=\"panel-collapse collapse\">\n\t\t\t\t\t<div class=\"panel-body\">\n<div class=\"table-responsive\"><\/div>\n<p>Esta plaga fue introducida en Am\u00e9rica del Sur a finales de 1980, est\u00e1 presente en Brasil y poco a poco se ha extendido a otras regiones del continente, por lo que las naciones han tomado medidas preventivas para evitar su entrada y diseminaci\u00f3n.<\/p>\n<p>En M\u00e9xico, la Secretar\u00eda de Agricultura a trav\u00e9s del Senasica opera medidas de vigilancia en puertos, aeropuertos y fronteras, las cuales se han reforzado luego de la detecci\u00f3n del molusco en Rep\u00fablica Dominicana y Costa Rica, en junio de este a\u00f1o.<\/p>\n<p>Una de las medidas m\u00e1s efectivas e innovadoras para disminuir la diseminaci\u00f3n del caracol gigante africano es la vigilancia a trav\u00e9s de las unidades caninas, por lo que especialistas de la agencia sanitaria del Gobierno de M\u00e9xico participaron y coordinaron el entrenamiento de 16 binomios caninos para sembrar el aroma de la plaga en la memoria olfativa de los perros que vigilan los puntos de entrada de pa\u00edses centroamericanos y del Caribe.<\/p>\n<\/div>\n\t\t\t\t<\/div>\n\t\t\t<\/div>\n<p style=\"text-align: justify;\">Con fundamento en el art\u00edculo 2o de la Ley Federal de Sanidad Vegetal (LFSV) se establece que la sanidad vegetal tiene como finalidad promover y vigilar la observancia de las disposiciones legales aplicables; diagnosticar y prevenir la diseminaci\u00f3n e introducci\u00f3n de plagas de los vegetales, sus productos o subproductos que representen un riesgo fitosanitario; as\u00ed como establecer medidas fitosanitarias y regular la efectividad de los insumos fitosanitarios y para su desarrollo, promover\u00e1 la celebraci\u00f3n de acuerdos y convenios con los Gobiernos de los Estados y Municipios, Organismos Auxiliares de Sanidad Vegetal o particulares interesados.<\/p>\n<p style=\"text-align: justify;\">As\u00ed mismo, con base en lo previsto en los art\u00edculos 35, 36 fracciones I, II, III y IV y 37 fracci\u00f3n IV del Reglamento de la Ley Federal de Sanidad Vegetal, se establece que el SENASICA coordinar\u00e1 y operar\u00e1 el Sistema de Vigilancia Epidemiol\u00f3gica Fitosanitaria con el apoyo de Organismos Auxiliares de Sanidad Vegetal y el T\u00edtulo I Disposiciones Generales del Programa, 1.1 Objetivos, art\u00edculo 5 de las Reglas de Operaci\u00f3n publicadas en el Diario Oficial de la federaci\u00f3n el 30 de diciembre de 2022, donde se refiere al Sistema de Vigilancia Epidemiol\u00f3gica de Plagas y Enfermedades que opera, con la finalidad de llevar a cabo la detecci\u00f3n de plagas y enfermedades emergentes o reemergentes de manera oportuna y en su caso, implementar acciones de manejo o bien la supresi\u00f3n, control o de ser el caso erradicaci\u00f3n de estas.<\/p>\n<p><strong>Los objetivo de la vigilancia epidemiol\u00f3gica son:<\/strong><\/p>\n<ul>\n<li style=\"text-align: justify;\">Contribuir a la estrategia de prevenci\u00f3n de plagas reglamentadas en el territorio nacional y estatal.<\/li>\n<li style=\"text-align: justify;\">Operar una red de trampeo y de muestreo para detectar de forma oportuna la incursi\u00f3n de las siguientes plagas: Complejo escarabajo barrenador pol\u00edfago (Euwallacea sp.-Ambrosia Fusarium Clade), Complejo escarabajo marchitez del laurel rojo (Xyleborus glabratus-Raffaelea lauricola), Palomilla del tomate (Tuta absoluta), Gusano de la mazorca (Helicoverpa arm\u00edgera), Cancro de los c\u00edtricos (Xanthomonas citri subsp. citri), Palomilla del nopal (Cactoblastis cactorum), Gusano oriental de la hoja ( Spodoptera litura), Agente causal de la enfermedad de Pierce (Xylella fastidiosa), Mancha negra de los c\u00edtricos (Phyllosticta citricarpa), Escarabajo de los cuernos largos (Anoplophora glabripennis), Mosca linterna con manchas (Lycorma delicatula), Barrenador esmeralda (Agrilus planipennis), Chinche marmolada (Halyomorpha halys), Caracol Gigante Africano (Achatina f\u00falica) y otras plagas que la Unidad Responsable pueda determinar conforme a sus atribuciones.<\/li>\n<li style=\"text-align: justify;\">Delimitar las eventuales incursiones de plagas reglamentadas en un \u00e1rea y, de ser el caso, realizar las primeras acciones de manejo fitosanitario.<\/li>\n<li style=\"text-align: justify;\">Atender alertas y reportes ciudadanos sobre presencia de plagas.<\/li>\n<\/ul>\n<p>&nbsp;<\/p>\n","protected":false},"excerpt":{"rendered":"<p>Vigilancia Epidemiol\u00f3gica: Con fundamento en el art\u00edculo 2o de la Ley Federal de Sanidad Vegetal (LFSV) se establece que la sanidad vegetal tiene como finalidad\u2026<\/p>\n","protected":false},"author":11,"featured_media":0,"parent":0,"menu_order":0,"comment_status":"closed","ping_status":"closed","template":"","meta":{"footnotes":""},"class_list":["post-5640","page","type-page","status-publish","hentry"],"publishpress_future_action":{"enabled":false,"date":"2026-04-28 11:08:37","action":"change-status","newStatus":"draft","terms":[],"taxonomy":""},"_links":{"self":[{"href":"https:\/\/www.tamaulipas.gob.mx\/desarrollorural\/wp-json\/wp\/v2\/pages\/5640"}],"collection":[{"href":"https:\/\/www.tamaulipas.gob.mx\/desarrollorural\/wp-json\/wp\/v2\/pages"}],"about":[{"href":"https:\/\/www.tamaulipas.gob.mx\/desarrollorural\/wp-json\/wp\/v2\/types\/page"}],"author":[{"embeddable":true,"href":"https:\/\/www.tamaulipas.gob.mx\/desarrollorural\/wp-json\/wp\/v2\/users\/11"}],"replies":[{"embeddable":true,"href":"https:\/\/www.tamaulipas.gob.mx\/desarrollorural\/wp-json\/wp\/v2\/comments?post=5640"}],"version-history":[{"count":20,"href":"https:\/\/www.tamaulipas.gob.mx\/desarrollorural\/wp-json\/wp\/v2\/pages\/5640\/revisions"}],"predecessor-version":[{"id":5799,"href":"https:\/\/www.tamaulipas.gob.mx\/desarrollorural\/wp-json\/wp\/v2\/pages\/5640\/revisions\/5799"}],"wp:attachment":[{"href":"https:\/\/www.tamaulipas.gob.mx\/desarrollorural\/wp-json\/wp\/v2\/media?parent=5640"}],"curies":[{"name":"wp","href":"https:\/\/api.w.org\/{rel}","templated":true}]}}