{"id":5608,"date":"2023-04-04T14:35:36","date_gmt":"2023-04-04T20:35:36","guid":{"rendered":"https:\/\/www.tamaulipas.gob.mx\/desarrollorural\/?page_id=5608"},"modified":"2023-12-01T16:45:43","modified_gmt":"2023-12-01T22:45:43","slug":"programas-2023","status":"publish","type":"page","link":"https:\/\/www.tamaulipas.gob.mx\/desarrollorural\/programas-2023\/","title":{"rendered":"Programas 2023"},"content":{"rendered":"<ul class=\"nav nav-tabs\" id=\"\"><li class=\"active\"><a href=\"#custom-tab-0-ebfeeef1f2facf050c61fa9eb2068c6e\" data-toggle=\"tab\" >Programas Estatales 2023<\/a><\/li><li class=\" next\"><a href=\"#custom-tab-0-fd5e57fd38b6b8f54a598d5d5173058f\" data-toggle=\"tab\" >Evaluaci\u00f3n 2023<\/a><\/li><\/ul><div class=\"tab-content\">\n<div id=\"custom-tab-0-ebfeeef1f2facf050c61fa9eb2068c6e\" class=\"tab-pane active\">\n<p><strong>Reglas de Operaci\u00f3n de los Programas Estatales 2023<\/strong><\/p>\n<div class=\"panel panel-default\">\n\t\t\t\t<div class=\"panel-heading\">\n\t\t\t\t\t<h4 class=\"panel-title\">\n\t\t\t\t\t\t<a class=\"collapsed\" data-toggle=\"collapse\" data-parent=\"#single-collapse\" href=\"#single-collapse-0\">Reglas de Operaci\u00f3n, Lineamientos y Convocatorias \u2207<\/a>\n\t\t\t\t\t<\/h4>\n\t\t\t\t<\/div>\n\t\t\t\t<div id=\"single-collapse-0\" class=\"panel-collapse collapse\">\n\t\t\t\t\t<div class=\"panel-body\">\n<p>&nbsp;<\/p>\n<ul style=\"list-style-type: square;\">\n<li><a href=\"https:\/\/www.tamaulipas.gob.mx\/desarrollorural\/wp-content\/uploads\/sites\/6\/2023\/04\/s107-programa-de-fomento-a-la-produccion-rural.pdf\" target=\"_blank\" rel=\"noopener\"><i class=\"fa fa-file-pdf-o\"><\/i> S107 Programa de Fomento a la Producci\u00f3n Rural<\/a><\/li>\n<li><a href=\"https:\/\/www.tamaulipas.gob.mx\/desarrollorural\/wp-content\/uploads\/sites\/6\/2023\/08\/programa-de-fomento-a-la-produccion-rural-s107_modificacion_2023.pdf\" target=\"_blank\" rel=\"noopener\"><i class=\"fa fa-file-pdf-o\"><\/i> S107 Programa de Fomento a la Producci\u00f3n Rural Modificaci\u00f3n<\/a><\/li>\n<\/ul>\n<ul>\n<li style=\"list-style-type: none;\">\n<ul style=\"list-style-type: circle;\">\n<li><a href=\"https:\/\/www.tamaulipas.gob.mx\/desarrollorural\/wp-content\/uploads\/sites\/6\/2023\/11\/paquetes-productivos-granjas-de-aves_2023.pdf\" target=\"_blank\" rel=\"noopener\"><i class=\"fa fa-file-pdf-o\"><\/i> Convocatoria: Paquetes Productivos para Granjas de Aves<\/a><\/li>\n<li><a href=\"https:\/\/www.tamaulipas.gob.mx\/desarrollorural\/wp-content\/uploads\/sites\/6\/2023\/11\/paquetes-productivos-huertos-de-traspatio_2023.pdf\" target=\"_blank\" rel=\"noopener\"><i class=\"fa fa-file-pdf-o\"><\/i> Convocatoria: Paquetes Productivos Huertos de Traspatio<\/a><\/li>\n<li><a href=\"https:\/\/www.tamaulipas.gob.mx\/desarrollorural\/wp-content\/uploads\/sites\/6\/2023\/06\/convocatoria-semilla-de-calidad_2023_2.pdf\" target=\"_blank\" rel=\"noopener\"><i class=\"fa fa-file-pdf-o\"><\/i> Segunda Convocatoria: Componente Semilla de Calidad<\/a>\n<ul>\n<li><a href=\"https:\/\/www.tamaulipas.gob.mx\/desarrollorural\/wp-content\/uploads\/sites\/6\/2023\/04\/formato-de-solicitud-de-apoyo-fertilizante_2023.pdf\" target=\"_blank\" rel=\"noopener\">Anexo 1 Solicitud de Apoyo Semilla de Calidad<\/a><\/li>\n<li><a href=\"https:\/\/www.tamaulipas.gob.mx\/desarrollorural\/wp-content\/uploads\/sites\/6\/2023\/06\/semilla_calidad_localidades-de-la-pob.-objetivo_anexo_1_2.pdf\" target=\"_blank\" rel=\"noopener\">Localidades de la Poblaci\u00f3n Objetivo<\/a><\/li>\n<li><a href=\"https:\/\/www.tamaulipas.gob.mx\/desarrollorural\/wp-content\/uploads\/sites\/6\/2023\/06\/semilla_calidad_localidades-de-la-pob.-potencial_anexo_2_2.pdf\" target=\"_blank\" rel=\"noopener\">Localidades de la Poblaci\u00f3n Potencial<\/a><\/li>\n<li><a href=\"https:\/\/www.tamaulipas.gob.mx\/desarrollorural\/wp-content\/uploads\/sites\/6\/2023\/06\/semilla_calidad_ubicacion-de-ventanillas_2023_2.pdf\" target=\"_blank\" rel=\"noopener\">Ubicaci\u00f3n de Ventanillas<\/a><\/li>\n<\/ul>\n<\/li>\n<\/ul>\n<\/li>\n<\/ul>\n<ul>\n<li style=\"list-style-type: none;\">\n<ul>\n<li><a href=\"https:\/\/www.tamaulipas.gob.mx\/desarrollorural\/wp-content\/uploads\/sites\/6\/2023\/08\/convocatoria-apoyos-productivos-agricolas-2023.pdf\" target=\"_blank\" rel=\"noopener\"><i class=\"fa fa-file-pdf-o\"><\/i> Convocatoria: Apoyos Productivos Agr\u00edcolas Sorgo grano<\/a>\n<ul>\n<li><a href=\"https:\/\/www.tamaulipas.gob.mx\/desarrollorural\/wp-content\/uploads\/sites\/6\/2023\/08\/solicitud-apoyos-productivos-agricolas-2023.pdf\" target=\"_blank\" rel=\"noopener\">Anexo I Solicitud de Apoyo\u00a0<\/a><\/li>\n<li><a href=\"https:\/\/www.tamaulipas.gob.mx\/desarrollorural\/wp-content\/uploads\/sites\/6\/2023\/08\/acta-entrega-recepcion-apoyos-productivos-agricolas-2023.pdf\" target=\"_blank\" rel=\"noopener\">Anexo IV Acta de Entrega Recepci\u00f3n<\/a><\/li>\n<li><a href=\"https:\/\/www.tamaulipas.gob.mx\/desarrollorural\/wp-content\/uploads\/sites\/6\/2023\/08\/ventanillas-apoyos-productivos-agricolas-2023.pdf\" target=\"_blank\" rel=\"noopener\">Ubicaci\u00f3n de Ventanillas<\/a><\/li>\n<\/ul>\n<\/li>\n<\/ul>\n<\/li>\n<\/ul>\n<ul style=\"list-style-type: square;\">\n<li style=\"list-style-type: none;\">\n<ul>\n<li><a href=\"https:\/\/www.tamaulipas.gob.mx\/desarrollorural\/wp-content\/uploads\/sites\/6\/2023\/04\/convocatoria-semilla-de-calidad.pdf\" target=\"_blank\" rel=\"noopener\"><i class=\"fa fa-file-pdf-o\"><\/i> Convocatoria: Componente Semilla de Calidad<\/a>\n<ul>\n<li><a href=\"https:\/\/www.tamaulipas.gob.mx\/desarrollorural\/wp-content\/uploads\/sites\/6\/2023\/04\/formato-de-solicitud-de-apoyo-fertilizante_2023.pdf\" target=\"_blank\" rel=\"noopener\">Anexo 1 Solicitud de Apoyo Semilla de Calidad<\/a><\/li>\n<li><a href=\"https:\/\/www.tamaulipas.gob.mx\/desarrollorural\/wp-content\/uploads\/sites\/6\/2023\/04\/semilla_calidad_localidades-de-la-pob.-objetivo_anexo_1.pdf\" target=\"_blank\" rel=\"noopener\">Localidades de la Poblaci\u00f3n Objetivo<\/a><\/li>\n<li><a href=\"https:\/\/www.tamaulipas.gob.mx\/desarrollorural\/wp-content\/uploads\/sites\/6\/2023\/04\/semilla_calidad_localidades-de-la-pob.-potencial_anexo_2.pdf\" target=\"_blank\" rel=\"noopener\">Localidades de la Poblaci\u00f3n Potencial<\/a><\/li>\n<li><a href=\"https:\/\/www.tamaulipas.gob.mx\/desarrollorural\/wp-content\/uploads\/sites\/6\/2023\/04\/semilla_calidad_ubicacion-de-ventanillas_2023.pdf\" target=\"_blank\" rel=\"noopener\">Ubicaci\u00f3n de Ventanillas<\/a><\/li>\n<li><a href=\"https:\/\/www.tamaulipas.gob.mx\/desarrollorural\/wp-content\/uploads\/sites\/6\/2023\/05\/resultados-semilla-2023.pdf\" target=\"_blank\" rel=\"noopener\">Publicaci\u00f3n de resultados Semilla de Calidad<\/a><\/li>\n<\/ul>\n<\/li>\n<li><a href=\"https:\/\/www.tamaulipas.gob.mx\/desarrollorural\/wp-content\/uploads\/sites\/6\/2023\/04\/convocatoria-fertilizante-a-personas-productoras-agricolas_2023.pdf\" target=\"_blank\" rel=\"noopener\"><i class=\"fa fa-file-pdf-o\"><\/i> Convocatoria: Componente Fertilizante a Personas Productoras Agr\u00edcolas<\/a>\n<ul>\n<li><a href=\"https:\/\/www.tamaulipas.gob.mx\/desarrollorural\/wp-content\/uploads\/sites\/6\/2023\/04\/formato-de-solicitud-de-apoyo-fertilizante_2023.pdf\" target=\"_blank\" rel=\"noopener\">Anexo 1 Solicitud de Apoyo Fertilizante<\/a><\/li>\n<li><a href=\"https:\/\/www.tamaulipas.gob.mx\/desarrollorural\/wp-content\/uploads\/sites\/6\/2023\/04\/fertilizante_localidades-de-la-pob.-objetivo_anexo_1.pdf\" target=\"_blank\" rel=\"noopener\">Localidades de la Poblaci\u00f3n Objetivo<\/a><\/li>\n<li><a href=\"https:\/\/www.tamaulipas.gob.mx\/desarrollorural\/wp-content\/uploads\/sites\/6\/2023\/04\/fertilizante_localidades-de-la-pob.-potencial_anexo_2.pdf\" target=\"_blank\" rel=\"noopener\">Localidades de la Poblaci\u00f3n Potencial<\/a><\/li>\n<li><a href=\"https:\/\/www.tamaulipas.gob.mx\/desarrollorural\/wp-content\/uploads\/sites\/6\/2023\/04\/fertilizantes_ubicacion-de-ventanillas_2023.pdf\" target=\"_blank\" rel=\"noopener\">Ubicaci\u00f3n de Ventanillas<\/a><\/li>\n<li><a href=\"https:\/\/www.tamaulipas.gob.mx\/desarrollorural\/wp-content\/uploads\/sites\/6\/2023\/05\/resultados-fertilizante-2023.pdf\" target=\"_blank\" rel=\"noopener\">Publicaci\u00f3n de resultados Fertilizante a Personas Productoras Agr\u00edcolas<\/a><\/li>\n<\/ul>\n<\/li>\n<\/ul>\n<\/li>\n<li><a href=\"https:\/\/www.tamaulipas.gob.mx\/desarrollorural\/wp-content\/uploads\/sites\/6\/2023\/04\/s109-programa-forestal-tamaulipas.pdf\" target=\"_blank\" rel=\"noopener\"><i class=\"fa fa-file-pdf-o\"><\/i> S109 Programa Forestal Tamaulipas<\/a><\/li>\n<li><a href=\"https:\/\/www.tamaulipas.gob.mx\/desarrollorural\/wp-content\/uploads\/sites\/6\/2023\/04\/s110-programa-para-el-fortalecimiento-del-subsector-ganadero.pdf\" target=\"_blank\" rel=\"noopener\"><i class=\"fa fa-file-pdf-o\"><\/i> S110 Programa para el Fortalecimiento del Subsector Ganadero<\/a><\/li>\n<li><a href=\"https:\/\/www.tamaulipas.gob.mx\/desarrollorural\/wp-content\/uploads\/sites\/6\/2023\/07\/modificacion_al_pograma-s110_06_de_julio_2023.pdf\" target=\"_blank\" rel=\"noopener\"><i class=\"fa fa-file-pdf-o\"><\/i> S110 Programa para el Fortalecimiento del Subsector Ganadero Modificaci\u00f3n<\/a>\n<ul>\n<li style=\"list-style-type: none;\">\n<ul style=\"list-style-type: square;\">\n<li><a href=\"https:\/\/www.tamaulipas.gob.mx\/desarrollorural\/wp-content\/uploads\/sites\/6\/2023\/10\/convocatoria_s110_mejoramiento_genetico_2023.pdf\" target=\"_blank\" rel=\"noopener\"><span style=\"color: #a31717;\"><i class=\"fa fa-file-pdf-o\"><\/i> S110 Convocatoria Mejoramiento Gen\u00e9tico 2023<\/span><\/a><\/li>\n<li><a href=\"https:\/\/www.tamaulipas.gob.mx\/desarrollorural\/wp-content\/uploads\/sites\/6\/2023\/11\/ii-convocatoria-para-evento-29-nov_2023.pdf\" target=\"_blank\" rel=\"noopener\"><span style=\"color: #a31717;\"><i class=\"fa fa-file-pdf-o\"><\/i> S110 Segunda Convocatoria Mejoramiento Gen\u00e9tico 2023<\/span><\/a><\/li>\n<li><a href=\"https:\/\/www.tamaulipas.gob.mx\/desarrollorural\/wp-content\/uploads\/sites\/6\/2023\/12\/iii_convocatoria_para_evento_aldama_13-12-2023.pdf\" target=\"_blank\" rel=\"noopener\"><span style=\"color: #a31717;\"><i class=\"fa fa-file-pdf-o\"><\/i> S110 Tercera Convocatoria Mejoramiento Gen\u00e9tico 2023<\/span><\/a><\/li>\n<\/ul>\n<\/li>\n<\/ul>\n<\/li>\n<\/ul>\n<ul style=\"list-style-type: square;\">\n<li><a href=\"https:\/\/www.tamaulipas.gob.mx\/desarrollorural\/wp-content\/uploads\/sites\/6\/2023\/04\/s111-programa-de-aseguramiento-para-productores-rurales.pdf\" target=\"_blank\" rel=\"noopener\"><i class=\"fa fa-file-pdf-o\"><\/i> S111 Programa de Aseguramiento para Productores Rurales<\/a><\/li>\n<li><strong><span style=\"color: #990000;\">P042 Programa Conducci\u00f3n de la Pol\u00edtica Rural Extensionismo, Capacitaci\u00f3n y Asistencia T\u00e9cnica<\/span><\/strong>\n<ul>\n<li style=\"list-style-type: none;\">\n<ul style=\"list-style-type: square;\">\n<li><span style=\"color: #a31717;\"><a style=\"color: #a31717;\" href=\"https:\/\/www.tamaulipas.gob.mx\/desarrollorural\/wp-content\/uploads\/sites\/6\/2023\/07\/u042-p042-extensionistas-y-coordinadores-de-extensionistas_2023.pdf\" target=\"_blank\" rel=\"noopener\"><i class=\"fa fa-file-pdf-o\"><\/i> P042 Programa para Extensionistas y Coordinadores de Extensionistas<\/a><\/span><\/li>\n<li><a href=\"https:\/\/www.tamaulipas.gob.mx\/desarrollorural\/wp-content\/uploads\/sites\/6\/2023\/07\/u042-p042-personas-y-grupos-de-productores_2023.pdf\" target=\"_blank\" rel=\"noopener\"><i class=\"fa fa-file-pdf-o\"><\/i> P042 Programa para Personas y Grupos de productores con Actividades Agr\u00edcolas y Pecuarias<\/a><\/li>\n<li><a href=\"https:\/\/www.tamaulipas.gob.mx\/desarrollorural\/wp-content\/uploads\/sites\/6\/2023\/11\/proyecto-extensionismo-capacitacion-y-asistencia-tecnica-2023.pdf\" target=\"_blank\" rel=\"noopener\"><i class=\"fa fa-file-pdf-o\"><\/i> P042 Proyecto Extensionismo, Capacitaci\u00f3n y Asistencia T\u00e9cnica 2023<\/a><\/li>\n<\/ul>\n<\/li>\n<\/ul>\n<\/li>\n<li><a href=\"https:\/\/www.tamaulipas.gob.mx\/desarrollorural\/wp-content\/uploads\/sites\/6\/2023\/04\/u043-atencion-ciudadana-para-el-desarrollo-rural.pdf\" target=\"_blank\" rel=\"noopener\"><i class=\"fa fa-file-pdf-o\"><\/i> U043 Atenci\u00f3n Ciudadana para el Desarrollo Rural<\/a><\/li>\n<li><a href=\"https:\/\/www.tamaulipas.gob.mx\/desarrollorural\/wp-content\/uploads\/sites\/6\/2023\/04\/u104-programa-de-innovacion-tecnologica.pdf\" target=\"_blank\" rel=\"noopener\"><i class=\"fa fa-file-pdf-o\"><\/i> U104 Programa de Innovaci\u00f3n Tecnol\u00f3gica<\/a><\/li>\n<\/ul>\n<\/div>\n\t\t\t\t<\/div>\n\t\t\t<\/div>\n<p><a href=\"https:\/\/www.tamaulipas.gob.mx\/desarrollorural\/publicacion-de-resultados-2023\/\" target=\"_blank\" rel=\"noopener\">PUBLICACI\u00d3N DE RESULTADOS 2023<\/a><\/p>\n<div class=\"panel panel-default\">\n\t\t\t\t<div class=\"panel-heading\">\n\t\t\t\t\t<h4 class=\"panel-title\">\n\t\t\t\t\t\t<a class=\"collapsed\" data-toggle=\"collapse\" data-parent=\"#single-collapse\" href=\"#single-collapse-1\"><\/a>\n\t\t\t\t\t<\/h4>\n\t\t\t\t<\/div>\n\t\t\t\t<div id=\"single-collapse-1\" class=\"panel-collapse collapse\">\n\t\t\t\t\t<div class=\"panel-body\"><\/div>\n\t\t\t\t<\/div>\n\t\t\t<\/div>\n<\/div>\n<p><a href=\"https:\/\/www.tamaulipas.gob.mx\/desarrollorural\/wp-content\/uploads\/sites\/6\/2023\/04\/sanidad-e-inocuidad-2023.pdf\" target=\"_blank\" rel=\"noopener\"><div id=\"custom-tab-0-fd5e57fd38b6b8f54a598d5d5173058f\" class=\"tab-pane next\"><\/a><\/p>\n<div class=\"panel-group\" id=\"custom-collapse-0\"><\/div>\n<p><strong>Informe final de Evaluaci\u00f3n y el Formato para la difusi\u00f3n de resultados emitidos por el CONAC, correspondiente a la Evaluaci\u00f3n del Desempe\u00f1o Programa Sanidad e Inocuidad Agroalimentaria.\u00a0<\/strong><\/p>\n<ul>\n<li><a href=\"https:\/\/www.tamaulipas.gob.mx\/desarrollorural\/wp-content\/uploads\/sites\/6\/2023\/10\/informe-final-psia_2023.pdf\" target=\"_blank\" rel=\"noopener\"><i class=\"fa fa-file-pdf-o\"><\/i> Informe Final de Evaluaci\u00f3n<\/a><\/li>\n<li><a href=\"https:\/\/www.tamaulipas.gob.mx\/desarrollorural\/wp-content\/uploads\/sites\/6\/2023\/10\/formato-de-difusion-conac-psia.pdf\" target=\"_blank\" rel=\"noopener\"><i class=\"fa fa-file-pdf-o\"><\/i> Formato para la difusi\u00f3n de resultados emitido por el CONAC<\/a><\/li>\n<li><a href=\"https:\/\/www.tamaulipas.gob.mx\/desarrollorural\/wp-content\/uploads\/sites\/6\/2023\/10\/posicion_inst_evaluacion-del-programa-de-sanidad-e-inocuidad-agroalimentaria_2023.pdf\" target=\"_blank\" rel=\"noopener\"><i class=\"fa fa-file-pdf-o\"><\/i> Anexo A. Documento de Posici\u00f3n Institucional. Evaluaci\u00f3n (PSIA)<\/a><\/li>\n<\/ul>\n<p>&nbsp;<\/p>\n<p>&nbsp;<\/p>\n<\/div>\n<\/div>\n","protected":false},"excerpt":{"rendered":"","protected":false},"author":11,"featured_media":0,"parent":0,"menu_order":0,"comment_status":"closed","ping_status":"closed","template":"","meta":{"footnotes":""},"class_list":["post-5608","page","type-page","status-publish","hentry"],"publishpress_future_action":{"enabled":false,"date":"2026-04-28 10:01:17","action":"change-status","newStatus":"draft","terms":[],"taxonomy":""},"_links":{"self":[{"href":"https:\/\/www.tamaulipas.gob.mx\/desarrollorural\/wp-json\/wp\/v2\/pages\/5608"}],"collection":[{"href":"https:\/\/www.tamaulipas.gob.mx\/desarrollorural\/wp-json\/wp\/v2\/pages"}],"about":[{"href":"https:\/\/www.tamaulipas.gob.mx\/desarrollorural\/wp-json\/wp\/v2\/types\/page"}],"author":[{"embeddable":true,"href":"https:\/\/www.tamaulipas.gob.mx\/desarrollorural\/wp-json\/wp\/v2\/users\/11"}],"replies":[{"embeddable":true,"href":"https:\/\/www.tamaulipas.gob.mx\/desarrollorural\/wp-json\/wp\/v2\/comments?post=5608"}],"version-history":[{"count":59,"href":"https:\/\/www.tamaulipas.gob.mx\/desarrollorural\/wp-json\/wp\/v2\/pages\/5608\/revisions"}],"predecessor-version":[{"id":6441,"href":"https:\/\/www.tamaulipas.gob.mx\/desarrollorural\/wp-json\/wp\/v2\/pages\/5608\/revisions\/6441"}],"wp:attachment":[{"href":"https:\/\/www.tamaulipas.gob.mx\/desarrollorural\/wp-json\/wp\/v2\/media?parent=5608"}],"curies":[{"name":"wp","href":"https:\/\/api.w.org\/{rel}","templated":true}]}}