{"id":5593,"date":"2023-04-03T23:43:01","date_gmt":"2023-04-04T05:43:01","guid":{"rendered":"https:\/\/www.tamaulipas.gob.mx\/desarrollorural\/?page_id=5593"},"modified":"2023-04-07T21:31:56","modified_gmt":"2023-04-08T03:31:56","slug":"inocuidad-agricola","status":"publish","type":"page","link":"https:\/\/www.tamaulipas.gob.mx\/desarrollorural\/inocuidad-agricola\/","title":{"rendered":"Inocuidad Agr\u00edcola"},"content":{"rendered":"<p style=\"text-align: justify;\">Se han atendido como parte del Proyecto de Inocuidad Agr\u00edcola a 107 unidades, beneficiando a un total de 107 productores, de los productos\/especie papaya, lim\u00f3n, s\u00e1bila, nopal, aguacate, naranja, chile, higo, cebolla, tomate, toronja, pepino y ma\u00edz grano, lo cual representa 3,553.28 (ha)\/volumen.<\/p>\n<p style=\"text-align: justify;\">Con fundamento en el art\u00edculo 2 de la Ley Federal de Sanidad Vegetal (LFSV) se establece que la regulaci\u00f3n en materia de sistemas de reducci\u00f3n de riegos de contaminaci\u00f3n, tiene como finalidad, promover, verificar y certificar las actividades efectuadas en la producci\u00f3n primaria de vegetales encaminadas a evitar su contaminaci\u00f3n por agentes f\u00edsicos, qu\u00edmicos o microbiol\u00f3gicos, a trav\u00e9s de la aplicaci\u00f3n de Buenas Pr\u00e1cticas Agr\u00edcolas y el uso y manejo adecuado de insumos utilizados en el control de plagas, as\u00ed mismo el art\u00edculo 47-A de la LFSV establece que la Secretar\u00eda determinar\u00e1 mediante normas oficiales mexicanas y dem\u00e1s disposiciones legales aplicables en materia de reducci\u00f3n de riesgos de contaminaci\u00f3n, las medidas que habr\u00e1n de aplicarse en la producci\u00f3n primaria de vegetales.<\/p>\n<p style=\"text-align: justify;\">A mediano plazo se pretende orientar las acciones priorizando la incorporaci\u00f3n de peque\u00f1os y medianos productores al Programa de Inocuidad, fortaleciendo la capacitaci\u00f3n y asistencia t\u00e9cnica con la finalidad de ampliar las zonas o regiones a trav\u00e9s de la implementaci\u00f3n de los SRRC, BUMP y BP para la obtenci\u00f3n de alimentos inocuos.<\/p>\n<p style=\"text-align: justify;\">A largo plazo se busca establecer el esquema de inocuidad en productos prioritarios como son los granos b\u00e1sicos (arroz, frijol, ma\u00edz y trigo panificable), as\u00ed como especies productivas y pesqueras como son medusa bola de ca\u00f1\u00f3n, peque\u00f1os rumiantes y otros que por su naturaleza requieren la implementaci\u00f3n de medidas de inocuidad.<\/p>\n","protected":false},"excerpt":{"rendered":"<p>Se han atendido como parte del Proyecto de Inocuidad Agr\u00edcola a 107 unidades, beneficiando a un total de 107 productores, de los productos\/especie papaya, lim\u00f3n,\u2026<\/p>\n","protected":false},"author":11,"featured_media":0,"parent":0,"menu_order":0,"comment_status":"closed","ping_status":"closed","template":"","meta":{"footnotes":""},"class_list":["post-5593","page","type-page","status-publish","hentry"],"publishpress_future_action":{"enabled":false,"date":"2026-04-28 10:01:58","action":"change-status","newStatus":"draft","terms":[],"taxonomy":""},"_links":{"self":[{"href":"https:\/\/www.tamaulipas.gob.mx\/desarrollorural\/wp-json\/wp\/v2\/pages\/5593"}],"collection":[{"href":"https:\/\/www.tamaulipas.gob.mx\/desarrollorural\/wp-json\/wp\/v2\/pages"}],"about":[{"href":"https:\/\/www.tamaulipas.gob.mx\/desarrollorural\/wp-json\/wp\/v2\/types\/page"}],"author":[{"embeddable":true,"href":"https:\/\/www.tamaulipas.gob.mx\/desarrollorural\/wp-json\/wp\/v2\/users\/11"}],"replies":[{"embeddable":true,"href":"https:\/\/www.tamaulipas.gob.mx\/desarrollorural\/wp-json\/wp\/v2\/comments?post=5593"}],"version-history":[{"count":5,"href":"https:\/\/www.tamaulipas.gob.mx\/desarrollorural\/wp-json\/wp\/v2\/pages\/5593\/revisions"}],"predecessor-version":[{"id":5630,"href":"https:\/\/www.tamaulipas.gob.mx\/desarrollorural\/wp-json\/wp\/v2\/pages\/5593\/revisions\/5630"}],"wp:attachment":[{"href":"https:\/\/www.tamaulipas.gob.mx\/desarrollorural\/wp-json\/wp\/v2\/media?parent=5593"}],"curies":[{"name":"wp","href":"https:\/\/api.w.org\/{rel}","templated":true}]}}