{"id":5588,"date":"2023-04-03T21:41:02","date_gmt":"2023-04-04T03:41:02","guid":{"rendered":"https:\/\/www.tamaulipas.gob.mx\/desarrollorural\/?page_id=5588"},"modified":"2023-05-19T14:39:59","modified_gmt":"2023-05-19T20:39:59","slug":"campanas-de-sanidad-vegertal","status":"publish","type":"page","link":"https:\/\/www.tamaulipas.gob.mx\/desarrollorural\/campanas-de-sanidad-vegertal\/","title":{"rendered":"Campa\u00f1as de Sanidad Vegetal"},"content":{"rendered":"<p><strong>Campa\u00f1as de Protecci\u00f3n Fitosanitaria:<\/strong><\/p>\n<div class=\"panel panel-default\">\n\t\t\t\t<div class=\"panel-heading\">\n\t\t\t\t\t<h4 class=\"panel-title\">\n\t\t\t\t\t\t<a class=\"collapsed\" data-toggle=\"collapse\" data-parent=\"#single-collapse\" href=\"#single-collapse-0\"><strong>Manejo Fitosanitario en Apoyo a la Producci\u00f3n para el Bienestar: Ma\u00edz<\/strong><\/a>\n\t\t\t\t\t<\/h4>\n\t\t\t\t<\/div>\n\t\t\t\t<div id=\"single-collapse-0\" class=\"panel-collapse collapse\">\n\t\t\t\t\t<div class=\"panel-body\">\n<div class=\"table-responsive\"><\/div>\n<p style=\"text-align: justify;\">El Manejo Fitosanitario en apoyo a la Producci\u00f3n para el Bienestar en el cultivo de ma\u00edz busca dar atenci\u00f3n a las principales plagas y enfermedades que se presentan durante los ciclos de producci\u00f3n, brindando asesor\u00eda t\u00e9cnica a los productores de zonas prioritarias mediante el servicio fitosanitario. El mencionado cultivo, es considerado estrat\u00e9gico para lograr la autosuficiencia agroalimentaria de nuestro pa\u00eds, ya que se consideran de suma importancia en M\u00e9xico.<\/p>\n<p style=\"text-align: justify;\">Por lo anterior, el Servicio Nacional de Sanidad, Inocuidad y Calidad Agroalimentaria (SENASICA), a trav\u00e9s del Manejo Fitosanitario en apoyo a la Producci\u00f3n para el Bienestar y la Secretar\u00eda de Desarrollo Rural del Gobierno del Estado de Tamaulipas, implementa acciones para la prevenci\u00f3n y atenci\u00f3n a los principales problemas fitosanitarios del cultivo de ma\u00edz e informar a los productores para promover<br \/>\nlas acciones de manejo.<\/p>\n<\/div>\n\t\t\t\t<\/div>\n\t\t\t<\/div>\n<div class=\"panel panel-default\">\n\t\t\t\t<div class=\"panel-heading\">\n\t\t\t\t\t<h4 class=\"panel-title\">\n\t\t\t\t\t\t<a class=\"collapsed\" data-toggle=\"collapse\" data-parent=\"#single-collapse\" href=\"#single-collapse-1\"><strong>Plagas de los c\u00edtricos<\/strong><\/a>\n\t\t\t\t\t<\/h4>\n\t\t\t\t<\/div>\n\t\t\t\t<div id=\"single-collapse-1\" class=\"panel-collapse collapse\">\n\t\t\t\t\t<div class=\"panel-body\">\n<div class=\"table-responsive\"><\/div>\n<p>La citricultura en M\u00e9xico es una actividad econ\u00f3mica de importancia primordial para la cadena agroalimentaria, dicha actividad se encuentra establecida en 603,617 hect\u00e1reas, distribuidas en 28 Entidades, donde se producen 8.2 millones de toneladas con un valor superior a los 34,950 millones de pesos (SIAP 2023, datos ciclo agr\u00edcola 2021); el 61% de esta superficie est\u00e1 representada por c\u00edtricos dulces, 36% por limones y 3% por toronja.<\/p>\n<p style=\"text-align: justify;\">Toda la cadena citr\u00edcola se ve afectada por diversos factores fitosanitarios que representan un reto para la producci\u00f3n nacional, entre los cuales se encuentra el Ps\u00edlido Asi\u00e1tico de los C\u00edtricos o PAC (Diaphorina citri) por tratarse del vector del Huanglongbing \/ HLB [(Candidatus Liberibacter asiaticus) o CaLas], mosca prieta de los c\u00edtricos (Aleurocanthus woglumi), pulg\u00f3n caf\u00e9 (Aphis citricidus Kirkaldy), vector de la tristeza (CTV \/ Citrus tristeza virus &#8211; VTC) y a los \u00e1caros (Brevipalpus spp.) que diseminan a la leprosis (CiLV\/ Citrus leprosis virus).<\/p>\n<p style=\"text-align: justify;\">En este sentido, a trav\u00e9s de la campa\u00f1a contra plagas de los c\u00edtricos, se implementar\u00e1n acciones para la prevenci\u00f3n, control y erradicaci\u00f3n de las plagas mencionadas, asimismo se realizar\u00e1 la vigilancia epidemiol\u00f3gica para la detecci\u00f3n y manejo oportunos del pulg\u00f3n caf\u00e9, CiLV, CTV y algunas plagas cuarentenarias [Cancro {Xanthomonas citri subespecie citri), CVC (Clorosis Variegada de los C\u00edtricos, Xylella fastidiosa subespecie pauca) y mancha negra {Phyllosticta citricarpa)].<\/p>\n<\/div>\n\t\t\t\t<\/div>\n\t\t\t<\/div>\n<div class=\"panel panel-default\">\n\t\t\t\t<div class=\"panel-heading\">\n\t\t\t\t\t<h4 class=\"panel-title\">\n\t\t\t\t\t\t<a class=\"collapsed\" data-toggle=\"collapse\" data-parent=\"#single-collapse\" href=\"#single-collapse-2\"><strong>Moscas de la fruta<\/strong><\/a>\n\t\t\t\t\t<\/h4>\n\t\t\t\t<\/div>\n\t\t\t\t<div id=\"single-collapse-2\" class=\"panel-collapse collapse\">\n\t\t\t\t\t<div class=\"panel-body\">\n<div class=\"table-responsive\"><\/div>\n<p>Las moscas de la fruta del g\u00e9nero Anastrepha son consideradas entre las plagas m\u00e1s perjudiciales de la fruticultura por los da\u00f1os directos, as\u00ed como por las restricciones cuarentenarias que ocasionan. Las hembras de estos insectos producen picaduras en la fruta que son v\u00edas de entradas para microorganismos que producen pudrici\u00f3n. Las larvas de esta plaga se alimentan de la pulpa de los frutos ocasionando pudriciones, maduraci\u00f3n prematura de la fruta y ca\u00edda de la misma.<\/p>\n<p>Para el estado de Tamaulipas, las especies m\u00e1s relevantes de moscas de la fruta son Anastrepha ludens y A. obliqua, ya que se reporta que pueden atacar los principales cultivos presentes como naranja, toronja y mandarina, as\u00ed como mango. La aplicaci\u00f3n de manejo integrado de la plaga con enfoque de \u00e1reas amplias coadyuva a mantener los estatus fitosanitarios alcanzados de Zona Libre y Zona de Baja prevalencia, reduciendo los impactos negativos sobre estas importantes actividades econ\u00f3micas.<\/p>\n<p><img loading=\"lazy\" decoding=\"async\" class=\"size-full wp-image-5706 aligncenter\" src=\"https:\/\/www.tamaulipas.gob.mx\/desarrollorural\/wp-content\/uploads\/sites\/6\/2023\/04\/mosca_de_la_fruta.jpg\" alt=\"\" width=\"772\" height=\"373\" \/><\/p>\n<\/div>\n\t\t\t\t<\/div>\n\t\t\t<\/div>\n<div class=\"panel panel-default\">\n\t\t\t\t<div class=\"panel-heading\">\n\t\t\t\t\t<h4 class=\"panel-title\">\n\t\t\t\t\t\t<a class=\"collapsed\" data-toggle=\"collapse\" data-parent=\"#single-collapse\" href=\"#single-collapse-3\"><strong>Plagas reglamentadas del algodonero<\/strong><\/a>\n\t\t\t\t\t<\/h4>\n\t\t\t\t<\/div>\n\t\t\t\t<div id=\"single-collapse-3\" class=\"panel-collapse collapse\">\n\t\t\t\t\t<div class=\"panel-body\">\n<div class=\"table-responsive\"><\/div>\n<p style=\"text-align: justify;\">El cultivo del algod\u00f3n es de gran importancia econ\u00f3mica en el norte de M\u00e9xico, en el 2021 se establecieron 11,218 hect\u00e1reas en el estado de Tamaulipas (SIAP, 2021).<\/p>\n<p style=\"text-align: justify;\">Como resultado de la implementaci\u00f3n de la campa\u00f1a contra plagas reglamentadas del algodonero se dar\u00e1 atenci\u00f3n al gusano rosado (Pectinophora gossypiella) y picudo del algodonero (Anthonomus grandis), los cuales representan una limitante para la movilizaci\u00f3n y comercializaci\u00f3n tanto nacional como internacional de productos y subproductos de algod\u00f3n. Cabe se\u00f1alar que 6 municipios del Norte del Estado cuentan con el reconocimiento de Zona Libre de gusano rosado a partir de junio del 2022, cuando se public\u00f3 la declaratoria en el Diario Oficial de la Federaci\u00f3n, de tal manera que los esfuerzos de la campa\u00f1a contra plagas reglamentadas de algodonero se enfocan en conservar la zona libre de gusano rosado y avanzar en la erradicaci\u00f3n del picudo del algodonero.<\/p>\n<p style=\"text-align: justify;\">Asimismo, en el 2022 se report\u00f3 un promedio de 0.002 picudos\/trampa\/semana, respecto al promedio de 0.057 del 2021, lo que representa una reducci\u00f3n del 96.5%, de tal manera que en el 2023 se dar\u00e1 seguimiento para mantener la supresi\u00f3n del picudo.<\/p>\n<p><img loading=\"lazy\" decoding=\"async\" class=\"size-full wp-image-5738 aligncenter\" src=\"https:\/\/www.tamaulipas.gob.mx\/desarrollorural\/wp-content\/uploads\/sites\/6\/2023\/05\/gusano_rosado.jpg\" alt=\"\" width=\"785\" height=\"389\" \/><\/p>\n<\/div>\n\t\t\t\t<\/div>\n\t\t\t<\/div>\n<div class=\"panel panel-default\">\n\t\t\t\t<div class=\"panel-heading\">\n\t\t\t\t\t<h4 class=\"panel-title\">\n\t\t\t\t\t\t<a class=\"collapsed\" data-toggle=\"collapse\" data-parent=\"#single-collapse\" href=\"#single-collapse-4\"><strong>Langosta<\/strong><\/a>\n\t\t\t\t\t<\/h4>\n\t\t\t\t<\/div>\n\t\t\t\t<div id=\"single-collapse-4\" class=\"panel-collapse collapse\">\n\t\t\t\t\t<div class=\"panel-body\">\n<div class=\"table-responsive\"><\/div>\n<p style=\"text-align: justify;\">La Langosta centroamericana (Schistocerca piceifrons piceifrons (Walker, 1870), es una plaga de importancia econ\u00f3mica por los da\u00f1os que ocasiona, ya que en poco tiempo acaba con cultivos de ma\u00edz, frijol, ca\u00f1a de az\u00facar, pastizales, entre otros.<\/p>\n<p style=\"text-align: justify;\">Es una de las plagas agr\u00edcolas m\u00e1s devastadoras, es altamente voraz y peligrosa para la agricultura, se presenta en \u00e1reas geogr\u00e1ficas muy extensas y ocasiona da\u00f1os severos a los cultivos, se reproduce r\u00e1pidamente y tiene la capacidad de desplazarse a grandes distancias, formando mangas que pueden llegar a consumir hasta 30 toneladas de vegetaci\u00f3n en 24 horas.<\/p>\n<p style=\"text-align: justify;\">Durante el periodo 2020-2022, en Tamaulipas se presentaron poblaciones de Langosta en altas densidadesy en formaciones gregarias, en 2022 se registraron 22,256 hect\u00e1reas con langosta en los municipios de Aldama, Altamira, Antiguo Morelos, Nuevo Morelos, Ocampo, El Mante, G\u00f3mez Far\u00edas, Xicot\u00e9ncatl, Gonz\u00e1lez, G\u00fc\u00e9mez, Padilla y Casas, por lo que es importante mantener las acciones preventivas de exploraci\u00f3n, muestreo, control y capacitaci\u00f3n a productores, a fin de detectar oportunamente las poblaciones del insecto, caracterizar sus poblaciones y efectuar acciones de control en caso necesario para evitar da\u00f1os a cultivos.<\/p>\n<p><img loading=\"lazy\" decoding=\"async\" class=\"size-full wp-image-5725 aligncenter\" src=\"https:\/\/www.tamaulipas.gob.mx\/desarrollorural\/wp-content\/uploads\/sites\/6\/2023\/05\/langosta-centroamericana-1.jpg\" alt=\"\" width=\"783\" height=\"373\" \/><\/p>\n<p style=\"text-align: center;\"><a href=\"https:\/\/www.tamaulipas.gob.mx\/desarrollorural\/langosta-centroamericana\/\" target=\"_blank\" rel=\"noopener\"><strong>M\u00e1s informaci\u00f3n<\/strong><\/a><\/p>\n<\/div>\n\t\t\t\t<\/div>\n\t\t\t<\/div>\n<div class=\"panel panel-default\">\n\t\t\t\t<div class=\"panel-heading\">\n\t\t\t\t\t<h4 class=\"panel-title\">\n\t\t\t\t\t\t<a class=\"collapsed\" data-toggle=\"collapse\" data-parent=\"#single-collapse\" href=\"#single-collapse-5\"><strong>Cancro de los c\u00edtricos<\/strong><\/a>\n\t\t\t\t\t<\/h4>\n\t\t\t\t<\/div>\n\t\t\t\t<div id=\"single-collapse-5\" class=\"panel-collapse collapse\">\n\t\t\t\t\t<div class=\"panel-body\">\n<div class=\"table-responsive\"><\/div>\n<p style=\"text-align: justify;\">En el estado de Tamaulipas, con el prop\u00f3sito de implementar medidas fitosanitarias para la prevenci\u00f3n, combate y erradicaci\u00f3n de plagas y enfermedades, as\u00ed como coadyuvar en el desarrollo sostenible para la generaci\u00f3n de sistemas alimentarios s\u00f3lidos e inclusivos que permitan proteger la sanidad de las plantas, contribuyendo a la reducci\u00f3n de la pobreza y protecci\u00f3n al ambiente se establecer\u00e1 el Manejo Fitosanitario en apoyo a la Producci\u00f3n para el Bienestar y las campa\u00f1as plagas de los c\u00edtricos, moscas de la fruta, plagas reglamentadas del algodonero, Langosta y cancro de los c\u00edtricos.<\/p>\n<p style=\"text-align: justify;\">Se considera prioritario el establecimiento de dichas campa\u00f1as en virtud de que su operaci\u00f3n permite proteger de posibles da\u00f1os y p\u00e9rdidas econ\u00f3micas a los cultivos agr\u00edcolas considerados de mayor importancia para la econom\u00eda del Estado y facilita a su vez la movilizaci\u00f3n de sus productos y su comercio nacional e internacional.<\/p>\n<p><img loading=\"lazy\" decoding=\"async\" class=\"size-full wp-image-5740 aligncenter\" src=\"https:\/\/www.tamaulipas.gob.mx\/desarrollorural\/wp-content\/uploads\/sites\/6\/2023\/05\/cancro.jpg\" alt=\"\" width=\"790\" height=\"392\" \/><\/p>\n<\/div>\n\t\t\t\t<\/div>\n\t\t\t<\/div>\n<p>&nbsp;<\/p>\n<p>&nbsp;<\/p>\n","protected":false},"excerpt":{"rendered":"<p>Campa\u00f1as de Protecci\u00f3n Fitosanitaria: &nbsp; &nbsp;<\/p>\n","protected":false},"author":11,"featured_media":0,"parent":0,"menu_order":0,"comment_status":"closed","ping_status":"closed","template":"","meta":{"footnotes":""},"class_list":["post-5588","page","type-page","status-publish","hentry"],"publishpress_future_action":{"enabled":false,"date":"2026-04-28 10:02:22","action":"change-status","newStatus":"draft","terms":[],"taxonomy":""},"_links":{"self":[{"href":"https:\/\/www.tamaulipas.gob.mx\/desarrollorural\/wp-json\/wp\/v2\/pages\/5588"}],"collection":[{"href":"https:\/\/www.tamaulipas.gob.mx\/desarrollorural\/wp-json\/wp\/v2\/pages"}],"about":[{"href":"https:\/\/www.tamaulipas.gob.mx\/desarrollorural\/wp-json\/wp\/v2\/types\/page"}],"author":[{"embeddable":true,"href":"https:\/\/www.tamaulipas.gob.mx\/desarrollorural\/wp-json\/wp\/v2\/users\/11"}],"replies":[{"embeddable":true,"href":"https:\/\/www.tamaulipas.gob.mx\/desarrollorural\/wp-json\/wp\/v2\/comments?post=5588"}],"version-history":[{"count":6,"href":"https:\/\/www.tamaulipas.gob.mx\/desarrollorural\/wp-json\/wp\/v2\/pages\/5588\/revisions"}],"predecessor-version":[{"id":5805,"href":"https:\/\/www.tamaulipas.gob.mx\/desarrollorural\/wp-json\/wp\/v2\/pages\/5588\/revisions\/5805"}],"wp:attachment":[{"href":"https:\/\/www.tamaulipas.gob.mx\/desarrollorural\/wp-json\/wp\/v2\/media?parent=5588"}],"curies":[{"name":"wp","href":"https:\/\/api.w.org\/{rel}","templated":true}]}}