{"id":5552,"date":"2023-04-01T15:49:12","date_gmt":"2023-04-01T21:49:12","guid":{"rendered":"https:\/\/www.tamaulipas.gob.mx\/desarrollorural\/?page_id=5552"},"modified":"2023-04-09T11:41:06","modified_gmt":"2023-04-09T17:41:06","slug":"juntas-locales","status":"publish","type":"page","link":"https:\/\/www.tamaulipas.gob.mx\/desarrollorural\/juntas-locales\/","title":{"rendered":"Juntas Locales"},"content":{"rendered":"<p style=\"text-align: center;\"><strong>Directorio de las Juntas Locales de Sanidad Vegetal<\/strong><\/p>\n<p><strong>Junta Local de Sanidad Vegetal R\u00edo Bravo<br \/>\nPresidente: <\/strong>C. H\u00e9ctor Luis Madrigal Vidales<br \/>\n<strong>Secretario: <\/strong>C. Rogelio Vald\u00e9s Castillo<br \/>\n<strong>Tesorero: <\/strong>C. Brando Osvaldo Contreras Acosta<br \/>\n<strong>Domicilio: <\/strong>Carr. Matamoros-Reynosa km. 61. Col. 06 de enero, C.P. 88808, R\u00edo Bravo, Tamps.<br \/>\n<strong>Tel:<\/strong> (899) 853 55 14<br \/>\n<strong>E-mail:<\/strong> jlsvrb.tamaulipas@gmail.com<\/p>\n<p><strong>Junta Local de Sanidad Vegetal Santa Engracia<br \/>\nPresidente: <\/strong>C. \u00d3scar Garza Morales<br \/>\n<strong>Secretario: <\/strong>C. Mario C\u00e9sar Mart\u00ednez Rodr\u00edguez<br \/>\n<strong>Tesorero: <\/strong>C. Magdaleno Gonz\u00e1lez Ru\u00edz<br \/>\n<strong>Domicilio: <\/strong>Domicilio conocido, Presidencia de G\u00fcemez, Tamps.<br \/>\n<strong>Tel:<\/strong> (835) 328 51 46<br \/>\n<strong>E-mail:<\/strong> ND<\/p>\n<p><strong>Junta Local de Sanidad Vegetal El Carmen<br \/>\nPresidente: <\/strong>C. Juan Antonio L\u00f3pez Mata<br \/>\n<strong>Secretario: <\/strong>C. Jorge Luis M\u00e9ndez Mart\u00ednez<br \/>\n<strong>Tesorero: <\/strong>C. Rito Garc\u00eda De Le\u00f3n<br \/>\n<strong>Domicilio: <\/strong>Carr. Victoria-Monterrey km. 38, Ejido Plan de Ayala, C.P. 87799, Padilla, Tamps.<br \/>\n<strong>Tel:<\/strong> (834) 268 12 97<br \/>\n<strong>E-mail:<\/strong> jeniefdz10@hotmail.com<\/p>\n<p><strong>Junta Local de Sanidad Vegetal El Mante<br \/>\nPresidente: <\/strong>C. Mario Alberto Alarc\u00f3n Hanun<br \/>\n<strong>Secretario: <\/strong>C. Alfredo M\u00fa\u00f1oz M\u00e1rquez<br \/>\n<strong>Tesorero: <\/strong>C. Abelardo Rivera Ch\u00e1vez<br \/>\n<strong>Domicilio: <\/strong>Manuel Gonz\u00e1lez no. 319 Norte, Zona Centro, entre Alejandro Prieto y Mainero, Mante, Tamps.<br \/>\n<strong>Tel:<\/strong> (831) 232 11 81<br \/>\n<strong>E-mail:<\/strong> jlsv_mante@hotmail.com<\/p>\n<p><strong>Junta Local de Sanidad Vegetal de Altamira<br \/>\nPresidente: <\/strong>C. Julio P\u00e9rez Ram\u00edrez<br \/>\n<strong>Secretario: <\/strong>C. V\u00edctor Manuel Casanova Bentacourt<br \/>\n<strong>Tesorero: <\/strong>C. Luis Enrique Mathieu Almaguer<br \/>\n<strong>Domicilio: <\/strong>Carr. Tampico-Mante, Calle Cuahutemoc con Reforma, C.P. 89620, Ejido Los Esteros, Tamps.<br \/>\n<strong>Tel: (<\/strong>833) 243 48 20<br \/>\n<strong>E-mail: <\/strong>mipa2007@outlook.com<\/p>\n","protected":false},"excerpt":{"rendered":"<p>Directorio de las Juntas Locales de Sanidad Vegetal Junta Local de Sanidad Vegetal R\u00edo Bravo Presidente: C. H\u00e9ctor Luis Madrigal Vidales Secretario: C. Rogelio Vald\u00e9s\u2026<\/p>\n","protected":false},"author":11,"featured_media":0,"parent":0,"menu_order":0,"comment_status":"closed","ping_status":"closed","template":"","meta":{"footnotes":""},"class_list":["post-5552","page","type-page","status-publish","hentry"],"publishpress_future_action":{"enabled":false,"date":"2026-04-28 10:01:19","action":"change-status","newStatus":"draft","terms":[],"taxonomy":""},"_links":{"self":[{"href":"https:\/\/www.tamaulipas.gob.mx\/desarrollorural\/wp-json\/wp\/v2\/pages\/5552"}],"collection":[{"href":"https:\/\/www.tamaulipas.gob.mx\/desarrollorural\/wp-json\/wp\/v2\/pages"}],"about":[{"href":"https:\/\/www.tamaulipas.gob.mx\/desarrollorural\/wp-json\/wp\/v2\/types\/page"}],"author":[{"embeddable":true,"href":"https:\/\/www.tamaulipas.gob.mx\/desarrollorural\/wp-json\/wp\/v2\/users\/11"}],"replies":[{"embeddable":true,"href":"https:\/\/www.tamaulipas.gob.mx\/desarrollorural\/wp-json\/wp\/v2\/comments?post=5552"}],"version-history":[{"count":8,"href":"https:\/\/www.tamaulipas.gob.mx\/desarrollorural\/wp-json\/wp\/v2\/pages\/5552\/revisions"}],"predecessor-version":[{"id":5637,"href":"https:\/\/www.tamaulipas.gob.mx\/desarrollorural\/wp-json\/wp\/v2\/pages\/5552\/revisions\/5637"}],"wp:attachment":[{"href":"https:\/\/www.tamaulipas.gob.mx\/desarrollorural\/wp-json\/wp\/v2\/media?parent=5552"}],"curies":[{"name":"wp","href":"https:\/\/api.w.org\/{rel}","templated":true}]}}