{"id":5543,"date":"2023-03-29T12:48:28","date_gmt":"2023-03-29T18:48:28","guid":{"rendered":"https:\/\/www.tamaulipas.gob.mx\/desarrollorural\/?page_id=5543"},"modified":"2023-03-29T14:58:51","modified_gmt":"2023-03-29T20:58:51","slug":"plagas-de-los-citricos","status":"publish","type":"page","link":"https:\/\/www.tamaulipas.gob.mx\/desarrollorural\/plagas-de-los-citricos\/","title":{"rendered":"Plagas de los c\u00edtricos"},"content":{"rendered":"<p>Introducci\u00f3n<\/p>\n<p style=\"text-align: justify;\">La citricultura en M\u00e9xico es una actividad econ\u00f3mica de importancia primordial para la cadena agroalimentaria, dicha actividad se encuentra establecida en 603,617 hect\u00e1reas, distribuidas en 28 Entidades, donde se producen 8.2 millones de toneladas con un valor superior a los 34,950 millones de pesos (SIAP 2023, datos ciclo agr\u00edcola 2021); el 61% de esta superficie est\u00e1 representada por c\u00edtricos dulces, 36% por limones y 3% por toronja.<\/p>\n<p style=\"text-align: justify;\">Toda la cadena citr\u00edcola se ve afectada por diversos factores fitosanitarios que representan un reto para la producci\u00f3n nacional, entre los cuales se encuentra el Ps\u00edlido Asi\u00e1tico de los C\u00edtricos o PAC (Diaphorina citri) por tratarse del vector del Huanglongbing \/ HLB [(Candidatus Liberibacter asiaticus) o CaLas], mosca prieta de los c\u00edtricos (Aleurocanthus woglumi), pulg\u00f3n caf\u00e9 (Aphis citricidus Kirkaldy), vector de la tristeza (CTV \/ Citrus tristeza virus &#8211; VTC) y a los \u00e1caros (Brevipalpus spp.) que diseminan a la leprosis (CiLV \/ Citrus leprosis virus).<\/p>\n<p style=\"text-align: justify;\">En este sentido, a trav\u00e9s de la campa\u00f1a contra plagas de los c\u00edtricos, se implementar\u00e1n acciones para la prevenci\u00f3n, control y erradicaci\u00f3n de las plagas mencionadas, asimismo se realizar\u00e1 la vigilancia epidemiol\u00f3gica para la detecci\u00f3n y manejo oportunos del pulg\u00f3n caf\u00e9, CiLV, CTV y algunas plagas cuarentenarias [Cancro (Xanthomonas citri subespecie citri), CVC (Clorosis Variegada de los C\u00edtricos, Xylella fastidiosa subespecie pauca) y mancha negra (Phyllosticta citricarpa)].<\/p>\n","protected":false},"excerpt":{"rendered":"<p>Introducci\u00f3n La citricultura en M\u00e9xico es una actividad econ\u00f3mica de importancia primordial para la cadena agroalimentaria, dicha actividad se encuentra establecida en 603,617 hect\u00e1reas, distribuidas\u2026<\/p>\n","protected":false},"author":11,"featured_media":0,"parent":0,"menu_order":0,"comment_status":"closed","ping_status":"closed","template":"","meta":{"footnotes":""},"class_list":["post-5543","page","type-page","status-publish","hentry"],"publishpress_future_action":{"enabled":false,"date":"2026-05-20 09:22:38","action":"change-status","newStatus":"draft","terms":[],"taxonomy":""},"_links":{"self":[{"href":"https:\/\/www.tamaulipas.gob.mx\/desarrollorural\/wp-json\/wp\/v2\/pages\/5543"}],"collection":[{"href":"https:\/\/www.tamaulipas.gob.mx\/desarrollorural\/wp-json\/wp\/v2\/pages"}],"about":[{"href":"https:\/\/www.tamaulipas.gob.mx\/desarrollorural\/wp-json\/wp\/v2\/types\/page"}],"author":[{"embeddable":true,"href":"https:\/\/www.tamaulipas.gob.mx\/desarrollorural\/wp-json\/wp\/v2\/users\/11"}],"replies":[{"embeddable":true,"href":"https:\/\/www.tamaulipas.gob.mx\/desarrollorural\/wp-json\/wp\/v2\/comments?post=5543"}],"version-history":[{"count":2,"href":"https:\/\/www.tamaulipas.gob.mx\/desarrollorural\/wp-json\/wp\/v2\/pages\/5543\/revisions"}],"predecessor-version":[{"id":5547,"href":"https:\/\/www.tamaulipas.gob.mx\/desarrollorural\/wp-json\/wp\/v2\/pages\/5543\/revisions\/5547"}],"wp:attachment":[{"href":"https:\/\/www.tamaulipas.gob.mx\/desarrollorural\/wp-json\/wp\/v2\/media?parent=5543"}],"curies":[{"name":"wp","href":"https:\/\/api.w.org\/{rel}","templated":true}]}}