{"id":4508,"date":"2021-04-07T15:10:27","date_gmt":"2021-04-07T20:10:27","guid":{"rendered":"https:\/\/www.tamaulipas.gob.mx\/desarrollorural\/?page_id=4508"},"modified":"2023-02-17T13:20:43","modified_gmt":"2023-02-17T19:20:43","slug":"tramites-y-servicios-retys","status":"publish","type":"page","link":"https:\/\/www.tamaulipas.gob.mx\/desarrollorural\/tramites-y-servicios-retys\/","title":{"rendered":"Tramites y Servicios RETyS"},"content":{"rendered":"<p style=\"text-align: justify;\">En el siguiente portal de Tr\u00e1mites y Servicios, se podr\u00e1 consultar todos los tr\u00e1mites de la Secretaria de Desarrollo Rural, as\u00ed como de otras dependencias donde los productores o publico en general podr\u00e1 encontrar desde una breve descripci\u00f3n de ellos, el tipo de tr\u00e1mite, en que municipio se encuentra, domicilio, contacto, horario de atenci\u00f3n, si tiene alg\u00fan costo, as\u00ed como donde podr\u00e1 poner alguna queja o denuncia de alg\u00fan mal servicio.<\/p>\n<p><a href=\"https:\/\/tramites.tamaulipas.gob.mx\/ciudadano\/\" target=\"_blank\" rel=\"noopener\"><strong><span style=\"font-size: 20px;\">Registro Estatal de Tramites y Servicios<\/span><\/strong><\/a><\/p>\n<p>&nbsp;<\/p>\n<p>&nbsp;<\/p>\n","protected":false},"excerpt":{"rendered":"<p>En el siguiente portal de Tr\u00e1mites y Servicios, se podr\u00e1 consultar todos los tr\u00e1mites de la Secretaria de Desarrollo Rural, as\u00ed como de otras dependencias\u2026<\/p>\n","protected":false},"author":11,"featured_media":0,"parent":0,"menu_order":0,"comment_status":"closed","ping_status":"closed","template":"","meta":{"footnotes":""},"class_list":["post-4508","page","type-page","status-publish","hentry"],"publishpress_future_action":{"enabled":false,"date":"2026-04-28 10:01:56","action":"change-status","newStatus":"draft","terms":[],"taxonomy":""},"_links":{"self":[{"href":"https:\/\/www.tamaulipas.gob.mx\/desarrollorural\/wp-json\/wp\/v2\/pages\/4508"}],"collection":[{"href":"https:\/\/www.tamaulipas.gob.mx\/desarrollorural\/wp-json\/wp\/v2\/pages"}],"about":[{"href":"https:\/\/www.tamaulipas.gob.mx\/desarrollorural\/wp-json\/wp\/v2\/types\/page"}],"author":[{"embeddable":true,"href":"https:\/\/www.tamaulipas.gob.mx\/desarrollorural\/wp-json\/wp\/v2\/users\/11"}],"replies":[{"embeddable":true,"href":"https:\/\/www.tamaulipas.gob.mx\/desarrollorural\/wp-json\/wp\/v2\/comments?post=4508"}],"version-history":[{"count":5,"href":"https:\/\/www.tamaulipas.gob.mx\/desarrollorural\/wp-json\/wp\/v2\/pages\/4508\/revisions"}],"predecessor-version":[{"id":5497,"href":"https:\/\/www.tamaulipas.gob.mx\/desarrollorural\/wp-json\/wp\/v2\/pages\/4508\/revisions\/5497"}],"wp:attachment":[{"href":"https:\/\/www.tamaulipas.gob.mx\/desarrollorural\/wp-json\/wp\/v2\/media?parent=4508"}],"curies":[{"name":"wp","href":"https:\/\/api.w.org\/{rel}","templated":true}]}}