{"id":255,"date":"2016-11-07T13:21:27","date_gmt":"2016-11-07T19:21:27","guid":{"rendered":"http:\/\/www.tamaulipas.gob.mx\/desarrollorural\/?page_id=255"},"modified":"2017-10-18T17:24:56","modified_gmt":"2017-10-18T22:24:56","slug":"sitios-del-sector","status":"publish","type":"page","link":"https:\/\/www.tamaulipas.gob.mx\/desarrollorural\/sitios-del-sector\/","title":{"rendered":"Sitios del Sector"},"content":{"rendered":"<p>Para nuestro sector ponemos a disposici\u00f3n los siguientes sitios web, en la cual el productor podr\u00e1 consultar diversa informaci\u00f3n tanto estad\u00edstica como de apoyos, as\u00ed de c\u00f3mo registrar un agronegocio, para poder darle divulgaci\u00f3n y se conozca a trav\u00e9s del mundo ya que es publicado en el portal de los productos municipales.<\/p>\n<p>&nbsp;<\/p>\n<ul>\n<li><span style=\"text-decoration: underline\"><a href=\"http:\/\/www.campotamaulipas.gob.mx\/\" target=\"_blank\" rel=\"noopener\"><i class=\"fa fa-external-link\"><\/i> Oficina Estatal de Informaci\u00f3n para el Desarrollo Rural Sustentable (OEIDRUS)<\/a><\/span><\/li>\n<li><span style=\"text-decoration: underline\"><a href=\"http:\/\/www.tamaulipas.gob.mx\/desarrollorural\/sitios-del-sector\/ceiegdrus\/\"><i class=\"fa fa-external-link\"><\/i> Comit\u00e9 Estatal de Informaci\u00f3n Estad\u00edstica y Geogr\u00e1fica para el Desarrollo Rural Sustentable (CEIEGDRUS)<\/a><\/span><\/li>\n<li><span style=\"text-decoration: underline\"><a href=\"https:\/\/www.suri.sagarpa.gob.mx\/\" target=\"_blank\" rel=\"noopener\"><i class=\"fa fa-external-link\"><\/i> SURI-Sistema \u00danico de Registro de Informaci\u00f3n<\/a><\/span><\/li>\n<li><span style=\"text-decoration: underline\"><a href=\"http:\/\/www.inegi.org.mx\/\" target=\"_blank\" rel=\"noopener\"><i class=\"fa fa-external-link\"><\/i> Instituto Nacional de Estad\u00edstica y Geograf\u00eda (INEGI)<\/a><\/span><\/li>\n<li><span style=\"text-decoration: underline\"><a href=\"http:\/\/www.gob.mx\/siap\/\" target=\"_blank\" rel=\"noopener\"><i class=\"fa fa-external-link\"><\/i> Servicio de Informaci\u00f3n Agroalimentaria y Pesquera (SIAP)<\/a><\/span><\/li>\n<\/ul>\n","protected":false},"excerpt":{"rendered":"<p>Para nuestro sector ponemos a disposici\u00f3n los siguientes sitios web, en la cual el productor podr\u00e1 consultar diversa informaci\u00f3n tanto estad\u00edstica como de apoyos, as\u00ed\u2026<\/p>\n","protected":false},"author":8,"featured_media":0,"parent":0,"menu_order":0,"comment_status":"closed","ping_status":"closed","template":"","meta":{"footnotes":""},"class_list":["post-255","page","type-page","status-publish","hentry"],"publishpress_future_action":{"enabled":false,"date":"2026-05-13 12:06:42","action":"change-status","newStatus":"draft","terms":[],"taxonomy":""},"_links":{"self":[{"href":"https:\/\/www.tamaulipas.gob.mx\/desarrollorural\/wp-json\/wp\/v2\/pages\/255"}],"collection":[{"href":"https:\/\/www.tamaulipas.gob.mx\/desarrollorural\/wp-json\/wp\/v2\/pages"}],"about":[{"href":"https:\/\/www.tamaulipas.gob.mx\/desarrollorural\/wp-json\/wp\/v2\/types\/page"}],"author":[{"embeddable":true,"href":"https:\/\/www.tamaulipas.gob.mx\/desarrollorural\/wp-json\/wp\/v2\/users\/8"}],"replies":[{"embeddable":true,"href":"https:\/\/www.tamaulipas.gob.mx\/desarrollorural\/wp-json\/wp\/v2\/comments?post=255"}],"version-history":[{"count":9,"href":"https:\/\/www.tamaulipas.gob.mx\/desarrollorural\/wp-json\/wp\/v2\/pages\/255\/revisions"}],"predecessor-version":[{"id":1956,"href":"https:\/\/www.tamaulipas.gob.mx\/desarrollorural\/wp-json\/wp\/v2\/pages\/255\/revisions\/1956"}],"wp:attachment":[{"href":"https:\/\/www.tamaulipas.gob.mx\/desarrollorural\/wp-json\/wp\/v2\/media?parent=255"}],"curies":[{"name":"wp","href":"https:\/\/api.w.org\/{rel}","templated":true}]}}