{"id":2537,"date":"2018-04-13T15:39:50","date_gmt":"2018-04-13T20:39:50","guid":{"rendered":"http:\/\/www.tamaulipas.gob.mx\/desarrollorural\/?page_id=2537"},"modified":"2024-08-28T15:13:56","modified_gmt":"2024-08-28T21:13:56","slug":"evaluacion","status":"publish","type":"page","link":"https:\/\/www.tamaulipas.gob.mx\/desarrollorural\/evaluacion\/","title":{"rendered":"Evaluaci\u00f3n"},"content":{"rendered":"<p><span style=\"font-size: 20px;\"><strong>Evaluaci\u00f3n Externa<\/strong><\/span><\/p>\n<table style=\"height: 48px; width: 99.8973%; border-collapse: collapse; border-color: #0285f0; background-color: #c9e0ff;\">\n<tbody>\n<tr style=\"background-color: #972534; height: 48px;\">\n<td style=\"width: 100%; height: 48px;\"><span style=\"color: #ffffff;\"><strong>Informe final de Evaluaci\u00f3n y el Formato para la difusi\u00f3n de resultados emitidos por el CONAC, correspondiente a la Evaluaci\u00f3n del Desempe\u00f1o Programa Sanidad e Inocuidad Agroalimentaria 2022.<\/strong><\/span><\/td>\n<\/tr>\n<\/tbody>\n<\/table>\n<ul>\n<li><a href=\"https:\/\/www.tamaulipas.gob.mx\/desarrollorural\/wp-content\/uploads\/sites\/6\/2023\/10\/informe-final-psia_2023.pdf\" target=\"_blank\" rel=\"noopener\"><i class=\"fa fa-file-pdf-o\"><\/i> Informe Final de Evaluaci\u00f3n<\/a><\/li>\n<li><a href=\"https:\/\/www.tamaulipas.gob.mx\/desarrollorural\/wp-content\/uploads\/sites\/6\/2023\/10\/formato-de-difusion-conac-psia.pdf\" target=\"_blank\" rel=\"noopener\"><i class=\"fa fa-file-pdf-o\"><\/i> Formato para la difusi\u00f3n de resultados emitido por el CONAC<\/a><\/li>\n<li><a href=\"https:\/\/www.tamaulipas.gob.mx\/desarrollorural\/wp-content\/uploads\/sites\/6\/2023\/10\/posicion_inst_evaluacion-del-programa-de-sanidad-e-inocuidad-agroalimentaria_2023.pdf\" target=\"_blank\" rel=\"noopener\"><i class=\"fa fa-file-pdf-o\"><\/i> Anexo A. Documento de Posici\u00f3n Institucional. Evaluaci\u00f3n (PSIA)<\/a><\/li>\n<\/ul>\n<table style=\"height: 48px; width: 99.8973%; border-collapse: collapse; border-color: #0285f0; background-color: #c9e0ff;\">\n<tbody>\n<tr style=\"background-color: #972534; height: 48px;\">\n<td style=\"width: 100%; height: 48px;\"><span style=\"color: #ffffff;\"><strong>Informe final de Evaluaci\u00f3n del Programa en Concurrencia con las Entidades federativas y del Programa de Sanidad e Inocuidad Agroalimentaria \u00abCampa\u00f1a Tuberculosis Bovina\u00bb.<\/strong><\/span><\/td>\n<\/tr>\n<\/tbody>\n<\/table>\n<ul>\n<li><a href=\"https:\/\/www.tamaulipas.gob.mx\/desarrollorural\/wp-content\/uploads\/sites\/6\/2020\/09\/tam_pcef_compendio2019_v0.2.pdf\" target=\"_blank\" rel=\"noopener noreferrer\"><i class=\"fa fa-file-pdf-o\"><\/i> Evaluaci\u00f3n de Impacto 2019<\/a><\/li>\n<li><a href=\"https:\/\/www.tamaulipas.gob.mx\/desarrollorural\/wp-content\/uploads\/sites\/6\/2020\/09\/tam-compendio-psia-campana-zoosanitaria.pdf\" target=\"_blank\" rel=\"noopener noreferrer\"><i class=\"fa fa-file-pdf-o\"><\/i> Campa\u00f1a Tuberculosis Bovina 2019<\/a><\/li>\n<\/ul>\n<table style=\"height: 31px; width: 99.8973%; border-collapse: collapse; border-color: #0285f0; background-color: #c9e0ff;\">\n<tbody>\n<tr style=\"height: 31px; background-color: #972534;\">\n<td style=\"width: 969.236px; height: 31px;\"><span style=\"color: #ffffff;\"><strong>\u00a0Programa Presupuestario S107 Programa de Fomento a la Producci\u00f3n Rural<\/strong><\/span><\/td>\n<\/tr>\n<\/tbody>\n<\/table>\n<div class=\"panel panel-default\">\n\t\t\t\t<div class=\"panel-heading\">\n\t\t\t\t\t<h4 class=\"panel-title\">\n\t\t\t\t\t\t<a class=\"collapsed\" data-toggle=\"collapse\" data-parent=\"#single-collapse\" href=\"#single-collapse-0\">Evaluaci\u00f3n de Dise\u00f1o, Ejercicio Fiscal 2018 \u2207<\/a>\n\t\t\t\t\t<\/h4>\n\t\t\t\t<\/div>\n\t\t\t\t<div id=\"single-collapse-0\" class=\"panel-collapse collapse\">\n\t\t\t\t\t<div class=\"panel-body\">\n<ul>\n<li><a href=\"https:\/\/www.tamaulipas.gob.mx\/desarrollorural\/wp-content\/uploads\/sites\/6\/2019\/12\/evaluacin-diseo-fomento-a-la-productividad-rural-final.pdf\" target=\"_blank\" rel=\"noopener\"><i class=\"fa fa-file-pdf-o\"><\/i> Informe Final de Evaluaci\u00f3n de Dise\u00f1o<\/a><\/li>\n<li><a href=\"https:\/\/www.tamaulipas.gob.mx\/desarrollorural\/wp-content\/uploads\/sites\/6\/2019\/12\/2-anexo-a-y-a1.pdf\" target=\"_blank\" rel=\"noopener noreferrer\"><i class=\"fa fa-file-pdf-o\"><\/i> Anexo A y A1 Posicionamiento Institucional<\/a><\/li>\n<li><a href=\"https:\/\/www.tamaulipas.gob.mx\/desarrollorural\/wp-content\/uploads\/sites\/6\/2019\/12\/3-anexo-b.pdf\" target=\"_blank\" rel=\"noopener noreferrer\"><i class=\"fa fa-file-pdf-o\"><\/i> Anexo B Documento de Trabajo<\/a><\/li>\n<li><a href=\"https:\/\/www.tamaulipas.gob.mx\/desarrollorural\/wp-content\/uploads\/sites\/6\/2019\/12\/4-anexo-c.pdf\" target=\"_blank\" rel=\"noopener noreferrer\"><i class=\"fa fa-file-pdf-o\"><\/i> Anexo C Documento Institucional<\/a><\/li>\n<li><a href=\"https:\/\/www.tamaulipas.gob.mx\/desarrollorural\/wp-content\/uploads\/sites\/6\/2019\/12\/5-anexo-d.pdf\" target=\"_blank\" rel=\"noopener noreferrer\"><i class=\"fa fa-file-pdf-o\"><\/i> Anexo D Documento Interinstitucional e Intergubernamental<\/a><\/li>\n<li><a href=\"https:\/\/www.tamaulipas.gob.mx\/desarrollorural\/wp-content\/uploads\/sites\/6\/2019\/12\/6-formatos-de-la-conac.pdf\" target=\"_blank\" rel=\"noopener noreferrer\"><i class=\"fa fa-file-pdf-o\"><\/i> Formato de la CONAC<\/a><\/li>\n<li><a href=\"https:\/\/www.tamaulipas.gob.mx\/desarrollorural\/wp-content\/uploads\/sites\/6\/2022\/08\/aspectos_susceptibles_de_mejora_2018.pdf\" target=\"_blank\" rel=\"noopener\"><i class=\"fa fa-file-pdf-o\"><\/i> Avance de Aspectos Susceptibles de Mejora (ASM)<\/a><\/li>\n<\/ul>\n<\/div>\n\t\t\t\t<\/div>\n\t\t\t<\/div>\n<div class=\"panel panel-default\">\n\t\t\t\t<div class=\"panel-heading\">\n\t\t\t\t\t<h4 class=\"panel-title\">\n\t\t\t\t\t\t<a class=\"collapsed\" data-toggle=\"collapse\" data-parent=\"#single-collapse\" href=\"#single-collapse-1\">Evaluaci\u00f3n de Consistencia y Resultados Ejercicio Fiscal 2021 \u2207<\/a>\n\t\t\t\t\t<\/h4>\n\t\t\t\t<\/div>\n\t\t\t\t<div id=\"single-collapse-1\" class=\"panel-collapse collapse\">\n\t\t\t\t\t<div class=\"panel-body\">\n<p><a href=\"https:\/\/www.tamaulipas.gob.mx\/desarrollorural\/wp-content\/uploads\/sites\/6\/2023\/05\/s107-fomento-a-la-produccion-rural.pdf\" target=\"_blank\" rel=\"noopener\"><i class=\"fa fa-file-pdf-o\"><\/i> Informe Final de Evaluaci\u00f3n de Consistencia y Resultados<\/a><br \/>\n<a href=\"https:\/\/www.tamaulipas.gob.mx\/desarrollorural\/wp-content\/uploads\/sites\/6\/2022\/06\/ficha_resumen_2021.pdf\" target=\"_blank\" rel=\"noopener\"><i class=\"fa fa-file-pdf-o\"><\/i> Ficha Resumen<\/a><br \/>\n<a href=\"https:\/\/www.tamaulipas.gob.mx\/desarrollorural\/wp-content\/uploads\/sites\/6\/2022\/06\/anexo_a_a1_doc_posicion_interinstitucional_2021.pdf\" target=\"_blank\" rel=\"noopener\"><i class=\"fa fa-file-pdf-o\"><\/i> Anexo A y A1 Documento de Posici\u00f3n Institucional<\/a><br \/>\n<a href=\"https:\/\/www.tamaulipas.gob.mx\/desarrollorural\/wp-content\/uploads\/sites\/6\/2022\/06\/anexo_b_doc_de_trabajo_2021.pdf\" target=\"_blank\" rel=\"noopener\"><i class=\"fa fa-file-pdf-o\"><\/i> Anexo B Documento de Trabajo<\/a><br \/>\n<a href=\"https:\/\/www.tamaulipas.gob.mx\/desarrollorural\/wp-content\/uploads\/sites\/6\/2022\/06\/anexo_c_doc_interinstitucional_2021.pdf\" target=\"_blank\" rel=\"noopener\"><i class=\"fa fa-file-pdf-o\"><\/i> Anexo C Documento Institucional<\/a><br \/>\n<a href=\"https:\/\/www.tamaulipas.gob.mx\/desarrollorural\/wp-content\/uploads\/sites\/6\/2022\/06\/anexo_d_doc_interinstitucional_intergubernamental_2021.pdf\" target=\"_blank\" rel=\"noopener\"><i class=\"fa fa-file-pdf-o\"><\/i> Anexo D Documento Interinstitucional e Intergubernamental<\/a><\/p>\n<i class=\"fa fa-file-pdf-o\"><\/i> Avance de ASM mes de febrero de 2023<\/p>\n<ul>\n<li><a href=\"https:\/\/www.tamaulipas.gob.mx\/desarrollorural\/wp-content\/uploads\/sites\/6\/2023\/05\/formatos-de-avance-b1-y-c1.pdf\" target=\"_blank\" rel=\"noopener\"><i class=\"fa fa-file-pdf-o\"><\/i> Formatos de Avance B1 y C1<\/a><\/li>\n<li><a href=\"https:\/\/www.tamaulipas.gob.mx\/desarrollorural\/wp-content\/uploads\/sites\/6\/2023\/05\/oficio-sd-296-2023.pdf\" target=\"_blank\" rel=\"noopener\"><i class=\"fa fa-file-pdf-o\"><\/i> Oficio SDR\/296\/2023<\/a><\/li>\n<\/ul>\n<i class=\"fa fa-file-pdf-o\"><\/i> Avance de ASM mes de abril de 2023<\/p>\n<ul>\n<li><a href=\"https:\/\/www.tamaulipas.gob.mx\/desarrollorural\/wp-content\/uploads\/sites\/6\/2023\/05\/anexo-b1-prog-s107_completo.pdf\" target=\"_blank\" rel=\"noopener\"><i class=\"fa fa-file-pdf-o\"><\/i> ANEXO B1 PROG S107_completo<\/a><\/li>\n<li><a href=\"https:\/\/www.tamaulipas.gob.mx\/desarrollorural\/wp-content\/uploads\/sites\/6\/2023\/05\/acuse-de-recibo.pdf\" target=\"_blank\" rel=\"noopener\"><i class=\"fa fa-file-pdf-o\"><\/i> Oficio SDR\/609\/2023<\/a><\/li>\n<\/ul>\n<\/div>\n\t\t\t\t<\/div>\n\t\t\t<\/div>\n<p><a href=\"https:\/\/www.tamaulipas.gob.mx\/desarrollorural\/wp-content\/uploads\/sites\/6\/2018\/10\/concurrencia-2017-informe-final.pdf\" target=\"_blank\" rel=\"noopener noreferrer\"><i class=\"fa fa-file-pdf-o\"><\/i>\u00a0Evaluaci\u00f3n Espec\u00edfica de Desempe\u00f1o 2017 Programa de Concurrencia con las Entidades Federativas (PCEF)<\/a><\/p>\n<ul>\n<li><a href=\"https:\/\/www.tamaulipas.gob.mx\/desarrollorural\/wp-content\/uploads\/sites\/6\/2018\/11\/posicionamiento-institucional.pdf\" target=\"_blank\" rel=\"noopener noreferrer\"><i class=\"fa fa-file-pdf-o\"><\/i> Posicionamiento Institucional<\/a><\/li>\n<\/ul>\n","protected":false},"excerpt":{"rendered":"<p>Evaluaci\u00f3n Externa Informe final de Evaluaci\u00f3n y el Formato para la difusi\u00f3n de resultados emitidos por el CONAC, correspondiente a la Evaluaci\u00f3n del Desempe\u00f1o Programa\u2026<\/p>\n","protected":false},"author":11,"featured_media":0,"parent":0,"menu_order":0,"comment_status":"closed","ping_status":"closed","template":"","meta":{"footnotes":""},"class_list":["post-2537","page","type-page","status-publish","hentry"],"publishpress_future_action":{"enabled":false,"date":"2026-04-28 11:42:17","action":"change-status","newStatus":"draft","terms":[],"taxonomy":""},"_links":{"self":[{"href":"https:\/\/www.tamaulipas.gob.mx\/desarrollorural\/wp-json\/wp\/v2\/pages\/2537"}],"collection":[{"href":"https:\/\/www.tamaulipas.gob.mx\/desarrollorural\/wp-json\/wp\/v2\/pages"}],"about":[{"href":"https:\/\/www.tamaulipas.gob.mx\/desarrollorural\/wp-json\/wp\/v2\/types\/page"}],"author":[{"embeddable":true,"href":"https:\/\/www.tamaulipas.gob.mx\/desarrollorural\/wp-json\/wp\/v2\/users\/11"}],"replies":[{"embeddable":true,"href":"https:\/\/www.tamaulipas.gob.mx\/desarrollorural\/wp-json\/wp\/v2\/comments?post=2537"}],"version-history":[{"count":66,"href":"https:\/\/www.tamaulipas.gob.mx\/desarrollorural\/wp-json\/wp\/v2\/pages\/2537\/revisions"}],"predecessor-version":[{"id":6933,"href":"https:\/\/www.tamaulipas.gob.mx\/desarrollorural\/wp-json\/wp\/v2\/pages\/2537\/revisions\/6933"}],"wp:attachment":[{"href":"https:\/\/www.tamaulipas.gob.mx\/desarrollorural\/wp-json\/wp\/v2\/media?parent=2537"}],"curies":[{"name":"wp","href":"https:\/\/api.w.org\/{rel}","templated":true}]}}