{"id":2532,"date":"2018-04-13T15:35:33","date_gmt":"2018-04-13T20:35:33","guid":{"rendered":"http:\/\/www.tamaulipas.gob.mx\/desarrollorural\/?page_id=2532"},"modified":"2024-10-23T13:36:12","modified_gmt":"2024-10-23T19:36:12","slug":"avances-financieros-trimestrales","status":"publish","type":"page","link":"https:\/\/www.tamaulipas.gob.mx\/desarrollorural\/avances-financieros-trimestrales\/","title":{"rendered":"Avances financieros trimestrales"},"content":{"rendered":"<h3>2024<\/h3>\n<ul>\n<li><a href=\"https:\/\/www.tamaulipas.gob.mx\/desarrollorural\/wp-content\/uploads\/sites\/6\/2024\/07\/informes-fisico-financieros-2024-primer-trimestre.pdf\" target=\"_blank\" rel=\"noopener\"><i class=\"fa fa-file-pdf-o\"><\/i> Informe F\u00edsico Financiero Sanidad e Inocuidad Agroalimentaria 1er. Trimestre 2024<\/a><\/li>\n<li><a href=\"https:\/\/www.tamaulipas.gob.mx\/desarrollorural\/wp-content\/uploads\/sites\/6\/2024\/08\/informes-fisico-financieros-2024-segundo-trimestre-8-agosto.pdf\" target=\"_blank\" rel=\"noopener\"><i class=\"fa fa-file-pdf-o\"><\/i> Informe F\u00edsico Financiero Sanidad e Inocuidad Agroalimentaria 2o. Trimestre 2024<\/a><\/li>\n<\/ul>\n<h3>2023<\/h3>\n<ul>\n<li><a href=\"https:\/\/www.tamaulipas.gob.mx\/desarrollorural\/wp-content\/uploads\/sites\/6\/2024\/07\/informes-trimestrales-fisico-financieros-2023.pdf\" target=\"_blank\" rel=\"noopener\"><i class=\"fa fa-file-pdf-o\"><\/i> Informes Trimestrales F\u00edsico Financiero Sanidad e Inocuidad Agroalimentaria 2023<\/a><\/li>\n<\/ul>\n<h3><strong>2022<\/strong><\/h3>\n<ul>\n<li><a href=\"https:\/\/www.tamaulipas.gob.mx\/desarrollorural\/wp-content\/uploads\/sites\/6\/2024\/07\/informes-trimestrales-fisico-financieros-2022.pdf\" target=\"_blank\" rel=\"noopener\"><i class=\"fa fa-file-pdf-o\"><\/i> Informes Trimestrales F\u00edsico Financiero Sanidad e Inocuidad Agroalimentaria 2022<\/a><\/li>\n<\/ul>\n<h3><strong>2019<\/strong><\/h3>\n<p><a href=\"https:\/\/www.tamaulipas.gob.mx\/desarrollorural\/wp-content\/uploads\/sites\/6\/2019\/09\/avance-fisico-financiero-tam-pcef-2019-primer-trimestre.pdf\" target=\"_blank\" rel=\"noopener noreferrer\">Avance F\u00edsico &#8211; Financiero TAM Programa de Concurrencia con las Entidades Federativas (PCEF) 2019 primer trimestre<\/a><\/p>\n<p><a href=\"https:\/\/www.tamaulipas.gob.mx\/desarrollorural\/wp-content\/uploads\/sites\/6\/2019\/09\/avance-fisico-financiero-tam-pcef-2019-segundo-trimestre.pdf\" target=\"_blank\" rel=\"noopener\">Avance F\u00edsico &#8211; Financiero TAM Programa de Concurrencia con las Entidades Federativas (PCEF) 2019 segundo trimestre<\/a><\/p>\n<p><a href=\"https:\/\/www.tamaulipas.gob.mx\/desarrollorural\/wp-content\/uploads\/sites\/6\/2020\/02\/avance_fisico-financiero_tam_pcef_2019_tercer_trimestre.pdf\" target=\"_blank\" rel=\"noopener\">Avance F\u00edsico &#8211; Financiero TAM Programa de Concurrencia con las Entidades Federativas (PCEF) 2019 tercer trimestre<\/a><\/p>\n<p><a href=\"https:\/\/www.tamaulipas.gob.mx\/desarrollorural\/wp-content\/uploads\/sites\/6\/2020\/02\/avance_fisico-financiero_tam_pcef_2019_cuarto_trimestre.pdf\" target=\"_blank\" rel=\"noopener\">Avance F\u00edsico &#8211; Financiero TAM Programa de Concurrencia con las Entidades Federativas (PCEF) 2019 cuarto trimestre<\/a><\/p>\n<p><a href=\"https:\/\/www.tamaulipas.gob.mx\/desarrollorural\/wp-content\/uploads\/sites\/6\/2020\/10\/cierre_finiquito_pcef_2019.pdf\" target=\"_blank\" rel=\"noopener\">Cierre Finiquito Programa de Concurrencia con las Entidades Federativas PCEF 2019<\/a><\/p>\n<p><a href=\"https:\/\/www.tamaulipas.gob.mx\/desarrollorural\/wp-content\/uploads\/sites\/6\/2020\/10\/cierre_finiquito_pdr_2019.pdf\" target=\"_blank\" rel=\"noopener noreferrer\">Cierre Finiquito Programa de Desarrollo Rural (PDR) 2019<\/a><\/p>\n<h3><\/h3>\n<h3><strong>2018<\/strong><\/h3>\n<p><a href=\"https:\/\/www.tamaulipas.gob.mx\/desarrollorural\/wp-content\/uploads\/sites\/6\/2018\/05\/tam-fin-2018-30032018-1er-trim.pdf\" target=\"_blank\" rel=\"noopener\">Avance F\u00edsico &#8211; Financiero TAM Programa de Concurrencia con las Entidades Federativas (PCEF) 2018 primer trimestre<\/a><\/p>\n<p><a href=\"https:\/\/www.tamaulipas.gob.mx\/desarrollorural\/wp-content\/uploads\/sites\/6\/2018\/07\/avance_financiero_2_trimestre_2018.pdf\" target=\"_blank\" rel=\"noopener\">Avance F\u00edsico &#8211; Financiero TAM Programa de Concurrencia con las Entidades Federativas (PCEF) 2018 segundo trimestre<\/a><\/p>\n<p><a href=\"https:\/\/www.tamaulipas.gob.mx\/desarrollorural\/wp-content\/uploads\/sites\/6\/2018\/10\/tam_18_30-09-2018_3er_trimestre.pdf\" target=\"_blank\" rel=\"noopener\">Avance F\u00edsico &#8211; Financiero TAM Programa de Concurrencia con las Entidades Federativas (PCEF) 2018 tercer trimestre<\/a><\/p>\n<p><a href=\"https:\/\/www.tamaulipas.gob.mx\/desarrollorural\/wp-content\/uploads\/sites\/6\/2019\/01\/ava_fisico_financiero_tam_-pcef_2018_-cuarto_trimestre.pdf\" target=\"_blank\" rel=\"noopener\">Avance F\u00edsico &#8211; Financiero TAM Programa de Concurrencia con las Entidades Federativas (PCEF) 2018 cuarto trimestre<\/a><\/p>\n<p><a href=\"https:\/\/www.tamaulipas.gob.mx\/desarrollorural\/wp-content\/uploads\/sites\/6\/2020\/02\/cierre_finiquito_tam_pcef_2018.pdf\" target=\"_blank\" rel=\"noopener\">Cierre Finiquito Programa de Concurrencia con las Entidades Federativas (PCEF) 2018<\/a><\/p>\n<p><a href=\"https:\/\/www.tamaulipas.gob.mx\/desarrollorural\/wp-content\/uploads\/sites\/6\/2020\/02\/cierre_finiquito_tam_papp_2018.pdf\" target=\"_blank\" rel=\"noopener noreferrer\">Cierre Finiquito Programa de Apoyos a los Peque\u00f1os Productores (PAPP) 2018<\/a><\/p>\n<h3><\/h3>\n<h3><strong>2017<\/strong><\/h3>\n<p><a href=\"http:\/\/www.tamaulipas.gob.mx\/desarrollorural\/wp-content\/uploads\/sites\/6\/2018\/04\/tam_fin_2017_30062017_ii_trimestre.pdf\" target=\"_blank\" rel=\"noopener\">Avance F\u00edsico &#8211; Financiero TAM Programa de Concurrencia con las Entidades Federativas (PCEF) 2017 segundo trimestre<\/a><\/p>\n<p><a href=\"http:\/\/www.tamaulipas.gob.mx\/desarrollorural\/wp-content\/uploads\/sites\/6\/2018\/04\/tam_fin_2017_30092017_iii_trimestral.pdf\" target=\"_blank\" rel=\"noopener\">Avance F\u00edsico &#8211; Financiero TAM Programa de Concurrencia con las Entidades Federativas (PCEF) 2017 tercer trimestre<\/a><\/p>\n<p><a href=\"http:\/\/www.tamaulipas.gob.mx\/desarrollorural\/wp-content\/uploads\/sites\/6\/2018\/04\/tam_fin_2017_31122017_iv_trimestral.pdf\" target=\"_blank\" rel=\"noopener\">Avance F\u00edsico &#8211; Financiero TAM Programa de Concurrencia con las Entidades Federativas (PCEF) 2017 cuarto trimestre<\/a><\/p>\n<p><a href=\"http:\/\/www.tamaulipas.gob.mx\/desarrollorural\/wp-content\/uploads\/sites\/6\/2018\/04\/tam_formatos_finiquito_2017.pdf\" target=\"_blank\" rel=\"noopener noreferrer\">Cierre Finiquito 2017<\/a><\/p>\n<p>&nbsp;<\/p>\n<p>&nbsp;<\/p>\n<h3><\/h3>\n<p>&nbsp;<\/p>\n<p>&nbsp;<\/p>\n","protected":false},"excerpt":{"rendered":"<p>2024 Informe F\u00edsico Financiero Sanidad e Inocuidad Agroalimentaria 1er. Trimestre 2024 Informe F\u00edsico Financiero Sanidad e Inocuidad Agroalimentaria 2o. Trimestre 2024 2023 Informes Trimestrales F\u00edsico\u2026<\/p>\n","protected":false},"author":11,"featured_media":0,"parent":0,"menu_order":0,"comment_status":"closed","ping_status":"closed","template":"","meta":{"footnotes":""},"class_list":["post-2532","page","type-page","status-publish","hentry"],"publishpress_future_action":{"enabled":false,"date":"2026-04-28 12:52:46","action":"change-status","newStatus":"draft","terms":[],"taxonomy":""},"_links":{"self":[{"href":"https:\/\/www.tamaulipas.gob.mx\/desarrollorural\/wp-json\/wp\/v2\/pages\/2532"}],"collection":[{"href":"https:\/\/www.tamaulipas.gob.mx\/desarrollorural\/wp-json\/wp\/v2\/pages"}],"about":[{"href":"https:\/\/www.tamaulipas.gob.mx\/desarrollorural\/wp-json\/wp\/v2\/types\/page"}],"author":[{"embeddable":true,"href":"https:\/\/www.tamaulipas.gob.mx\/desarrollorural\/wp-json\/wp\/v2\/users\/11"}],"replies":[{"embeddable":true,"href":"https:\/\/www.tamaulipas.gob.mx\/desarrollorural\/wp-json\/wp\/v2\/comments?post=2532"}],"version-history":[{"count":28,"href":"https:\/\/www.tamaulipas.gob.mx\/desarrollorural\/wp-json\/wp\/v2\/pages\/2532\/revisions"}],"predecessor-version":[{"id":7042,"href":"https:\/\/www.tamaulipas.gob.mx\/desarrollorural\/wp-json\/wp\/v2\/pages\/2532\/revisions\/7042"}],"wp:attachment":[{"href":"https:\/\/www.tamaulipas.gob.mx\/desarrollorural\/wp-json\/wp\/v2\/media?parent=2532"}],"curies":[{"name":"wp","href":"https:\/\/api.w.org\/{rel}","templated":true}]}}