{"id":2521,"date":"2018-04-13T15:28:53","date_gmt":"2018-04-13T20:28:53","guid":{"rendered":"http:\/\/www.tamaulipas.gob.mx\/desarrollorural\/?page_id=2521"},"modified":"2023-02-22T20:15:22","modified_gmt":"2023-02-23T02:15:22","slug":"listado-de-beneficiarios","status":"publish","type":"page","link":"https:\/\/www.tamaulipas.gob.mx\/desarrollorural\/listado-de-beneficiarios\/","title":{"rendered":"Listado de beneficiarios"},"content":{"rendered":"<p>&nbsp;<\/p>\n<h3><strong>Relaci\u00f3n de beneficiarios 2019<\/strong><\/h3>\n<p><strong>Programa de Concurrencia con las Entidades Federativas 2019<\/strong><\/p>\n<p><a href=\"https:\/\/www.tamaulipas.gob.mx\/desarrollorural\/wp-content\/uploads\/sites\/6\/2021\/09\/relacion-de-beneficiarios-pcef-ineqm-2019-p.f.zip\" target=\"_blank\" rel=\"noopener\">Infraestructura, Equipamiento, Maquinaria y Material Biol\u00f3gico<\/a><\/p>\n<p><a href=\"https:\/\/www.tamaulipas.gob.mx\/desarrollorural\/wp-content\/uploads\/sites\/6\/2021\/09\/relacion-de-beneficiarios-pcef-ptappa-2019-p.f..pdf\" target=\"_blank\" rel=\"noopener\">Paquetes Tecnol\u00f3gicos Agr\u00edcolas Pecuarios de Pesca y Acu\u00edcolas<\/a><\/p>\n<p>&nbsp;<\/p>\n<p><strong>Programa de Desarrollo Rural 2019<\/strong><\/p>\n<p><a href=\"https:\/\/www.tamaulipas.gob.mx\/desarrollorural\/wp-content\/uploads\/sites\/6\/2020\/05\/relacion_de_beneficiarios_fupf_pdr_2019.pdf\" target=\"_blank\" rel=\"noopener noreferrer\">Fortalecimiento de las Unidades de Producci\u00f3n Familiar<\/a><\/p>\n<p><a href=\"https:\/\/www.tamaulipas.gob.mx\/desarrollorural\/wp-content\/uploads\/sites\/6\/2020\/05\/relacion_de_beneficiarios_itt_pdr_2019.pdf\" target=\"_blank\" rel=\"noopener noreferrer\">Investigaci\u00f3n y Transferencia de Tecnolog\u00eda<\/a><\/p>\n<p><a href=\"https:\/\/www.tamaulipas.gob.mx\/desarrollorural\/wp-content\/uploads\/sites\/6\/2020\/05\/relacion_de_beneficiarios_dceyar_pdr_2019.pdf\" target=\"_blank\" rel=\"noopener noreferrer\">Desarrollo de Capacidades, Extensi\u00f3n y Asesor\u00eda Rural<\/a><\/p>\n<h3><\/h3>\n<p>&nbsp;<\/p>\n<h3><strong>Relaci\u00f3n de beneficiarios 2018<\/strong><\/h3>\n<p><strong>Programa de Concurrencia con las Entidades Federativas 2018<\/strong><\/p>\n<p><a href=\"https:\/\/www.tamaulipas.gob.mx\/desarrollorural\/wp-content\/uploads\/sites\/6\/2019\/01\/infraestructura_equipamiento_maquinaria_y_material_biologico_2018.zip\" target=\"_blank\" rel=\"noopener noreferrer\">Infraestructura, Equipamiento, Maquinaria y Material Biol\u00f3gico<\/a><\/p>\n<p><a href=\"https:\/\/www.tamaulipas.gob.mx\/desarrollorural\/wp-content\/uploads\/sites\/6\/2019\/01\/paquetes_tecnologicos_agricolas_pecuarios_de_pesca_y_acuicolas_2018.zip\" target=\"_blank\" rel=\"noopener noreferrer\">Paquetes Tecnol\u00f3gicos Agr\u00edcolas Pecuarios de Pesca y Acu\u00edcolas<\/a><\/p>\n<p>&nbsp;<\/p>\n<p><strong>Programa de Apoyo a Peque\u00f1os Productores 2018<\/strong><\/p>\n<p><a href=\"https:\/\/www.tamaulipas.gob.mx\/desarrollorural\/wp-content\/uploads\/sites\/6\/2019\/01\/extensionismo_desarrollo_de_capacidades_y_asociatividad_productiva_2018.zip\" target=\"_blank\" rel=\"noopener noreferrer\">Extensionismo, Desarrollo de Capacidades y Asociatividad Productiva<\/a><\/p>\n<p><a href=\"https:\/\/www.tamaulipas.gob.mx\/desarrollorural\/wp-content\/uploads\/sites\/6\/2019\/01\/infraestructura_productiva_aprovechamiento_sustentable_de_suelo_y_agua_2018.zip\" target=\"_blank\" rel=\"noopener noreferrer\">Infraestructura Productiva para el Aprovechamiento Sustentable de Suelo y Agua<\/a><\/p>\n<p><a href=\"https:\/\/www.tamaulipas.gob.mx\/desarrollorural\/wp-content\/uploads\/sites\/6\/2019\/02\/proyecto_de_seguridad_alimentaria_2018.zip\" target=\"_blank\" rel=\"noopener noreferrer\">Proyecto de Seguridad Alimentaria para Zonas Rurales<\/a><\/p>\n<p>&nbsp;<\/p>\n<p>&nbsp;<\/p>\n<h3><\/h3>\n<p>&nbsp;<\/p>\n<h3><\/h3>\n<h3><strong>Relaci\u00f3n de beneficiarios 2017<\/strong><\/h3>\n<p><strong>Programa de Concurrencia con las Entidades Federativas 2017<\/strong><\/p>\n<p><a href=\"https:\/\/www.tamaulipas.gob.mx\/desarrollorural\/wp-content\/uploads\/sites\/6\/2018\/05\/pcef-17-ineqm.zip\" target=\"_blank\" rel=\"noopener noreferrer\">Infraestructura, Equipamiento, Maquinaria y Material Biol\u00f3gico<\/a><\/p>\n<p><a href=\"https:\/\/www.tamaulipas.gob.mx\/desarrollorural\/wp-content\/uploads\/sites\/6\/2018\/05\/pcef-17-ptappa.zip\" target=\"_blank\" rel=\"noopener noreferrer\">Paquetes Tecnol\u00f3gicos Agr\u00edcolas Pecuarios de Pesca y Acu\u00edcolas<\/a><\/p>\n<p>&nbsp;<\/p>\n<p><strong>Programa de Apoyo a Peque\u00f1os Productores 2017<\/strong><\/p>\n<p><a href=\"https:\/\/www.tamaulipas.gob.mx\/desarrollorural\/wp-content\/uploads\/sites\/6\/2018\/05\/extensionismo_des_capacidades_asociatividad_prod.zip\" target=\"_blank\" rel=\"noopener noreferrer\">Extensionismo, Desarrollo de Capacidades y Asociatividad Productiva<\/a><\/p>\n<p><a href=\"https:\/\/www.tamaulipas.gob.mx\/desarrollorural\/wp-content\/uploads\/sites\/6\/2018\/05\/infra_prod_para_aprovechamiento_sustentable_suelo_agua.zip\" target=\"_blank\" rel=\"noopener noreferrer\">Infraestructura Productiva para el Aprovechamiento Sustentable de Suelo y Agua<\/a><\/p>\n<p><a href=\"https:\/\/www.tamaulipas.gob.mx\/desarrollorural\/wp-content\/uploads\/sites\/6\/2018\/05\/proyecto_seguridad_alimentaria_zonas_rurales.zip\" target=\"_blank\" rel=\"noopener noreferrer\">Proyecto de Seguridad Alimentaria para Zonas Rurales<\/a><\/p>\n","protected":false},"excerpt":{"rendered":"<p>&nbsp; Relaci\u00f3n de beneficiarios 2019 Programa de Concurrencia con las Entidades Federativas 2019 Infraestructura, Equipamiento, Maquinaria y Material Biol\u00f3gico Paquetes Tecnol\u00f3gicos Agr\u00edcolas Pecuarios de Pesca\u2026<\/p>\n","protected":false},"author":11,"featured_media":0,"parent":0,"menu_order":0,"comment_status":"closed","ping_status":"closed","template":"","meta":{"footnotes":""},"class_list":["post-2521","page","type-page","status-publish","hentry"],"publishpress_future_action":{"enabled":false,"date":"2026-04-28 12:05:54","action":"change-status","newStatus":"draft","terms":[],"taxonomy":""},"_links":{"self":[{"href":"https:\/\/www.tamaulipas.gob.mx\/desarrollorural\/wp-json\/wp\/v2\/pages\/2521"}],"collection":[{"href":"https:\/\/www.tamaulipas.gob.mx\/desarrollorural\/wp-json\/wp\/v2\/pages"}],"about":[{"href":"https:\/\/www.tamaulipas.gob.mx\/desarrollorural\/wp-json\/wp\/v2\/types\/page"}],"author":[{"embeddable":true,"href":"https:\/\/www.tamaulipas.gob.mx\/desarrollorural\/wp-json\/wp\/v2\/users\/11"}],"replies":[{"embeddable":true,"href":"https:\/\/www.tamaulipas.gob.mx\/desarrollorural\/wp-json\/wp\/v2\/comments?post=2521"}],"version-history":[{"count":26,"href":"https:\/\/www.tamaulipas.gob.mx\/desarrollorural\/wp-json\/wp\/v2\/pages\/2521\/revisions"}],"predecessor-version":[{"id":5518,"href":"https:\/\/www.tamaulipas.gob.mx\/desarrollorural\/wp-json\/wp\/v2\/pages\/2521\/revisions\/5518"}],"wp:attachment":[{"href":"https:\/\/www.tamaulipas.gob.mx\/desarrollorural\/wp-json\/wp\/v2\/media?parent=2521"}],"curies":[{"name":"wp","href":"https:\/\/api.w.org\/{rel}","templated":true}]}}