{"id":2299,"date":"2018-02-02T11:26:41","date_gmt":"2018-02-02T17:26:41","guid":{"rendered":"http:\/\/www.tamaulipas.gob.mx\/desarrollorural\/?page_id=2299"},"modified":"2018-06-29T15:15:16","modified_gmt":"2018-06-29T20:15:16","slug":"formatos-2018","status":"publish","type":"page","link":"https:\/\/www.tamaulipas.gob.mx\/desarrollorural\/programas-de-apoyo\/programas-2018\/formatos-2018\/","title":{"rendered":"FORMATOS 2018"},"content":{"rendered":"<h3>Programas en Concurrencia con las Entidades Federativas<\/h3>\n<ul>\n<li><a href=\"http:\/\/www.tamaulipas.gob.mx\/desarrollorural\/wp-content\/uploads\/sites\/6\/2018\/02\/anexo-i-convenio-de-adhesion-2018.docx\"><i class=\"fa fa-file-word-o\"><\/i>\u00a0Anexo I Convenio Espec\u00edfico de Adhesi\u00f3n<\/a><\/li>\n<li><a href=\"http:\/\/www.tamaulipas.gob.mx\/desarrollorural\/wp-content\/uploads\/sites\/6\/2018\/02\/anexo-relacin-de-beneficiarios-directos-morales-2018-carga-masiva.xls\"><i class=\"fa fa-file-excel-o\"><\/i> ANEXO Anexo del Convenio Espec\u00edfico de Adhesi\u00f3n (Relaci\u00f3n de Beneficiarios Directos)<\/a><\/li>\n<li><a href=\"http:\/\/www.tamaulipas.gob.mx\/desarrollorural\/wp-content\/uploads\/sites\/6\/2018\/02\/anexo-ii-finiquito-2018.doc\"><i class=\"fa fa-file-word-o\"><\/i> ANEXO II Finiquito del Convenio Espec\u00edfico de Adhesi\u00f3n<\/a><\/li>\n<li><a href=\"http:\/\/www.tamaulipas.gob.mx\/desarrollorural\/wp-content\/uploads\/sites\/6\/2018\/02\/acta-de-verificacion-2018.docx\"><i class=\"fa fa-file-word-o\"><\/i> Acta de Verificaci\u00f3n<\/a><\/li>\n<li><a href=\"http:\/\/www.tamaulipas.gob.mx\/desarrollorural\/wp-content\/uploads\/sites\/6\/2018\/02\/cesion-derechos-2018.doc\"><i class=\"fa fa-file-word-o\"><\/i> Cesi\u00f3n de Derechos<\/a><\/li>\n<li><a href=\"http:\/\/www.tamaulipas.gob.mx\/desarrollorural\/wp-content\/uploads\/sites\/6\/2018\/02\/aviso-terminacion-obra-2018.doc\"><i class=\"fa fa-file-word-o\"><\/i> Aviso de Terminaci\u00f3n de Obra<\/a><\/li>\n<li><a href=\"http:\/\/www.tamaulipas.gob.mx\/desarrollorural\/wp-content\/uploads\/sites\/6\/2018\/02\/declaratoria-en-materia-de-seguridad-social-2018.docx\"><i class=\"fa fa-file-word-o\"><\/i> Declaratoria en Materia de Seguridad Social<\/a><\/li>\n<li><a href=\"http:\/\/portal.infonavit.org.mx\/wps\/wcm\/connect\/infonavit\/patrones\/constancia_situacion_fiscal\/constancia_de_situacion_fiscal\"><i class=\"fa fa-file-code-o\"><\/i> Declaratoria 32D INFONAVIT<\/a><\/li>\n<li><a href=\"http:\/\/www.tamaulipas.gob.mx\/desarrollorural\/wp-content\/uploads\/sites\/6\/2018\/02\/formato-desistimiento-2018.docx\" target=\"_blank\" rel=\"noopener noreferrer\"><i class=\"fa fa-file-word-o\"><\/i> Formato de desistimiento de apoyo<\/a><\/li>\n<\/ul>\n<h3>Agr\u00edcola<\/h3>\n<ul>\n<li><a href=\"http:\/\/www.tamaulipas.gob.mx\/desarrollorural\/wp-content\/uploads\/sites\/6\/2018\/02\/2.-proy_inversin_menores_400000_2018.docx\"><i class=\"fa fa-file-word-o\"><\/i> Gui\u00f3n Proyectos de Inversi\u00f3n con incentivos menores a $400,000<\/a><\/li>\n<li><a href=\"http:\/\/www.tamaulipas.gob.mx\/desarrollorural\/wp-content\/uploads\/sites\/6\/2018\/02\/1.-anexo-ii_guin_unico_elab_proy_inversion.docx\"><i class=\"fa fa-file-word-o\"><\/i> Anexo II Gui\u00f3n \u00danico para la Elaboraci\u00f3n de Proyectos de Inversi\u00f3n<\/a><\/li>\n<li><a href=\"http:\/\/www.tamaulipas.gob.mx\/desarrollorural\/wp-content\/uploads\/sites\/6\/2018\/02\/3.-anexo_xix_guion_esp_elab_sist_riego.docx\"><i class=\"fa fa-file-word-o\"><\/i> Anexo XIX Gui\u00f3n Espec\u00edfico para la Elaboraci\u00f3n de Sistemas de Riego Tecnificado<\/a><\/li>\n<li><a href=\"http:\/\/www.tamaulipas.gob.mx\/desarrollorural\/wp-content\/uploads\/sites\/6\/2018\/02\/5.-checklist_per_morales_2018.doc\"><i class=\"fa fa-file-word-o\"><\/i> Checklist personas morales<\/a><\/li>\n<li><a href=\"http:\/\/www.tamaulipas.gob.mx\/desarrollorural\/wp-content\/uploads\/sites\/6\/2018\/02\/4.-checklist_per_fisicas_2018.doc\"><i class=\"fa fa-file-word-o\"><\/i> Checklist personas fisicas<\/a><\/li>\n<\/ul>\n<h3>Ganader\u00eda<\/h3>\n<ul>\n<li><a href=\"http:\/\/www.tamaulipas.gob.mx\/desarrollorural\/wp-content\/uploads\/sites\/6\/2018\/02\/anexo_iv_guin_unico_proy_inv-ganaderia_2018.doc\"><i class=\"fa fa-file-word-o\"><\/i> Anexo IV Gui\u00f3n \u00fanico para proyectos mayores a $500,000<\/a><\/li>\n<li><a href=\"http:\/\/www.tamaulipas.gob.mx\/desarrollorural\/wp-content\/uploads\/sites\/6\/2018\/02\/checklist_pers_fis_mor_2018.doc\" target=\"_blank\" rel=\"noopener noreferrer\"><i class=\"fa fa-file-word-o\"><\/i> Checklist personas fisicas y morales<\/a><\/li>\n<li><a href=\"http:\/\/www.tamaulipas.gob.mx\/desarrollorural\/wp-content\/uploads\/sites\/6\/2018\/02\/gan_equiv_2018.docx\"><i class=\"fa fa-file-word-o\"><\/i> Equivalencias<\/a><\/li>\n<\/ul>\n<h3>Pesca<\/h3>\n<ul>\n<li><a href=\"http:\/\/www.tamaulipas.gob.mx\/desarrollorural\/wp-content\/uploads\/sites\/6\/2018\/02\/anexo_ii_guin_unico_2018_menores_250000.docx\"><i class=\"fa fa-file-word-o\"><\/i> Anexo II Gui\u00f3n \u00fanico para proyectos menores a $250,000<\/a><\/li>\n<li><a href=\"http:\/\/www.tamaulipas.gob.mx\/desarrollorural\/wp-content\/uploads\/sites\/6\/2018\/02\/anexo_ii_guin_unico_2018_mayores_250000.docx\"><i class=\"fa fa-file-word-o\"><\/i> Anexo II Gui\u00f3n \u00fanico para proyectos mayores a $250,000<\/a><\/li>\n<li><a href=\"http:\/\/www.tamaulipas.gob.mx\/desarrollorural\/wp-content\/uploads\/sites\/6\/2018\/02\/checklist_pesca_2018.xlsx\"><i class=\"fa fa-file-excel-o\"><\/i> Checklist Pesca<\/a><\/li>\n<\/ul>\n","protected":false},"excerpt":{"rendered":"<p>Programas en Concurrencia con las Entidades Federativas \u00a0Anexo I Convenio Espec\u00edfico de Adhesi\u00f3n ANEXO Anexo del Convenio Espec\u00edfico de Adhesi\u00f3n (Relaci\u00f3n de Beneficiarios Directos) ANEXO\u2026<\/p>\n","protected":false},"author":36,"featured_media":0,"parent":2132,"menu_order":0,"comment_status":"closed","ping_status":"closed","template":"","meta":{"footnotes":""},"class_list":["post-2299","page","type-page","status-publish","hentry"],"publishpress_future_action":{"enabled":false,"date":"2026-04-21 22:51:42","action":"change-status","newStatus":"draft","terms":[],"taxonomy":""},"_links":{"self":[{"href":"https:\/\/www.tamaulipas.gob.mx\/desarrollorural\/wp-json\/wp\/v2\/pages\/2299"}],"collection":[{"href":"https:\/\/www.tamaulipas.gob.mx\/desarrollorural\/wp-json\/wp\/v2\/pages"}],"about":[{"href":"https:\/\/www.tamaulipas.gob.mx\/desarrollorural\/wp-json\/wp\/v2\/types\/page"}],"author":[{"embeddable":true,"href":"https:\/\/www.tamaulipas.gob.mx\/desarrollorural\/wp-json\/wp\/v2\/users\/36"}],"replies":[{"embeddable":true,"href":"https:\/\/www.tamaulipas.gob.mx\/desarrollorural\/wp-json\/wp\/v2\/comments?post=2299"}],"version-history":[{"count":7,"href":"https:\/\/www.tamaulipas.gob.mx\/desarrollorural\/wp-json\/wp\/v2\/pages\/2299\/revisions"}],"predecessor-version":[{"id":2619,"href":"https:\/\/www.tamaulipas.gob.mx\/desarrollorural\/wp-json\/wp\/v2\/pages\/2299\/revisions\/2619"}],"up":[{"embeddable":true,"href":"https:\/\/www.tamaulipas.gob.mx\/desarrollorural\/wp-json\/wp\/v2\/pages\/2132"}],"wp:attachment":[{"href":"https:\/\/www.tamaulipas.gob.mx\/desarrollorural\/wp-json\/wp\/v2\/media?parent=2299"}],"curies":[{"name":"wp","href":"https:\/\/api.w.org\/{rel}","templated":true}]}}