{"id":2132,"date":"2018-01-26T18:27:03","date_gmt":"2018-01-27T00:27:03","guid":{"rendered":"http:\/\/www.tamaulipas.gob.mx\/desarrollorural\/?page_id=2132"},"modified":"2020-07-17T13:50:45","modified_gmt":"2020-07-17T18:50:45","slug":"programas-2018","status":"publish","type":"page","link":"https:\/\/www.tamaulipas.gob.mx\/desarrollorural\/programas-de-apoyo\/programas-2018\/","title":{"rendered":"Programas 2018"},"content":{"rendered":"<ul class=\"nav nav-tabs\" id=\"\"><li class=\"active\"><a href=\"#custom-tab-0-70b3d8a3732eec8dd585810f9c5db6b5\" data-toggle=\"tab\" >Programas 2018<\/a><\/li><li class=\" next\"><a href=\"#custom-tab-0-b1272d15b553fa1188b0532d7997225a\" data-toggle=\"tab\" >Programas Estatales<\/a><\/li><li class=\" next\"><a href=\"#custom-tab-0-b29c940ceee3370b926bc2ec5a9944fd\" data-toggle=\"tab\" >Programas Forestales<\/a><\/li><\/ul><div class=\"tab-content\">\n<div id=\"custom-tab-0-70b3d8a3732eec8dd585810f9c5db6b5\" class=\"tab-pane active\">\n<p style=\"text-align: justify;\">Amigos productores, si est\u00e1n en busca de apoyo para <strong>infraestructura<\/strong>, <strong>capacitaci\u00f3n<\/strong>, un <strong>paquete tecnol\u00f3gico<\/strong> o bien para <strong>innovaci\u00f3n<\/strong>, recuerden que es muy importante consultar las <strong>Reglas de Operaci\u00f3n 2018<\/strong>, en donde encontrar\u00e1n los requisitos necesarios para acceder a este tipo de apoyos.<\/p>\n<p style=\"text-align: justify;\">Cabe destacar que antes de solicitar cualquier tipo de apoyo, deber\u00e1n estar inscritos en el Padr\u00f3n \u00danico, esto como una medida para garantizar la transparencia en la ejecuci\u00f3n de los recursos p\u00fablicos y evitar triangulaciones.<\/p>\n<p style=\"text-align: justify;\">Consulta las Reglas de Operaci\u00f3n 2018 y conoce los cambios que se han realizado en busca de dar un mayor impulso a las mujeres y j\u00f3venes del campo.<\/p>\n<p style=\"text-align: justify;\">ACUERDO por el que se dan a conocer las Reglas de Operaci\u00f3n de los programas de la Secretar\u00eda de Agricultura, Ganader\u00eda, Desarrollo Rural, Pesca y Alimentaci\u00f3n para el ejercicio 2018.<\/p>\n<ul>\n<li><a href=\"http:\/\/www.tamaulipas.gob.mx\/desarrollorural\/wp-content\/uploads\/sites\/6\/2018\/01\/2017_12_27_disposiciones-generales.pdf\" target=\"_blank\" rel=\"noopener noreferrer\">Disposiciones Generales Aplicables a las Reglas de Operaci\u00f3n 2018 de la SAGARPA<\/a><\/li>\n<li><a href=\"http:\/\/www.tamaulipas.gob.mx\/desarrollorural\/wp-content\/uploads\/sites\/6\/2018\/01\/2017_05_29_mat_sagarpa.pdf\" target=\"_blank\" rel=\"noopener noreferrer\">Modificacion a las Reglas de Operaci\u00f3n Originales 2017<\/a><\/li>\n<li><a href=\"http:\/\/www.tamaulipas.gob.mx\/desarrollorural\/wp-content\/uploads\/sites\/6\/2018\/02\/cuadernillo-cedrs-2018.pdf\" target=\"_blank\" rel=\"noopener noreferrer\"><i class=\"fa fa-file-pdf-o\"><\/i>\u00a0Cuadernillo del Consejo Estatal para el Desarrollo Rural Sustentable 26 de enero 2018<\/a><\/li>\n<\/ul>\n<div class=\"panel-group\" id=\"custom-collapse-0\"><\/div>\n<div class=\"panel panel-default\">\n\t\t\t\t<div class=\"panel-heading\">\n\t\t\t\t\t<h4 class=\"panel-title\">\n\t\t\t\t\t\t<a class=\"collapsed\" data-toggle=\"collapse\" data-parent=\"#custom-collapse-0\" href=\"#custom-collapse-0-0\">Programas de Apoyo y sus Componentes \u2207<\/a>\n\t\t\t\t\t<\/h4>\n\t\t\t\t<\/div>\n\t\t\t\t<div id=\"custom-collapse-0-0\" class=\"panel-collapse collapse\">\n\t\t\t\t\t<div class=\"panel-body\">\n<ul>\n<li><a href=\"http:\/\/www.tamaulipas.gob.mx\/desarrollorural\/wp-content\/uploads\/sites\/6\/2018\/01\/2017_12_29_fomento-a-la-agricultura.pdf\" target=\"_blank\" rel=\"noopener noreferrer\"><i class=\"fa fa-file-pdf-o\"><\/i> Programa de Fomento a la Agricultura y sus Componentes<\/a><\/li>\n<li><a href=\"http:\/\/www.tamaulipas.gob.mx\/desarrollorural\/wp-content\/uploads\/sites\/6\/2017\/01\/dof_-_fomento_ganadero.pdf\" target=\"_blank\" rel=\"noopener noreferrer\"><i class=\"fa fa-file-pdf-o\"><\/i> Programa de Fomento Ganadero y sus Componentes *<\/a><\/li>\n<li><a href=\"http:\/\/www.tamaulipas.gob.mx\/desarrollorural\/wp-content\/uploads\/sites\/6\/2018\/01\/2017_12_30_prod-pesq-y-acui-1.pdf\" target=\"_blank\" rel=\"noopener noreferrer\"><i class=\"fa fa-file-pdf-o\"><\/i> Programa de Fomento a la Productividad Pesquera y Acu\u00edcola y sus Componentes<\/a><\/li>\n<li><a href=\"http:\/\/www.tamaulipas.gob.mx\/desarrollorural\/wp-content\/uploads\/sites\/6\/2018\/01\/2017_12_30_prod-pesq-y-acui-2.pdf\" target=\"_blank\" rel=\"noopener noreferrer\"><i class=\"fa fa-file-pdf-o\"><\/i> Programa de Fomento a la Productividad Pesquera y Acu\u00edcola y sus Componentes (Segunda Parte)<\/a><\/li>\n<li><a href=\"http:\/\/www.tamaulipas.gob.mx\/desarrollorural\/wp-content\/uploads\/sites\/6\/2018\/01\/2017_12_29_sanidad-e-inocuidad.pdf\" target=\"_blank\" rel=\"noopener noreferrer\"><i class=\"fa fa-file-pdf-o\"><\/i> Programa de Sanidad e Inocuidad Agroalimentaria y sus Componentes<\/a><\/li>\n<li><a href=\"http:\/\/www.tamaulipas.gob.mx\/desarrollorural\/wp-content\/uploads\/sites\/6\/2018\/01\/2017_12_30_prod-y-competitividad-1.pdf\" target=\"_blank\" rel=\"noopener noreferrer\"><i class=\"fa fa-file-pdf-o\"><\/i> Programa de Productividad y Competitividad Agroalimentaria y sus Componentes<\/a><\/li>\n<li><a href=\"http:\/\/www.tamaulipas.gob.mx\/desarrollorural\/wp-content\/uploads\/sites\/6\/2018\/01\/2017_12_30_prod-y-competitividad-2.pdf\" target=\"_blank\" rel=\"noopener noreferrer\"><i class=\"fa fa-file-pdf-o\"><\/i> Programa de Productividad y Competitividad Agroalimentaria y sus Componentes (Segunda Parte)<\/a><\/li>\n<li><a href=\"http:\/\/www.tamaulipas.gob.mx\/desarrollorural\/wp-content\/uploads\/sites\/6\/2018\/01\/2017_12_30_apoyo-a-la-comercializacion-1.pdf\" target=\"_blank\" rel=\"noopener noreferrer\"><i class=\"fa fa-file-pdf-o\"><\/i> Programa de Apoyos a la Comercializaci\u00f3n y sus Componentes<\/a><\/li>\n<li><a href=\"http:\/\/www.tamaulipas.gob.mx\/desarrollorural\/wp-content\/uploads\/sites\/6\/2018\/01\/2017_12_30_apoyo-a-la-comercializacion-2.pdf\" target=\"_blank\" rel=\"noopener noreferrer\"><i class=\"fa fa-file-pdf-o\"><\/i> Programa de Apoyos a la Comercializaci\u00f3n y sus Componentes (Segunda Parte)<\/a><\/li>\n<li><a href=\"http:\/\/www.tamaulipas.gob.mx\/desarrollorural\/wp-content\/uploads\/sites\/6\/2018\/01\/2017_12_29_apoyo-a-peq-prod-1.pdf\" target=\"_blank\" rel=\"noopener noreferrer\"><i class=\"fa fa-file-pdf-o\"><\/i> Programa de Apoyos a Peque\u00f1os Productores y sus Componentes<\/a><\/li>\n<li><a href=\"http:\/\/www.tamaulipas.gob.mx\/desarrollorural\/wp-content\/uploads\/sites\/6\/2018\/01\/2017_12_29_apoyo-a-peq-prod-2.pdf\" target=\"_blank\" rel=\"noopener noreferrer\"><i class=\"fa fa-file-pdf-o\"><\/i> Programa de Apoyos a Peque\u00f1os Productores y sus Componentes (Segunda Parte)<\/a><\/li>\n<li><a href=\"http:\/\/www.tamaulipas.gob.mx\/desarrollorural\/wp-content\/uploads\/sites\/6\/2017\/01\/dof_-_viii._programa_de_concurrencia_con_las_entidades_federativas.pdf\" target=\"_blank\" rel=\"noopener noreferrer\"><i class=\"fa fa-file-pdf-o\"><\/i> Programa de Concurrencia con las Entidades Federativas *<\/a><\/li>\n<\/ul>\n<p style=\"text-align: justify;\"><span style=\"color: #333333; font-size: 10px;\">* Transitorio S\u00e9ptimo, contenido en las disposiciones generales aplicables a las Reglas de Operaci\u00f3n de los Programas de la Secretar\u00eda de Agr\u00edcultura, Ganader\u00eda, Desarrollo Rural, Pesca y Alimentaci\u00f3n, para el ejercicio 2018. Hasta en tanto el Ejecutivo Federal emita para los Programas de Concurrencia con las Entidades Federativas y de Fomento Ganadero, disposiciones diversas a las contenidas en el Acuerdo por el que se dan a conocer las Reglas de Operaci\u00f3n del Programa de Concurrencia con las Entidades Federativas de la SAGARPA para el ejercicio 2017, y en el acuerdo por el que se dan a conocer las Reglas de Operaci\u00f3n del Programa de Fomento Ganadero de la SAGARPA para el ejercicio 2017, ambos publicados en el Diario Oficial de la Federaci\u00f3n el 31 de diciembre de 2016, y sus modificaciones del 29 de mayo de 2017 y 1 de junio de 2017, respectivamente, estos continuar\u00e1n vigentes durante 2018.<\/span><\/p>\n<\/div>\n\t\t\t\t<\/div>\n\t\t\t<\/div>\n<div class=\"panel panel-default\">\n\t\t\t\t<div class=\"panel-heading\">\n\t\t\t\t\t<h4 class=\"panel-title\">\n\t\t\t\t\t\t<a class=\"collapsed\" data-toggle=\"collapse\" data-parent=\"#custom-collapse-0\" href=\"#custom-collapse-0-1\">Convocatorias \u2207<\/a>\n\t\t\t\t\t<\/h4>\n\t\t\t\t<\/div>\n\t\t\t\t<div id=\"custom-collapse-0-1\" class=\"panel-collapse collapse\">\n\t\t\t\t\t<div class=\"panel-body\">\n<ul>\n<li><a href=\"http:\/\/www.tamaulipas.gob.mx\/desarrollorural\/wp-content\/uploads\/sites\/6\/2018\/01\/convocatoria_pcef_2018.pdf\" target=\"_blank\" rel=\"noopener noreferrer\"><i class=\"fa fa-file-pdf-o\"><\/i>\u00a0Convocatoria para el Programa en Concurrencia con las Entidades Federativas 2018<\/a><\/li>\n<li><a href=\"https:\/\/www.tamaulipas.gob.mx\/desarrollorural\/wp-content\/uploads\/sites\/6\/2018\/09\/convocatoria_proyecto_seguridad_alimentaria_zonas_rurales_2018.pdf\" target=\"_blank\" rel=\"noopener noreferrer\"><i class=\"fa fa-file-pdf-o\"><\/i>\u00a0Convocatoria a Productores Proyecto de Seguridad Alimentaria para Zonas Rurales (PESA 2018)<\/a><\/li>\n<li><a href=\"https:\/\/www.tamaulipas.gob.mx\/desarrollorural\/wp-content\/uploads\/sites\/6\/2018\/10\/conv_reg_de_prov_proy_de_segu_alimentaria_para_zonas_rurales_pesa_2018.pdf\" target=\"_blank\" rel=\"noopener noreferrer\"><i class=\"fa fa-file-pdf-o\"><\/i>\u00a0Convocatoria para Registro de Proveedores de Seguridad Alimentaria para Zonas Rurales (PESA 2018)<\/a><\/li>\n<\/ul>\n<\/div>\n\t\t\t\t<\/div>\n\t\t\t<\/div>\n<div class=\"panel panel-default\">\n\t\t\t\t<div class=\"panel-heading\">\n\t\t\t\t\t<h4 class=\"panel-title\">\n\t\t\t\t\t\t<a class=\"collapsed\" data-toggle=\"collapse\" data-parent=\"#custom-collapse-0\" href=\"#custom-collapse-0-2\">Formatos \u2207<\/a>\n\t\t\t\t\t<\/h4>\n\t\t\t\t<\/div>\n\t\t\t\t<div id=\"custom-collapse-0-2\" class=\"panel-collapse collapse\">\n\t\t\t\t\t<div class=\"panel-body\">\n<ul>\n<li><a href=\"http:\/\/www.tamaulipas.gob.mx\/desarrollorural\/programas-de-apoyo\/programas-2018\/formatos-2018\/\"><i class=\"fa fa-external-link\"><\/i> Formatos<\/a><\/li>\n<\/ul>\n<\/div>\n\t\t\t\t<\/div>\n\t\t\t<\/div>\n<div class=\"panel panel-default\">\n\t\t\t\t<div class=\"panel-heading\">\n\t\t\t\t\t<h4 class=\"panel-title\">\n\t\t\t\t\t\t<a class=\"collapsed\" data-toggle=\"collapse\" data-parent=\"#custom-collapse-0\" href=\"#custom-collapse-0-3\">Apertura y Cierre de Ventanillas de Atenci\u00f3n \u2207<\/a>\n\t\t\t\t\t<\/h4>\n\t\t\t\t<\/div>\n\t\t\t\t<div id=\"custom-collapse-0-3\" class=\"panel-collapse collapse\">\n\t\t\t\t\t<div class=\"panel-body\">\n<ul>\n<li><a href=\"http:\/\/www.tamaulipas.gob.mx\/desarrollorural\/wp-content\/uploads\/sites\/6\/2018\/02\/ventanillas_atnc_2018.pdf\" target=\"_blank\" rel=\"noopener noreferrer\"><i class=\"fa fa-file-pdf-o\"><\/i> Ventanillas de Atenci\u00f3n<\/a><\/li>\n<li><a href=\"http:\/\/www.tamaulipas.gob.mx\/desarrollorural\/wp-content\/uploads\/sites\/6\/2018\/01\/fecha_ap_y_cierr_ventanillas_2018.pdf\" target=\"_blank\" rel=\"noopener noreferrer\"><i class=\"fa fa-file-pdf-o\"><\/i> Fecha de Apertura y Cierre de Ventanillas<\/a><\/li>\n<li><a href=\"http:\/\/www.tamaulipas.gob.mx\/desarrollorural\/wp-content\/uploads\/sites\/6\/2018\/02\/ampliacion_cierre_ventanillas_2018.pdf\" target=\"_blank\" rel=\"noopener noreferrer\"><i class=\"fa fa-file-pdf-o\"><\/i>\u00a0Ampliaci\u00f3n de Ventanillas<\/a><\/li>\n<\/ul>\n<\/div>\n\t\t\t\t<\/div>\n\t\t\t<\/div>\n<p><a href=\"https:\/\/www.tamaulipas.gob.mx\/desarrollorural\/publicacion-de-resultados-2018\/\"><i class=\"fa fa-external-link\"><\/i> Publicaci\u00f3n de Resultados 2018<\/a><\/p>\n<p><a href=\"https:\/\/www.tamaulipas.gob.mx\/desarrollorural\/proyecto-de-seguridad-alimentaria-para-zonas-rurales-2018\/\"><i class=\"fa fa-external-link\"><\/i> Publicaci\u00f3n de Resultados Proyecto de Seguridad Alimentaria para Zonas Rurales 2018<\/a><\/p>\n<div class=\"panel panel-default\">\n\t\t\t\t<div class=\"panel-heading\">\n\t\t\t\t\t<h4 class=\"panel-title\">\n\t\t\t\t\t\t<a class=\"collapsed\" data-toggle=\"collapse\" data-parent=\"#custom-collapse-0\" href=\"#custom-collapse-0-4\">Requisitos Generales y Espec\u00edficos \u2207<\/a>\n\t\t\t\t\t<\/h4>\n\t\t\t\t<\/div>\n\t\t\t\t<div id=\"custom-collapse-0-4\" class=\"panel-collapse collapse\">\n\t\t\t\t\t<div class=\"panel-body\">\n<ul>\n<li><a href=\"http:\/\/www.tamaulipas.gob.mx\/desarrollorural\/wp-content\/uploads\/sites\/6\/2018\/01\/req_grales_2018.pdf\" target=\"_blank\" rel=\"noopener noreferrer\"><i class=\"fa fa-file-pdf-o\"><\/i> Requisitos Generales<\/a><\/li>\n<li><a href=\"http:\/\/www.tamaulipas.gob.mx\/desarrollorural\/wp-content\/uploads\/sites\/6\/2018\/01\/req_espcf_2018.pdf\" target=\"_blank\" rel=\"noopener noreferrer\"><i class=\"fa fa-file-pdf-o\"><\/i> Requisitos Espec\u00edficos<\/a><\/li>\n<\/ul>\n<p><strong>Requisitos Espec\u00edficos Adicionales<\/strong><\/p>\n<ul>\n<li><a href=\"http:\/\/www.tamaulipas.gob.mx\/desarrollorural\/wp-content\/uploads\/sites\/6\/2018\/01\/req_esp_agr_2018.pdf\" target=\"_blank\" rel=\"noopener noreferrer\"><i class=\"fa fa-file-pdf-o\"><\/i> Agricultura<\/a><\/li>\n<li><a href=\"http:\/\/www.tamaulipas.gob.mx\/desarrollorural\/wp-content\/uploads\/sites\/6\/2018\/01\/montos_gan_2018.pdf\" target=\"_blank\" rel=\"noopener noreferrer\"><i class=\"fa fa-file-pdf-o\"><\/i> Ganaderia<\/a><\/li>\n<\/ul>\n<\/div>\n\t\t\t\t<\/div>\n\t\t\t<\/div>\n<div class=\"panel panel-default\">\n\t\t\t\t<div class=\"panel-heading\">\n\t\t\t\t\t<h4 class=\"panel-title\">\n\t\t\t\t\t\t<a class=\"collapsed\" data-toggle=\"collapse\" data-parent=\"#custom-collapse-0\" href=\"#custom-collapse-0-5\">Criterios \u2207<\/a>\n\t\t\t\t\t<\/h4>\n\t\t\t\t<\/div>\n\t\t\t\t<div id=\"custom-collapse-0-5\" class=\"panel-collapse collapse\">\n\t\t\t\t\t<div class=\"panel-body\">\n<ul>\n<li><a href=\"http:\/\/www.tamaulipas.gob.mx\/desarrollorural\/wp-content\/uploads\/sites\/6\/2018\/01\/crit_calif_2018.pdf\" target=\"_blank\" rel=\"noopener noreferrer\"><i class=\"fa fa-file-pdf-o\"><\/i> Criterios de Calificaci\u00f3n<\/a><\/li>\n<\/ul>\n<\/div>\n\t\t\t\t<\/div>\n\t\t\t<\/div>\n<div class=\"panel panel-default\">\n\t\t\t\t<div class=\"panel-heading\">\n\t\t\t\t\t<h4 class=\"panel-title\">\n\t\t\t\t\t\t<a class=\"collapsed\" data-toggle=\"collapse\" data-parent=\"#custom-collapse-0\" href=\"#custom-collapse-0-6\">Montos Maximos de Apoyos \u2207<\/a>\n\t\t\t\t\t<\/h4>\n\t\t\t\t<\/div>\n\t\t\t\t<div id=\"custom-collapse-0-6\" class=\"panel-collapse collapse\">\n\t\t\t\t\t<div class=\"panel-body\">\n<ul>\n<li><a href=\"http:\/\/www.tamaulipas.gob.mx\/desarrollorural\/wp-content\/uploads\/sites\/6\/2018\/01\/montos_agr_2018.pdf\" target=\"_blank\" rel=\"noopener noreferrer\"><i class=\"fa fa-file-pdf-o\"><\/i> Agricultura<\/a><\/li>\n<li><a href=\"http:\/\/www.tamaulipas.gob.mx\/desarrollorural\/wp-content\/uploads\/sites\/6\/2018\/01\/montos_max_min_2018.pdf\" target=\"_blank\" rel=\"noopener noreferrer\"><i class=\"fa fa-file-pdf-o\"><\/i> Ganader\u00eda<\/a><\/li>\n<\/ul>\n<\/div>\n\t\t\t\t<\/div>\n\t\t\t<\/div>\n<div class=\"panel panel-default\">\n\t\t\t\t<div class=\"panel-heading\">\n\t\t\t\t\t<h4 class=\"panel-title\">\n\t\t\t\t\t\t<a class=\"collapsed\" data-toggle=\"collapse\" data-parent=\"#custom-collapse-0\" href=\"#custom-collapse-0-7\">Lineas Estrat\u00e9gicas y Exclusiones \u2207<\/a>\n\t\t\t\t\t<\/h4>\n\t\t\t\t<\/div>\n\t\t\t\t<div id=\"custom-collapse-0-7\" class=\"panel-collapse collapse\">\n\t\t\t\t\t<div class=\"panel-body\">\n<ul>\n<li><a href=\"http:\/\/www.tamaulipas.gob.mx\/desarrollorural\/wp-content\/uploads\/sites\/6\/2018\/01\/lineas_estrateg_agr_2018.pdf\" target=\"_blank\" rel=\"noopener noreferrer\"><i class=\"fa fa-file-pdf-o\"><\/i> Lineas Estrat\u00e9gicas Agricultura<\/a><\/li>\n<li><a href=\"http:\/\/www.tamaulipas.gob.mx\/desarrollorural\/wp-content\/uploads\/sites\/6\/2018\/01\/lineas_estrateg_gan_2018.pdf\" target=\"_blank\" rel=\"noopener noreferrer\"><i class=\"fa fa-file-pdf-o\"><\/i> Lineas Estrat\u00e9gicas Ganader\u00eda<\/a><\/li>\n<li><a href=\"http:\/\/www.tamaulipas.gob.mx\/desarrollorural\/wp-content\/uploads\/sites\/6\/2018\/03\/lineas_estrategicas_pesca-2018.pdf\" target=\"_blank\" rel=\"noopener noreferrer\"><i class=\"fa fa-file-pdf-o\"><\/i> Lineas Estrat\u00e9gicas Pesca y Acuacultura<\/a><\/li>\n<li><a href=\"http:\/\/www.tamaulipas.gob.mx\/desarrollorural\/wp-content\/uploads\/sites\/6\/2018\/01\/exclusiones_2018.pdf\" target=\"_blank\" rel=\"noopener noreferrer\"><i class=\"fa fa-file-pdf-o\"><\/i> Exclusiones<\/a><\/li>\n<\/ul>\n<\/div>\n\t\t\t\t<\/div>\n\t\t\t<\/div>\n<\/div>\n<div id=\"custom-tab-0-b1272d15b553fa1188b0532d7997225a\" class=\"tab-pane next\">\n<p><strong>Reglas de Operaci\u00f3n de los Programas Estatales 2018<\/strong><\/p>\n<div class=\"panel-group\" id=\"custom-collapse-1\"><\/div>\n<div class=\"panel panel-default\">\n\t\t\t\t<div class=\"panel-heading\">\n\t\t\t\t\t<h4 class=\"panel-title\">\n\t\t\t\t\t\t<a class=\"collapsed\" data-toggle=\"collapse\" data-parent=\"#custom-collapse-1\" href=\"#custom-collapse-1-8\">Programas de Apoyo \u2207<\/a>\n\t\t\t\t\t<\/h4>\n\t\t\t\t<\/div>\n\t\t\t\t<div id=\"custom-collapse-1-8\" class=\"panel-collapse collapse\">\n\t\t\t\t\t<div class=\"panel-body\">\n<p><strong>Programa Presupuestario S107 \u201cPrograma de Fomento a la Productividad Rural\u201d<\/strong><\/p>\n<ul>\n<li><a href=\"https:\/\/www.tamaulipas.gob.mx\/desarrollorural\/wp-content\/uploads\/sites\/6\/2018\/09\/rop_sem_cal.pdf\" target=\"_blank\" rel=\"noopener noreferrer\"><i class=\"fa fa-file-pdf-o\"><\/i> Programa Semilla de Calidad<\/a><\/li>\n<li><a href=\"https:\/\/www.tamaulipas.gob.mx\/desarrollorural\/wp-content\/uploads\/sites\/6\/2018\/09\/rop_fert_prod.pdf\" target=\"_blank\" rel=\"noopener noreferrer\"><i class=\"fa fa-file-pdf-o\"><\/i> Programa de Fertilizante a Productores<\/a><\/li>\n<li><a href=\"https:\/\/www.tamaulipas.gob.mx\/desarrollorural\/wp-content\/uploads\/sites\/6\/2018\/09\/rop_apo_biof.pdf\" target=\"_blank\" rel=\"noopener noreferrer\"><i class=\"fa fa-file-pdf-o\"><\/i> Programa de Apoyo a Biofertilizantes<\/a><\/li>\n<li><a href=\"https:\/\/www.tamaulipas.gob.mx\/desarrollorural\/wp-content\/uploads\/sites\/6\/2018\/09\/rop_adq_aves_huertos.pdf\" target=\"_blank\" rel=\"noopener noreferrer\"><i class=\"fa fa-file-pdf-o\"><\/i> Programa de Adquisici\u00f3n de Paquetes de Aves Ponedoras para la Comercializaci\u00f3n de Huevo y Adquisici\u00f3n de Invernaderos (Huertos) de Traspatio para la Comercializaci\u00f3n de Hortalizas<\/a><\/li>\n<\/ul>\n<p><strong>Programa Presupuestario S103 \u201cPrograma de Reconversi\u00f3n Productiva\u201d<\/strong><\/p>\n<ul>\n<li><a href=\"https:\/\/www.tamaulipas.gob.mx\/desarrollorural\/wp-content\/uploads\/sites\/6\/2018\/09\/rop_reconv_sab.pdf\" target=\"_blank\" rel=\"noopener noreferrer\"><i class=\"fa fa-file-pdf-o\"><\/i> Programa de Reconversi\u00f3n de Cultivos Tradicionales a S\u00e1bila<\/a><\/li>\n<li><a href=\"https:\/\/www.tamaulipas.gob.mx\/desarrollorural\/wp-content\/uploads\/sites\/6\/2018\/09\/rop_mat_veget.pdf\" target=\"_blank\" rel=\"noopener noreferrer\"><i class=\"fa fa-file-pdf-o\"><\/i> Programa de Apoyo con Material Vegetativo para la Diversificaci\u00f3n de Cultivos<\/a><\/li>\n<\/ul>\n<p><strong>Programa Presupuestario S110 \u201cPrograma para el Fortalecimiento del Subsector Ganadero\u201d<\/strong><\/p>\n<ul>\n<li><a href=\"https:\/\/www.tamaulipas.gob.mx\/desarrollorural\/wp-content\/uploads\/sites\/6\/2018\/09\/rop_ren_ago.pdf\" target=\"_blank\" rel=\"noopener noreferrer\"><i class=\"fa fa-file-pdf-o\"><\/i> Programa Renovaci\u00f3n de Agostaderos<\/a><\/li>\n<li><a href=\"https:\/\/www.tamaulipas.gob.mx\/desarrollorural\/wp-content\/uploads\/sites\/6\/2018\/09\/rop_mej_gen_bov_2018.pdf\" target=\"_blank\" rel=\"noopener noreferrer\"><i class=\"fa fa-file-pdf-o\"><\/i> Programa de Mejoramiento Gen\u00e9tico Bovino 2018<\/a><\/li>\n<\/ul>\n<\/div>\n\t\t\t\t<\/div>\n\t\t\t<\/div>\n<p><a href=\"https:\/\/www.tamaulipas.gob.mx\/desarrollorural\/wp-content\/uploads\/sites\/6\/2020\/07\/convocatoria_mejoramiento_gentico_2018.pdf\" target=\"_blank\" rel=\"noopener noreferrer\"><i class=\"fa fa-file-pdf-o\"><\/i> Convocatoria Programa de Mejoramiento Gen\u00e9tico 2018<\/a><\/p>\n<p><a href=\"https:\/\/www.tamaulipas.gob.mx\/desarrollorural\/wp-content\/uploads\/sites\/6\/2020\/06\/convocatoria_apoyo_biofertilizante_2018.pdf\" target=\"_blank\" rel=\"noopener noreferrer\"><i class=\"fa fa-file-pdf-o\"><\/i> Convocatoria Programa Biofertilizante a Productores 2018<\/a><\/p>\n<p><a href=\"https:\/\/www.tamaulipas.gob.mx\/desarrollorural\/wp-content\/uploads\/sites\/6\/2020\/06\/convocatoria_fertilizante_a_productores_2018.pdf\" target=\"_blank\" rel=\"noopener noreferrer\"><i class=\"fa fa-file-pdf-o\"><\/i> Convocatoria Programa Fertilizante a Productores 2018<\/a><\/p>\n<p><a href=\"https:\/\/www.tamaulipas.gob.mx\/desarrollorural\/wp-content\/uploads\/sites\/6\/2020\/06\/convocatoria_semilla_de_calidad_2018.pdf\" target=\"_blank\" rel=\"noopener noreferrer\"><i class=\"fa fa-file-pdf-o\"><\/i> Convocatoria Programa Semilla de Calidad 2018<\/a><\/p>\n<p>&nbsp;<\/p>\n<p>&nbsp;<\/p>\n<\/div>\n<div id=\"custom-tab-0-b29c940ceee3370b926bc2ec5a9944fd\" class=\"tab-pane next\">\n<div class=\"panel-group\" id=\"custom-collapse-2\"><\/div>\n<div class=\"panel panel-default\">\n\t\t\t\t<div class=\"panel-heading\">\n\t\t\t\t\t<h4 class=\"panel-title\">\n\t\t\t\t\t\t<a class=\"collapsed\" data-toggle=\"collapse\" data-parent=\"#custom-collapse-2\" href=\"#custom-collapse-2-9\">Programas de Apoyo \u2207<\/a>\n\t\t\t\t\t<\/h4>\n\t\t\t\t<\/div>\n\t\t\t\t<div id=\"custom-collapse-2-9\" class=\"panel-collapse collapse\">\n\t\t\t\t\t<div class=\"panel-body\">\n<ul>\n<li><a href=\"https:\/\/www.tamaulipas.gob.mx\/desarrollorural\/wp-content\/uploads\/sites\/6\/2018\/10\/reglas-de-operacin-programa-foerstal-profotam-2018.pdf\" target=\"_blank\" rel=\"noopener noreferrer\"><i class=\"fa fa-file-pdf-o\"><\/i> Programa Forestal Tamaulipas (PROFOTAM 2018)<\/a><\/li>\n<li><a href=\"https:\/\/www.tamaulipas.gob.mx\/desarrollorural\/wp-content\/uploads\/sites\/6\/2020\/03\/anexo_de_ejecucion_001-2018_forestal.pdf\" target=\"_blank\" rel=\"noopener noreferrer\"><i class=\"fa fa-file-pdf-o\"><\/i> Anexo de Ejecuci\u00f3n (PROFOTAM 2018)<\/a><\/li>\n<\/ul>\n<\/div>\n\t\t\t\t<\/div>\n\t\t\t<\/div>\n<div class=\"panel panel-default\">\n\t\t\t\t<div class=\"panel-heading\">\n\t\t\t\t\t<h4 class=\"panel-title\">\n\t\t\t\t\t\t<a class=\"collapsed\" data-toggle=\"collapse\" data-parent=\"#custom-collapse-2\" href=\"#custom-collapse-2-10\">Formatos, Anexos y Solicitudes \u2207<\/a>\n\t\t\t\t\t<\/h4>\n\t\t\t\t<\/div>\n\t\t\t\t<div id=\"custom-collapse-2-10\" class=\"panel-collapse collapse\">\n\t\t\t\t\t<div class=\"panel-body\">\n<ul>\n<li><a href=\"http:\/\/www.tamaulipas.gob.mx\/desarrollorural\/wp-content\/uploads\/sites\/6\/2018\/03\/solicitud_2018.pdf\" target=\"_blank\" rel=\"noopener noreferrer\"><i class=\"fa fa-file-pdf-o\"><\/i> Anexo 1 Solicitud de Apoyo<\/a><\/li>\n<\/ul>\n<\/div>\n\t\t\t\t<\/div>\n\t\t\t<\/div>\n<\/div>\n<\/div>\n","protected":false},"excerpt":{"rendered":"","protected":false},"author":36,"featured_media":0,"parent":260,"menu_order":0,"comment_status":"closed","ping_status":"closed","template":"","meta":{"footnotes":""},"class_list":["post-2132","page","type-page","status-publish","hentry"],"publishpress_future_action":{"enabled":false,"date":"2026-04-21 21:14:17","action":"change-status","newStatus":"draft","terms":[],"taxonomy":""},"_links":{"self":[{"href":"https:\/\/www.tamaulipas.gob.mx\/desarrollorural\/wp-json\/wp\/v2\/pages\/2132"}],"collection":[{"href":"https:\/\/www.tamaulipas.gob.mx\/desarrollorural\/wp-json\/wp\/v2\/pages"}],"about":[{"href":"https:\/\/www.tamaulipas.gob.mx\/desarrollorural\/wp-json\/wp\/v2\/types\/page"}],"author":[{"embeddable":true,"href":"https:\/\/www.tamaulipas.gob.mx\/desarrollorural\/wp-json\/wp\/v2\/users\/36"}],"replies":[{"embeddable":true,"href":"https:\/\/www.tamaulipas.gob.mx\/desarrollorural\/wp-json\/wp\/v2\/comments?post=2132"}],"version-history":[{"count":63,"href":"https:\/\/www.tamaulipas.gob.mx\/desarrollorural\/wp-json\/wp\/v2\/pages\/2132\/revisions"}],"predecessor-version":[{"id":4033,"href":"https:\/\/www.tamaulipas.gob.mx\/desarrollorural\/wp-json\/wp\/v2\/pages\/2132\/revisions\/4033"}],"up":[{"embeddable":true,"href":"https:\/\/www.tamaulipas.gob.mx\/desarrollorural\/wp-json\/wp\/v2\/pages\/260"}],"wp:attachment":[{"href":"https:\/\/www.tamaulipas.gob.mx\/desarrollorural\/wp-json\/wp\/v2\/media?parent=2132"}],"curies":[{"name":"wp","href":"https:\/\/api.w.org\/{rel}","templated":true}]}}