{"id":1968,"date":"2017-10-25T18:28:27","date_gmt":"2017-10-25T23:28:27","guid":{"rendered":"http:\/\/www.tamaulipas.gob.mx\/desarrollorural\/?page_id=1968"},"modified":"2026-03-12T13:21:06","modified_gmt":"2026-03-12T19:21:06","slug":"estructura-organica","status":"publish","type":"page","link":"https:\/\/www.tamaulipas.gob.mx\/desarrollorural\/estructura-organica\/","title":{"rendered":"Estructura Org\u00e1nica"},"content":{"rendered":"<p><strong><span style=\"font-size: 20px;\">1. Secretar\u00eda de Desarrollo Rural, Pesca y Acuacultura.<\/span><\/strong><\/p>\n<p><strong>1.0.0.1. Secretar\u00eda Particular<\/strong><\/p>\n<p style=\"padding-left: 40px;\">1.0.0.1.1. Departamento de Atenci\u00f3n Ciudadana<\/p>\n<p style=\"padding-left: 40px;\">1.0.0.1.2. Departamento de Documentos y Archivos<\/p>\n<p style=\"padding-left: 40px;\">1.0.0.1.3. Departamento de Eventos Especiales<\/p>\n<p><span style=\"text-decoration: underline;\"><strong>1.0.1. Coordinaci\u00f3n T\u00e9cnica<\/strong><\/span><\/p>\n<p><strong>1.0.1.1. Direcci\u00f3n de Instrumentos Financieros<\/strong><\/p>\n<p style=\"padding-left: 40px;\">1.0.1.1.1. Departamento de Fideicomisos<\/p>\n<p style=\"padding-left: 40px;\">1.0.1.1.2. Departamento de Convenios<\/p>\n<p><strong>1.0.1.2. Direcci\u00f3n de Planeaci\u00f3n<\/strong><\/p>\n<p style=\"padding-left: 40px;\">1.0.1.2.1. Departamento de Seguimiento de Proyectos y Mercados<\/p>\n<p style=\"padding-left: 40px;\">1.0.1.2.2. Departamento de Proyectos Estrat\u00e9gicos<\/p>\n<p><strong>1.0.1.3. Direcci\u00f3n de Desarrollo Rural y PYMES<\/strong><\/p>\n<p style=\"padding-left: 40px;\">1.0.1.3.1. Departamento de Zona Norte<\/p>\n<p style=\"padding-left: 40px;\">1.0.1.3.2. Departamento de Zona Sur<\/p>\n<p><strong>1.0.1.4. Direcci\u00f3n de Agronegocios y Comercializaci\u00f3n<\/strong><\/p>\n<p style=\"padding-left: 40px;\">1.0.1.4.1. Departamento de Agronegocios<\/p>\n<p style=\"padding-left: 40px;\">1.0.1.4.2. Departamento de Comercializaci\u00f3n y Desarrollo de Productos<\/p>\n<p><strong>1.0.1.5. Direcci\u00f3n de Seguimiento de Programas<\/strong><\/p>\n<p style=\"padding-left: 40px;\">1.0.1.5.1. Departamento de Evaluaci\u00f3n<\/p>\n<p style=\"padding-left: 40px;\">1.0.1.5.2. Departamento de Programas<\/p>\n<p><strong>1.0.0.2. Direcci\u00f3n Administrativa<\/strong><\/p>\n<p style=\"padding-left: 40px;\">1.0.0.2.1 Departamento de Recursos Financieros<\/p>\n<p style=\"padding-left: 40px;\">1.0.0.2.2. Departamento de Recursos Humanos<\/p>\n<p style=\"padding-left: 40px;\">1.0.0.2.3. Departamento de Recursos Materiales y Servicios Generales<\/p>\n<p><strong>1.0.0.3. Direcci\u00f3n Jur\u00eddica y de Transparencia<\/strong><\/p>\n<p style=\"padding-left: 40px;\">1.0.0.3.1. Departamento de Transparencia<\/p>\n<p><strong>1.0.0.4. Direcci\u00f3n de Comunicaci\u00f3n Social<\/strong><\/p>\n<p><strong>1.0.0.5. Direcci\u00f3n de Geoestad\u00edstica e Innovaci\u00f3n Digital<\/strong><\/p>\n<p style=\"padding-left: 40px;\">1.0.0.5.1. Departamento de Tecnolog\u00edas de la Informaci\u00f3n<\/p>\n<p><strong>1.0.0.6. Direcci\u00f3n de An\u00e1lisis y Orientaci\u00f3n<\/strong><\/p>\n<p><strong>1.0.0.7. Direcci\u00f3n de Vinculaci\u00f3n Institucional<\/strong><\/p>\n<p><span style=\"text-decoration: underline;\"><strong>1.1. Subsecretar\u00eda de Desarrollo Agr\u00edcola<\/strong><\/span><\/p>\n<p><strong>1.1.0.1. Direcci\u00f3n de Agricultura<\/strong><\/p>\n<p style=\"padding-left: 40px;\">1.1.0.1.1. Departamento de Fomento Agr\u00edcola<\/p>\n<p style=\"padding-left: 40px;\">1.1.0.1.2. Departamento de Sanidad Vegetal e Inocuidad<\/p>\n<p><strong>1.1.0.2. Direcci\u00f3n de Extensionismo Agr\u00edcola<\/strong><\/p>\n<p style=\"padding-left: 40px;\">1.1.0.2.1. Departamento de Desarrollo de Extensionismo Agr\u00edcola<\/p>\n<p style=\"padding-left: 40px;\">1.1.0.2.2. Departamento de Investigaci\u00f3n y Transferencia Tecnol\u00f3gica<\/p>\n<p><strong>1.1.0.3. Direcci\u00f3n de Apoyo a Distritos de Riego<\/strong><\/p>\n<p style=\"padding-left: 40px;\">1.1.0.3.1. Departamento de Operaci\u00f3n Distrital<\/p>\n<p style=\"padding-left: 40px;\">1.1.0.3.2. Departamento de Distritos de Riego, Unidades de Riego y Temporal.<\/p>\n<p><span style=\"text-decoration: underline;\"><strong>1.2.<\/strong> <strong>Subsecretar\u00eda<\/strong> <strong>de<\/strong> <strong>Desarrollo<\/strong> <strong>Pecuario<\/strong> <strong>y Forestal.<\/strong><\/span><\/p>\n<p><strong>1.2.0.1. Direcci\u00f3n de Fomento Forestal.<\/strong><\/p>\n<p style=\"padding-left: 40px;\">1.2.0.1.1. Departamento de Producci\u00f3n Forestal.<\/p>\n<p style=\"padding-left: 40px;\">1.2.0.1.2. Departamento de Prevenci\u00f3n y Conservaci\u00f3n.<\/p>\n<p><strong>1.2.0.2. Direcci\u00f3n de Fomento Pecuario.<\/strong><\/p>\n<p style=\"padding-left: 40px;\">1.2.0.2.1. Departamento de Fomento, Identificaci\u00f3n y Trazabilidad Pecuaria.<\/p>\n<p style=\"padding-left: 40px;\">1.2.0.2.2. Departamento de Salud Animal e Inocuidad.<\/p>\n<p><strong>1.2.0.3. Direcci\u00f3n de Extensionismo Pecuario y Forestal.<\/strong><\/p>\n<p style=\"padding-left: 40px;\">1.2.0.3.1. Departamento de Investigaci\u00f3n y Transferencia Tecnol\u00f3gica.<\/p>\n<p style=\"padding-left: 40px;\">1.2.0.3.2. Departamento de Desarrollo de Extensionismo Pecuario.<\/p>\n<p><span style=\"text-decoration: underline;\"><strong>1.3.<\/strong> <strong>Subsecretar\u00eda<\/strong> <strong>de<\/strong> <strong>Pesca<\/strong> <strong>y Acuacultura<\/strong><\/span><\/p>\n<p style=\"padding-left: 40px;\">1.3.0.0.1. Departamento de Enlace y Gesti\u00f3n<\/p>\n<p><strong>1.3.0.1. Direcci\u00f3n de Ordenamiento y Desarrollo Pesquero<\/strong><\/p>\n<p style=\"padding-left: 40px;\">1.3.0.1.1. Departamento de Ordenamiento Pesquero y Acu\u00edcola<\/p>\n<p style=\"padding-left: 40px;\">1.3.0.1.2. Departamento de Organizaci\u00f3n y Fomento Pesquero<\/p>\n<p style=\"padding-left: 40px;\">1.3.0.1.3. Departamento de Pesca Responsable y Divulgaci\u00f3n Normativa<\/p>\n<p><strong>1.3.0.2. Direcci\u00f3n de Acuacultura<\/strong><\/p>\n<p style=\"padding-left: 40px;\">1.3.0.2.1. Departamento de Impulso a la Piscicultura<\/p>\n<p style=\"padding-left: 40px;\">1.3.0.2.2. Departamento de Ostricultura, Sanidad e Inocuidad<\/p>\n<p style=\"padding-left: 40px;\">1.3.0.2.3. Departamento de Estudios y Proyectos de Infraestructura<\/p>\n<p><strong>1.3.0.3. Direcci\u00f3n de Desarrollo Estrat\u00e9gico y Sostenibilidad<\/strong><\/p>\n<p style=\"padding-left: 40px;\">1.3.0.3.1. Departamento de Promoci\u00f3n y Extensionismo Pesquero y Acu\u00edcola<\/p>\n<p style=\"padding-left: 40px;\">1.3.0.3.2. Departamento de Sostenibilidad Social y Econ\u00f3mica.<\/p>\n<p style=\"padding-left: 40px;\">1.3.0.3.3. Departamento de Innovaci\u00f3n Tecnol\u00f3gica y Proyectos Estrat\u00e9gicos.<\/p>\n<p>&nbsp;<\/p>\n","protected":false},"excerpt":{"rendered":"<p>1. Secretar\u00eda de Desarrollo Rural, Pesca y Acuacultura. 1.0.0.1. Secretar\u00eda Particular 1.0.0.1.1. Departamento de Atenci\u00f3n Ciudadana 1.0.0.1.2. Departamento de Documentos y Archivos 1.0.0.1.3. Departamento de\u2026<\/p>\n","protected":false},"author":11,"featured_media":0,"parent":0,"menu_order":0,"comment_status":"closed","ping_status":"closed","template":"","meta":{"footnotes":""},"class_list":["post-1968","page","type-page","status-publish","hentry"],"publishpress_future_action":{"enabled":false,"date":"2026-04-28 09:59:48","action":"change-status","newStatus":"draft","terms":[],"taxonomy":""},"_links":{"self":[{"href":"https:\/\/www.tamaulipas.gob.mx\/desarrollorural\/wp-json\/wp\/v2\/pages\/1968"}],"collection":[{"href":"https:\/\/www.tamaulipas.gob.mx\/desarrollorural\/wp-json\/wp\/v2\/pages"}],"about":[{"href":"https:\/\/www.tamaulipas.gob.mx\/desarrollorural\/wp-json\/wp\/v2\/types\/page"}],"author":[{"embeddable":true,"href":"https:\/\/www.tamaulipas.gob.mx\/desarrollorural\/wp-json\/wp\/v2\/users\/11"}],"replies":[{"embeddable":true,"href":"https:\/\/www.tamaulipas.gob.mx\/desarrollorural\/wp-json\/wp\/v2\/comments?post=1968"}],"version-history":[{"count":16,"href":"https:\/\/www.tamaulipas.gob.mx\/desarrollorural\/wp-json\/wp\/v2\/pages\/1968\/revisions"}],"predecessor-version":[{"id":7547,"href":"https:\/\/www.tamaulipas.gob.mx\/desarrollorural\/wp-json\/wp\/v2\/pages\/1968\/revisions\/7547"}],"wp:attachment":[{"href":"https:\/\/www.tamaulipas.gob.mx\/desarrollorural\/wp-json\/wp\/v2\/media?parent=1968"}],"curies":[{"name":"wp","href":"https:\/\/api.w.org\/{rel}","templated":true}]}}