{"id":168,"date":"2016-11-07T11:50:22","date_gmt":"2016-11-07T17:50:22","guid":{"rendered":"http:\/\/www.tamaulipas.gob.mx\/desarrollorural\/?page_id=168"},"modified":"2026-03-19T14:18:26","modified_gmt":"2026-03-19T20:18:26","slug":"normatividad","status":"publish","type":"page","link":"https:\/\/www.tamaulipas.gob.mx\/desarrollorural\/normatividad\/","title":{"rendered":"Normatividad"},"content":{"rendered":"<p>Este apartado pretende dar a conocer todas las leyes y normatividad que existen en todos los sectores agr\u00edcolas, pecuarios, forestales y pesqueros.<\/p>\n<div class=\"panel-group\" id=\"custom-collapse-0\">\n<div class=\"panel panel-default\">\n\t\t\t\t<div class=\"panel-heading\">\n\t\t\t\t\t<h4 class=\"panel-title\">\n\t\t\t\t\t\t<a class=\"\" data-toggle=\"collapse\" data-parent=\"#custom-collapse-0\" href=\"#custom-collapse-0-0\">Generales<\/a>\n\t\t\t\t\t<\/h4>\n\t\t\t\t<\/div>\n\t\t\t\t<div id=\"custom-collapse-0-0\" class=\"panel-collapse in\">\n\t\t\t\t\t<div class=\"panel-body\">\n<ul>\n<li><a href=\"https:\/\/www.tamaulipas.gob.mx\/desarrollorural\/wp-content\/uploads\/sites\/6\/2026\/03\/cpeum.pdf\" target=\"_blank\" rel=\"noopener\"><i class=\"fa fa-file-pdf-o\"><\/i> Constituci\u00f3n Pol\u00edtica de los Estados Unidos Mexicanos<\/a> U. Ref. 03\/03\/2026<\/li>\n<li><a href=\"https:\/\/www.tamaulipas.gob.mx\/desarrollorural\/wp-content\/uploads\/sites\/6\/2026\/03\/const-pol-del-edo-poe-03-de-marzo-2026-ultima.pdf\" target=\"_blank\" rel=\"noopener\"><i class=\"fa fa-file-pdf-o\"><\/i> Constituci\u00f3n Pol\u00edtica del Estado de Tamaulipas<\/a> U. Ref. 03\/03\/2026<\/li>\n<li><a href=\"https:\/\/www.tamaulipas.gob.mx\/desarrollorural\/wp-content\/uploads\/sites\/6\/2026\/03\/lgtaip.pdf\" target=\"_blank\" rel=\"noopener\"><i class=\"fa fa-file-pdf-o\"><\/i> Ley General de Transparencia y Acceso a la Informaci\u00f3n P\u00fablica<\/a> U. Ref. 04\/05\/2015<\/li>\n<li><a href=\"https:\/\/www.tamaulipas.gob.mx\/desarrollorural\/wp-content\/uploads\/sites\/6\/2026\/03\/ley-de-transparencia-y-acceso-a-la-informacion-publica-10-julio-25-final.pdf\" target=\"_blank\" rel=\"noopener\"><i class=\"fa fa-file-pdf-o\"><\/i> Ley de Transparencia y Acceso a la Informaci\u00f3n P\u00fablica del Estado de Tamaulipas<\/a> U. Ref. 10\/07\/2025<\/li>\n<li><a href=\"https:\/\/www.tamaulipas.gob.mx\/desarrollorural\/wp-content\/uploads\/sites\/6\/2026\/01\/ley-de-archivos-para-el-estado-de-tamaulipas.pdf\" target=\"_blank\" rel=\"noopener\"><i class=\"fa fa-file-pdf-o\"><\/i> Ley de Archivo para el Estado de Tamaulipas<\/a> U. Ref. 21\/12\/2024\n<ul>\n<li><a href=\"https:\/\/www.tamaulipas.gob.mx\/desarrollorural\/wp-content\/uploads\/sites\/6\/2026\/01\/pada.pdf\" target=\"_blank\" rel=\"noopener\"><i class=\"fa fa-file-pdf-o\"><\/i> Programa Anual de Desarrollo Archiv\u00edstico<\/a> 2026<\/li>\n<\/ul>\n<\/li>\n<li><a href=\"https:\/\/www.tamaulipas.gob.mx\/desarrollorural\/wp-content\/uploads\/sites\/6\/2026\/03\/lgpdppso.pdf\" target=\"_blank\" rel=\"noopener\"><i class=\"fa fa-file-pdf-o\"><\/i> Ley General de Protecci\u00f3n de Datos Personales en Posesi\u00f3n de Sujetos Obligados<\/a> U. Ref. 14\/11\/2025<\/li>\n<li><a href=\"https:\/\/www.tamaulipas.gob.mx\/desarrollorural\/wp-content\/uploads\/sites\/6\/2026\/03\/ley-de-proteccion-de-datos-personales-10-julio-2025-.pdf\" target=\"_blank\" rel=\"noopener\"><i class=\"fa fa-file-pdf-o\"><\/i> Ley de Protecci\u00f3n de Datos Personales en Posesi\u00f3n de Sujetos Obligados del Estado de Tamaulipas<\/a> U. Ref. 10\/07\/2025<\/li>\n<li><a href=\"https:\/\/www.tamaulipas.gob.mx\/desarrollorural\/wp-content\/uploads\/sites\/6\/2026\/03\/ley-organica-de-la-administracion-publica-04-11-25.pdf\" target=\"_blank\" rel=\"noopener\"><i class=\"fa fa-file-pdf-o\"><\/i> Ley Org\u00e1nica de Administraci\u00f3n P\u00fablica del Estado de Tamaulipas<\/a> U. Ref. 04\/11\/2025<\/li>\n<li><a href=\"https:\/\/www.tamaulipas.gob.mx\/desarrollorural\/wp-content\/uploads\/sites\/6\/2025\/02\/ley-de-desarrollo-rural-sustentable.pdf\" target=\"_blank\" rel=\"noopener\"><i class=\"fa fa-file-pdf-o\"><\/i> Ley de Desarrollo Rural Sustentable<\/a> U. Ref. 07\/06\/2024<\/li>\n<li><a href=\"https:\/\/www.tamaulipas.gob.mx\/desarrollorural\/wp-content\/uploads\/sites\/6\/2026\/03\/ley-de-desarrollo-rural-sustentable-18-06-25.pdf\" target=\"_blank\" rel=\"noopener\"><i class=\"fa fa-file-pdf-o\"><\/i> Ley de Desarrollo Rural Sustentable del Estado de Tamaulipas<\/a> U. Ref. 18\/06\/2025<\/li>\n<li><a href=\"https:\/\/www.tamaulipas.gob.mx\/desarrollorural\/wp-content\/uploads\/sites\/6\/2026\/03\/ley-de-aguas-del-estado-tamaulipas-24-02-2026.pdf\" target=\"_blank\" rel=\"noopener\"><i class=\"fa fa-file-pdf-o\"><\/i> Ley de Aguas del Estado de Tamaulipas<\/a> U. Ref. 24\/02\/2026<\/li>\n<li><a href=\"https:\/\/www.tamaulipas.gob.mx\/desarrollorural\/wp-content\/uploads\/sites\/6\/2026\/03\/ley-federal-de-sanidad-vegetal_11-05-2022.pdf\" target=\"_blank\" rel=\"noopener\"><i class=\"fa fa-file-pdf-o\"><\/i> Ley Federal de Sanidad Vegetal<\/a> U. Ref. 11\/05\/2022<\/li>\n<li><a href=\"https:\/\/www.tamaulipas.gob.mx\/desarrollorural\/wp-content\/uploads\/sites\/6\/2019\/10\/ley-para-el-fomento-de-la-apicultra-en-el-estado-de-tamaulipas.pdf\" target=\"_blank\" rel=\"noopener noreferrer\"><i class=\"fa fa-file-pdf-o\"><\/i> Ley para el Fomento de la Apicultura en el Estado de Tamaulipas<\/a> U. Ref. 21\/12\/2016<\/li>\n<li><a href=\"https:\/\/www.tamaulipas.gob.mx\/desarrollorural\/wp-content\/uploads\/sites\/6\/2026\/03\/ley-de-ganaderia-para-el-estado-de-tamaulipas-27-02-2026.pdf\" target=\"_blank\" rel=\"noopener\"><i class=\"fa fa-file-pdf-o\"><\/i> Ley de Ganader\u00eda para el Estado de Tamaulipas<\/a> U. Ref. 27\/02\/2026<\/li>\n<li><a href=\"https:\/\/www.tamaulipas.gob.mx\/desarrollorural\/wp-content\/uploads\/sites\/6\/2025\/02\/ley-general-de-desarrollo-forestal-sustentable.pdf\" target=\"_blank\" rel=\"noopener\"><i class=\"fa fa-file-pdf-o\"><\/i> Ley General de Desarrollo Forestal Sustentable<\/a> U. Ref. 01\/04\/2024<\/li>\n<li><a href=\"https:\/\/www.tamaulipas.gob.mx\/desarrollorural\/wp-content\/uploads\/sites\/6\/2026\/03\/ley-desarrollo-forestal-sustentable-tamaulipas_09-09-2021.pdf\" target=\"_blank\" rel=\"noopener\"><i class=\"fa fa-file-pdf-o\"><\/i> Ley Desarrollo Forestal Sustentable para el Estado de Tamaulipas<\/a> U. Ref. 09\/09\/2021<\/li>\n<li><a href=\"https:\/\/www.tamaulipas.gob.mx\/desarrollorural\/wp-content\/uploads\/sites\/6\/2025\/02\/ley-general-de-pesca-y-acuacultura-sustentables.pdf\" target=\"_blank\" rel=\"noopener\"><i class=\"fa fa-file-pdf-o\"><\/i> Ley General de Pesca y Acuacultura Sustentables<\/a> U. Ref. 01\/04\/2024<\/li>\n<li><a href=\"https:\/\/www.tamaulipas.gob.mx\/desarrollorural\/wp-content\/uploads\/sites\/6\/2026\/03\/ley-de-pesca-y-acuacultura-sustentables-17-02-2026.pdf\" target=\"_blank\" rel=\"noopener\"><i class=\"fa fa-file-pdf-o\"><\/i> Ley de Pesca y Acuacultura Sustentables del Estado de Tamaulipas<\/a> U. Ref. 17\/02\/2026<\/li>\n<li><a href=\"https:\/\/www.tamaulipas.gob.mx\/desarrollorural\/wp-content\/uploads\/sites\/6\/2026\/03\/estructura-organica-de-la-secretaria-de-desarrollo-rural-pesca-y-acuacultura.pdf\" target=\"_blank\" rel=\"noopener\"><i class=\"fa fa-file-pdf-o\"><\/i> Estructura Org\u00e1nica de la Secretar\u00eda de Desarrollo Rural, ahora Secretar\u00eda de Desarrollo Rural, Pesca y Acuacultura<\/a> U. Act. 18\/02\/2026<\/li>\n<li><a href=\"https:\/\/www.tamaulipas.gob.mx\/desarrollorural\/wp-content\/uploads\/sites\/6\/2024\/01\/programas-sectoriales-tamaulipas.pdf\" target=\"_blank\" rel=\"noopener\"><i class=\"fa fa-file-pdf-o\"><\/i> Programa Sectorial de la Secretaria de Desarrollo Rural, Pesca y Acuacultura<\/a> U. Act. 27\/09\/2023<\/li>\n<li><a href=\"https:\/\/www.tamaulipas.gob.mx\/desarrollorural\/wp-content\/uploads\/sites\/6\/2025\/06\/reglamento-de-la-ley-de-ganaderia-para-el-estado-de-tamaulipas.pdf\" target=\"_blank\" rel=\"noopener\"><i class=\"fa fa-file-pdf-o\"><\/i> Reglamento de la Ley de Ganader\u00eda para el Estado de Tamaulipas<\/a> U. Act. 18\/06\/2025<\/li>\n<li><a href=\"https:\/\/www.tamaulipas.gob.mx\/desarrollorural\/wp-content\/uploads\/sites\/6\/2024\/01\/reglamento-interior-sdrypa-2023.pdf\" target=\"_blank\" rel=\"noopener\"><i class=\"fa fa-file-pdf-o\"><\/i> Reglamento Interior de la Secretaria de Desarrollo Rural, Pesca y Acuacultura<\/a> U. Act. 04\/12\/2023<\/li>\n<li><a href=\"https:\/\/www.tamaulipas.gob.mx\/desarrollorural\/wp-content\/uploads\/sites\/6\/2026\/03\/reg_lgdfs_09-12-20.pdf\" target=\"_blank\" rel=\"noopener\"><i class=\"fa fa-file-pdf-o\"><\/i> Reglamento de la Ley General de Desarrollo Forestal Sustentable<\/a> U. Act. 09\/12\/2020<\/li>\n<li><a href=\"https:\/\/www.tamaulipas.gob.mx\/desarrollorural\/wp-content\/uploads\/sites\/6\/2019\/10\/reglamento-de-la-ley-de-desarrollo-forestal-sustentable-para-el-estado-de-tamaulipas.pdf\" target=\"_blank\" rel=\"noopener noreferrer\"><i class=\"fa fa-file-pdf-o\"><\/i> Reglamento de la Ley de Desarrollo Forestal Sustentable para el Estado de Tamaulipas<\/a> U. Act. 16\/10\/2013<\/li>\n<li><a href=\"https:\/\/www.tamaulipas.gob.mx\/desarrollorural\/wp-content\/uploads\/sites\/6\/2019\/10\/reglamento-de-la-ley-general-de-salud-en-materia-de-sanidad-internacional.pdf\" target=\"_blank\" rel=\"noopener noreferrer\"><i class=\"fa fa-file-pdf-o\"><\/i> Reglamento de la Ley General de Salud en Materia de Sanidad Internacional<\/a> U. Act. 10\/07\/1985<\/li>\n<li><a href=\"https:\/\/www.tamaulipas.gob.mx\/desarrollorural\/wp-content\/uploads\/sites\/6\/2023\/07\/reglas-de-integridad-para-el-ejercicio-de-la-funcion-publica_2023.pdf\" target=\"_blank\" rel=\"noopener\"><i class=\"fa fa-file-pdf-o\"><\/i> Reglas de Integridad para el Ejercicio de la Funci\u00f3n P\u00fablica<\/a> U. Act. 25\/01\/2022<\/li>\n<li><a href=\"https:\/\/www.tamaulipas.gob.mx\/desarrollorural\/wp-content\/uploads\/sites\/6\/2026\/03\/73-codigo-para-el-desarrollo-sustentable-del-estado-de-tamaulipas-12-feb-2025-.pdf\" target=\"_blank\" rel=\"noopener\"><i class=\"fa fa-file-pdf-o\"><\/i> C\u00f3digo para el Desarrollo Sustentable del Estado de Tamaulipas<\/a> U. Act. 12\/02\/2025<\/li>\n<li><a href=\"https:\/\/www.tamaulipas.gob.mx\/desarrollorural\/wp-content\/uploads\/sites\/6\/2019\/10\/programa-estratgico-forestal-del-estado-de-tamaulipas-2006-2025.pdf\" target=\"_blank\" rel=\"noopener noreferrer\"><i class=\"fa fa-file-pdf-o\"><\/i> Programa Estrat\u00e9gico Forestal del Estado de Tamaulipas 2006-2025<\/a> U. Act. 2006-2025<\/li>\n<li><a href=\"https:\/\/www.tamaulipas.gob.mx\/desarrollorural\/wp-content\/uploads\/sites\/6\/2024\/12\/m.p.p-secretaria-de-desarrollo-rural-pesca-y-acuacultura.pdf\" target=\"_blank\" rel=\"noopener\"><i class=\"fa fa-file-pdf-o\"><\/i> Manual de Perfiles de Puestos de la Secretar\u00eda de Desarrollo Rural, Pesca y Acuacultura <\/a>U. Act. nov. 2024<\/li>\n<li><a href=\"https:\/\/www.tamaulipas.gob.mx\/desarrollorural\/wp-content\/uploads\/sites\/6\/2024\/08\/manual-de-organizacion-sdrpya-15-de-agosto-2024.pdf\" target=\"_blank\" rel=\"noopener\"><i class=\"fa fa-file-pdf-o\"><\/i> Manual de Organizaci\u00f3n de la Secretar\u00eda de Desarrollo Rural, Pesca y Acuacultura<\/a> U. Act. 15\/08\/2024<\/li>\n<li><a href=\"https:\/\/www.tamaulipas.gob.mx\/desarrollorural\/wp-content\/uploads\/sites\/6\/2025\/11\/manual-de-procedimientos-de-la-sdrpya-2025.pdf\" target=\"_blank\" rel=\"noopener\"><i class=\"fa fa-file-pdf-o\"><\/i> Manual de Procedimientos de la Secretar\u00eda de Desarrollo Rural, Pesca y Acuacultura<\/a> U. Act. 29\/10\/2025<\/li>\n<\/ul>\n<\/div>\n\t\t\t\t<\/div>\n\t\t\t<\/div>\n<\/div>\n","protected":false},"excerpt":{"rendered":"<p>Este apartado pretende dar a conocer todas las leyes y normatividad que existen en todos los sectores agr\u00edcolas, pecuarios, forestales y pesqueros.<\/p>\n","protected":false},"author":8,"featured_media":0,"parent":0,"menu_order":0,"comment_status":"closed","ping_status":"closed","template":"","meta":{"footnotes":""},"class_list":["post-168","page","type-page","status-publish","hentry"],"publishpress_future_action":{"enabled":false,"date":"2026-04-28 10:01:57","action":"change-status","newStatus":"draft","terms":[],"taxonomy":""},"_links":{"self":[{"href":"https:\/\/www.tamaulipas.gob.mx\/desarrollorural\/wp-json\/wp\/v2\/pages\/168"}],"collection":[{"href":"https:\/\/www.tamaulipas.gob.mx\/desarrollorural\/wp-json\/wp\/v2\/pages"}],"about":[{"href":"https:\/\/www.tamaulipas.gob.mx\/desarrollorural\/wp-json\/wp\/v2\/types\/page"}],"author":[{"embeddable":true,"href":"https:\/\/www.tamaulipas.gob.mx\/desarrollorural\/wp-json\/wp\/v2\/users\/8"}],"replies":[{"embeddable":true,"href":"https:\/\/www.tamaulipas.gob.mx\/desarrollorural\/wp-json\/wp\/v2\/comments?post=168"}],"version-history":[{"count":155,"href":"https:\/\/www.tamaulipas.gob.mx\/desarrollorural\/wp-json\/wp\/v2\/pages\/168\/revisions"}],"predecessor-version":[{"id":7619,"href":"https:\/\/www.tamaulipas.gob.mx\/desarrollorural\/wp-json\/wp\/v2\/pages\/168\/revisions\/7619"}],"wp:attachment":[{"href":"https:\/\/www.tamaulipas.gob.mx\/desarrollorural\/wp-json\/wp\/v2\/media?parent=168"}],"curies":[{"name":"wp","href":"https:\/\/api.w.org\/{rel}","templated":true}]}}