{"id":1062,"date":"2017-02-28T11:53:52","date_gmt":"2017-02-28T17:53:52","guid":{"rendered":"http:\/\/www.tamaulipas.gob.mx\/desarrollorural\/?page_id=1062"},"modified":"2017-07-11T18:58:47","modified_gmt":"2017-07-11T23:58:47","slug":"formatos-2017","status":"publish","type":"page","link":"https:\/\/www.tamaulipas.gob.mx\/desarrollorural\/programas-de-apoyo\/programas-2017\/formatos-2017\/","title":{"rendered":"Formatos 2017"},"content":{"rendered":"<h3><\/h3>\n<h3>Programas en Concurrencia con las Entidades Federativas<\/h3>\n<ul>\n<li><span style=\"text-decoration: underline\"><a href=\"http:\/\/www.tamaulipas.gob.mx\/desarrollorural\/wp-content\/uploads\/sites\/6\/2017\/02\/anexo_i_conv_esp_adhes_2017.doc\"><i class=\"fa fa-file-word-o\"><\/i>\u00a0Anexo I Convenio Espec\u00edfico de Adhesi\u00f3n<\/a><\/span><\/li>\n<li><span style=\"text-decoration: underline\"><a href=\"http:\/\/www.tamaulipas.gob.mx\/desarrollorural\/wp-content\/uploads\/sites\/6\/2017\/02\/anexo_relacin_benef_directos_morales-2017.xls\"><i class=\"fa fa-file-excel-o\"><\/i> ANEXO Anexo del Convenio Espec\u00edfico de Adhesi\u00f3n (Relaci\u00f3n de Beneficiarios Morales)<\/a><\/span><\/li>\n<li><span style=\"text-decoration: underline\"><a href=\"http:\/\/www.tamaulipas.gob.mx\/desarrollorural\/wp-content\/uploads\/sites\/6\/2017\/02\/anexo_ii_finiquito_conv_esp_adehes_2017.doc\"><i class=\"fa fa-file-word-o\"><\/i> ANEXO II Finiquito del Convenio Espec\u00edfico de Adhesi\u00f3n<\/a><\/span><\/li>\n<li><span style=\"text-decoration: underline\"><a href=\"http:\/\/www.tamaulipas.gob.mx\/desarrollorural\/wp-content\/uploads\/sites\/6\/2017\/02\/acta_verif_2017.doc\"><i class=\"fa fa-file-word-o\"><\/i> Acta de Verificaci\u00f3n<\/a><\/span><\/li>\n<li><span style=\"text-decoration: underline\"><a href=\"http:\/\/www.tamaulipas.gob.mx\/desarrollorural\/wp-content\/uploads\/sites\/6\/2017\/02\/cesion_der_2017.doc\"><i class=\"fa fa-file-word-o\"><\/i> Cesi\u00f3n de Derechos<\/a><\/span><\/li>\n<li><span style=\"text-decoration: underline\"><a href=\"http:\/\/www.tamaulipas.gob.mx\/desarrollorural\/wp-content\/uploads\/sites\/6\/2017\/02\/aviso_term_obra_2017.doc\"><i class=\"fa fa-file-word-o\"><\/i> Aviso de Terminaci\u00f3n de Obra<\/a><\/span><\/li>\n<li><span style=\"text-decoration: underline\"><a href=\"http:\/\/www.tamaulipas.gob.mx\/desarrollorural\/wp-content\/uploads\/sites\/6\/2017\/02\/declaratoria_mat_seg_social_2017.doc\"><i class=\"fa fa-file-word-o\"><\/i> Declaratoria en Materia de Seguridad Social<\/a><\/span><\/li>\n<li><a href=\"http:\/\/www.tamaulipas.gob.mx\/desarrollorural\/wp-content\/uploads\/sites\/6\/2017\/07\/formato-desistimiento-2017-actualizado.docx\" target=\"_blank\" rel=\"noopener noreferrer\"><span style=\"text-decoration: underline\"><i class=\"fa fa-file-word-o\"><\/i> Formato de desistimiento de apoyo<\/span><\/a><\/li>\n<\/ul>\n<h3>Agr\u00edcola<\/h3>\n<ul>\n<li><span style=\"text-decoration: underline\"><a href=\"http:\/\/www.tamaulipas.gob.mx\/desarrollorural\/wp-content\/uploads\/sites\/6\/2017\/02\/proy_inversin_menores_30000_2017.doc\"><i class=\"fa fa-file-word-o\"><\/i> Gui\u00f3n Proyectos de Inversi\u00f3n con incentivos menores a $30,000<\/a><\/span><\/li>\n<li><a href=\"http:\/\/www.tamaulipas.gob.mx\/desarrollorural\/wp-content\/uploads\/sites\/6\/2017\/02\/proy_inversin_menores_400000_2017.doc\"><span style=\"text-decoration: underline\"><i class=\"fa fa-file-word-o\"><\/i> Gui\u00f3n Proyectos de Inversi\u00f3n con incentivos menores a $400,000<\/span><\/a><\/li>\n<li><a href=\"http:\/\/www.tamaulipas.gob.mx\/desarrollorural\/wp-content\/uploads\/sites\/6\/2017\/03\/anexo_ii_guin_unico_proy_inversion.doc\"><span style=\"text-decoration: underline\"><span style=\"text-decoration: underline\"><i class=\"fa fa-file-word-o\"><\/i> Anexo <\/span><\/span><span style=\"text-decoration: underline\">II Gui\u00f3n \u00danico para la Elaboraci\u00f3n de Proyectos de Inversi\u00f3n<\/span><\/a><\/li>\n<li><a href=\"http:\/\/www.tamaulipas.gob.mx\/desarrollorural\/wp-content\/uploads\/sites\/6\/2017\/03\/anexo_xix_guion_especifico_sist_riego.doc\"><span style=\"text-decoration: underline\"><i class=\"fa fa-file-word-o\"><\/i> Anexo XIX<\/span><span style=\"text-decoration: underline\"> Gui\u00f3n Espec\u00edfico para la Elaboraci\u00f3n de Sistemas de Riego Tecnificado<\/span><\/a><\/li>\n<li><span style=\"text-decoration: underline\"><a href=\"http:\/\/www.tamaulipas.gob.mx\/desarrollorural\/wp-content\/uploads\/sites\/6\/2017\/02\/checklist_per_morales_2017.doc\"><i class=\"fa fa-file-word-o\"><\/i> Checklist personas morales<\/a><\/span><\/li>\n<li><span style=\"text-decoration: underline\"><a href=\"http:\/\/www.tamaulipas.gob.mx\/desarrollorural\/wp-content\/uploads\/sites\/6\/2017\/02\/checklist_per_fisicas_2017.doc\"><i class=\"fa fa-file-word-o\"><\/i> Checklist personas fisicas<\/a><\/span><\/li>\n<\/ul>\n<h3>Ganader\u00eda<\/h3>\n<ul>\n<li><span style=\"text-decoration: underline\"><a href=\"http:\/\/www.tamaulipas.gob.mx\/desarrollorural\/wp-content\/uploads\/sites\/6\/2017\/02\/anexo_iv_guin_unico_proy_inv_ganaderia_2017.doc\"><i class=\"fa fa-file-word-o\"><\/i> Anexo IV Gui\u00f3n \u00fanico para proyectos mayores a $500,000<\/a><\/span><\/li>\n<li><a href=\"http:\/\/www.tamaulipas.gob.mx\/desarrollorural\/wp-content\/uploads\/sites\/6\/2017\/03\/check_list_personas_fisicas_morales.doc\" target=\"_blank\" rel=\"noopener noreferrer\"><span style=\"text-decoration: underline\"><i class=\"fa fa-file-word-o\"><\/i> Checklist personas fisicas y morales<\/span><\/a><\/li>\n<li><a href=\"http:\/\/www.tamaulipas.gob.mx\/desarrollorural\/wp-content\/uploads\/sites\/6\/2017\/03\/gan_equiv_2017.doc\"><span style=\"text-decoration: underline\"><i class=\"fa fa-file-word-o\"><\/i> Equivalencias<\/span><\/a><\/li>\n<\/ul>\n<h3>Pesca<\/h3>\n<ul>\n<li><a href=\"http:\/\/www.tamaulipas.gob.mx\/desarrollorural\/wp-content\/uploads\/sites\/6\/2017\/03\/anexo_ii_guin_unico_menores_250_2017.doc\"><span style=\"text-decoration: underline\"><i class=\"fa fa-file-word-o\"><\/i> Anexo II Gui\u00f3n \u00fanico para proyectos menores a $250,000<\/span><\/a><\/li>\n<li><a href=\"http:\/\/www.tamaulipas.gob.mx\/desarrollorural\/wp-content\/uploads\/sites\/6\/2017\/03\/anexo_ii_guin_unico_mayores_250_2017.doc\"><span style=\"text-decoration: underline\"><i class=\"fa fa-file-word-o\"><\/i> Anexo II Gui\u00f3n \u00fanico para proyectos mayores a $250,000<\/span><\/a><\/li>\n<li><a href=\"http:\/\/www.tamaulipas.gob.mx\/desarrollorural\/wp-content\/uploads\/sites\/6\/2017\/03\/checklist_pesca_per_fisicas_morales_2017.xls\"><span style=\"text-decoration: underline\"><i class=\"fa fa-file-excel-o\"><\/i> Checklist Pesca<\/span><\/a><\/li>\n<\/ul>\n<h3>Programa de Apoyos a Peque\u00f1os Productores<\/h3>\n<ul>\n<li><a href=\"http:\/\/www.tamaulipas.gob.mx\/desarrollorural\/wp-content\/uploads\/sites\/6\/2017\/04\/comp_ext_curriculum_2017.doc\"><span style=\"text-decoration: underline\"><i class=\"fa fa-file-word-o\"><\/i> Formato de Curriculum<\/span><\/a><\/li>\n<li><a href=\"http:\/\/www.tamaulipas.gob.mx\/desarrollorural\/wp-content\/uploads\/sites\/6\/2017\/04\/comp_ext_programa_trab_2017.xls\"><span style=\"text-decoration: underline\"><i class=\"fa fa-file-excel-o\"><\/i> Plan de Trabajo<\/span><\/a><\/li>\n<li><a href=\"http:\/\/www.tamaulipas.gob.mx\/desarrollorural\/wp-content\/uploads\/sites\/6\/2017\/04\/comp_ext_carta_compromiso_2017.doc\"><span style=\"text-decoration: underline\"><i class=\"fa fa-file-word-o\"><\/i> Carta Compromiso<\/span><\/a><\/li>\n<li><a href=\"http:\/\/www.tamaulipas.gob.mx\/desarrollorural\/wp-content\/uploads\/sites\/6\/2017\/04\/comp_ext_plan_estrateg_2017.pdf\" target=\"_blank\" rel=\"noopener noreferrer\"><span style=\"text-decoration: underline\"><i class=\"fa fa-file-pdf-o\"><\/i> Plan Estrat\u00e9gico<\/span><\/a><\/li>\n<li><a href=\"http:\/\/www.tamaulipas.gob.mx\/desarrollorural\/wp-content\/uploads\/sites\/6\/2017\/04\/cesion_der_2017.doc\"><span style=\"text-decoration: underline\"><i class=\"fa fa-file-word-o\"><\/i> Cesi\u00f3n de Derechos<\/span><\/a><\/li>\n<li><a href=\"http:\/\/www.tamaulipas.gob.mx\/desarrollorural\/wp-content\/uploads\/sites\/6\/2017\/04\/acta_int_2017.doc\"><span style=\"text-decoration: underline\"><i class=\"fa fa-file-word-o\"><\/i> Acta de Integraci\u00f3n de Grupo<\/span><\/a><\/li>\n<li><a href=\"http:\/\/www.tamaulipas.gob.mx\/desarrollorural\/wp-content\/uploads\/sites\/6\/2017\/04\/manif_2017.doc\"><span style=\"text-decoration: underline\"><i class=\"fa fa-file-word-o\"><\/i> Manifiesto<\/span><\/a><\/li>\n<li><a href=\"http:\/\/www.tamaulipas.gob.mx\/desarrollorural\/wp-content\/uploads\/sites\/6\/2017\/05\/anexo-i_solicitud_apoyo_prog_app.doc\"><span style=\"text-decoration: underline\"><i class=\"fa fa-file-word-o\"><\/i> Anexo I Solicitud de Apoyo<\/span><\/a><\/li>\n<li><a href=\"http:\/\/www.tamaulipas.gob.mx\/desarrollorural\/wp-content\/uploads\/sites\/6\/2017\/06\/anexo_ii-4914_2017.xlsx\"><span style=\"text-decoration: underline\"><i class=\"fa fa-file-excel-o\"><\/i> Anexo II Relaci\u00f3n de Solicitantes<\/span><\/a><\/li>\n<li><a href=\"http:\/\/www.tamaulipas.gob.mx\/desarrollorural\/wp-content\/uploads\/sites\/6\/2017\/05\/anexo_xxiii_declaratoria_mat_seg_social.pdf\" target=\"_blank\" rel=\"noopener noreferrer\"><span style=\"text-decoration: underline\"><i class=\"fa fa-file-pdf-o\"><\/i> Anexo XXIII Declaratoria en Materia de Seguridad Social<\/span><\/a><\/li>\n<\/ul>\n","protected":false},"excerpt":{"rendered":"<p>Programas en Concurrencia con las Entidades Federativas \u00a0Anexo I Convenio Espec\u00edfico de Adhesi\u00f3n ANEXO Anexo del Convenio Espec\u00edfico de Adhesi\u00f3n (Relaci\u00f3n de Beneficiarios Morales) ANEXO\u2026<\/p>\n","protected":false},"author":11,"featured_media":0,"parent":876,"menu_order":0,"comment_status":"closed","ping_status":"closed","template":"","meta":{"footnotes":""},"class_list":["post-1062","page","type-page","status-publish","hentry"],"publishpress_future_action":{"enabled":false,"date":"2026-04-28 12:53:41","action":"change-status","newStatus":"draft","terms":[],"taxonomy":""},"_links":{"self":[{"href":"https:\/\/www.tamaulipas.gob.mx\/desarrollorural\/wp-json\/wp\/v2\/pages\/1062"}],"collection":[{"href":"https:\/\/www.tamaulipas.gob.mx\/desarrollorural\/wp-json\/wp\/v2\/pages"}],"about":[{"href":"https:\/\/www.tamaulipas.gob.mx\/desarrollorural\/wp-json\/wp\/v2\/types\/page"}],"author":[{"embeddable":true,"href":"https:\/\/www.tamaulipas.gob.mx\/desarrollorural\/wp-json\/wp\/v2\/users\/11"}],"replies":[{"embeddable":true,"href":"https:\/\/www.tamaulipas.gob.mx\/desarrollorural\/wp-json\/wp\/v2\/comments?post=1062"}],"version-history":[{"count":28,"href":"https:\/\/www.tamaulipas.gob.mx\/desarrollorural\/wp-json\/wp\/v2\/pages\/1062\/revisions"}],"predecessor-version":[{"id":1605,"href":"https:\/\/www.tamaulipas.gob.mx\/desarrollorural\/wp-json\/wp\/v2\/pages\/1062\/revisions\/1605"}],"up":[{"embeddable":true,"href":"https:\/\/www.tamaulipas.gob.mx\/desarrollorural\/wp-json\/wp\/v2\/pages\/876"}],"wp:attachment":[{"href":"https:\/\/www.tamaulipas.gob.mx\/desarrollorural\/wp-json\/wp\/v2\/media?parent=1062"}],"curies":[{"name":"wp","href":"https:\/\/api.w.org\/{rel}","templated":true}]}}