{"id":86,"date":"2018-03-01T11:22:04","date_gmt":"2018-03-01T17:22:04","guid":{"rendered":"http:\/\/www.tamaulipas.gob.mx\/deporte\/?page_id=86"},"modified":"2023-04-25T11:44:07","modified_gmt":"2023-04-25T17:44:07","slug":"villa-olimpica-tamatan","status":"publish","type":"page","link":"https:\/\/www.tamaulipas.gob.mx\/deporte\/unidadesdeportivas\/villa-olimpica-tamatan\/","title":{"rendered":"Villa Ol\u00edmpica Tamat\u00e1n"},"content":{"rendered":"<p><img loading=\"lazy\" decoding=\"async\" class=\"img-responsive alignnone wp-image-247 size-full\" src=\"http:\/\/www.tamaulipas.gob.mx\/deporte\/wp-content\/uploads\/sites\/18\/2018\/03\/ud_0000_villa-olimpica-.jpg\" alt=\"\" width=\"1140\" height=\"300\" \/><\/p>\n<div class=\"row mb30\">\n<div class=\"col-md-6\">\n<div class=\"embed-responsive  embed-responsive-4by3\"><iframe loading=\"lazy\" style=\"border: 0;\" src=\"https:\/\/www.google.com\/maps\/embed?pb=!1m18!1m12!1m3!1d17823.218116639655!2d-99.18179209423477!3d23.717376996455254!2m3!1f0!2f0!3f0!3m2!1i1024!2i768!4f13.1!3m3!1m2!1s0x867952dca1a1a79d%3A0xbde0d250b7c78e86!2sUnidad+deportiva+Villa+olimpica!5e0!3m2!1ses!2smx!4v1525973393459\" width=\"600\" height=\"450\" frameborder=\"0\" allowfullscreen=\"allowfullscreen\" class=\" embed-responsive-item\"><\/iframe><\/div>\n<\/div>\n<div class=\"col-md-6\">\n<p>Direcci\u00f3n:\u00a0Entrada al Fracc. Luis Quintero s\/n, ex hacienda Tamat\u00e1n<br \/>\n<strong>Municipio:<\/strong> Victoria, Tamaulipas<br \/>\nTel\u00e9fonos:\u00a08343069657 y cel. 8341673408<br \/>\nHorario de atenci\u00f3n:\u00a0 08:00 a 16:00 hrs.<\/p>\n<\/div>\n<\/div>\n<div class=\"well well-lg\">\n<p>Infraestructura deportiva:<\/p>\n<ul>\n<li>1 campo de b\u00e9isbol praxedis balboa con capacidad para 3,200 personas<\/li>\n<li>1 campo de s\u00f3ftbol sint\u00e9tico<\/li>\n<li>1 campo de b\u00e9isbol infantil T. ball 3 y 4 a\u00f1os<\/li>\n<li>1 campo de b\u00e9isbol infantil moyote y pre moyote 7 y 8 a\u00f1os<\/li>\n<li>1 campo de b\u00e9isbol infantil peque\u00f1a 11 y 12 a\u00f1os<\/li>\n<li>3 canchas de f\u00fatbol (2 y 3 divididas a la mitad)<\/li>\n<li>1 \u00e1rea de box (bajo gradas del praxedis)<\/li>\n<li>1 \u00e1rea de zumba (bajo gradas del praxedis)<\/li>\n<li>1 \u00e1rea de pesas (fuera de la villa) ed. Tecnol\u00f3gica.<\/li>\n<\/ul>\n<p>ENTRENAMIENTOS<\/p>\n<ul>\n<li>F\u00fatbol<\/li>\n<li>B\u00e9isbol<\/li>\n<li>S\u00f3ftbol<\/li>\n<li>Boxeo<\/li>\n<li>Pesas<\/li>\n<li>Zumba<\/li>\n<\/ul>\n<\/div>\n","protected":false},"excerpt":{"rendered":"","protected":false},"author":7,"featured_media":0,"parent":254,"menu_order":0,"comment_status":"closed","ping_status":"closed","template":"single-sin-sidebar.php","meta":{"footnotes":""},"class_list":["post-86","page","type-page","status-publish","hentry"],"publishpress_future_action":{"enabled":false,"date":"2026-05-12 10:22:18","action":"change-status","newStatus":"draft","terms":[],"taxonomy":""},"_links":{"self":[{"href":"https:\/\/www.tamaulipas.gob.mx\/deporte\/wp-json\/wp\/v2\/pages\/86"}],"collection":[{"href":"https:\/\/www.tamaulipas.gob.mx\/deporte\/wp-json\/wp\/v2\/pages"}],"about":[{"href":"https:\/\/www.tamaulipas.gob.mx\/deporte\/wp-json\/wp\/v2\/types\/page"}],"author":[{"embeddable":true,"href":"https:\/\/www.tamaulipas.gob.mx\/deporte\/wp-json\/wp\/v2\/users\/7"}],"replies":[{"embeddable":true,"href":"https:\/\/www.tamaulipas.gob.mx\/deporte\/wp-json\/wp\/v2\/comments?post=86"}],"version-history":[{"count":7,"href":"https:\/\/www.tamaulipas.gob.mx\/deporte\/wp-json\/wp\/v2\/pages\/86\/revisions"}],"predecessor-version":[{"id":4844,"href":"https:\/\/www.tamaulipas.gob.mx\/deporte\/wp-json\/wp\/v2\/pages\/86\/revisions\/4844"}],"up":[{"embeddable":true,"href":"https:\/\/www.tamaulipas.gob.mx\/deporte\/wp-json\/wp\/v2\/pages\/254"}],"wp:attachment":[{"href":"https:\/\/www.tamaulipas.gob.mx\/deporte\/wp-json\/wp\/v2\/media?parent=86"}],"curies":[{"name":"wp","href":"https:\/\/api.w.org\/{rel}","templated":true}]}}