{"id":5563,"date":"2025-08-22T12:29:19","date_gmt":"2025-08-22T18:29:19","guid":{"rendered":"https:\/\/www.tamaulipas.gob.mx\/deporte\/?page_id=5563"},"modified":"2025-08-22T12:31:10","modified_gmt":"2025-08-22T18:31:10","slug":"consciencia-en-movimiento-2","status":"publish","type":"page","link":"https:\/\/www.tamaulipas.gob.mx\/deporte\/consciencia-en-movimiento-2\/","title":{"rendered":"Consciencia en Movimiento"},"content":{"rendered":"<p>Mejora tu bienestar con el M\u00f3dulo de Medici\u00f3n \u00abConsciencia en Movimiento\u00bb<\/p>\n<p>\u00a1Ac\u00e9rcate y mide tu salud! Nuestro equipo est\u00e1 aqu\u00ed para apoyarte en tu camino hacia una vida m\u00e1s saludable y plena<\/p>\n<p>Ciudad Victoria.- Descubre el poder de una vida saludable, en la Unidad Deportiva Adolfo Ruiz Cortines, te invitamos a conocer tu estado f\u00edsico y tomar decisiones inteligentes para mejorar tu bienestar.<\/p>\n<p>Nuestro m\u00f3dulo de medici\u00f3n \u00abConsciencia en Movimiento\u00bb te ofrece la medici\u00f3n de indicadores de salud como Peso corporal, \u00cdndice de Masa Corporal (IMC), Circunferencia de cintura y cadera (ICC) y Orientaci\u00f3n b\u00e1sica para interpretar tus resultados.<\/p>\n<p>Los n\u00fameros no son para juzgarte, sino para darte informaci\u00f3n valiosa sobre tu salud. Tener claridad sobre tu estado f\u00edsico te ayuda a tomar decisiones inteligentes en tu alimentaci\u00f3n, ejercicio y descanso.<\/p>\n<p>Este es un espacio pensado para ti, accesible y sin costo, los horarios de atenci\u00f3n son de Lunes a viernes<br \/>\nde 7:00 am a 9:00 am y de 17:00 pm a 19:00 en la Unidad Deportiva Adolfo Ruiz Cortines.<\/p>\n<p>\u00bfQuieres esperar a sentirte mal para empezar a cuidarte&#8230; o prefieres anticiparte y mejorar desde hoy?<\/p>\n<p>\u00a1Ac\u00e9rcate y mide tu salud! Nuestro equipo est\u00e1 aqu\u00ed para apoyarte en tu camino hacia una vida m\u00e1s saludable y plena. \u00a1Te esperamos!<\/p>\n<p><a href=\"https:\/\/www.tamaulipas.gob.mx\/deporte\/wp-content\/uploads\/sites\/18\/2025\/08\/deportes.jpeg\"><img loading=\"lazy\" decoding=\"async\" class=\"alignnone size-full wp-image-5569\" src=\"https:\/\/www.tamaulipas.gob.mx\/deporte\/wp-content\/uploads\/sites\/18\/2025\/08\/deportes.jpeg\" alt=\"\" width=\"739\" height=\"415\" \/><\/a><\/p>\n","protected":false},"excerpt":{"rendered":"<p>Mejora tu bienestar con el M\u00f3dulo de Medici\u00f3n \u00abConsciencia en Movimiento\u00bb \u00a1Ac\u00e9rcate y mide tu salud! Nuestro equipo est\u00e1 aqu\u00ed para apoyarte en tu camino\u2026<\/p>\n","protected":false},"author":383,"featured_media":0,"parent":0,"menu_order":0,"comment_status":"closed","ping_status":"closed","template":"","meta":{"footnotes":""},"class_list":["post-5563","page","type-page","status-publish","hentry"],"publishpress_future_action":{"enabled":false,"date":"2026-04-11 00:13:58","action":"change-status","newStatus":"draft","terms":[],"taxonomy":""},"_links":{"self":[{"href":"https:\/\/www.tamaulipas.gob.mx\/deporte\/wp-json\/wp\/v2\/pages\/5563"}],"collection":[{"href":"https:\/\/www.tamaulipas.gob.mx\/deporte\/wp-json\/wp\/v2\/pages"}],"about":[{"href":"https:\/\/www.tamaulipas.gob.mx\/deporte\/wp-json\/wp\/v2\/types\/page"}],"author":[{"embeddable":true,"href":"https:\/\/www.tamaulipas.gob.mx\/deporte\/wp-json\/wp\/v2\/users\/383"}],"replies":[{"embeddable":true,"href":"https:\/\/www.tamaulipas.gob.mx\/deporte\/wp-json\/wp\/v2\/comments?post=5563"}],"version-history":[{"count":3,"href":"https:\/\/www.tamaulipas.gob.mx\/deporte\/wp-json\/wp\/v2\/pages\/5563\/revisions"}],"predecessor-version":[{"id":5570,"href":"https:\/\/www.tamaulipas.gob.mx\/deporte\/wp-json\/wp\/v2\/pages\/5563\/revisions\/5570"}],"wp:attachment":[{"href":"https:\/\/www.tamaulipas.gob.mx\/deporte\/wp-json\/wp\/v2\/media?parent=5563"}],"curies":[{"name":"wp","href":"https:\/\/api.w.org\/{rel}","templated":true}]}}