{"id":5393,"date":"2025-02-12T12:06:50","date_gmt":"2025-02-12T18:06:50","guid":{"rendered":"https:\/\/www.tamaulipas.gob.mx\/deporte\/?page_id=5393"},"modified":"2025-02-13T14:27:52","modified_gmt":"2025-02-13T20:27:52","slug":"estados-e-informes-financieros","status":"publish","type":"page","link":"https:\/\/www.tamaulipas.gob.mx\/deporte\/estados-e-informes-financieros\/","title":{"rendered":"Informes Financieros"},"content":{"rendered":"<p><span style=\"font-size: 24px;\"><strong>2024<\/strong><\/span><\/p>\n<p><span style=\"font-size: 16px;\">\u2022 1 er Trimestre<\/span><\/p>\n<p><span style=\"font-size: 16px;\">\u2022 2 do Trimestre<\/span><\/p>\n<p><span style=\"font-size: 16px;\">\u2022 3 er Trimestre<\/span><\/p>\n<p><span style=\"font-size: 16px;\">\u2022 4 to Trimestre<\/span><\/p>\n<p><span style=\"font-size: 20px;\"><strong>Informaci\u00f3n Contable<\/strong><\/span><\/p>\n<p><a href=\"https:\/\/www.tamaulipas.gob.mx\/deporte\/wp-content\/uploads\/sites\/18\/2025\/02\/1.-estado-de-situacion-financiera.pdf\">1.- Estado de situaci\u00f3n financiera<\/a><\/p>\n<p><a href=\"https:\/\/www.tamaulipas.gob.mx\/deporte\/wp-content\/uploads\/sites\/18\/2025\/02\/2.-estado-de-actividades.pdf\">2.- Estado de actividades<\/a><\/p>\n<p><a href=\"https:\/\/www.tamaulipas.gob.mx\/deporte\/wp-content\/uploads\/sites\/18\/2025\/02\/2.1-estado-de-actividades-analitico.pdf\">2.1- Estado de actividades anal\u00edtico<\/a><\/p>\n<p><a href=\"https:\/\/www.tamaulipas.gob.mx\/deporte\/wp-content\/uploads\/sites\/18\/2025\/02\/3.-estado-de-variacion-en-la-hacienda-publica.pdf\">3.- Estado de variaci\u00f3n en la hacienda publica<\/a><\/p>\n<p><a href=\"https:\/\/www.tamaulipas.gob.mx\/deporte\/wp-content\/uploads\/sites\/18\/2025\/02\/4.-estado-de-cambios-en-la-situacion-financiera.pdf\">4.- Estado de cambios en la situaci\u00f3n financiera<\/a><\/p>\n<p><a href=\"https:\/\/www.tamaulipas.gob.mx\/deporte\/wp-content\/uploads\/sites\/18\/2025\/02\/5.-estado-de-flujos-de-efectivo.pdf\">5.- Estado de flujos de efectivo<\/a><\/p>\n<p><a href=\"https:\/\/www.tamaulipas.gob.mx\/deporte\/wp-content\/uploads\/sites\/18\/2025\/02\/6.-estado-analitico-del-activo.pdf\">6.- Estado anal\u00edtico del activo<\/a><\/p>\n<p><a href=\"https:\/\/www.tamaulipas.gob.mx\/deporte\/wp-content\/uploads\/sites\/18\/2025\/02\/6.1-analitico-de-derechos-a-recibir-efectivo-o-equivalentes.pdf\">6.1- Anal\u00edtico de derechos a recibir efectivo o equivalentes<\/a><\/p>\n<p><a href=\"https:\/\/www.tamaulipas.gob.mx\/deporte\/wp-content\/uploads\/sites\/18\/2025\/02\/6.2-analitico-de-derechos-a-recibir-bienes-o-servicios.pdf\">6.2- Anal\u00edtico de derechos a recibir bienes o servicios<\/a><\/p>\n<p><a href=\"https:\/\/www.tamaulipas.gob.mx\/deporte\/wp-content\/uploads\/sites\/18\/2025\/02\/6.3-relacion-de-adquisiciones-de-bienes-muebles-e-inmuebles.pdf\">6.3- Relacion de adquisiciones de bienes muebles e inmuebles<\/a><\/p>\n<p><a href=\"https:\/\/www.tamaulipas.gob.mx\/deporte\/wp-content\/uploads\/sites\/18\/2025\/02\/7.-estado-analitico-de-la-deuda-y-otros-pasivos.pdf\">7.- Estado anal\u00edtico de la deuda y otros pasivos<\/a><\/p>\n<p><a href=\"https:\/\/www.tamaulipas.gob.mx\/deporte\/wp-content\/uploads\/sites\/18\/2025\/02\/7.1-reporte-analitico-del-pasivo.pdf\">7.1- Reporte anal\u00edtico del pasivo<\/a><\/p>\n<p><a href=\"https:\/\/www.tamaulipas.gob.mx\/deporte\/wp-content\/uploads\/sites\/18\/2025\/02\/7.2-analitico-de-cuentas-por-pagar-corto-y-largo-plazo.pdf\">7.2- Anal\u00edtico de cuentas por pagar corto y largo plazo<\/a><\/p>\n<p><a href=\"https:\/\/www.tamaulipas.gob.mx\/deporte\/wp-content\/uploads\/sites\/18\/2025\/02\/8.-informe-sobre-pasivos-contingentes.pdf\">8.- Informe sobre pasivos contingentes<\/a><\/p>\n<p><a href=\"https:\/\/www.tamaulipas.gob.mx\/deporte\/wp-content\/uploads\/sites\/18\/2025\/02\/9.-notas-a-los-estados-financieros.pdf\">9.- Notas a los estados financieros<\/a><\/p>\n<p><span style=\"font-size: 20px;\"><strong>Presupuestaria<\/strong><\/span><\/p>\n<p><a href=\"https:\/\/www.tamaulipas.gob.mx\/deporte\/wp-content\/uploads\/sites\/18\/2025\/02\/10.-estado-analitico-de-ingresos-por-rubro-de-ingresos-y-fuente-de-financiamiento.pdf\">10.- Estado anal\u00edtico de ingresos por rubro de ingresos y fuente de financiamiento<\/a><\/p>\n<p><a href=\"https:\/\/www.tamaulipas.gob.mx\/deporte\/wp-content\/uploads\/sites\/18\/2025\/02\/11.-estado-analitico-del-ejercicio-del-presupuesto-de-egresos-c.o.g.pdf\">11.- Estado anal\u00edtico del ejercicio del presupuesto de egresos c.o.g<\/a><\/p>\n<p><a href=\"https:\/\/www.tamaulipas.gob.mx\/deporte\/wp-content\/uploads\/sites\/18\/2025\/02\/11.1-reporte-analitico-del-ejercicio-prsupuesto-de-egresos-4to.-nivel.pdf\">11.1- Reporte anal\u00edtico del ejercicio presupuesto de egresos 4to nivel<\/a><\/p>\n<p><a href=\"https:\/\/www.tamaulipas.gob.mx\/deporte\/wp-content\/uploads\/sites\/18\/2025\/02\/12.-estado-analitico-del-ejercicio-del-presupuesto-de-egresos-clasificacion-economica.pdf\">12.- Estado anal\u00edtico del ejercicio del presupuesto de egresos clasificaci\u00f3n econ\u00f3mica<\/a><\/p>\n<p><a href=\"https:\/\/www.tamaulipas.gob.mx\/deporte\/wp-content\/uploads\/sites\/18\/2025\/02\/13.-estado-analitico-del-ejercicio-del-presupuesto-de-egresos-clasificacion-administrativa.pdf\">13.- Estado anal\u00edtico del ejercicio del presupuesto de egresos clasificaci\u00f3n administrativa<\/a><\/p>\n<p><a href=\"https:\/\/www.tamaulipas.gob.mx\/deporte\/wp-content\/uploads\/sites\/18\/2025\/02\/14.-estado-analitico-del-ejercicio-del-presupuesto-de-egresos-clasificacion-funcional.pdf\">14.- Estado anal\u00edtico del ejercicio del presupuesto de egresos clasificaci\u00f3n funcional<\/a><\/p>\n<p><a href=\"https:\/\/www.tamaulipas.gob.mx\/deporte\/wp-content\/uploads\/sites\/18\/2025\/02\/15.-endeudamiento-neto.pdf\">15.- Endeudamiento neto<\/a><\/p>\n<p><a href=\"https:\/\/www.tamaulipas.gob.mx\/deporte\/wp-content\/uploads\/sites\/18\/2025\/02\/16.-intereses-de-la-deuda.pdf\">16.- Intereses de la deuda<\/a><\/p>\n<p><a href=\"https:\/\/www.tamaulipas.gob.mx\/deporte\/wp-content\/uploads\/sites\/18\/2025\/02\/17.-deuda-publica.pdf\">17.- Deuda-publica<\/a><\/p>\n<p><span style=\"font-size: 20px;\"><strong>Program\u00e1tica<\/strong><\/span><\/p>\n<p><a href=\"https:\/\/www.tamaulipas.gob.mx\/deporte\/wp-content\/uploads\/sites\/18\/2025\/02\/18.-gastos-por-categorias-programaticas.pdf\">18.- Gastos por categor\u00edas program\u00e1ticas<\/a><\/p>\n<p><a href=\"https:\/\/www.tamaulipas.gob.mx\/deporte\/wp-content\/uploads\/sites\/18\/2025\/02\/19.-programas-y-proyectos-de-inversion.pdf\">19.- Programas y proyectos de inversi\u00f3n<\/a><\/p>\n<p><a href=\"https:\/\/www.tamaulipas.gob.mx\/deporte\/wp-content\/uploads\/sites\/18\/2025\/02\/20.-indicadores-de-resultados.pdf\">20.- Indicadores de resultados<\/a><\/p>\n<p><span style=\"font-size: 20px;\"><strong>Adicional<\/strong><\/span><\/p>\n<p><a href=\"https:\/\/www.tamaulipas.gob.mx\/deporte\/wp-content\/uploads\/sites\/18\/2025\/02\/21.-informe-y-avance-de-obras-publicas.pdf\">21.- Informe y avance de obras publicas<\/a><\/p>\n<p><a href=\"https:\/\/www.tamaulipas.gob.mx\/deporte\/wp-content\/uploads\/sites\/18\/2025\/02\/22.-factibilidades.pdf\">22.- Factibilidades<\/a><\/p>\n<p><span style=\"font-size: 20px;\"><strong>Disciplina Financiera<\/strong><\/span><\/p>\n<p><a href=\"https:\/\/www.tamaulipas.gob.mx\/deporte\/wp-content\/uploads\/sites\/18\/2025\/02\/1-estado-de-situacion-financiera-detallado-ldf.pdf\">1- Estado de situaci\u00f3n financiera detallado ldf<\/a><\/p>\n<p><a href=\"https:\/\/www.tamaulipas.gob.mx\/deporte\/wp-content\/uploads\/sites\/18\/2025\/02\/2-informe-analitico-de-la-deuda-publica-y-otros-pasivos-ldf.pdf\">2- Informe anal\u00edtico de la deuda publica y otros pasivos ldf<\/a><\/p>\n<p><a href=\"https:\/\/www.tamaulipas.gob.mx\/deporte\/wp-content\/uploads\/sites\/18\/2025\/02\/3-informe-analitico-de-obligaciones-diferentes-de-financiamiento-ldf.pdf\">3- Informe anal\u00edtico de obligaciones diferentes de financiamiento ldf<\/a><\/p>\n<p><a href=\"https:\/\/www.tamaulipas.gob.mx\/deporte\/wp-content\/uploads\/sites\/18\/2025\/02\/4-balance-presupuestario-ldf.pdf\">4- Balance presupuestario ldf<\/a><\/p>\n<p><a href=\"https:\/\/www.tamaulipas.gob.mx\/deporte\/wp-content\/uploads\/sites\/18\/2025\/02\/5-estado-analitico-de-ingresos-detallado-ldf.pdf\">5- Estado anal\u00edtico de ingresos detallado ldf<\/a><\/p>\n<p><a href=\"https:\/\/www.tamaulipas.gob.mx\/deporte\/wp-content\/uploads\/sites\/18\/2025\/02\/6a-estado-analitico-del-ejercicio-del-presupuesto-de-egresos-detallado-objeto-del-gasto.pdf\">6a- Estado anal\u00edtico del ejercicio del presupuesto de egresos detallado objeto del gasto<\/a><\/p>\n<p><a href=\"https:\/\/www.tamaulipas.gob.mx\/deporte\/wp-content\/uploads\/sites\/18\/2025\/02\/6b-estado-analitico-del-ejercicio-del-presupuesto-de-egresos-detallado-clasif.-administrativa.pdf\">6b- Estado anal\u00edtico del ejercicio del presupuesto de egresos detallado clasif. administrativa<\/a><\/p>\n<p><a href=\"https:\/\/www.tamaulipas.gob.mx\/deporte\/wp-content\/uploads\/sites\/18\/2025\/02\/6c-estado-analitico-del-ejercicio-del-presupuesto-de-egresos-detallado-clasif.-funcional.pdf\">6c- Estado anal\u00edtico del ejercicio del presupuesto de egresos detallado clasif. funcional<\/a><\/p>\n<p><a href=\"https:\/\/www.tamaulipas.gob.mx\/deporte\/wp-content\/uploads\/sites\/18\/2025\/02\/6d-estado-analitico-del-ejercicio-del-presupuesto-de-egresos-detallado-clasif.-de-servicios-personales-por-categoria.pdf\">6d estado anal\u00edtico del ejercicio del presupuesto de egresos detallado clasif. de servicios personales por categor\u00eda<\/a><\/p>\n<p><span style=\"font-size: 20px;\"><strong>Anexo<\/strong><\/span><\/p>\n<p><a href=\"https:\/\/www.tamaulipas.gob.mx\/deporte\/wp-content\/uploads\/sites\/18\/2025\/02\/dg-0057-2025-4-to-trimestre.pdf\">DG-0057-2025 4 to Trimestre<\/a><\/p>\n","protected":false},"excerpt":{"rendered":"<p>2024 \u2022 1 er Trimestre \u2022 2 do Trimestre \u2022 3 er Trimestre \u2022 4 to Trimestre Informaci\u00f3n Contable 1.- Estado de situaci\u00f3n financiera 2.-\u2026<\/p>\n","protected":false},"author":383,"featured_media":0,"parent":0,"menu_order":0,"comment_status":"closed","ping_status":"closed","template":"","meta":{"footnotes":""},"class_list":["post-5393","page","type-page","status-publish","hentry"],"publishpress_future_action":{"enabled":false,"date":"2026-04-11 00:14:26","action":"change-status","newStatus":"draft","terms":[],"taxonomy":""},"_links":{"self":[{"href":"https:\/\/www.tamaulipas.gob.mx\/deporte\/wp-json\/wp\/v2\/pages\/5393"}],"collection":[{"href":"https:\/\/www.tamaulipas.gob.mx\/deporte\/wp-json\/wp\/v2\/pages"}],"about":[{"href":"https:\/\/www.tamaulipas.gob.mx\/deporte\/wp-json\/wp\/v2\/types\/page"}],"author":[{"embeddable":true,"href":"https:\/\/www.tamaulipas.gob.mx\/deporte\/wp-json\/wp\/v2\/users\/383"}],"replies":[{"embeddable":true,"href":"https:\/\/www.tamaulipas.gob.mx\/deporte\/wp-json\/wp\/v2\/comments?post=5393"}],"version-history":[{"count":10,"href":"https:\/\/www.tamaulipas.gob.mx\/deporte\/wp-json\/wp\/v2\/pages\/5393\/revisions"}],"predecessor-version":[{"id":5463,"href":"https:\/\/www.tamaulipas.gob.mx\/deporte\/wp-json\/wp\/v2\/pages\/5393\/revisions\/5463"}],"wp:attachment":[{"href":"https:\/\/www.tamaulipas.gob.mx\/deporte\/wp-json\/wp\/v2\/media?parent=5393"}],"curies":[{"name":"wp","href":"https:\/\/api.w.org\/{rel}","templated":true}]}}