{"id":5224,"date":"2024-08-16T15:22:32","date_gmt":"2024-08-16T21:22:32","guid":{"rendered":"https:\/\/www.tamaulipas.gob.mx\/deporte\/?page_id=5224"},"modified":"2024-08-21T12:38:49","modified_gmt":"2024-08-21T18:38:49","slug":"informacion","status":"publish","type":"page","link":"https:\/\/www.tamaulipas.gob.mx\/deporte\/informacion\/","title":{"rendered":"Informaci\u00f3n"},"content":{"rendered":"<p><strong><span style=\"font-size: 20px;\">Informaci\u00f3n .-<\/span><\/strong><span style=\"font-size: 20px;\"> Alberca ol\u00edmpica y Pista de tart\u00e1n Marte R. Gomez<\/span><\/p>\n<p>&nbsp;<\/p>\n<p><em><span style=\"font-size: 32px;\">ALBERCA OL\u00cdMPICA<\/span><\/em><\/p>\n<p><a href=\"https:\/\/www.tamaulipas.gob.mx\/deporte\/wp-content\/uploads\/sites\/18\/2024\/08\/alberca.jpeg\"><img loading=\"lazy\" decoding=\"async\" class=\"alignnone size-full wp-image-5240\" src=\"https:\/\/www.tamaulipas.gob.mx\/deporte\/wp-content\/uploads\/sites\/18\/2024\/08\/alberca.jpeg\" alt=\"\" width=\"1200\" height=\"900\" \/><\/a><\/p>\n<p><strong>Horario matutino\u00a0<\/strong><\/p>\n<p>Lunes a viernes<\/p>\n<p>7:00 am &#8211; 8:00 am (P\u00fablico en general)<\/p>\n<p>8:00 am &#8211; 11:00 am (Acondicionamiento acu\u00e1tico)<\/p>\n<p>11:00 am &#8211; 12:00 pm (Alumnos nivel medio superior turno vespertino)<\/p>\n<p><strong>Horario Vespertino\u00a0<\/strong><\/p>\n<p>Lunes \u2013 mi\u00e9rcoles &#8211; viernes.<\/p>\n<p>4:00 \u2013 4:45 pm (Principiantes)<\/p>\n<p>4:50 \u2013 5:35 pm<\/p>\n<p>5:40 \u2013 6:25 pm<\/p>\n<p>6:30 \u2013 7:15 pm<\/p>\n<p>7:20 \u2013 8:05 pm<\/p>\n<p>&nbsp;<\/p>\n<p>Martes y jueves.<\/p>\n<p>4:00 \u2013 4:45 pm (Inicial y Principiante)<\/p>\n<p>4:50 \u2013 5:35 pm<\/p>\n<p>5:40 \u2013 6:25 pm<\/p>\n<p>6:30 \u2013 7:15 pm<\/p>\n<p>7:20 \u2013 8:05 pm (Adultos inicial y Principiantes)<\/p>\n<p>&nbsp;<\/p>\n<p><em><span style=\"font-size: 20px;\"><strong>Requisitos<\/strong><\/span><\/em><\/p>\n<p>A) Certificado m\u00e9dico.<\/p>\n<p>Es necesario indicar que el usuario es apto para realizar la actividad f\u00edsica de la nataci\u00f3n mediante un m\u00e9dico general o especialista.<\/p>\n<p>a) solicitud y formato de autorizaci\u00f3n (carta responsiva).<\/p>\n<p>Este formato es necesario para deslindar responsabilidades en el uso de la alberca o instalaciones de las mismas, debe ir firmado por madre o padre de familia.<\/p>\n<p>b) Dos fotograf\u00edas tama\u00f1o infantil que ser\u00e1n utilizadas para un control interno de usuarios de la alberca, una ser\u00e1\u00a0 para credencial y otra para un roster del instituto del deporte<\/p>\n<p>B) Indumentaria e implementos de uso para nadadores.<\/p>\n<p>&#8211;\u00a0\u00a0\u00a0\u00a0\u00a0\u00a0\u00a0Traje de ba\u00f1o (licra)<\/p>\n<p>&#8211;\u00a0\u00a0\u00a0\u00a0\u00a0\u00a0\u00a0Gorro para nataci\u00f3n<\/p>\n<p>&#8211;\u00a0\u00a0\u00a0\u00a0\u00a0\u00a0\u00a0Googlees<\/p>\n<p>&#8211;\u00a0\u00a0\u00a0\u00a0\u00a0\u00a0\u00a0Sandalias o zapatillas para alberca (limpias, sobre todo la suela).<\/p>\n<p>&#8211;\u00a0\u00a0\u00a0\u00a0\u00a0\u00a0\u00a0Toalla<\/p>\n<p><span style=\"font-size: 20px;\"><strong>Informes e inscripci\u00f3<\/strong><\/span><span style=\"font-size: 20px;\"><strong>nes a los tel\u00e9fonos (834)31-4-23-98.<\/strong><\/span><\/p>\n<p>&nbsp;<\/p>\n<p><span style=\"font-size: 20px;\"><em><strong>Reglamento<\/strong><\/em><\/span><\/p>\n<p>1.- El horario de servicios es de 07:00 a 20:00 hrs. De martes a domingo.<\/p>\n<p>2.- Sin excepci\u00f3n el usuario deber\u00e1 presentar su credencial para tener acceso al \u00e1rea.<\/p>\n<p>3.- El uso de traje de ba\u00f1o y toalla es obligatorio, para ingresar a la alberca.<\/p>\n<p>4.- Por higiene deber\u00e1 ducharse antes de ingresar a la alberca.<\/p>\n<p>5.- Queda prohibido el uso de bloqueador y bronceador solar en el \u00e1rea.<\/p>\n<p>6.- Para prevenir accidentes, queda prohibido correr alrededor de la alberca.<\/p>\n<p>7.- Est\u00e1 prohibida la introducci\u00f3n de alimentos, objetos cortantes, balsas o flotadores que limiten el espacio a otros.<\/p>\n<p>8.- El usuario se har\u00e1 responsable de sus pertenencias.<\/p>\n<p>9.- Se proh\u00edbe el uso de playeras, camisetas de algod\u00f3n y prendas de mezclilla o vestimenta no adecuada para el uso de la alberca.<\/p>\n<p>10.- En caso de enfermedad del usuario debera notificar y este debe suspender su actividad hasta su completa recuperaci\u00f3n.<\/p>\n<p>11.- Por su seguridad se recomienda que la \u00faltima ingesta de alimentos sea 2 horas antes.<\/p>\n<p>12.- Omisi\u00f3n o falta de cumplimiento de este reglamento es motivo de desalojo del recinto.<\/p>\n<p><span style=\"font-size: 32px;\"><em>PISTA DE TART\u00c1N ESTADIO MARTE R. G\u00d3MEZ<\/em><\/span><\/p>\n<p><a href=\"https:\/\/www.tamaulipas.gob.mx\/deporte\/wp-content\/uploads\/sites\/18\/2024\/08\/pista.jpeg\"><img loading=\"lazy\" decoding=\"async\" class=\"alignnone size-full wp-image-5241\" src=\"https:\/\/www.tamaulipas.gob.mx\/deporte\/wp-content\/uploads\/sites\/18\/2024\/08\/pista.jpeg\" alt=\"\" width=\"1200\" height=\"900\" \/><\/a><\/p>\n<p><em><strong>Horario:\u00a0<\/strong><\/em><\/p>\n<p>Lun- vie: 5:00 a.m. a 16:00 hrs. (P\u00fablico en general)<\/p>\n<p>Lun- vie: 16:00 hrs.\u00a0a 19:00 hrs. (Atletas de alto rendimiento)<\/p>\n<p>Lun- vie: 19:00 hrs. a 22:00 hrs. (P\u00fablico en general)<\/p>\n<p>Sab y dom: 6:00 a.m. a 22:00 hrs. (Entrada general)<\/p>\n<p>Indumentaria necesaria: Ropa deportiva y zapato tenis.<\/p>\n<p><strong>REGLAMENTOS:<\/strong><\/p>\n<ul>\n<li>Carriles 1,2 y 3 para atletas de alto rendimiento<\/li>\n<li>Carriles 4,5 y 6 para personas que desean trotar<\/li>\n<li>Carriles 7 y 8 personas que desean caminar, adultos mayores y personas con capacidades diferentes.<\/li>\n<li>No usar o pisar el campo de futbol soccer<\/li>\n<li>No se permite la entrada a ni\u00f1os menores de 4 a\u00f1os, a menos de que est\u00e9 acompa\u00f1ado de un adulto.<\/li>\n<li>No se permite la entrada con alimentos, bebidas, bicicletas, patines, carriolas o mascotas.<\/li>\n<li>Solamente est\u00e1 permitido el uso de pista y escaleras laterales.<\/li>\n<li>Prohibido quitarse la playera<\/li>\n<li>No tirar chicles, no escupir en la pista ni en las fosas de salto.<\/li>\n<li>Prohibido tirar basura<\/li>\n<li>Respetar el reglamento<\/li>\n<\/ul>\n<p><strong>Tel. INFORMES:<\/strong><\/p>\n<p><strong>834-314-23-98 <\/strong>Departamento de Desarrollo del Deporte<\/p>\n<p>&nbsp;<\/p>\n","protected":false},"excerpt":{"rendered":"<p>Informaci\u00f3n .- Alberca ol\u00edmpica y Pista de tart\u00e1n Marte R. Gomez &nbsp; ALBERCA OL\u00cdMPICA Horario matutino\u00a0 Lunes a viernes 7:00 am &#8211; 8:00 am (P\u00fablico\u2026<\/p>\n","protected":false},"author":383,"featured_media":0,"parent":0,"menu_order":0,"comment_status":"closed","ping_status":"closed","template":"","meta":{"footnotes":""},"class_list":["post-5224","page","type-page","status-publish","hentry"],"publishpress_future_action":{"enabled":false,"date":"2026-05-16 10:37:36","action":"change-status","newStatus":"draft","terms":[],"taxonomy":""},"_links":{"self":[{"href":"https:\/\/www.tamaulipas.gob.mx\/deporte\/wp-json\/wp\/v2\/pages\/5224"}],"collection":[{"href":"https:\/\/www.tamaulipas.gob.mx\/deporte\/wp-json\/wp\/v2\/pages"}],"about":[{"href":"https:\/\/www.tamaulipas.gob.mx\/deporte\/wp-json\/wp\/v2\/types\/page"}],"author":[{"embeddable":true,"href":"https:\/\/www.tamaulipas.gob.mx\/deporte\/wp-json\/wp\/v2\/users\/383"}],"replies":[{"embeddable":true,"href":"https:\/\/www.tamaulipas.gob.mx\/deporte\/wp-json\/wp\/v2\/comments?post=5224"}],"version-history":[{"count":24,"href":"https:\/\/www.tamaulipas.gob.mx\/deporte\/wp-json\/wp\/v2\/pages\/5224\/revisions"}],"predecessor-version":[{"id":5270,"href":"https:\/\/www.tamaulipas.gob.mx\/deporte\/wp-json\/wp\/v2\/pages\/5224\/revisions\/5270"}],"wp:attachment":[{"href":"https:\/\/www.tamaulipas.gob.mx\/deporte\/wp-json\/wp\/v2\/media?parent=5224"}],"curies":[{"name":"wp","href":"https:\/\/api.w.org\/{rel}","templated":true}]}}