{"id":2030,"date":"2019-01-31T16:03:17","date_gmt":"2019-01-31T22:03:17","guid":{"rendered":"https:\/\/www.tamaulipas.gob.mx\/deporte\/?page_id=2030"},"modified":"2024-05-21T09:59:24","modified_gmt":"2024-05-21T15:59:24","slug":"codigo-de-etica","status":"publish","type":"page","link":"https:\/\/www.tamaulipas.gob.mx\/deporte\/codigo-de-etica\/","title":{"rendered":"C\u00f3digo de Conducta"},"content":{"rendered":"<p>&nbsp;<\/p>\n<p><a href=\"https:\/\/www.tamaulipas.gob.mx\/deporte\/wp-content\/uploads\/sites\/18\/2024\/05\/codigo-de-etica-conducta-y-prevencion-de-conflictos-de-interes-del-inde.-publicado-en-p.o.pdf\">C\u00f3digo-de-\u00e9tica-conducta-y-prevenci\u00f3n-de-conflictos-de-interes-del-inde.<\/a><\/p>\n<p>&nbsp;<\/p>\n<p><a href=\"https:\/\/www.tamaulipas.gob.mx\/deporte\/wp-content\/uploads\/sites\/18\/2024\/05\/codigo-de-etica-p.o.pdf\">C\u00f3digo-de-\u00e9tica-P.O<\/a><\/p>\n","protected":false},"excerpt":{"rendered":"<p>&nbsp; C\u00f3digo-de-\u00e9tica-conducta-y-prevenci\u00f3n-de-conflictos-de-interes-del-inde. &nbsp; C\u00f3digo-de-\u00e9tica-P.O<\/p>\n","protected":false},"author":1,"featured_media":0,"parent":0,"menu_order":0,"comment_status":"closed","ping_status":"closed","template":"","meta":{"footnotes":""},"class_list":["post-2030","page","type-page","status-publish","hentry"],"publishpress_future_action":{"enabled":false,"date":"2026-04-11 02:00:06","action":"change-status","newStatus":"draft","terms":[],"taxonomy":""},"_links":{"self":[{"href":"https:\/\/www.tamaulipas.gob.mx\/deporte\/wp-json\/wp\/v2\/pages\/2030"}],"collection":[{"href":"https:\/\/www.tamaulipas.gob.mx\/deporte\/wp-json\/wp\/v2\/pages"}],"about":[{"href":"https:\/\/www.tamaulipas.gob.mx\/deporte\/wp-json\/wp\/v2\/types\/page"}],"author":[{"embeddable":true,"href":"https:\/\/www.tamaulipas.gob.mx\/deporte\/wp-json\/wp\/v2\/users\/1"}],"replies":[{"embeddable":true,"href":"https:\/\/www.tamaulipas.gob.mx\/deporte\/wp-json\/wp\/v2\/comments?post=2030"}],"version-history":[{"count":15,"href":"https:\/\/www.tamaulipas.gob.mx\/deporte\/wp-json\/wp\/v2\/pages\/2030\/revisions"}],"predecessor-version":[{"id":5011,"href":"https:\/\/www.tamaulipas.gob.mx\/deporte\/wp-json\/wp\/v2\/pages\/2030\/revisions\/5011"}],"wp:attachment":[{"href":"https:\/\/www.tamaulipas.gob.mx\/deporte\/wp-json\/wp\/v2\/media?parent=2030"}],"curies":[{"name":"wp","href":"https:\/\/api.w.org\/{rel}","templated":true}]}}