{"id":15,"date":"2018-02-12T13:21:09","date_gmt":"2018-02-12T19:21:09","guid":{"rendered":"http:\/\/www.tamaulipas.gob.mx\/deporte\/?page_id=15"},"modified":"2018-02-12T13:21:09","modified_gmt":"2018-02-12T19:21:09","slug":"estrategias-y-lineas-de-accion","status":"publish","type":"page","link":"https:\/\/www.tamaulipas.gob.mx\/deporte\/estrategias-y-lineas-de-accion\/","title":{"rendered":"Estrategias y Lineas de Acci\u00f3n"},"content":{"rendered":"<p><strong>Estrategias<\/strong><\/p>\n<p>Impulsar un verdadero apoyo al deporte como una forma de mantener saludable a la poblaci\u00f3n, para lo cual se promover\u00e1n eventos deportivos masivos y se dar\u00e1n m\u00e1s apoyos al deporte de alto rendimiento. Adicionalmente, organizar eventos relevantes a nivel nacional e internacional que promuevan la pr\u00e1ctica deportiva en todos los sectores sociales.<\/p>\n<p>&nbsp;<\/p>\n<p><strong>L\u00edneas de acci\u00f3n:<\/strong><\/p>\n<ul>\n<li>Ampliar la infraestructura y los espacios deportivos para programar eventos mensuales con la participaci\u00f3n de ni\u00f1os, j\u00f3venes, personas con discapacidad y p\u00fablico en general.<\/li>\n<li>Fomentar e impulsar la pr\u00e1ctica del deporte y la activaci\u00f3n f\u00edsica como una forma de mantener saludable a la poblaci\u00f3n. <\/li>\n<li>Promover eventos deportivos masivos e impulsar la creaci\u00f3n de un Marat\u00f3n Internacional por Tamaulipas.<\/li>\n<li>Impartir cursos y talleres para mejorar el desempe\u00f1o de los entrenadores y deportistas de alto rendimiento.<\/li>\n<li>Fomentar la pr\u00e1ctica del deporte de alto rendimiento como medio para la mejora y fortalecimiento del tejido social. <\/li>\n<li>Generar condiciones para mejorar el desempe\u00f1o de las y los deportistas de alto rendimiento y sus entrenadores. <\/li>\n<li>Diversificar la promoci\u00f3n deportiva en Tamaulipas, para la identificaci\u00f3n, seguimiento y preparaci\u00f3n especializada de talentos en las distintas disciplinas deportivas. <\/li>\n<\/ul>\n","protected":false},"excerpt":{"rendered":"<p>Estrategias Impulsar un verdadero apoyo al deporte como una forma de mantener saludable a la poblaci\u00f3n, para lo cual se promover\u00e1n eventos deportivos masivos y\u2026<\/p>\n","protected":false},"author":7,"featured_media":0,"parent":0,"menu_order":0,"comment_status":"closed","ping_status":"closed","template":"","meta":{"footnotes":""},"class_list":["post-15","page","type-page","status-publish","hentry"],"publishpress_future_action":{"enabled":false,"date":"2026-04-11 00:14:27","action":"change-status","newStatus":"draft","terms":[],"taxonomy":""},"_links":{"self":[{"href":"https:\/\/www.tamaulipas.gob.mx\/deporte\/wp-json\/wp\/v2\/pages\/15"}],"collection":[{"href":"https:\/\/www.tamaulipas.gob.mx\/deporte\/wp-json\/wp\/v2\/pages"}],"about":[{"href":"https:\/\/www.tamaulipas.gob.mx\/deporte\/wp-json\/wp\/v2\/types\/page"}],"author":[{"embeddable":true,"href":"https:\/\/www.tamaulipas.gob.mx\/deporte\/wp-json\/wp\/v2\/users\/7"}],"replies":[{"embeddable":true,"href":"https:\/\/www.tamaulipas.gob.mx\/deporte\/wp-json\/wp\/v2\/comments?post=15"}],"version-history":[{"count":1,"href":"https:\/\/www.tamaulipas.gob.mx\/deporte\/wp-json\/wp\/v2\/pages\/15\/revisions"}],"predecessor-version":[{"id":16,"href":"https:\/\/www.tamaulipas.gob.mx\/deporte\/wp-json\/wp\/v2\/pages\/15\/revisions\/16"}],"wp:attachment":[{"href":"https:\/\/www.tamaulipas.gob.mx\/deporte\/wp-json\/wp\/v2\/media?parent=15"}],"curies":[{"name":"wp","href":"https:\/\/api.w.org\/{rel}","templated":true}]}}