{"id":9,"date":"2017-07-11T11:21:55","date_gmt":"2017-07-11T16:21:55","guid":{"rendered":"http:\/\/www.tamaulipas.gob.mx\/defensoriapublica\/?page_id=9"},"modified":"2026-01-23T12:47:13","modified_gmt":"2026-01-23T18:47:13","slug":"conocenos","status":"publish","type":"page","link":"https:\/\/www.tamaulipas.gob.mx\/defensoriapublica\/conocenos\/","title":{"rendered":"Con\u00f3cenos"},"content":{"rendered":"<p><strong>MISI\u00d3N:<\/strong><br \/>\n<span style=\"font-weight: 400;\">Somos un organismo desconcentrado de la Secretaria General de Gobierno, en el cual el servicio de la defensor\u00eda publica es de orden p\u00fablico y de inter\u00e9s social, gratuito para quien as\u00ed lo solicite en condiciones de vulnerabilidad, proporcionando los servicios de orientaci\u00f3n jur\u00eddica, asesor\u00edas, patrocinios en materia civil, familiar, mercantil, juicio de amparo y la defensa en materia penal y en justicia para adolescentes.<\/span><\/p>\n<p><strong>VISI\u00d3N:<\/strong><br \/>\n<span style=\"font-weight: 400;\">Ser un Instituto garante de la defensa penal y asesor\u00edas jur\u00eddicas a la ciudadan\u00eda en condiciones vulnerables que as\u00ed lo soliciten, asegurando respetar las atribuciones conferidas dentro de nuestro maco legal, Ley de la Defensor\u00eda P\u00fablica para el Estado de Tamaulipas, de manera oportuna, eficaz, eficiente, y gratuita. Bajo los principios de gratitud, calidad, profesionalismo, obligatoriedad, legalidad, honradez, prioridad, confidencialidad.<\/span><\/p>\n<p>&nbsp;<\/p>\n<div class=\"table-responsive\"><table style=\"border-collapse: collapse; width: 99.855%; height: 312px;\" class=\" table table-gobtam\"><thead><tr style=\"height: 24px;\"><td style=\"width: 25%; height: 24px; text-align: center;\"><span style=\"font-size: 20px;\"><strong>Nombre<\/strong><\/span><\/td>\n<td style=\"width: 25%; height: 24px; text-align: center;\"><span style=\"font-size: 20px;\"><strong>Cargo<\/strong><\/span><\/td>\n<td style=\"width: 25%; height: 24px; text-align: center;\"><span style=\"font-size: 20px;\"><strong>Contacto<\/strong><\/span><\/td>\n<\/tr><\/thead><tbody><tr style=\"height: 72px;\"><td style=\"width: 25%; height: 72px;\">\n<p style=\"text-align: center;\"><b>MTRA. ROXANA GUERRERO GALV&#xC1;N<\/b><\/p>\n<\/td>\n<td style=\"width: 25%; height: 72px;\">\n<p style=\"text-align: center;\"><span style=\"font-weight: 400;\">Directora General Del Instituto de Defensor&#xED;a P&#xFA;blica Del Estado de Tamaulipas<\/span><\/p>\n<\/td>\n<td style=\"width: 25%; height: 72px;\">\n<p style=\"text-align: center;\"><span style=\"font-weight: 400;\">&#xA0;(834)1078193<\/span><\/p>\n<p style=\"text-align: center;\"><span style=\"font-weight: 400;\">Extensi&#xF3;n 57401<\/span><\/p>\n<p style=\"text-align: center;\"><a href=\"about:blank\"><span style=\"font-weight: 400;\">direcci&#xF3;ngeneralidpet@tamaulipas.gob.mx<\/span><\/a><\/p>\n<\/td>\n<\/tr><tr style=\"height: 72px;\"><td style=\"width: 25%; height: 72px; text-align: center;\"><b>MTRA. JULIETA ELENA MART&#xCD;NEZ TREJO&#xA0;&#xA0;<\/b><\/td>\n<td style=\"width: 25%; height: 72px; text-align: center;\"><span style=\"font-weight: 400;\">Directora de Asesor&#xED;as y Capacitaci&#xF3;n<\/span><\/td>\n<td style=\"width: 25%; height: 72px; text-align: center;\"><span style=\"font-weight: 400;\">(834)1078193<\/span>\n<p><span style=\"font-weight: 400;\">Extensi&#xF3;n 57407<\/span><\/p>\n<p><a href=\"mailto:asesoriasjuridicasidpet@tamaulipas.gob.mx\"><span style=\"font-weight: 400;\">asesoriasjuridicasidpet@tamaulipas.gob.mx<\/span><\/a><\/p><\/td>\n<\/tr><tr style=\"height: 72px;\"><td style=\"width: 25%; height: 72px; text-align: center;\"><b>MTRO. CESAR ALEJANDRO &#xC1;VALOS GONZ&#xC1;LEZ&#xA0;<\/b><\/td>\n<td style=\"width: 25%; height: 72px;\">\n<p style=\"text-align: center;\"><span style=\"font-weight: 400;\">Director de Defensor&#xED;as P&#xFA;blicas<\/span><\/p>\n<\/td>\n<td style=\"width: 25%; height: 72px;\">\n<p style=\"text-align: center;\"><span style=\"font-weight: 400;\">(834)1078193<\/span><\/p>\n<p style=\"text-align: center;\"><span style=\"font-weight: 400;\">Extensi&#xF3;n 57402<\/span><\/p>\n<p style=\"text-align: center;\"><a href=\"mailto:cesar.avalos@tamaulipas.gob.mx\"><span style=\"font-weight: 400;\">cesar.avalos@tamaulipas.gob.mx<\/span><\/a><\/p>\n<p style=\"text-align: center;\"><!-- a href=\"mailto:carolina.martineza@tamaulipas.gob.mx\"--><span style=\"font-weight: 400;\"><!--eduardo.anaya@tamaulipas.gob.mx--><\/span><!--\/a--><\/p>\n<\/td>\n<\/tr><\/tbody><\/table><\/div>\n<p>&nbsp;<\/p>\n<p>&nbsp;<\/p>\n<p>&nbsp;<\/p>\n<p>&nbsp;<\/p>\n","protected":false},"excerpt":{"rendered":"<p>MISI\u00d3N: Somos un organismo desconcentrado de la Secretaria General de Gobierno, en el cual el servicio de la defensor\u00eda publica es de orden p\u00fablico y\u2026<\/p>\n","protected":false},"author":8,"featured_media":0,"parent":0,"menu_order":0,"comment_status":"closed","ping_status":"closed","template":"","meta":{"footnotes":""},"class_list":["post-9","page","type-page","status-publish","hentry"],"publishpress_future_action":{"enabled":false,"date":"2026-04-16 12:12:14","action":"change-status","newStatus":"draft","terms":[],"taxonomy":""},"_links":{"self":[{"href":"https:\/\/www.tamaulipas.gob.mx\/defensoriapublica\/wp-json\/wp\/v2\/pages\/9"}],"collection":[{"href":"https:\/\/www.tamaulipas.gob.mx\/defensoriapublica\/wp-json\/wp\/v2\/pages"}],"about":[{"href":"https:\/\/www.tamaulipas.gob.mx\/defensoriapublica\/wp-json\/wp\/v2\/types\/page"}],"author":[{"embeddable":true,"href":"https:\/\/www.tamaulipas.gob.mx\/defensoriapublica\/wp-json\/wp\/v2\/users\/8"}],"replies":[{"embeddable":true,"href":"https:\/\/www.tamaulipas.gob.mx\/defensoriapublica\/wp-json\/wp\/v2\/comments?post=9"}],"version-history":[{"count":18,"href":"https:\/\/www.tamaulipas.gob.mx\/defensoriapublica\/wp-json\/wp\/v2\/pages\/9\/revisions"}],"predecessor-version":[{"id":719,"href":"https:\/\/www.tamaulipas.gob.mx\/defensoriapublica\/wp-json\/wp\/v2\/pages\/9\/revisions\/719"}],"wp:attachment":[{"href":"https:\/\/www.tamaulipas.gob.mx\/defensoriapublica\/wp-json\/wp\/v2\/media?parent=9"}],"curies":[{"name":"wp","href":"https:\/\/api.w.org\/{rel}","templated":true}]}}