{"id":44,"date":"2017-07-11T11:33:26","date_gmt":"2017-07-11T16:33:26","guid":{"rendered":"http:\/\/www.tamaulipas.gob.mx\/defensoriapublica\/?page_id=44"},"modified":"2026-02-14T18:31:35","modified_gmt":"2026-02-15T00:31:35","slug":"legislacion","status":"publish","type":"page","link":"https:\/\/www.tamaulipas.gob.mx\/defensoriapublica\/legislacion\/","title":{"rendered":"Legislaci\u00f3n"},"content":{"rendered":"<p><strong>Constituciones<\/strong><\/p>\n<ul>\n<li><a href=\"https:\/\/www.tamaulipas.gob.mx\/defensoriapublica\/wp-content\/uploads\/sites\/29\/2025\/09\/cpeum.pdf\" target=\"_blank\" rel=\"noopener noreferrer\"><i class=\"fa fa-external-link\"><\/i> Constituci\u00f3n Pol\u00edtica de lo Estados Unidos Mexicanos.<\/a><\/li>\n<li><a href=\"https:\/\/po.tamaulipas.gob.mx\/wp-content\/uploads\/2026\/01\/cli-Ext-No.02-160126.pdf\" target=\"_blank\" rel=\"noopener noreferrer\"><i class=\"fa fa-external-link\"><\/i> Constituci\u00f3n Pol\u00edtica del Estado de Tamaulipas<\/a><\/li>\n<\/ul>\n<p><strong>Leyes<\/strong><\/p>\n<ul>\n<li><a href=\"https:\/\/www.tamaulipas.gob.mx\/defensoriapublica\/wp-content\/uploads\/sites\/29\/2025\/10\/ley-de-la-defensoria-publica-para-el-estado-de-tamaulipas-24-11-23.pdf\" target=\"_blank\" rel=\"noopener noreferrer\"><i class=\"fa fa-external-link\"><\/i>\u00a0Ley de Defensor\u00eda Publica del Estado de Tamaulipas.<\/a><\/li>\n<li><a href=\"https:\/\/www.tamaulipas.gob.mx\/defensoriapublica\/wp-content\/uploads\/sites\/29\/2025\/10\/lnsijpa.pdf\" target=\"_blank\" rel=\"noopener noreferrer\"><i class=\"fa fa-external-link\"><\/i> Ley Nacional del Sistema Integral de Justicia Penal para Adolescentes.<\/a><\/li>\n<\/ul>\n<p><strong>C\u00f3digos<\/strong><\/p>\n<ul>\n<li><a href=\"https:\/\/po.tamaulipas.gob.mx\/wp-content\/uploads\/2025\/06\/cl-66-030625.pdf\" target=\"_blank\" rel=\"noopener noreferrer\"><i class=\"fa fa-external-link\"><\/i>\u00a0C\u00f3digo Civil para el Estado de Tamaulipas<\/a>.<\/li>\n<li><a href=\"https:\/\/po.tamaulipas.gob.mx\/wp-content\/uploads\/2018\/02\/Codigo_Proced_Civil.pdf\" target=\"_blank\" rel=\"noopener noreferrer\"><i class=\"fa fa-external-link\"><\/i>\u00a0C\u00f3digo de Procedimientos Civiles del Estado.<\/a><\/li>\n<li><a href=\"https:\/\/po.tamaulipas.gob.mx\/wp-content\/uploads\/2015\/10\/Codigo_Proced_Penal.pdf\" target=\"_blank\" rel=\"noopener noreferrer\"><i class=\"fa fa-external-link\"><\/i>\u00a0C\u00f3digo de Procedimientos Penales del Estado.<\/a><\/li>\n<\/ul>\n<p><strong>Reglamentos<\/strong><\/p>\n<ul>\n<li><a href=\"https:\/\/po.tamaulipas.gob.mx\/wp-content\/uploads\/2025\/11\/Regla_Defensoria.pdf\" target=\"_blank\" rel=\"noopener noreferrer\"><i class=\"fa fa-external-link\"><\/i> Reglamento de la Ley de la Defensor\u00eda P\u00fablica para el Estado de Tamaulipas.<\/a><\/li>\n<\/ul>\n<p>&nbsp;<\/p>\n","protected":false},"excerpt":{"rendered":"<p>Constituciones Constituci\u00f3n Pol\u00edtica de lo Estados Unidos Mexicanos. Constituci\u00f3n Pol\u00edtica del Estado de Tamaulipas Leyes \u00a0Ley de Defensor\u00eda Publica del Estado de Tamaulipas. Ley Nacional\u2026<\/p>\n","protected":false},"author":8,"featured_media":0,"parent":0,"menu_order":0,"comment_status":"closed","ping_status":"closed","template":"","meta":{"footnotes":""},"class_list":["post-44","page","type-page","status-publish","hentry"],"publishpress_future_action":{"enabled":false,"date":"2026-04-16 12:12:14","action":"change-status","newStatus":"draft","terms":[],"taxonomy":""},"_links":{"self":[{"href":"https:\/\/www.tamaulipas.gob.mx\/defensoriapublica\/wp-json\/wp\/v2\/pages\/44"}],"collection":[{"href":"https:\/\/www.tamaulipas.gob.mx\/defensoriapublica\/wp-json\/wp\/v2\/pages"}],"about":[{"href":"https:\/\/www.tamaulipas.gob.mx\/defensoriapublica\/wp-json\/wp\/v2\/types\/page"}],"author":[{"embeddable":true,"href":"https:\/\/www.tamaulipas.gob.mx\/defensoriapublica\/wp-json\/wp\/v2\/users\/8"}],"replies":[{"embeddable":true,"href":"https:\/\/www.tamaulipas.gob.mx\/defensoriapublica\/wp-json\/wp\/v2\/comments?post=44"}],"version-history":[{"count":21,"href":"https:\/\/www.tamaulipas.gob.mx\/defensoriapublica\/wp-json\/wp\/v2\/pages\/44\/revisions"}],"predecessor-version":[{"id":724,"href":"https:\/\/www.tamaulipas.gob.mx\/defensoriapublica\/wp-json\/wp\/v2\/pages\/44\/revisions\/724"}],"wp:attachment":[{"href":"https:\/\/www.tamaulipas.gob.mx\/defensoriapublica\/wp-json\/wp\/v2\/media?parent=44"}],"curies":[{"name":"wp","href":"https:\/\/api.w.org\/{rel}","templated":true}]}}