{"id":41,"date":"2017-07-11T11:32:23","date_gmt":"2017-07-11T16:32:23","guid":{"rendered":"http:\/\/www.tamaulipas.gob.mx\/defensoriapublica\/?page_id=41"},"modified":"2023-03-27T17:08:32","modified_gmt":"2023-03-27T23:08:32","slug":"penal-y-justicia-para-adolescentes","status":"publish","type":"page","link":"https:\/\/www.tamaulipas.gob.mx\/defensoriapublica\/penal-y-justicia-para-adolescentes\/","title":{"rendered":"Penal y Justicia para Adolescentes"},"content":{"rendered":"<p><span style=\"font-weight: 400;\">El servicio ser\u00e1 prestado por un defensor p\u00fablico especializado en ejercer la defensa penal en personas que tengan 12 a\u00f1os cumplidos y menores de 18 a\u00f1os, a quienes se les atribuye una conducta tipificada como delito en las leyes penales.<\/span><\/p>\n","protected":false},"excerpt":{"rendered":"<p>El servicio ser\u00e1 prestado por un defensor p\u00fablico especializado en ejercer la defensa penal en personas que tengan 12 a\u00f1os cumplidos y menores de 18\u2026<\/p>\n","protected":false},"author":8,"featured_media":0,"parent":0,"menu_order":0,"comment_status":"closed","ping_status":"closed","template":"","meta":{"footnotes":""},"class_list":["post-41","page","type-page","status-publish","hentry"],"publishpress_future_action":{"enabled":false,"date":"2026-04-16 12:12:15","action":"change-status","newStatus":"draft","terms":[],"taxonomy":""},"_links":{"self":[{"href":"https:\/\/www.tamaulipas.gob.mx\/defensoriapublica\/wp-json\/wp\/v2\/pages\/41"}],"collection":[{"href":"https:\/\/www.tamaulipas.gob.mx\/defensoriapublica\/wp-json\/wp\/v2\/pages"}],"about":[{"href":"https:\/\/www.tamaulipas.gob.mx\/defensoriapublica\/wp-json\/wp\/v2\/types\/page"}],"author":[{"embeddable":true,"href":"https:\/\/www.tamaulipas.gob.mx\/defensoriapublica\/wp-json\/wp\/v2\/users\/8"}],"replies":[{"embeddable":true,"href":"https:\/\/www.tamaulipas.gob.mx\/defensoriapublica\/wp-json\/wp\/v2\/comments?post=41"}],"version-history":[{"count":12,"href":"https:\/\/www.tamaulipas.gob.mx\/defensoriapublica\/wp-json\/wp\/v2\/pages\/41\/revisions"}],"predecessor-version":[{"id":549,"href":"https:\/\/www.tamaulipas.gob.mx\/defensoriapublica\/wp-json\/wp\/v2\/pages\/41\/revisions\/549"}],"wp:attachment":[{"href":"https:\/\/www.tamaulipas.gob.mx\/defensoriapublica\/wp-json\/wp\/v2\/media?parent=41"}],"curies":[{"name":"wp","href":"https:\/\/api.w.org\/{rel}","templated":true}]}}