{"id":35,"date":"2017-07-11T11:29:42","date_gmt":"2017-07-11T16:29:42","guid":{"rendered":"http:\/\/www.tamaulipas.gob.mx\/defensoriapublica\/?page_id=35"},"modified":"2023-03-27T17:06:10","modified_gmt":"2023-03-27T23:06:10","slug":"funciones-2","status":"publish","type":"page","link":"https:\/\/www.tamaulipas.gob.mx\/defensoriapublica\/funciones-2\/","title":{"rendered":"Funciones"},"content":{"rendered":"<p><strong>DEFENSOR<\/strong><\/p>\n<p><span style=\"font-weight: 400;\">El defensor p\u00fablico es el servidor p\u00fablico que presta un servicio de defensa penal t\u00e9cnica y adecuada a los imputados o procesados en un delito en cumplimiento a lo previsto por el art\u00edculo 17 sexto p\u00e1rrafo y 20 Apartado B, fracci\u00f3n VIII de la Constituci\u00f3n Pol\u00edtica de los Estados Unidos Mexicanos.<\/span><\/p>\n<p>&nbsp;<\/p>\n<ul>\n<li aria-level=\"1\"><b>DEFENSA PENAL<\/b><\/li>\n<\/ul>\n<p><span style=\"font-weight: 400;\">Brindar la defensa en materia penal y justicia para adolescentes inmediatamente cuando as\u00ed lo solicite el imputado o el procesado.<\/span><\/p>\n<p>&nbsp;<\/p>\n<ul>\n<li aria-level=\"1\"><b>CAUSAS POR LAS QUE SE RETIRA UN DEFENSOR P\u00daBLICO:<\/b><\/li>\n<\/ul>\n<ol>\n<li style=\"font-weight: 400;\" aria-level=\"1\"><span style=\"font-weight: 400;\">Cuando el solicitante lo manifieste de formas expresa y clara que no tiene inter\u00e9s en defensa p\u00fablica.<\/span><\/li>\n<li style=\"font-weight: 400;\" aria-level=\"1\"><span style=\"font-weight: 400;\">El solicitante incurra dolosamente en falsedad al proporcionar datos e informaci\u00f3n al servicio requerido.<\/span><\/li>\n<li style=\"font-weight: 400;\" aria-level=\"1\"><span style=\"font-weight: 400;\">Que el solicitante, sus familiares o sus dependientes econ\u00f3micos cometan actos de violencia, amenazas o cualquier otro medio de ofensa en contra del personal del Instituto de Defensor\u00eda P\u00fablica.<\/span><\/li>\n<li style=\"font-weight: 400;\" aria-level=\"1\"><span style=\"font-weight: 400;\">Que exista informaci\u00f3n evidente de que el solicitante cuenta con asesor\u00eda legal particular.<\/span><\/li>\n<li style=\"font-weight: 400;\" aria-level=\"1\"><span style=\"font-weight: 400;\">Y cualquier otra causa contrar\u00eda a la Ley de Defensor\u00eda P\u00fablica que se advierta durante la prestaci\u00f3n del servicio.<\/span><\/li>\n<\/ol>\n<p>&nbsp;<\/p>\n","protected":false},"excerpt":{"rendered":"<p>DEFENSOR El defensor p\u00fablico es el servidor p\u00fablico que presta un servicio de defensa penal t\u00e9cnica y adecuada a los imputados o procesados en un\u2026<\/p>\n","protected":false},"author":8,"featured_media":0,"parent":0,"menu_order":0,"comment_status":"closed","ping_status":"closed","template":"","meta":{"footnotes":""},"class_list":["post-35","page","type-page","status-publish","hentry"],"publishpress_future_action":{"enabled":false,"date":"2026-04-16 12:12:13","action":"change-status","newStatus":"draft","terms":[],"taxonomy":""},"_links":{"self":[{"href":"https:\/\/www.tamaulipas.gob.mx\/defensoriapublica\/wp-json\/wp\/v2\/pages\/35"}],"collection":[{"href":"https:\/\/www.tamaulipas.gob.mx\/defensoriapublica\/wp-json\/wp\/v2\/pages"}],"about":[{"href":"https:\/\/www.tamaulipas.gob.mx\/defensoriapublica\/wp-json\/wp\/v2\/types\/page"}],"author":[{"embeddable":true,"href":"https:\/\/www.tamaulipas.gob.mx\/defensoriapublica\/wp-json\/wp\/v2\/users\/8"}],"replies":[{"embeddable":true,"href":"https:\/\/www.tamaulipas.gob.mx\/defensoriapublica\/wp-json\/wp\/v2\/comments?post=35"}],"version-history":[{"count":6,"href":"https:\/\/www.tamaulipas.gob.mx\/defensoriapublica\/wp-json\/wp\/v2\/pages\/35\/revisions"}],"predecessor-version":[{"id":548,"href":"https:\/\/www.tamaulipas.gob.mx\/defensoriapublica\/wp-json\/wp\/v2\/pages\/35\/revisions\/548"}],"wp:attachment":[{"href":"https:\/\/www.tamaulipas.gob.mx\/defensoriapublica\/wp-json\/wp\/v2\/media?parent=35"}],"curies":[{"name":"wp","href":"https:\/\/api.w.org\/{rel}","templated":true}]}}