{"id":26,"date":"2017-07-11T11:26:42","date_gmt":"2017-07-11T16:26:42","guid":{"rendered":"http:\/\/www.tamaulipas.gob.mx\/defensoriapublica\/?page_id=26"},"modified":"2023-03-31T12:58:46","modified_gmt":"2023-03-31T18:58:46","slug":"mencantil","status":"publish","type":"page","link":"https:\/\/www.tamaulipas.gob.mx\/defensoriapublica\/mencantil\/","title":{"rendered":"Mercantil"},"content":{"rendered":"<p><strong>Derecho Mercantil<br \/>\n<\/strong>Es el conjunto de reglas a trav\u00e9s de las cuales se establecen los derechos y obligaciones de las personas dedicadas a realizar actos de comercio, entendidos estos como aqu\u00e9llos mediante los cuales se tiene la intenci\u00f3n de obtener ganancias; comprende varios temas: comerciantes y comercio, contratos, comercio mar\u00edtimo y quiebras y suspensi\u00f3n de pagos.<\/p>\n<p style=\"text-align: center;\"><em><u>\u201cEn los asuntos judiciales de esta naturaleza el Asesor P\u00fablico s\u00f3lo interviene cuando el peticionario es la parte demandada.\u201d.<\/u><\/em><\/p>\n<p><strong>Los Juicios Mercantiles pueden ser:<\/strong><\/p>\n<ol>\n<li>Ejecutivos; y<\/li>\n<li>Ordinarios.<\/li>\n<\/ol>\n<p><strong>\u00a0Diferencias entre un Juicio Ejecutivo y Juicio Ordinario <\/strong><\/p>\n<p><strong>Juicios Ejecutivos<br \/>\n<\/strong>Son aquellos en los que quien los inicia se apoya en documentos que, por s\u00ed solos, en la mayor\u00eda de los casos, prueban su derecho a cobrar, tales como pagares, letras de cambio, reconocimientos de adeudo, etc.<\/p>\n<p><strong>Juicios Ordinarios<br \/>\n<\/strong>Por exclusi\u00f3n, son los que se promueven con base en documentos distintos a los que traen aparejada ejecuci\u00f3n (pagar\u00e9s, letra de cambio, reconocimientos de adeudo, etc).<\/p>\n<p><strong>CONCLUSI\u00d3N<em><u><br \/>\n<\/u><\/em><\/strong>Mediante esta clase de asuntos se pretende que las personas cumplan sus obligaciones derivadas de los actos de comercio.<\/p>\n","protected":false},"excerpt":{"rendered":"<p>Derecho Mercantil Es el conjunto de reglas a trav\u00e9s de las cuales se establecen los derechos y obligaciones de las personas dedicadas a realizar actos\u2026<\/p>\n","protected":false},"author":8,"featured_media":0,"parent":0,"menu_order":0,"comment_status":"closed","ping_status":"closed","template":"","meta":{"footnotes":""},"class_list":["post-26","page","type-page","status-publish","hentry"],"publishpress_future_action":{"enabled":false,"date":"2026-04-16 12:13:25","action":"change-status","newStatus":"draft","terms":[],"taxonomy":""},"_links":{"self":[{"href":"https:\/\/www.tamaulipas.gob.mx\/defensoriapublica\/wp-json\/wp\/v2\/pages\/26"}],"collection":[{"href":"https:\/\/www.tamaulipas.gob.mx\/defensoriapublica\/wp-json\/wp\/v2\/pages"}],"about":[{"href":"https:\/\/www.tamaulipas.gob.mx\/defensoriapublica\/wp-json\/wp\/v2\/types\/page"}],"author":[{"embeddable":true,"href":"https:\/\/www.tamaulipas.gob.mx\/defensoriapublica\/wp-json\/wp\/v2\/users\/8"}],"replies":[{"embeddable":true,"href":"https:\/\/www.tamaulipas.gob.mx\/defensoriapublica\/wp-json\/wp\/v2\/comments?post=26"}],"version-history":[{"count":10,"href":"https:\/\/www.tamaulipas.gob.mx\/defensoriapublica\/wp-json\/wp\/v2\/pages\/26\/revisions"}],"predecessor-version":[{"id":580,"href":"https:\/\/www.tamaulipas.gob.mx\/defensoriapublica\/wp-json\/wp\/v2\/pages\/26\/revisions\/580"}],"wp:attachment":[{"href":"https:\/\/www.tamaulipas.gob.mx\/defensoriapublica\/wp-json\/wp\/v2\/media?parent=26"}],"curies":[{"name":"wp","href":"https:\/\/api.w.org\/{rel}","templated":true}]}}