{"id":21,"date":"2017-07-11T11:25:27","date_gmt":"2017-07-11T16:25:27","guid":{"rendered":"http:\/\/www.tamaulipas.gob.mx\/defensoriapublica\/?page_id=21"},"modified":"2023-03-27T16:58:32","modified_gmt":"2023-03-27T22:58:32","slug":"funciones","status":"publish","type":"page","link":"https:\/\/www.tamaulipas.gob.mx\/defensoriapublica\/funciones\/","title":{"rendered":"Funciones"},"content":{"rendered":"<p><span style=\"font-size: 20px;\"><strong>Asesor jur\u00eddico <\/strong><\/span><\/p>\n<p><span style=\"font-weight: 400;\">Es el servidor p\u00fablico que brinda los servicios de orientaci\u00f3n, asesor\u00eda y representaci\u00f3n legal en materia civil, familiar y mercantil.<\/span><\/p>\n<p><b>Orientaci\u00f3n: <\/b><span style=\"font-weight: 400;\">es Proporcionar orientaci\u00f3n y consejo jur\u00eddico a todas las personas que as\u00ed lo soliciten cuando por su naturaleza del caso no pueda llevarse a cabo dentro del Instituto y canalizar a la instancia competente.<\/span><\/p>\n<p><b>Asesor\u00edas: <\/b><span style=\"font-weight: 400;\">Brindar asesor\u00eda jur\u00eddica integral en materia civil, familiar y mercantil a los usuarios que as\u00ed lo soliciten, susceptibles de ser tratados y conducidos, sin que implique llevar a cabo el patrocinio.<\/span><\/p>\n<p><b>Patrocinios: <\/b><span style=\"font-weight: 400;\">Es la representaci\u00f3n legal ante una autoridad judicial en materia civil, familiar, mercantil y juicio de amparo, salvaguardando los derechos del solicitante o el inter\u00e9s superior del menor.<\/span><\/p>\n","protected":false},"excerpt":{"rendered":"<p>Asesor jur\u00eddico Es el servidor p\u00fablico que brinda los servicios de orientaci\u00f3n, asesor\u00eda y representaci\u00f3n legal en materia civil, familiar y mercantil. Orientaci\u00f3n: es Proporcionar\u2026<\/p>\n","protected":false},"author":8,"featured_media":0,"parent":0,"menu_order":0,"comment_status":"closed","ping_status":"closed","template":"","meta":{"footnotes":""},"class_list":["post-21","page","type-page","status-publish","hentry"],"publishpress_future_action":{"enabled":false,"date":"2026-04-16 12:12:11","action":"change-status","newStatus":"draft","terms":[],"taxonomy":""},"_links":{"self":[{"href":"https:\/\/www.tamaulipas.gob.mx\/defensoriapublica\/wp-json\/wp\/v2\/pages\/21"}],"collection":[{"href":"https:\/\/www.tamaulipas.gob.mx\/defensoriapublica\/wp-json\/wp\/v2\/pages"}],"about":[{"href":"https:\/\/www.tamaulipas.gob.mx\/defensoriapublica\/wp-json\/wp\/v2\/types\/page"}],"author":[{"embeddable":true,"href":"https:\/\/www.tamaulipas.gob.mx\/defensoriapublica\/wp-json\/wp\/v2\/users\/8"}],"replies":[{"embeddable":true,"href":"https:\/\/www.tamaulipas.gob.mx\/defensoriapublica\/wp-json\/wp\/v2\/comments?post=21"}],"version-history":[{"count":3,"href":"https:\/\/www.tamaulipas.gob.mx\/defensoriapublica\/wp-json\/wp\/v2\/pages\/21\/revisions"}],"predecessor-version":[{"id":545,"href":"https:\/\/www.tamaulipas.gob.mx\/defensoriapublica\/wp-json\/wp\/v2\/pages\/21\/revisions\/545"}],"wp:attachment":[{"href":"https:\/\/www.tamaulipas.gob.mx\/defensoriapublica\/wp-json\/wp\/v2\/media?parent=21"}],"curies":[{"name":"wp","href":"https:\/\/api.w.org\/{rel}","templated":true}]}}