{"id":930,"date":"2019-03-08T15:12:50","date_gmt":"2019-03-08T21:12:50","guid":{"rendered":"https:\/\/www.tamaulipas.gob.mx\/cultura\/?page_id=930"},"modified":"2020-12-02T17:08:40","modified_gmt":"2020-12-02T23:08:40","slug":"aviso-de-privacidad-integral","status":"publish","type":"page","link":"https:\/\/www.tamaulipas.gob.mx\/cultura\/aviso-de-privacidad-integral\/","title":{"rendered":"Aviso de privacidad integral"},"content":{"rendered":"<p>El Instituto Tamaulipeco para la Cultura y las Artes, con domicilio en calle Vicente Guerrero, entre Emiliano P. Nafarrete y Gaspar de la Garza, n\u00famero 421, en Ciudad Victoria, Tamaulipas, C.P. 87000, de conformidad con lo dispuesto en los art\u00edculos 6 base A de la Constituci\u00f3n Pol\u00edtica de los Estados Unidos Mexicanos; 3, fracci\u00f3n XXXIII, 4, 16, 17, 18 de la Ley General de Protecci\u00f3n de Datos Personales en Posesi\u00f3n de los Sujetos Obligados; 1 y 37 de Ley Org\u00e1nica de la Administraci\u00f3n P\u00fablica Federal, y dem\u00e1s disposiciones aplicables; es responsable del uso, tratamiento y protecci\u00f3n de los datos personales, recabados a trav\u00e9s de los tr\u00e1mites o servicios que usted realice por medios f\u00edsicos o electr\u00f3nicos; observando los principios de licitud, finalidad, lealtad, consentimiento, calidad, proporcionalidad, informaci\u00f3n y responsabilidad, previstos en las leyes antes se\u00f1aladas, en cualquiera de sus modalidades.<\/p>\n<p>Los datos que se recaben a trav\u00e9s de los sistemas y formatos, en ning\u00fan caso son datos sensibles.<\/p>\n<p>En todo momento, el titular de los datos personales, o su representante, podr\u00e1 ejercer mediante formato libre y ante la Unidad de Transparencia de este Instituto, cuyo domicilio oficial, es el mismo se\u00f1alado en el p\u00e1rrafo primero, los derechos ARCO, es decir, el acceso, rectificaci\u00f3n, cancelaci\u00f3n u oposici\u00f3n al tratamiento de datos personales.<\/p>\n<p>El presente aviso de privacidad, y los cambios que se generen, podr\u00e1 ser consultado en el portal oficial del Instituto Tamaulipeco para la Cultura y las Artes, en el icono Aviso de Privacidad.<\/p>\n","protected":false},"excerpt":{"rendered":"<p>El Instituto Tamaulipeco para la Cultura y las Artes, con domicilio en calle Vicente Guerrero, entre Emiliano P. Nafarrete y Gaspar de la Garza, n\u00famero\u2026<\/p>\n","protected":false},"author":87,"featured_media":0,"parent":0,"menu_order":0,"comment_status":"closed","ping_status":"closed","template":"","meta":{"footnotes":""},"class_list":["post-930","page","type-page","status-publish","hentry"],"publishpress_future_action":{"enabled":false,"date":"2026-05-09 21:57:03","action":"change-status","newStatus":"draft","terms":[],"taxonomy":""},"_links":{"self":[{"href":"https:\/\/www.tamaulipas.gob.mx\/cultura\/wp-json\/wp\/v2\/pages\/930"}],"collection":[{"href":"https:\/\/www.tamaulipas.gob.mx\/cultura\/wp-json\/wp\/v2\/pages"}],"about":[{"href":"https:\/\/www.tamaulipas.gob.mx\/cultura\/wp-json\/wp\/v2\/types\/page"}],"author":[{"embeddable":true,"href":"https:\/\/www.tamaulipas.gob.mx\/cultura\/wp-json\/wp\/v2\/users\/87"}],"replies":[{"embeddable":true,"href":"https:\/\/www.tamaulipas.gob.mx\/cultura\/wp-json\/wp\/v2\/comments?post=930"}],"version-history":[{"count":6,"href":"https:\/\/www.tamaulipas.gob.mx\/cultura\/wp-json\/wp\/v2\/pages\/930\/revisions"}],"predecessor-version":[{"id":2090,"href":"https:\/\/www.tamaulipas.gob.mx\/cultura\/wp-json\/wp\/v2\/pages\/930\/revisions\/2090"}],"wp:attachment":[{"href":"https:\/\/www.tamaulipas.gob.mx\/cultura\/wp-json\/wp\/v2\/media?parent=930"}],"curies":[{"name":"wp","href":"https:\/\/api.w.org\/{rel}","templated":true}]}}