{"id":93,"date":"2017-06-23T14:06:05","date_gmt":"2017-06-23T19:06:05","guid":{"rendered":"http:\/\/www.tamaulipas.gob.mx\/cultura\/?page_id=93"},"modified":"2017-06-23T15:58:27","modified_gmt":"2017-06-23T20:58:27","slug":"pinacoteca-de-tamaulipas","status":"publish","type":"page","link":"https:\/\/www.tamaulipas.gob.mx\/cultura\/pinacoteca-de-tamaulipas\/","title":{"rendered":"Pinacoteca de Tamaulipas"},"content":{"rendered":"<p style=\"text-align: center\">Martes a viernes: 10:00 am a 6:00 pm<br \/>\nS\u00e1bados y domingos: 10:00 a 4:00 pm<\/p>\n<p><strong>Antecedentes y objetivos\u00a0 <\/strong><\/p>\n<p>Este edificio fue construido en 1884 por Francisco Juan, Blas y Nicol\u00e1s Filizola Gaetani, tres italianos que llegaron a Ciudad Victoria para la apertura del comercio de distintos productos que les permiti\u00f3 un considerable crecimiento econ\u00f3mico. La recuperaci\u00f3n de estos inmuebles es el legado que futuras generaciones podr\u00e1n disfrutar y apreciar como parte de su identidad.<\/p>\n<p>En 2014 se emprendi\u00f3 la restauraci\u00f3n del edificio para devolverle su esplendor original. Por lo que se realiza una intervenci\u00f3n de acuerdo a criterios de conservaci\u00f3n establecidos por autoridades de gobierno y con base en la evidencia constructiva y una amplia investigaci\u00f3n hist\u00f3rica.<\/p>\n<p>Espacio de m\u00e1s de 2 mil metros cuadrados con dos salas de exposici\u00f3n, sal\u00f3n de usos m\u00faltiples, talleres, sala de consulta y audiovisual, librer\u00eda, cafeter\u00eda, \u00e1rea para investigadores, \u00e1rea administrativa, servicios sanitarios y estacionamiento. La Pinacoteca de Tamaulipas se alberga en la\u00a0 antigua \u201cCasa Filizola\u201d. Con la Pinacoteca de Tamaulipas se refuerza a las galer\u00edas y museos de la entidad.<\/p>\n<p>&nbsp;<\/p>\n<p><strong>Espacios <\/strong><\/p>\n<p>Cuenta con una sala de exposici\u00f3n, sal\u00f3n de usos m\u00faltiples, talleres, sala de consulta y audiovisual, librer\u00eda, cafeter\u00eda, \u00e1rea para investigadores, \u00e1rea administrativa, servicios sanitarios y estacionamiento.<\/p>\n<div class='owl-gallery'><div class='item'><a href='https:\/\/www.tamaulipas.gob.mx\/cultura\/wp-content\/uploads\/sites\/27\/2017\/06\/dsc_3223.jpg' rel='galeria'><img src='https:\/\/www.tamaulipas.gob.mx\/cultura\/wp-content\/uploads\/sites\/27\/2017\/06\/dsc_3223-850x500.jpg' srcset='' sizes='auto' alt=''><\/a><figcaption><\/figcaption><\/div><div class='item'><a href='https:\/\/www.tamaulipas.gob.mx\/cultura\/wp-content\/uploads\/sites\/27\/2017\/06\/dsc_3229.jpg' rel='galeria'><img src='https:\/\/www.tamaulipas.gob.mx\/cultura\/wp-content\/uploads\/sites\/27\/2017\/06\/dsc_3229-850x500.jpg' srcset='' sizes='auto' alt=''><\/a><figcaption><\/figcaption><\/div><div class='item'><a href='' rel='galeria'><img src='' srcset='' sizes='auto' alt=''><\/a><figcaption><\/figcaption><\/div><\/div>\n","protected":false},"excerpt":{"rendered":"<p>Martes a viernes: 10:00 am a 6:00 pm S\u00e1bados y domingos: 10:00 a 4:00 pm Antecedentes y objetivos\u00a0 Este edificio fue construido en 1884 por\u2026<\/p>\n","protected":false},"author":7,"featured_media":95,"parent":0,"menu_order":0,"comment_status":"closed","ping_status":"closed","template":"","meta":{"footnotes":""},"class_list":["post-93","page","type-page","status-publish","has-post-thumbnail","hentry"],"publishpress_future_action":{"enabled":false,"date":"2026-04-21 14:08:57","action":"change-status","newStatus":"draft","terms":[],"taxonomy":""},"_links":{"self":[{"href":"https:\/\/www.tamaulipas.gob.mx\/cultura\/wp-json\/wp\/v2\/pages\/93"}],"collection":[{"href":"https:\/\/www.tamaulipas.gob.mx\/cultura\/wp-json\/wp\/v2\/pages"}],"about":[{"href":"https:\/\/www.tamaulipas.gob.mx\/cultura\/wp-json\/wp\/v2\/types\/page"}],"author":[{"embeddable":true,"href":"https:\/\/www.tamaulipas.gob.mx\/cultura\/wp-json\/wp\/v2\/users\/7"}],"replies":[{"embeddable":true,"href":"https:\/\/www.tamaulipas.gob.mx\/cultura\/wp-json\/wp\/v2\/comments?post=93"}],"version-history":[{"count":2,"href":"https:\/\/www.tamaulipas.gob.mx\/cultura\/wp-json\/wp\/v2\/pages\/93\/revisions"}],"predecessor-version":[{"id":100,"href":"https:\/\/www.tamaulipas.gob.mx\/cultura\/wp-json\/wp\/v2\/pages\/93\/revisions\/100"}],"wp:featuredmedia":[{"embeddable":true,"href":"https:\/\/www.tamaulipas.gob.mx\/cultura\/wp-json\/wp\/v2\/media\/95"}],"wp:attachment":[{"href":"https:\/\/www.tamaulipas.gob.mx\/cultura\/wp-json\/wp\/v2\/media?parent=93"}],"curies":[{"name":"wp","href":"https:\/\/api.w.org\/{rel}","templated":true}]}}