{"id":57,"date":"2017-06-22T15:57:25","date_gmt":"2017-06-22T20:57:25","guid":{"rendered":"http:\/\/www.tamaulipas.gob.mx\/cultura\/?page_id=57"},"modified":"2024-05-15T15:22:49","modified_gmt":"2024-05-15T21:22:49","slug":"museo-regional-de-historia-de-tamaulipas","status":"publish","type":"page","link":"https:\/\/www.tamaulipas.gob.mx\/cultura\/museo-regional-de-historia-de-tamaulipas\/","title":{"rendered":"Museo Regional de Historia de Tamaulipas"},"content":{"rendered":"<p style=\"text-align: center;\">Martes a domingos de 10:00 am a 5:00 pm<\/p>\n<p>&nbsp;<\/p>\n<h3>Antecedentes y objetivos<\/h3>\n<p>La construcci\u00f3n del Ex Asilo Vicentino, hoy Museo Regional de Historia de Tamaulipas, fue iniciada a finales del siglo XIX siendo Gobernador del Estado de Tamaulipas, Guadalupe Mainero, a instancias del Excelent\u00edsimo Se\u00f1or Filem\u00f3n Fierro Ter\u00e1n, Tercer Obispo de la Di\u00f3cesis de Tamaulipas, el terreno donde se construy\u00f3 el edificio fue donado por el se\u00f1or Ferm\u00edn Legorreta Fern\u00e1ndez y su esposa la se\u00f1ora Eugenia Casta\u00f1eda N\u00fa\u00f1ez C\u00e1ceres.<\/p>\n<p>El pueblo se uni\u00f3 al proyecto de dotar a la ciudad de un asilo para ni\u00f1os hu\u00e9rfanos y personas ancianas pues todos los victorences donaron cuando menos un sillar, material de construcci\u00f3n muy com\u00fan en aquella \u00e9poca.<\/p>\n<p>Al pasar de los a\u00f1os la persecuci\u00f3n religiosa posterior a la Revoluci\u00f3n, oblig\u00f3 a las religiosas a cargo del asilo, a abandonar el edificio dejando en manos de alumnos y dem\u00e1s cat\u00f3licas, las im\u00e1genes y objetos religiosos de la capilla, fue una lluviosa ma\u00f1ana de abril de 1923, cuando la madre superiora Guadalupe Flores, las madres Ma. Concepci\u00f3n Guti\u00e9rrez, Elvira Barahona, Teresa y Margarita, la novicia Mar\u00eda de Jes\u00fas, y las hermanas Carmen y Luz, partieron precipitadamente dejando el lugar, donde educaron a ni\u00f1os, ancianos e internas.<\/p>\n<p>Al pasar a manos de la Secretar\u00eda de la Defensa Nacional, el edificio se convirti\u00f3 en Cuartel Militar del 29 Regimiento de Caballer\u00eda, y del 77 Batall\u00f3n de Infanter\u00eda.<br \/>\nA\u00f1o con a\u00f1o ni\u00f1os de varias escuelas y otros acud\u00edan a festejar a los soldados en su d\u00eda, hasta que debido al gran deterior\u00f3 del inmueble, el cuartel abandon\u00f3 el edificio y cambio su domicilio a la calle Carrera Torres.<\/p>\n<p>El Asilo Vicentino, abandonado y semidestruido, volvi\u00f3 a poder del Gobierno del Estado de Tamaulipas, gracias a las gestiones del Gobernador Am\u00e9rico Villarreal Guerra, quien firm\u00f3 un convenio con la Secretar\u00eda de la Defensa Nacional. En 1990 el inmueble se entrego a la Asociaci\u00f3n Civil Amigos del Museo y cuyo prop\u00f3sito era recaudar fondos para su rehabilitaci\u00f3n. El edificio fue finalmente restaurado con el apoyo de CONACULTA, ahora Secretar\u00eda de Cultura, a trav\u00e9s del programa de Apoyo a la Infraestructura de los Estados y el Gobierno de Tamaulipas.<\/p>\n<p>A partir del 12 de febrero de 2003 conserva, preserva y difunde el Patrimonio Cultural de la entidad, como Museo Regional de Historia de Tamaulipas. A sido sede de m\u00faltiples exposiciones nacionales e internacionales dando la oportunidad de difundir la Cultura Regional, Nacional e Internacional y resguarda el Patrimonio Hist\u00f3rico Tamaulipeco.<\/p>\n<p>&nbsp;<\/p>\n<h3>Espacios<\/h3>\n<p><strong>Salas de Exposici\u00f3n Permanente del Museo Regional de Historia de Tamaulipas<\/strong><\/p>\n<div class=\"panel-group\" id=\"custom-collapse-0\">\n<div class=\"panel panel-default\">\n\t\t\t\t<div class=\"panel-heading\">\n\t\t\t\t\t<h4 class=\"panel-title\">\n\t\t\t\t\t\t<a class=\"collapsed\" data-toggle=\"collapse\" data-parent=\"#custom-collapse-0\" href=\"#custom-collapse-0-0\">Sala de Inducci\u00f3n<\/a>\n\t\t\t\t\t<\/h4>\n\t\t\t\t<\/div>\n\t\t\t\t<div id=\"custom-collapse-0-0\" class=\"panel-collapse collapse\">\n\t\t\t\t\t<div class=\"panel-body\">\n<p>El Museo Regional de Historia de Tamaulipas que se dispone a recorrer, es una Instituci\u00f3n creada por el Gobierno del Estado con el prop\u00f3sito de mostrar un recuento del pasado de nuestra entidad, en cuyo devenir del tiempo ha dado origen y perfilado, las caracter\u00edsticas que definen al actual Estado de Tamaulipas.<\/p>\n<p>En este museo encontraremos una secuencia de exposiciones relativas al pasado de Tamaulipas as\u00ed como las tendencias contempor\u00e1neas que est\u00e1n presentes hoy en d\u00eda en la vida cotidiana de la sociedad. En este sentido se trata de que sea un museo vivo, estrechamente ligado a los nexos de su historia, de ah\u00ed que los hombres y mujeres de todos los tiempos que han pisado su territorio; Son los principales protagonistas del museo.<\/p>\n<p>Y al igual que el escudo que representa a la entidad, presidida por la majestuosa silueta orogr\u00e1fica del Bernal de Horcasitas, nuestro museo inicia su recorrido por las siguientes salas.<br \/>\n<\/div>\n\t\t\t\t<\/div>\n\t\t\t<\/div>\n<div class=\"panel panel-default\">\n\t\t\t\t<div class=\"panel-heading\">\n\t\t\t\t\t<h4 class=\"panel-title\">\n\t\t\t\t\t\t<a class=\"collapsed\" data-toggle=\"collapse\" data-parent=\"#custom-collapse-0\" href=\"#custom-collapse-0-1\">Sala 1 : Espacio Geogr\u00e1fico y Or\u00edgenes de las Culturas Ind\u00edgenas<\/a>\n\t\t\t\t\t<\/h4>\n\t\t\t\t<\/div>\n\t\t\t\t<div id=\"custom-collapse-0-1\" class=\"panel-collapse collapse\">\n\t\t\t\t\t<div class=\"panel-body\">\nEn esta sala encontraremos la diversidad y el contraste, desde los litorales arenosos del Golfo de M\u00e9xico y la Laguna Madre, hasta las cumbres boscosas de alta monta\u00f1a de la Sierra Madre Oriental; Se notar\u00e1 la diferencia que existe entre los ecosistemas tropicales de su regi\u00f3n Huasteca y las llanuras cubiertas de mezquite del norte del estado.<br \/>\n<\/div>\n\t\t\t\t<\/div>\n\t\t\t<\/div>\n<div class=\"panel panel-default\">\n\t\t\t\t<div class=\"panel-heading\">\n\t\t\t\t\t<h4 class=\"panel-title\">\n\t\t\t\t\t\t<a class=\"collapsed\" data-toggle=\"collapse\" data-parent=\"#custom-collapse-0\" href=\"#custom-collapse-0-2\">Sala 2: Horizontes Prehisp\u00e1nicos<\/a>\n\t\t\t\t\t<\/h4>\n\t\t\t\t<\/div>\n\t\t\t\t<div id=\"custom-collapse-0-2\" class=\"panel-collapse collapse\">\n\t\t\t\t\t<div class=\"panel-body\">\nUna gran diversidad de objetos que datan de la regi\u00f3n que se conoce como Mesoam\u00e9rica Septentrional, evidencian la huella de los habitantes que en diversos periodos cronol\u00f3gicos han poblado las sierras y valles de Tamaulipas, destac\u00e1ndose su vida sedentaria y ligados desde entonces a la influencia de grupos n\u00f3madas de Mesoam\u00e9rica y Aridoam\u00e9rica, lo que se refleja en los diversos materiales arqueol\u00f3gicos encontrados. Lo m\u00e1s representativo de estos pueblos fueron las construcciones de piedra, lo que denota una organizaci\u00f3n pol\u00edtica y social.<br \/>\n<\/div>\n\t\t\t\t<\/div>\n\t\t\t<\/div>\n<div class=\"panel panel-default\">\n\t\t\t\t<div class=\"panel-heading\">\n\t\t\t\t\t<h4 class=\"panel-title\">\n\t\t\t\t\t\t<a class=\"collapsed\" data-toggle=\"collapse\" data-parent=\"#custom-collapse-0\" href=\"#custom-collapse-0-3\">Sala 3: La Cultura Huasteca<\/a>\n\t\t\t\t\t<\/h4>\n\t\t\t\t<\/div>\n\t\t\t\t<div id=\"custom-collapse-0-3\" class=\"panel-collapse collapse\">\n\t\t\t\t\t<div class=\"panel-body\">\nInicia con la descripci\u00f3n de la geograf\u00eda cultural de la regi\u00f3n Huasteca, destacando en particular su porci\u00f3n tamaulipeca. Describe la arquitectura y asentamientos t\u00edpicos de esa cultura, su tecnolog\u00eda utilitaria y ritual (cer\u00e1micas, esculturas, metalurgia), tipo f\u00edsico y costumbres \u00e9tnicas; organizaci\u00f3n social y relaciones con otros pueblos; as\u00ed como su cosmogon\u00eda y creencias religiosas.<br \/>\n<\/div>\n\t\t\t\t<\/div>\n\t\t\t<\/div>\n<div class=\"panel panel-default\">\n\t\t\t\t<div class=\"panel-heading\">\n\t\t\t\t\t<h4 class=\"panel-title\">\n\t\t\t\t\t\t<a class=\"collapsed\" data-toggle=\"collapse\" data-parent=\"#custom-collapse-0\" href=\"#custom-collapse-0-4\">Sala 4: Encuentro y Confrontaci\u00f3n de dos mundos<\/a>\n\t\t\t\t\t<\/h4>\n\t\t\t\t<\/div>\n\t\t\t\t<div id=\"custom-collapse-0-4\" class=\"panel-collapse collapse\">\n\t\t\t\t\t<div class=\"panel-body\">\nPanorama de la vida de los pueblos ind\u00edgenas de las tres regiones de la Gran Chichimeca Tamaulipeca a la llegada de los espa\u00f1oles, (ubicaci\u00f3n costumbres y distintivos culturales, entre ellos el ritual del peyote o \u201cmitote\u201d).<br \/>\nDescribe la configuraci\u00f3n inicial del septentri\u00f3n oriental de la Nueva Espa\u00f1a, la exploraci\u00f3n del litoral tamaulipeco, la conquista de la Huasteca, la presencia de colonizadores y evangelizadores y su relaci\u00f3n con los pueblos ind\u00edgenas, la influencia del Nuevo Reyno de Le\u00f3n en la costa del Seno Mexicano, alzamientos ind\u00edgenas y el colapso de la frontera de Tamaholipa.<br \/>\n<\/div>\n\t\t\t\t<\/div>\n\t\t\t<\/div>\n<div class=\"panel panel-default\">\n\t\t\t\t<div class=\"panel-heading\">\n\t\t\t\t\t<h4 class=\"panel-title\">\n\t\t\t\t\t\t<a class=\"collapsed\" data-toggle=\"collapse\" data-parent=\"#custom-collapse-0\" href=\"#custom-collapse-0-5\">Sala 5: La importancia del Nuevo Santander<\/a>\n\t\t\t\t\t<\/h4>\n\t\t\t\t<\/div>\n\t\t\t\t<div id=\"custom-collapse-0-5\" class=\"panel-collapse collapse\">\n\t\t\t\t\t<div class=\"panel-body\">\nNos narra el proceso colonizador de Jos\u00e9 de Escand\u00f3n y Helguera, Conde de Sierra Gorda, su expedici\u00f3n a la Costa del seno Mexicano, las fundaciones novo-santanderinas, sus l\u00edmites y las caracter\u00edsticas de sus poblaciones. Tambi\u00e9n la alternancia en los gobiernos post-escandonianos, burocr\u00e1ticos y militares, emanados de la corona y sus esfuerzos de sometimiento hacia los indios rebeldes. La presencia del ej\u00e9rcito con las reformas borb\u00f3nicas, la consolidaci\u00f3n colonial a trav\u00e9s de los Autos de la General Visita, al instalaci\u00f3n de haciendas y la prosperidad ganadera, la introducci\u00f3n del sistema agr\u00edcola europeo y el descubrimiento de yacimientos mineros en San Nicol\u00e1s de Croix y San Jos\u00e9, as\u00ed como la explotaci\u00f3n de la sal en Reynosa y el litoral.<br \/>\n<\/div>\n\t\t\t\t<\/div>\n\t\t\t<\/div>\n<div class=\"panel panel-default\">\n\t\t\t\t<div class=\"panel-heading\">\n\t\t\t\t\t<h4 class=\"panel-title\">\n\t\t\t\t\t\t<a class=\"collapsed\" data-toggle=\"collapse\" data-parent=\"#custom-collapse-0\" href=\"#custom-collapse-0-6\">Sala 6: El Nuevo Santander y el Noreste Novohispano<\/a>\n\t\t\t\t\t<\/h4>\n\t\t\t\t<\/div>\n\t\t\t\t<div id=\"custom-collapse-0-6\" class=\"panel-collapse collapse\">\n\t\t\t\t\t<div class=\"panel-body\">\nTrata sobre la creaci\u00f3n del obispado de Linares, con el que define la primera delimitaci\u00f3n institucional del noreste novohispano, al quedar dentro de su jurisdicci\u00f3n las provincias de Coahuila, Texas el Nuevo Santander y el Nuevo Reyno de Le\u00f3n. La instalaci\u00f3n de un organismo militar capaz de asegurar en un solo mando la defensa del Septentri\u00f3n: la Comandancia de las Provincias Internas de oriente. El surgimiento de la intendencia de san Luis Potos\u00ed, finalmente la trascendencia de la Diputaci\u00f3n Provincial, impulsada por Miguel Ramos Arizpe en las cortes de C\u00e1diz.<br \/>\n<\/div>\n\t\t\t\t<\/div>\n\t\t\t<\/div>\n<div class=\"panel panel-default\">\n\t\t\t\t<div class=\"panel-heading\">\n\t\t\t\t\t<h4 class=\"panel-title\">\n\t\t\t\t\t\t<a class=\"collapsed\" data-toggle=\"collapse\" data-parent=\"#custom-collapse-0\" href=\"#custom-collapse-0-7\">Sala 7: Sedes de la Capitalidad Colonial<\/a>\n\t\t\t\t\t<\/h4>\n\t\t\t\t<\/div>\n\t\t\t\t<div id=\"custom-collapse-0-7\" class=\"panel-collapse collapse\">\n\t\t\t\t\t<div class=\"panel-body\">\nTrata la tem\u00e1tica alusiva a la Villa de Santander, donde Jos\u00e9 de Escand\u00f3n sit\u00fao su residencia y en la que edific\u00f3 su palacio. El patronazgo religioso de la villa se encomend\u00f3 a los Cinco Se\u00f1ores. Est\u00e1 villa fue capital de la provincia de 1749 a 1769 y el traslado de la capitalidad por el gobernador Vicente Gonz\u00e1lez de Santian\u00e9s a San Carlos en 1769, fue justo cuando se daba la bonanza minera en los reales de San Jos\u00e9 y san Nicol\u00e1s de Croix.<br \/>\n<\/div>\n\t\t\t\t<\/div>\n\t\t\t<\/div>\n<div class=\"panel panel-default\">\n\t\t\t\t<div class=\"panel-heading\">\n\t\t\t\t\t<h4 class=\"panel-title\">\n\t\t\t\t\t\t<a class=\"collapsed\" data-toggle=\"collapse\" data-parent=\"#custom-collapse-0\" href=\"#custom-collapse-0-8\">Sala 8: De la Villa de Aguayo a Ciudad Victoria<\/a>\n\t\t\t\t\t<\/h4>\n\t\t\t\t<\/div>\n\t\t\t\t<div id=\"custom-collapse-0-8\" class=\"panel-collapse collapse\">\n\t\t\t\t\t<div class=\"panel-body\">\nResalta el establecimiento de Ciudad Victoria por decreto del 20 de abril de 1825, abarcando su historia desde 1750, las vicisitudes de su fundaci\u00f3n, por ejemplo, el ser punto estrat\u00e9gico de comunicaci\u00f3n con otras poblaciones, su papel como posici\u00f3n militar durante la guerra de independencia y el antagonismo de Villa de Aguayo con San Carlos y posteriormente con Padilla, que provoc\u00f3 la ca\u00edda del primer gobernador del estado, Jos\u00e9 Bernardo Maximiliano Guti\u00e9rrez de Lara.<br \/>\n<\/div>\n\t\t\t\t<\/div>\n\t\t\t<\/div>\n<div class=\"panel panel-default\">\n\t\t\t\t<div class=\"panel-heading\">\n\t\t\t\t\t<h4 class=\"panel-title\">\n\t\t\t\t\t\t<a class=\"collapsed\" data-toggle=\"collapse\" data-parent=\"#custom-collapse-0\" href=\"#custom-collapse-0-9\">Sala 9: Transformaciones de la vida independiente<\/a>\n\t\t\t\t\t<\/h4>\n\t\t\t\t<\/div>\n\t\t\t\t<div id=\"custom-collapse-0-9\" class=\"panel-collapse collapse\">\n\t\t\t\t\t<div class=\"panel-body\">\nAnaliza el paso de la vida independiente a la consolidaci\u00f3n de un estado propio, desde 1822, en que el Nuevo Santander cre\u00f3 su propia Diputaci\u00f3n Provincial pata culminar en 1824 al instituirse el Congreso Constituyente. La primera carta magna del Estado de Tamaulipas se expidi\u00f3 el 6 de mayo de 1825 en Ciudad Victoria. En 1838 y con los nuevos lineamientos de la Rep\u00fablica Central, adviene una guerra civil creando una gran inestabilidad. Despu\u00e9s de la anexi\u00f3n de Texas a Estados Unidos y la Guerra de intervenci\u00f3n norteamericana, se redacta una nueva Constituci\u00f3n local en 1848. Se habla de la apertura de puertas en Matamoros y Tampico, que marc\u00f3 una importante etapa en la vida hist\u00f3rica de Tamaulipas, al abrirse rutas de comercio.<br \/>\n<\/div>\n\t\t\t\t<\/div>\n\t\t\t<\/div>\n<div class=\"panel panel-default\">\n\t\t\t\t<div class=\"panel-heading\">\n\t\t\t\t\t<h4 class=\"panel-title\">\n\t\t\t\t\t\t<a class=\"collapsed\" data-toggle=\"collapse\" data-parent=\"#custom-collapse-0\" href=\"#custom-collapse-0-10\">Sala 10: Conformaci\u00f3n de la frontera y la Era Progresista del Antiguo R\u00e9gimen<\/a>\n\t\t\t\t\t<\/h4>\n\t\t\t\t<\/div>\n\t\t\t\t<div id=\"custom-collapse-0-10\" class=\"panel-collapse collapse\">\n\t\t\t\t\t<div class=\"panel-body\">\nSe analiza el proceso de separaci\u00f3n de Texas, sus luchas en la frontera, el reclamo de la Franja de las Nueces y las consecuencias derivadas del Tratado Guadalupe-Hidalgo en 1848.<br \/>\nCon la Guerra de Reforma se decret\u00f3 zona de libre comercio en el norte de la Entidad, Posteriormente la zona libre fue derogada en 1905. Se analiza el trazo de l\u00edmites del R\u00edo Bravo, la normatividad para su navegaci\u00f3n y el establecimiento de v\u00edas alternas de comunicaci\u00f3n como el ferrocarril y los puentes internacionales. Tambi\u00e9n al finalizar el caudillismo con el General Servando Canales, la bonanza ixtlera del IV distrito, el resurgimiento minero en San Carlos, el inicio de la actividad petrolera en Tampico, el establecimiento de bancos, el progreso de las Haciendas y la reafirmaci\u00f3n de Ciudad Victoria como capital del estado.<br \/>\n<\/div>\n\t\t\t\t<\/div>\n\t\t\t<\/div>\n<div class=\"panel panel-default\">\n\t\t\t\t<div class=\"panel-heading\">\n\t\t\t\t\t<h4 class=\"panel-title\">\n\t\t\t\t\t\t<a class=\"collapsed\" data-toggle=\"collapse\" data-parent=\"#custom-collapse-0\" href=\"#custom-collapse-0-11\">Sala 11: Las bases estructurales del Siglo XX<\/a>\n\t\t\t\t\t<\/h4>\n\t\t\t\t<\/div>\n\t\t\t\t<div id=\"custom-collapse-0-11\" class=\"panel-collapse collapse\">\n\t\t\t\t\t<div class=\"panel-body\">\n<p>Se analiza la explotaci\u00f3n petrolera en Tampico, su auge e influencia en la ciudad y su crisis en los a\u00f1os veinte, hasta la \u00e9poca de la nacionalizaci\u00f3n por L\u00e1zaro C\u00e1rdenas en 1938,Se aprecian igualmente los alcances agraristas del general Alberto Carrera Torres, Lucio Blanco y del Licenciado Emilio Portes Gil. Las obras de irrigaci\u00f3n, agr\u00edcola y desarrollo en el Bajo R\u00edo Bravo. La expansi\u00f3n del cultivo del algod\u00f3n hasta 1960, la creaci\u00f3n de la regi\u00f3n del Mante y los avatares de los distritos de riego e ingenio azucareros. El impulso de la carretera panamericana, as\u00ed como la integraci\u00f3n de una red b\u00e1sica en Tamaulipas en las d\u00e9cadas de los cuarenta a los a\u00f1os sesenta.<\/p>\n<\/div>\n\t\t\t\t<\/div>\n\t\t\t<\/div>\n<\/div>\n<p>&nbsp;<\/p>\n<h3>Espacios alternos<\/h3>\n<p>Uno de los objetivos del Museo Regional de Historia de Tamaulipas es apoyar en la realizaci\u00f3n de eventos enfocados en el desarrollo hist\u00f3rico y cultural, que fortalezcan nuestra identidad as\u00ed como favorecer e impulsar la creaci\u00f3n intelectual y art\u00edstica.<br \/>\nEl Museo ofrece a sus visitantes, adem\u00e1s de las \u00e1reas de exhibici\u00f3n permanente los siguientes espacios:<\/p>\n<p>&nbsp;<\/p>\n<h3>Auditorio<\/h3>\n<p>Con capacidad para 150 personas, donde se realizan presentaciones de libros, conferencias, premiaciones, cursos de capacitaci\u00f3n, subastas, as\u00ed como eventos culturales y did\u00e1cticos. Dispone de sillas acojinadas, mesas, aire acondicionado, sala de audio.<\/p>\n<p>&nbsp;<\/p>\n<h3>Sala de Exposiciones Temporales<\/h3>\n<p>Es un espacio de expresi\u00f3n, promoci\u00f3n y difusi\u00f3n de las distintas disciplinas art\u00edsticas. Cuenta con un espacio de 90 metros cuadrados, equipada con aire acondicionado e iluminaci\u00f3n direccional, mamparas y bases para exhibici\u00f3n.<\/p>\n<p>&nbsp;<\/p>\n<h3>Jardines<\/h3>\n<p>Los espacios exteriores con los que cuenta el museo son adecuados para la realizaci\u00f3n de talleres, pl\u00e1ticas, exposiciones, conciertos musicales, pantomima, proyecciones de video, presentaciones de teatro y danza.<\/p>\n<p>&nbsp;<\/p>\n<h3>Biblioteca<\/h3>\n<p>Ofrece para consulta un acervo de vol\u00famenes especializado en Historia y Arte.( en construcci\u00f3n).<\/p>\n<p>&nbsp;<\/p>\n<h3>Estacionamiento<\/h3>\n<p>Espacio que facilita el acceso a los visitantes del Museo. Abierto exclusivamente para servicio del museo.<\/p>\n<p><a href=\"http:\/\/www.tamaulipas.gob.mx\/cultura\/wp-content\/uploads\/sites\/27\/2017\/06\/dsc06513.jpg\">\u00a0<\/a><\/p>\n<div class='owl-gallery'><div class='item'><a href='https:\/\/www.tamaulipas.gob.mx\/cultura\/wp-content\/uploads\/sites\/27\/2017\/06\/dsc06578.jpg' rel='galeria'><img src='https:\/\/www.tamaulipas.gob.mx\/cultura\/wp-content\/uploads\/sites\/27\/2017\/06\/dsc06578-850x500.jpg' srcset='' sizes='auto' alt=''><\/a><figcaption><\/figcaption><\/div><div class='item'><a href='https:\/\/www.tamaulipas.gob.mx\/cultura\/wp-content\/uploads\/sites\/27\/2017\/06\/dsc06573.jpg' rel='galeria'><img src='https:\/\/www.tamaulipas.gob.mx\/cultura\/wp-content\/uploads\/sites\/27\/2017\/06\/dsc06573-850x500.jpg' srcset='' sizes='auto' alt=''><\/a><figcaption><\/figcaption><\/div><div class='item'><a href='https:\/\/www.tamaulipas.gob.mx\/cultura\/wp-content\/uploads\/sites\/27\/2017\/06\/dsc06557.jpg' rel='galeria'><img src='https:\/\/www.tamaulipas.gob.mx\/cultura\/wp-content\/uploads\/sites\/27\/2017\/06\/dsc06557-850x500.jpg' srcset='' sizes='auto' alt=''><\/a><figcaption><\/figcaption><\/div><div class='item'><a href='https:\/\/www.tamaulipas.gob.mx\/cultura\/wp-content\/uploads\/sites\/27\/2017\/06\/dsc06513.jpg' rel='galeria'><img src='https:\/\/www.tamaulipas.gob.mx\/cultura\/wp-content\/uploads\/sites\/27\/2017\/06\/dsc06513-673x500.jpg' srcset='' sizes='auto' alt=''><\/a><figcaption><\/figcaption><\/div><div class='item'><a href='https:\/\/www.tamaulipas.gob.mx\/cultura\/wp-content\/uploads\/sites\/27\/2017\/06\/dsc06490.jpg' rel='galeria'><img src='https:\/\/www.tamaulipas.gob.mx\/cultura\/wp-content\/uploads\/sites\/27\/2017\/06\/dsc06490-850x500.jpg' srcset='' sizes='auto' alt=''><\/a><figcaption><\/figcaption><\/div><div class='item'><a href='https:\/\/www.tamaulipas.gob.mx\/cultura\/wp-content\/uploads\/sites\/27\/2017\/06\/dsc06468.jpg' rel='galeria'><img src='https:\/\/www.tamaulipas.gob.mx\/cultura\/wp-content\/uploads\/sites\/27\/2017\/06\/dsc06468-850x500.jpg' srcset='' sizes='auto' alt=''><\/a><figcaption><\/figcaption><\/div><div class='item'><a href='https:\/\/www.tamaulipas.gob.mx\/cultura\/wp-content\/uploads\/sites\/27\/2017\/06\/dsc06453.jpg' rel='galeria'><img src='https:\/\/www.tamaulipas.gob.mx\/cultura\/wp-content\/uploads\/sites\/27\/2017\/06\/dsc06453-850x500.jpg' srcset='' sizes='auto' alt=''><\/a><figcaption><\/figcaption><\/div><div class='item'><a href='https:\/\/www.tamaulipas.gob.mx\/cultura\/wp-content\/uploads\/sites\/27\/2017\/06\/dsc06436.jpg' rel='galeria'><img src='https:\/\/www.tamaulipas.gob.mx\/cultura\/wp-content\/uploads\/sites\/27\/2017\/06\/dsc06436-850x500.jpg' srcset='' sizes='auto' alt=''><\/a><figcaption><\/figcaption><\/div><div class='item'><a href='https:\/\/www.tamaulipas.gob.mx\/cultura\/wp-content\/uploads\/sites\/27\/2017\/06\/dsc06430.jpg' rel='galeria'><img src='https:\/\/www.tamaulipas.gob.mx\/cultura\/wp-content\/uploads\/sites\/27\/2017\/06\/dsc06430-850x500.jpg' srcset='' sizes='auto' alt=''><\/a><figcaption><\/figcaption><\/div><\/div>\n","protected":false},"excerpt":{"rendered":"<p>Martes a domingos de 10:00 am a 5:00 pm &nbsp; Antecedentes y objetivos La construcci\u00f3n del Ex Asilo Vicentino, hoy Museo Regional de Historia de\u2026<\/p>\n","protected":false},"author":7,"featured_media":60,"parent":0,"menu_order":0,"comment_status":"closed","ping_status":"closed","template":"","meta":{"footnotes":""},"class_list":["post-57","page","type-page","status-publish","has-post-thumbnail","hentry"],"publishpress_future_action":{"enabled":false,"date":"2026-04-25 16:38:41","action":"change-status","newStatus":"draft","terms":[],"taxonomy":""},"_links":{"self":[{"href":"https:\/\/www.tamaulipas.gob.mx\/cultura\/wp-json\/wp\/v2\/pages\/57"}],"collection":[{"href":"https:\/\/www.tamaulipas.gob.mx\/cultura\/wp-json\/wp\/v2\/pages"}],"about":[{"href":"https:\/\/www.tamaulipas.gob.mx\/cultura\/wp-json\/wp\/v2\/types\/page"}],"author":[{"embeddable":true,"href":"https:\/\/www.tamaulipas.gob.mx\/cultura\/wp-json\/wp\/v2\/users\/7"}],"replies":[{"embeddable":true,"href":"https:\/\/www.tamaulipas.gob.mx\/cultura\/wp-json\/wp\/v2\/comments?post=57"}],"version-history":[{"count":8,"href":"https:\/\/www.tamaulipas.gob.mx\/cultura\/wp-json\/wp\/v2\/pages\/57\/revisions"}],"predecessor-version":[{"id":3003,"href":"https:\/\/www.tamaulipas.gob.mx\/cultura\/wp-json\/wp\/v2\/pages\/57\/revisions\/3003"}],"wp:featuredmedia":[{"embeddable":true,"href":"https:\/\/www.tamaulipas.gob.mx\/cultura\/wp-json\/wp\/v2\/media\/60"}],"wp:attachment":[{"href":"https:\/\/www.tamaulipas.gob.mx\/cultura\/wp-json\/wp\/v2\/media?parent=57"}],"curies":[{"name":"wp","href":"https:\/\/api.w.org\/{rel}","templated":true}]}}