{"id":55,"date":"2017-06-22T14:12:38","date_gmt":"2017-06-22T19:12:38","guid":{"rendered":"http:\/\/www.tamaulipas.gob.mx\/cultura\/?page_id=55"},"modified":"2017-06-23T11:31:42","modified_gmt":"2017-06-23T16:31:42","slug":"centro-cultural-tamaulipas","status":"publish","type":"page","link":"https:\/\/www.tamaulipas.gob.mx\/cultura\/centro-cultural-tamaulipas\/","title":{"rendered":"Centro Cultural Tamaulipas"},"content":{"rendered":"<p style=\"text-align: center\">Lunes a viernes de 8:00 am \u2013 8:00 pm<br \/>\nS\u00e1bado de 9:00 am \u2013 8:00 pm<br \/>\nDomingo de 9:00 am \u2013 1:00 pm<\/p>\n<p>&nbsp;<\/p>\n<h3>Antecedentes y objetivos<\/h3>\n<p>En 1981, en la b\u00fasqueda de un nuevo espacio para el desarrollo y disfrute de las artes, se cre\u00f3 el proyecto para la construcci\u00f3n de un edificio en el coraz\u00f3n de la capital de Tamaulipas. Dise\u00f1ado por el arquitecto Eduardo Terrazas y Asociados, el Centro Cultural Tamaulipas abre sus puertas al p\u00fablico el 9 de enero de 1987 con el concierto de inauguraci\u00f3n a cargo de la Filarm\u00f3nica del Baj\u00edo, bajo la direcci\u00f3n del maestro Sergio C\u00e1rdenas.<br \/>\nEl Centro Cultural Tamaulipas cuenta con diversos espacios para el desarrollo de actividades art\u00edsticas, educativas y oficiales: Teatro Amalia G. de Castillo Led\u00f3n, Auditorio Alberto L\u00f3pez, Galer\u00eda Pedro Banda, Biblioteca Marte R. G\u00f3mez, atrio, taquilla, mezaninne, sal\u00f3n de convenciones, sala de juntas, aula, locales comerciales como la librer\u00eda cultural Educal, estacionamiento, vest\u00edbulo y explanada.<br \/>\nEs en el Centro Cultural Tamaulipas donde convergen las artes: el teatro, la danza, la m\u00fasica, el cine, la pintura entre muchas m\u00e1s, asi como talleres, conferencias, presentaciones de libros, actividades educativas, de sociedad civil y oficiales.<\/p>\n<p>&nbsp;<\/p>\n<h3>Espacios<\/h3>\n<p><strong>Teatro Amalia G. de Castillo Led\u00f3n<\/strong><br \/>\nNombrado en honor de la distinguida mujer tamaulipeca, orgullo nacional: Amalia Gonz\u00e1lez Caballero de Castillo Led\u00f3n.<\/p>\n<p>La sala de teatro tiene capacidad para 934 personas y la cabina est\u00e1 equipada con tecnolog\u00eda de audio, iluminaci\u00f3n y sistema mec\u00e1nico teatral los cuales hacen posible puestas en escena y producciones sofisticadas como \u00f3peras, obras de teatro y conciertos sinf\u00f3nicos, entre otros.<\/p>\n<p>Cuenta con una magn\u00edfica ac\u00fastica gracias a su dise\u00f1o de revestimiento de madera y la curvatura de sus muros. Innumerables artistas nacionales e internacionales han pisado su escenario emocionando al auditorio tamaulipeco.<\/p>\n<p>Adem\u00e1s, cuenta con cinco camerinos individuales y cinco colectivos. El lobby del teatro es un espacio ideal para montaje de exposiciones, conferencias y presentaciones de libros.<\/p>\n<p><strong>Auditorio Alberto L\u00f3pez<\/strong><br \/>\nCon una capacidad de 210 localidades, este recinto est\u00e1 equipado para la representaci\u00f3n de diversas manifestaciones art\u00edsticas como teatro, conciertos musicales, danza, pantomima, conferencias, talleres, conciertos did\u00e1cticos, clases abiertas, presentaciones de libros entre muchos m\u00e1s.<\/p>\n<p>Actualmente su m\u00e1xima actividad es ser sede de la Cineteca del Centro Cultural Tamaulipas, contando con la tecnolog\u00eda necesaria para exhibir filmes en 35mm y formato digital. Con frecuencia la cartelera de la Cineteca fomenta un espacio para disfrutar de ciclos especializados de cine, Muestras Internacionales, matin\u00e9es infantiles, entre otros.<\/p>\n<p><strong>Galer\u00eda Pedro Banda<\/strong><br \/>\nEs un espacio adecuado para todo tipo de exposiciones de artes pl\u00e1sticas como pintura, escultura e instalaciones, as\u00ed como fotograf\u00eda, documentales, did\u00e1cticos y arqueol\u00f3gicos. Cuenta con 90 m lineales y 290 m2 de superficie divididos en dos salas. Est\u00e1 equipada con iluminaci\u00f3n direccional y aire acondicionado.<\/p>\n<p><strong>Aula<\/strong><br \/>\nEspacio donde se realizan talleres, cursos y reuniones en general para un m\u00e1ximo de 25 personas. Cuenta con sillas, mesas, pintarr\u00f3n y pantalla retr\u00e1ctil.<\/p>\n<p><strong>Sala de Juntas<\/strong><br \/>\nEspacio donde se realizan talleres, cursos, ruedas de prensa y reuniones en general para un m\u00e1ximo de 20 personas. Est\u00e1 comunicado con el Sal\u00f3n de Convenciones. Cuenta con escritorios y sillones, pantalla de plasma, cocineta y frigobar.<\/p>\n<p><strong>Sal\u00f3n de Convenciones<\/strong><br \/>\nEspacio donde se realizan talleres, seminarios, conferencias y reuniones en general para un m\u00e1ximo de 250 personas.<\/p>\n<p><strong>Biblioteca del CCT<\/strong><br \/>\nOfrece para consulta acervo especializado en diversas \u00e1reas como administraci\u00f3n, psicolog\u00eda, medicina, econom\u00eda, arte, literatura entre otras. Cuenta con el servicio de pr\u00e9stamo y \u00e1rea de estudio.<\/p>\n","protected":false},"excerpt":{"rendered":"<p>Lunes a viernes de 8:00 am \u2013 8:00 pm S\u00e1bado de 9:00 am \u2013 8:00 pm Domingo de 9:00 am \u2013 1:00 pm &nbsp; Antecedentes\u2026<\/p>\n","protected":false},"author":7,"featured_media":76,"parent":0,"menu_order":0,"comment_status":"closed","ping_status":"closed","template":"","meta":{"footnotes":""},"class_list":["post-55","page","type-page","status-publish","has-post-thumbnail","hentry"],"publishpress_future_action":{"enabled":false,"date":"2026-04-21 10:18:28","action":"change-status","newStatus":"draft","terms":[],"taxonomy":""},"_links":{"self":[{"href":"https:\/\/www.tamaulipas.gob.mx\/cultura\/wp-json\/wp\/v2\/pages\/55"}],"collection":[{"href":"https:\/\/www.tamaulipas.gob.mx\/cultura\/wp-json\/wp\/v2\/pages"}],"about":[{"href":"https:\/\/www.tamaulipas.gob.mx\/cultura\/wp-json\/wp\/v2\/types\/page"}],"author":[{"embeddable":true,"href":"https:\/\/www.tamaulipas.gob.mx\/cultura\/wp-json\/wp\/v2\/users\/7"}],"replies":[{"embeddable":true,"href":"https:\/\/www.tamaulipas.gob.mx\/cultura\/wp-json\/wp\/v2\/comments?post=55"}],"version-history":[{"count":2,"href":"https:\/\/www.tamaulipas.gob.mx\/cultura\/wp-json\/wp\/v2\/pages\/55\/revisions"}],"predecessor-version":[{"id":77,"href":"https:\/\/www.tamaulipas.gob.mx\/cultura\/wp-json\/wp\/v2\/pages\/55\/revisions\/77"}],"wp:featuredmedia":[{"embeddable":true,"href":"https:\/\/www.tamaulipas.gob.mx\/cultura\/wp-json\/wp\/v2\/media\/76"}],"wp:attachment":[{"href":"https:\/\/www.tamaulipas.gob.mx\/cultura\/wp-json\/wp\/v2\/media?parent=55"}],"curies":[{"name":"wp","href":"https:\/\/api.w.org\/{rel}","templated":true}]}}