{"id":53,"date":"2017-06-22T14:02:40","date_gmt":"2017-06-22T19:02:40","guid":{"rendered":"http:\/\/www.tamaulipas.gob.mx\/cultura\/?page_id=53"},"modified":"2018-10-11T19:48:19","modified_gmt":"2018-10-12T00:48:19","slug":"casa-del-arte-de-victoria","status":"publish","type":"page","link":"https:\/\/www.tamaulipas.gob.mx\/cultura\/casa-del-arte-de-victoria\/","title":{"rendered":"Casa del Arte de Victoria"},"content":{"rendered":"<p>Lunes a viernes de 9:00 a.m. a 7:00 p.m.<\/p>\n<p>&nbsp;<\/p>\n<h3>Antecedentes y objetivos<\/h3>\n<p>Este edificio se fund\u00f3 el 15 de septiembre de 1913 y el pasado 2013 cumpli\u00f3 100 a\u00f1os de su construcci\u00f3n es patrimonio cultural de los tamaulipecos. En octubre de 2012 celebr\u00f3 50 a\u00f1os de ser una instituci\u00f3n de tradici\u00f3n en la ense\u00f1anza art\u00edstica.<\/p>\n<p>Su objetivo es contribuir a la educaci\u00f3n y el desarrollo art\u00edstico as\u00ed como a la reconstrucci\u00f3n del tejido social. Fomentar la preservaci\u00f3n de tradiciones, el reforzamiento de valores y el reconocimiento de nuestra identidad cultural. Tiene como misi\u00f3n ofrecer cursos de calidad, as\u00ed como promover, fomentar y difundir actividades culturales en la comunidad.<\/p>\n<p>Este bello recinto cultural ofrece talleres para ni\u00f1os, j\u00f3venes, adultos, adultos mayores y personas con capacidades diferentes, en las disciplinas de artes pl\u00e1sticas, danza, m\u00fasica, literatura y teatro.<\/p>\n<p>Cuenta con una opci\u00f3n m\u00e1s para estudiar alguna disciplina art\u00edstica de manera sistematizada y escolarizada. Esto a trav\u00e9s del Programa Nacional de Escuelas de Iniciaci\u00f3n Art\u00edstica Asociadas al Instituto Nacional de Bellas Artes (INBA) esta escuela tiene duraci\u00f3n de tres a\u00f1os y al finalizar sus estudios el alumno recibe un certificado proveniente del INBA.<\/p>\n<p>Esta instituci\u00f3n cuenta con 26 salones equipados, donde se brindan m\u00e1s de 60 talleres art\u00edsticos permanentes, cursos de verano, actualizaciones para maestros y cada a\u00f1o se abre el proceso de admisi\u00f3n para cursar la Escuela de Iniciaci\u00f3n Art\u00edstica Asociada, Casa del Arte de Victoria (E.I.A.A.).<\/p>\n<p>&nbsp;<\/p>\n<h3>Espacios<\/h3>\n<p><strong>Auditorio \u201cConsuelo Cant\u00fa Leal\u201d<\/strong><br \/>\nSe utiliza para disfrutar de diversas manifestaciones art\u00edsticas y tiene capacidad para 100 espectadores.<\/p>\n<p><strong>Galer\u00eda \u201cRam\u00f3n Garc\u00eda Zurita\u201d<\/strong><br \/>\nFue creada para exhibir y disfrutar de exposiciones temporales de artistas locales, nacionales e internacionales, su horario var\u00eda de acuerdo a cada exposici\u00f3n y la entrada es libre.<\/p>\n<p>&nbsp;<\/p>\n<h3>Actividades<\/h3>\n<p>Domingos Culturales en Casa del Arte\u201d de 5:00 p.m. a 7:00 p.m.<br \/>\nTalleres Art\u00edsticos de entre 8:00 a.m. a 9:00 p.m.<\/p>\n<p>&nbsp;<\/p>\n<h3>Talleres<\/h3>\n<p>&nbsp;<\/p>\n<p>&nbsp;<\/p>\n<p><img loading=\"lazy\" decoding=\"async\" class=\"alignnone size-full wp-image-703\" src=\"https:\/\/www.tamaulipas.gob.mx\/cultura\/wp-content\/uploads\/sites\/27\/2018\/10\/triptico2018.jpg\" alt=\"\" width=\"1200\" height=\"928\" \/><\/p>\n","protected":false},"excerpt":{"rendered":"<p>Lunes a viernes de 9:00 a.m. a 7:00 p.m. &nbsp; Antecedentes y objetivos Este edificio se fund\u00f3 el 15 de septiembre de 1913 y el\u2026<\/p>\n","protected":false},"author":7,"featured_media":0,"parent":0,"menu_order":0,"comment_status":"closed","ping_status":"closed","template":"","meta":{"footnotes":""},"class_list":["post-53","page","type-page","status-publish","hentry"],"publishpress_future_action":{"enabled":false,"date":"2026-04-27 02:37:52","action":"change-status","newStatus":"draft","terms":[],"taxonomy":""},"_links":{"self":[{"href":"https:\/\/www.tamaulipas.gob.mx\/cultura\/wp-json\/wp\/v2\/pages\/53"}],"collection":[{"href":"https:\/\/www.tamaulipas.gob.mx\/cultura\/wp-json\/wp\/v2\/pages"}],"about":[{"href":"https:\/\/www.tamaulipas.gob.mx\/cultura\/wp-json\/wp\/v2\/types\/page"}],"author":[{"embeddable":true,"href":"https:\/\/www.tamaulipas.gob.mx\/cultura\/wp-json\/wp\/v2\/users\/7"}],"replies":[{"embeddable":true,"href":"https:\/\/www.tamaulipas.gob.mx\/cultura\/wp-json\/wp\/v2\/comments?post=53"}],"version-history":[{"count":2,"href":"https:\/\/www.tamaulipas.gob.mx\/cultura\/wp-json\/wp\/v2\/pages\/53\/revisions"}],"predecessor-version":[{"id":704,"href":"https:\/\/www.tamaulipas.gob.mx\/cultura\/wp-json\/wp\/v2\/pages\/53\/revisions\/704"}],"wp:attachment":[{"href":"https:\/\/www.tamaulipas.gob.mx\/cultura\/wp-json\/wp\/v2\/media?parent=53"}],"curies":[{"name":"wp","href":"https:\/\/api.w.org\/{rel}","templated":true}]}}