{"id":51,"date":"2017-06-22T13:59:18","date_gmt":"2017-06-22T18:59:18","guid":{"rendered":"http:\/\/www.tamaulipas.gob.mx\/cultura\/?page_id=51"},"modified":"2017-06-22T13:59:18","modified_gmt":"2017-06-22T18:59:18","slug":"museo-de-arte-contemporaneo-de-tamaulipas-mact","status":"publish","type":"page","link":"https:\/\/www.tamaulipas.gob.mx\/cultura\/museo-de-arte-contemporaneo-de-tamaulipas-mact\/","title":{"rendered":"Museo de Arte Contemporaneo de Tamaulipas (MACT)"},"content":{"rendered":"<p>Martes a s\u00e1bado de 10:00 am a 6:00 pm<br \/>\nDomingos de 12:00 a 4:00 pm<\/p>\n<p>&nbsp;<\/p>\n<h3>Antecedentes y objetivos<\/h3>\n<p>El edificio de este museo naci\u00f3 en 1969 como un centro artesanal. Tras diversas transformaciones en su funcionamiento y organizaci\u00f3n, en octubre de 2002 abri\u00f3 sus puertas como Museo de Arte Contempor\u00e1neo de Tamaulipas (MACT). Para la comunidad matamorense. Este recinto cultural brinda gran realce a la ciudad, pues es un espacio que divulga distintas disciplinas del arte.<\/p>\n<p>El MACT en su origen fue un proyecto del Plan Nacional Fronterizo que se inaugur\u00f3 en la Heroica Matamoros, Tamaulipas, el 19 de julio de 1969 como un Centro Artesanal dedicado al fomento del arte popular para beneficio de sus autores y de la econom\u00eda nacional.<\/p>\n<p>A finales de la d\u00e9cada de los 80 y principios de los 90 funcion\u00f3 como Museo del Ma\u00edz. Posteriormente, a partir de 1998 funge como Centro Cultural Mario Pani, en memoria del destacado arquitecto mexicano que dise\u00f1\u00f3 el edificio.<\/p>\n<p>El 21 de octubre de 2002 el espacio abre sus puertas nuevamente, pero ahora como Museo de Arte Contempor\u00e1neo de Tamaulipas, gracias a la iniciativa del Gobierno del Estado de Tamaulipas en estrecha colaboraci\u00f3n con el Consejo Nacional para la Cultura y las Artes y el Republicano Ayuntamiento de H. Matamoros, Tamaulipas.<\/p>\n<p>Desde sus inicios el MACT tuvo como premisa el promover y fomentar el inter\u00e9s de las manifestaciones del arte contempor\u00e1neo, as\u00ed como convertirse en receptor de nuevas propuestas art\u00edsticas nacionales e internacionales. Hoy en d\u00eda contin\u00faa con su objetivo de colaborar en el proceso de distribuci\u00f3n, consumo y an\u00e1lisis de las artes visuales en el estado, a nivel nacional e internacional.<\/p>\n<p>El museo cuenta con un teatro al aire libre, un patio central, un vest\u00edbulo, tres salas de exhibici\u00f3n, un taller art\u00edstico y una librer\u00eda; en los cuales se han llevado a cabo diversos eventos sociales, presentaciones de danza, espect\u00e1culos esc\u00e9nicos, exposiciones, club de lectura, presentaciones de libros, talleres, charlas, conferencias y m\u00e1s.<\/p>\n<p>&nbsp;<\/p>\n<h3>Espacios<\/h3>\n<p><strong>Concha Ac\u00fastica<\/strong><br \/>\nEste ha sido testigo de diversos eventos sociales, as\u00ed como presentaciones de danza, m\u00fasica y espect\u00e1culos esc\u00e9nicos. Cuenta con capacidad para 240 espectadores.<\/p>\n<p><strong>Salas<\/strong><br \/>\nEs estas salas se han exhibido obras de artistas nacionales e internacionales como Federico Silva, Alejandro Rosales, Eugenia Belden, Jos\u00e9 Luis Cuevas, Leonora Carrington, Magali Lara, Roberto Cort\u00e1zar, Juan Soriano, Naomi Siegmann, Ismael Vargas, Agueda Lozano, Jorge Tellaeche, Mar\u00eda Jos\u00e9 Lav\u00edn, Betsabe\u00e9 Romero, por mencionar algunos.<\/p>\n<p><strong>Taller Art\u00edstico<\/strong><br \/>\nEste espacio esta acondicionado especialmente para el programa cursos y talleres que se imparte en el museo. Se realizan en promedio doce talleres temporales al a\u00f1o, dirigidos a todo tipo de p\u00fablico de manera gratuita.<\/p>\n<p><strong>Librer\u00eda EDUCAL<\/strong><br \/>\nMartes a s\u00e1bado de 10:00 am a 6:00 pm<br \/>\nDomingos de 12:00 a 4:00 pm<br \/>\nDentro de las instalaciones del MACT se encuentra la librer\u00eda EDUCAL, en donde encontrar\u00e1s artesan\u00edas de diversas partes de la rep\u00fablica, joyer\u00eda, art\u00edculos decorativos, libros y mucho m\u00e1s.<\/p>\n","protected":false},"excerpt":{"rendered":"<p>Martes a s\u00e1bado de 10:00 am a 6:00 pm Domingos de 12:00 a 4:00 pm &nbsp; Antecedentes y objetivos El edificio de este museo naci\u00f3\u2026<\/p>\n","protected":false},"author":7,"featured_media":0,"parent":0,"menu_order":0,"comment_status":"closed","ping_status":"closed","template":"","meta":{"footnotes":""},"class_list":["post-51","page","type-page","status-publish","hentry"],"publishpress_future_action":{"enabled":false,"date":"2026-04-23 03:47:25","action":"change-status","newStatus":"draft","terms":[],"taxonomy":""},"_links":{"self":[{"href":"https:\/\/www.tamaulipas.gob.mx\/cultura\/wp-json\/wp\/v2\/pages\/51"}],"collection":[{"href":"https:\/\/www.tamaulipas.gob.mx\/cultura\/wp-json\/wp\/v2\/pages"}],"about":[{"href":"https:\/\/www.tamaulipas.gob.mx\/cultura\/wp-json\/wp\/v2\/types\/page"}],"author":[{"embeddable":true,"href":"https:\/\/www.tamaulipas.gob.mx\/cultura\/wp-json\/wp\/v2\/users\/7"}],"replies":[{"embeddable":true,"href":"https:\/\/www.tamaulipas.gob.mx\/cultura\/wp-json\/wp\/v2\/comments?post=51"}],"version-history":[{"count":1,"href":"https:\/\/www.tamaulipas.gob.mx\/cultura\/wp-json\/wp\/v2\/pages\/51\/revisions"}],"predecessor-version":[{"id":52,"href":"https:\/\/www.tamaulipas.gob.mx\/cultura\/wp-json\/wp\/v2\/pages\/51\/revisions\/52"}],"wp:attachment":[{"href":"https:\/\/www.tamaulipas.gob.mx\/cultura\/wp-json\/wp\/v2\/media?parent=51"}],"curies":[{"name":"wp","href":"https:\/\/api.w.org\/{rel}","templated":true}]}}