{"id":41,"date":"2017-06-22T13:34:01","date_gmt":"2017-06-22T18:34:01","guid":{"rendered":"http:\/\/www.tamaulipas.gob.mx\/cultura\/?page_id=41"},"modified":"2017-06-23T11:38:30","modified_gmt":"2017-06-23T16:38:30","slug":"parque-cultural-reynosa","status":"publish","type":"page","link":"https:\/\/www.tamaulipas.gob.mx\/cultura\/parque-cultural-reynosa\/","title":{"rendered":"Parque Cultural Reynosa"},"content":{"rendered":"<p style=\"text-align: center\">\u00c1rea externa de 6:00 am a 9:00 pm<br \/>\n\u00c1rea edificio: lunes a viernes de 10:00 am a 6:00 pm<br \/>\nS\u00e1bado 10:00 am a 5:00 pm y domingo 12:00 a 5:00 pm<\/p>\n<h3>Antecedentes y objetivos<\/h3>\n<p>A partir del 7 de marzo de 2005 se dio el anuncio sobre la realizaci\u00f3n del Parque Cultural Reynosa, un espacio para que la comunidad fronteriza tuviera la oportunidad de converger con artistas y creadores de talla local, nacional e internacional, a trav\u00e9s de diversas acciones. Fue a principios de 2008 que se decidi\u00f3 que este recinto ser\u00eda ubicado en los terrenos que circundaban en la laguna La Escondida, ya que se tom\u00f3 en cuenta la consolidaci\u00f3n como un punto donde los pobladores de esta regi\u00f3n, as\u00ed como del estado de Texas, pudieran disfrutar de la promoci\u00f3n, expresi\u00f3n y formaci\u00f3n cultural; as\u00ed como la flora y fauna local y de migraci\u00f3n estacional.<\/p>\n<p>La presentaci\u00f3n oficial del proyecto arquitect\u00f3nico cultural fue el 9 de julio del 2009, la instalaci\u00f3n de la primera piedra del centro de arte y cultura fue el 24 de noviembre 2009 y la inauguraci\u00f3n fue el 17 de agosto del 2010.<\/p>\n<p>El Parque Cultural Reynosa tiene como objetivo impulsar las actividades culturales y art\u00edsticas, as\u00ed como llevar programas de desarrollo de arte y cultura en esta localidad.<\/p>\n<h3><\/h3>\n<h3>Espacios<\/h3>\n<p><strong>Teatro principal<\/strong><br \/>\nEs un espacio ideal para la expresi\u00f3n de todas las disciplinas art\u00edsticas como teatro, cinematograf\u00eda, danza, opera y conciertos. Cuenta con la m\u00e1s alta tecnolog\u00eda en mec\u00e1nica teatral, audio e iluminaci\u00f3n. Tiene capacidad para 1,181 espectadores, en butacas con excelente \u00f3ptica, is\u00f3ptica, pan\u00f3ptica y ac\u00fastica. Y tiene la m\u00e1s alta tecnolog\u00eda en mec\u00e1nica teatral.<\/p>\n<p><strong>Teatro experimental<\/strong><br \/>\nEs un espacio para la presentaci\u00f3n y promoci\u00f3n de grupos art\u00edsticos que requieren de mayor intimidad en sus espect\u00e1culos. Por sus particulares caracter\u00edsticas, es posible modificar con facilidad el tama\u00f1o y la posici\u00f3n del escenario, as\u00ed como la cantidad y distribuci\u00f3n de los 300 asientos.<\/p>\n<p>&nbsp;<\/p>\n<h3>Galer\u00edas de exposiciones<\/h3>\n<p><strong>Sala Artemio Guerra<\/strong><br \/>\nEs un amplio espacio destinado a exponer obras pl\u00e1sticas de gran tama\u00f1o pues cuenta con una extensi\u00f3n total de 852 metros cuadrados, con iluminaci\u00f3n dise\u00f1ada especialmente para el espacio.<\/p>\n<p><strong>Sala Acad\u00e9mica<\/strong><br \/>\n\u00c1rea antecedente de los salones destinados para los talleres. Esta sala se usa tambi\u00e9n como galer\u00eda de exposici\u00f3n de menor tama\u00f1o seg\u00fan los requerimientos de las obras a exponer.<\/p>\n<p>&nbsp;<\/p>\n<h3>Biblioteca Centro de Lectura<\/h3>\n<p>Espacio dedicado al fomento de la lectura de los ni\u00f1os y j\u00f3venes, que cuenta con su sala de lectura, \u00e1rea audiovisual y mesas de trabajo.<\/p>\n<p>&nbsp;<\/p>\n<h3>\u00c1reas de talleres<\/h3>\n<p>Los talleres del Parque Cultural Reynosa se distribuyen en grandes salas; en la 2a planta se localizan cuatro salas que generalmente se utilizan para los talleres de artes pl\u00e1sticas, lecturas y m\u00fasica; en la parte baja existen dos salas para danza y teatro respectivamente y una sala de audiovisuales. 2 camerinos y ba\u00f1os. Tambi\u00e9n se incluye la oficina acad\u00e9mica y el laboratorio de tecnolog\u00edas.<\/p>\n<p>&nbsp;<\/p>\n<h3>Sal\u00f3n de convenciones<\/h3>\n<p>Lugar destinado para la celebraci\u00f3n de conferencias convenciones o simposios, cuenta acceso frontal y de servicio para facilitar el ingreso de materiales y mobiliarios adem\u00e1s de estar climatizado e iluminado con tecnolog\u00eda de punta.<\/p>\n<p>&nbsp;<\/p>\n<h3>Vest\u00edbulo principal<\/h3>\n<p>Es un \u00e1rea de 2,042 metros cuadrados climatizada y techada que comunica los diversos espacios en el interior del Centro de arte y cultura adem\u00e1s puede ser utilizada para exposiciones, reuniones informales, presentaciones, etc.<\/p>\n<p>&nbsp;<\/p>\n<h3>Estacionamiento<\/h3>\n<p>Se cuenta con vialidades circundantes que comunican el estacionamiento con capacidad para 395 veh\u00edculos, adem\u00e1s de 8 espacios destinados a personas con capacidades diferentes.<\/p>\n<p>&nbsp;<\/p>\n<h3>Servicios sanitarios<\/h3>\n<p>Se cuenta con diversos m\u00f3dulos de ba\u00f1os para damas y caballeros, tanto en el teatro principal como en las dem\u00e1s instalaciones, destacando los localizados en el \u00e1rea del s\u00f3tano con acceso tanto por escaleras fijas como por elevadores con instalaciones especiales a personas con capacidades diferentes. En total se cuenta con 197 servicios sanitarios en el Parque Cultural Reynosa de los cuales 125 son internos a las instalaciones.<\/p>\n","protected":false},"excerpt":{"rendered":"<p>\u00c1rea externa de 6:00 am a 9:00 pm \u00c1rea edificio: lunes a viernes de 10:00 am a 6:00 pm S\u00e1bado 10:00 am a 5:00 pm\u2026<\/p>\n","protected":false},"author":7,"featured_media":78,"parent":0,"menu_order":0,"comment_status":"closed","ping_status":"closed","template":"","meta":{"footnotes":""},"class_list":["post-41","page","type-page","status-publish","has-post-thumbnail","hentry"],"publishpress_future_action":{"enabled":false,"date":"2026-04-16 10:16:25","action":"change-status","newStatus":"draft","terms":[],"taxonomy":""},"_links":{"self":[{"href":"https:\/\/www.tamaulipas.gob.mx\/cultura\/wp-json\/wp\/v2\/pages\/41"}],"collection":[{"href":"https:\/\/www.tamaulipas.gob.mx\/cultura\/wp-json\/wp\/v2\/pages"}],"about":[{"href":"https:\/\/www.tamaulipas.gob.mx\/cultura\/wp-json\/wp\/v2\/types\/page"}],"author":[{"embeddable":true,"href":"https:\/\/www.tamaulipas.gob.mx\/cultura\/wp-json\/wp\/v2\/users\/7"}],"replies":[{"embeddable":true,"href":"https:\/\/www.tamaulipas.gob.mx\/cultura\/wp-json\/wp\/v2\/comments?post=41"}],"version-history":[{"count":3,"href":"https:\/\/www.tamaulipas.gob.mx\/cultura\/wp-json\/wp\/v2\/pages\/41\/revisions"}],"predecessor-version":[{"id":79,"href":"https:\/\/www.tamaulipas.gob.mx\/cultura\/wp-json\/wp\/v2\/pages\/41\/revisions\/79"}],"wp:featuredmedia":[{"embeddable":true,"href":"https:\/\/www.tamaulipas.gob.mx\/cultura\/wp-json\/wp\/v2\/media\/78"}],"wp:attachment":[{"href":"https:\/\/www.tamaulipas.gob.mx\/cultura\/wp-json\/wp\/v2\/media?parent=41"}],"curies":[{"name":"wp","href":"https:\/\/api.w.org\/{rel}","templated":true}]}}