{"id":3407,"date":"2026-01-30T14:36:27","date_gmt":"2026-01-30T20:36:27","guid":{"rendered":"https:\/\/www.tamaulipas.gob.mx\/cultura\/?page_id=3407"},"modified":"2026-03-24T14:37:48","modified_gmt":"2026-03-24T20:37:48","slug":"sistema-institucional-de-archivos","status":"publish","type":"page","link":"https:\/\/www.tamaulipas.gob.mx\/cultura\/sistema-institucional-de-archivos\/","title":{"rendered":"Sistema Institucional de Archivos"},"content":{"rendered":"<p>El Programa Anual de Desarrollo Archiv\u00edstico (PADA) es el instrumento de planeaci\u00f3n mediante el cual el Instituto Tamaulipeco para la Cultura y las Artes (ITCA) establece las acciones, actividades y estrategias a desarrollar durante el ejercicio 2026, con el objetivo de fortalecer la organizaci\u00f3n, conservaci\u00f3n, control y administraci\u00f3n de los documentos que integran el Sistema Institucional de Archivos.<\/p>\n<p>Este programa se elabora en cumplimiento de la Ley General de Archivos, la Ley de Archivos para el Estado de Tamaulipas y dem\u00e1s disposiciones normativas aplicables, y contribuye a garantizar una adecuada gesti\u00f3n documental, la transparencia, el acceso a la informaci\u00f3n y la preservaci\u00f3n del patrimonio documental de la instituci\u00f3n.<\/p>\n<p>&nbsp;<\/p>\n<p><a href=\"https:\/\/www.tamaulipas.gob.mx\/cultura\/wp-content\/uploads\/sites\/27\/2026\/01\/pada-itca-2026.pdf\">https:\/\/www.tamaulipas.gob.mx\/cultura\/wp-content\/uploads\/sites\/27\/2026\/01\/pada-itca-2026.pdf<\/a><\/p>\n<p>Documento disponible para consulta p\u00fablica:<br \/>\nPrograma Anual de Desarrollo Archiv\u00edstico (PADA) 2026.<\/p>\n<p><a href=\"https:\/\/www.tamaulipas.gob.mx\/cultura\/wp-content\/uploads\/sites\/27\/2026\/03\/reglasdeoperaciongi.pdf\">Reglas de Operaci\u00f3n del Grupo Interdisciplinario del Sistema Institucional de Archivo.<\/a><\/p>\n","protected":false},"excerpt":{"rendered":"<p>El Programa Anual de Desarrollo Archiv\u00edstico (PADA) es el instrumento de planeaci\u00f3n mediante el cual el Instituto Tamaulipeco para la Cultura y las Artes (ITCA)\u2026<\/p>\n","protected":false},"author":310,"featured_media":0,"parent":0,"menu_order":0,"comment_status":"closed","ping_status":"closed","template":"","meta":{"footnotes":""},"class_list":["post-3407","page","type-page","status-publish","hentry"],"publishpress_future_action":{"enabled":false,"date":"2026-05-09 23:22:02","action":"change-status","newStatus":"draft","terms":[],"taxonomy":""},"_links":{"self":[{"href":"https:\/\/www.tamaulipas.gob.mx\/cultura\/wp-json\/wp\/v2\/pages\/3407"}],"collection":[{"href":"https:\/\/www.tamaulipas.gob.mx\/cultura\/wp-json\/wp\/v2\/pages"}],"about":[{"href":"https:\/\/www.tamaulipas.gob.mx\/cultura\/wp-json\/wp\/v2\/types\/page"}],"author":[{"embeddable":true,"href":"https:\/\/www.tamaulipas.gob.mx\/cultura\/wp-json\/wp\/v2\/users\/310"}],"replies":[{"embeddable":true,"href":"https:\/\/www.tamaulipas.gob.mx\/cultura\/wp-json\/wp\/v2\/comments?post=3407"}],"version-history":[{"count":5,"href":"https:\/\/www.tamaulipas.gob.mx\/cultura\/wp-json\/wp\/v2\/pages\/3407\/revisions"}],"predecessor-version":[{"id":3459,"href":"https:\/\/www.tamaulipas.gob.mx\/cultura\/wp-json\/wp\/v2\/pages\/3407\/revisions\/3459"}],"wp:attachment":[{"href":"https:\/\/www.tamaulipas.gob.mx\/cultura\/wp-json\/wp\/v2\/media?parent=3407"}],"curies":[{"name":"wp","href":"https:\/\/api.w.org\/{rel}","templated":true}]}}