{"id":3306,"date":"2025-09-12T21:17:15","date_gmt":"2025-09-13T03:17:15","guid":{"rendered":"https:\/\/www.tamaulipas.gob.mx\/cultura\/?page_id=3306"},"modified":"2025-09-12T22:26:10","modified_gmt":"2025-09-13T04:26:10","slug":"contraloria-social-profest-2025","status":"publish","type":"page","link":"https:\/\/www.tamaulipas.gob.mx\/cultura\/contraloria-social-profest-2025\/","title":{"rendered":"Contralor\u00eda Social PROFEST 2025"},"content":{"rendered":"<p style=\"text-align: center;\">CONTRALOR\u00cdA SOCIAL 2025<br \/>\nApoyo a Festivales Culturales y Art\u00edsticos (PROFEST) 2025<br \/>\nFestival Internacional en la Costa del Seno Mexicano<\/p>\n<p><strong>Normativa:<\/strong><\/p>\n<p>1. <a href=\"https:\/\/www.tamaulipas.gob.mx\/cultura\/wp-content\/uploads\/sites\/27\/2025\/09\/1.-esquema-5.pdf\">Esquema de Contralor\u00eda Social 2025<\/a><\/p>\n<p>2. <a href=\"https:\/\/www.tamaulipas.gob.mx\/cultura\/wp-content\/uploads\/sites\/27\/2025\/09\/2.-gua-operativa-4.pdf\">Gu\u00eda Operativa<\/a><br \/>\n2.1 <a href=\"https:\/\/www.tamaulipas.gob.mx\/cultura\/wp-content\/uploads\/sites\/27\/2025\/09\/2.1.-anexos-de-la-gua-operativa_.pdf\">Anexos de Gu\u00eda Operativa<\/a><\/p>\n<p>3. <a href=\"https:\/\/www.tamaulipas.gob.mx\/cultura\/wp-content\/uploads\/sites\/27\/2025\/09\/3.-programa-anual-de-trabajo-de-contralora-social-patcs-1.pdf\">Programa Anual de Trabajo de Contralor\u00eda Social<\/a><\/p>\n<p><strong>Difusi\u00f3n:<\/strong><\/p>\n<p>1. <a href=\"https:\/\/www.tamaulipas.gob.mx\/cultura\/wp-content\/uploads\/sites\/27\/2025\/09\/01.-trptico.pdf\">Tr\u00edptico\u00a0<\/a><\/p>\n<p>2. <a href=\"https:\/\/www.tamaulipas.gob.mx\/cultura\/wp-content\/uploads\/sites\/27\/2025\/09\/02.-infografa-contralora-social.pdf\">Infograf\u00eda Contralor\u00eda Social<\/a><\/p>\n<p>3. <a href=\"https:\/\/www.tamaulipas.gob.mx\/cultura\/wp-content\/uploads\/sites\/27\/2025\/09\/03.-infografa-quejas-y-denuncias.pdf\">Infograf\u00eda Quejas y Denuncias<\/a><\/p>\n<p><strong>Capacitaci\u00f3n:<\/strong><\/p>\n<p>1. <a href=\"https:\/\/www.tamaulipas.gob.mx\/cultura\/wp-content\/uploads\/sites\/27\/2025\/09\/1.-cuadernillo-2025-1.pdf\">Cuadernillo de Contralor\u00eda Social<\/a><\/p>\n<p>2.<a href=\"https:\/\/www.tamaulipas.gob.mx\/cultura\/wp-content\/uploads\/sites\/27\/2025\/09\/2.-infografa-norm.-aplicable-1.pdf\"> Infograf\u00eda Normatividad Aplicable<\/a><\/p>\n<p>3.1 <a href=\"https:\/\/www.tamaulipas.gob.mx\/cultura\/wp-content\/uploads\/sites\/27\/2025\/09\/3.1-quc-es-profest-2025-1.pdf\">\u00bfQu\u00e9 es PROFEST?<\/a><br \/>\n3.2 <a href=\"https:\/\/www.tamaulipas.gob.mx\/cultura\/wp-content\/uploads\/sites\/27\/2025\/09\/3.2-quc-es-la-cs-2025-1.pdf\">\u00bfQu\u00e9 es la Contralor\u00eda Social?<\/a><br \/>\n3.3 <a href=\"https:\/\/www.tamaulipas.gob.mx\/cultura\/wp-content\/uploads\/sites\/27\/2025\/09\/3.3-riesgos-eticos-cs-2025-1.pdf\">Riesgos \u00c9ticos de los Contralores Sociales<\/a><\/p>\n<p>4. <a href=\"https:\/\/www.tamaulipas.gob.mx\/cultura\/wp-content\/uploads\/sites\/27\/2025\/09\/4.-gua-de-cs-2025-1.pdf\">Gu\u00eda de Contralor\u00eda Social<\/a><\/p>\n<p>&nbsp;<\/p>\n","protected":false},"excerpt":{"rendered":"<p>CONTRALOR\u00cdA SOCIAL 2025 Apoyo a Festivales Culturales y Art\u00edsticos (PROFEST) 2025 Festival Internacional en la Costa del Seno Mexicano Normativa: 1. Esquema de Contralor\u00eda Social\u2026<\/p>\n","protected":false},"author":310,"featured_media":0,"parent":0,"menu_order":0,"comment_status":"closed","ping_status":"closed","template":"","meta":{"footnotes":""},"class_list":["post-3306","page","type-page","status-publish","hentry"],"publishpress_future_action":{"enabled":false,"date":"2026-05-09 23:21:56","action":"change-status","newStatus":"draft","terms":[],"taxonomy":""},"_links":{"self":[{"href":"https:\/\/www.tamaulipas.gob.mx\/cultura\/wp-json\/wp\/v2\/pages\/3306"}],"collection":[{"href":"https:\/\/www.tamaulipas.gob.mx\/cultura\/wp-json\/wp\/v2\/pages"}],"about":[{"href":"https:\/\/www.tamaulipas.gob.mx\/cultura\/wp-json\/wp\/v2\/types\/page"}],"author":[{"embeddable":true,"href":"https:\/\/www.tamaulipas.gob.mx\/cultura\/wp-json\/wp\/v2\/users\/310"}],"replies":[{"embeddable":true,"href":"https:\/\/www.tamaulipas.gob.mx\/cultura\/wp-json\/wp\/v2\/comments?post=3306"}],"version-history":[{"count":9,"href":"https:\/\/www.tamaulipas.gob.mx\/cultura\/wp-json\/wp\/v2\/pages\/3306\/revisions"}],"predecessor-version":[{"id":3330,"href":"https:\/\/www.tamaulipas.gob.mx\/cultura\/wp-json\/wp\/v2\/pages\/3306\/revisions\/3330"}],"wp:attachment":[{"href":"https:\/\/www.tamaulipas.gob.mx\/cultura\/wp-json\/wp\/v2\/media?parent=3306"}],"curies":[{"name":"wp","href":"https:\/\/api.w.org\/{rel}","templated":true}]}}