{"id":3174,"date":"2025-03-31T17:05:15","date_gmt":"2025-03-31T23:05:15","guid":{"rendered":"https:\/\/www.tamaulipas.gob.mx\/cultura\/?page_id=3174"},"modified":"2026-02-03T15:04:44","modified_gmt":"2026-02-03T21:04:44","slug":"normatividad-y-desempeno","status":"publish","type":"page","link":"https:\/\/www.tamaulipas.gob.mx\/cultura\/normatividad-y-desempeno\/","title":{"rendered":"Normatividad y Desempe\u00f1o"},"content":{"rendered":"<p>&nbsp;<\/p>\n<ul>\n<li><a href=\"https:\/\/www.tamaulipas.gob.mx\/cultura\/wp-content\/uploads\/sites\/27\/2025\/03\/lineamientos-de-operacion-del-programa-e090.pdf\" target=\"_blank\" rel=\"noopener\">Lineamientos de Operaci\u00f3n del Programa E090<\/a><\/li>\n<li><a href=\"https:\/\/www.tamaulipas.gob.mx\/cultura\/wp-content\/uploads\/sites\/27\/2025\/03\/manual-de-procedimientos-itca-entregado-octubre-2024.pdf\" target=\"_blank\" rel=\"noopener\">Manual de Procedimientos<\/a><\/li>\n<li><a href=\"https:\/\/www.tamaulipas.gob.mx\/cultura\/wp-content\/uploads\/sites\/27\/2025\/03\/mpp-itca-validado.pdf\" target=\"_blank\" rel=\"noopener\">Manual de Perfiles de Puestos<\/a><\/li>\n<li><a href=\"diagnostico_e090.pdf\" target=\"_blank\" rel=\"noopener\">Diagn\u00f3stico del Programa Presupuestario E090<\/a><\/li>\n<li><a href=\"https:\/\/www.tamaulipas.gob.mx\/cultura\/wp-content\/uploads\/sites\/27\/2026\/02\/pp-f252-fomento-y-promocion-de-la-cultura-y-las-artes-2026.pdf\">F252 Fomento y Promoci\u00f3n de la Cultura y las Artes 2026<\/a><\/li>\n<li><a href=\"https:\/\/www.tamaulipas.gob.mx\/cultura\/wp-content\/uploads\/sites\/27\/2026\/02\/pp-e090-desarrollo-cultural-y-artistico-2026.pdf\">E090 Desarrollo cultural y art\u00edstico 2026<\/a><\/li>\n<li><\/li>\n<\/ul>\n<p>&nbsp;<\/p>\n","protected":false},"excerpt":{"rendered":"<p>&nbsp; Lineamientos de Operaci\u00f3n del Programa E090 Manual de Procedimientos Manual de Perfiles de Puestos Diagn\u00f3stico del Programa Presupuestario E090 F252 Fomento y Promoci\u00f3n de\u2026<\/p>\n","protected":false},"author":310,"featured_media":0,"parent":0,"menu_order":0,"comment_status":"closed","ping_status":"closed","template":"","meta":{"footnotes":""},"class_list":["post-3174","page","type-page","status-publish","hentry"],"publishpress_future_action":{"enabled":false,"date":"2026-05-12 03:38:59","action":"change-status","newStatus":"draft","terms":[],"taxonomy":""},"_links":{"self":[{"href":"https:\/\/www.tamaulipas.gob.mx\/cultura\/wp-json\/wp\/v2\/pages\/3174"}],"collection":[{"href":"https:\/\/www.tamaulipas.gob.mx\/cultura\/wp-json\/wp\/v2\/pages"}],"about":[{"href":"https:\/\/www.tamaulipas.gob.mx\/cultura\/wp-json\/wp\/v2\/types\/page"}],"author":[{"embeddable":true,"href":"https:\/\/www.tamaulipas.gob.mx\/cultura\/wp-json\/wp\/v2\/users\/310"}],"replies":[{"embeddable":true,"href":"https:\/\/www.tamaulipas.gob.mx\/cultura\/wp-json\/wp\/v2\/comments?post=3174"}],"version-history":[{"count":6,"href":"https:\/\/www.tamaulipas.gob.mx\/cultura\/wp-json\/wp\/v2\/pages\/3174\/revisions"}],"predecessor-version":[{"id":3419,"href":"https:\/\/www.tamaulipas.gob.mx\/cultura\/wp-json\/wp\/v2\/pages\/3174\/revisions\/3419"}],"wp:attachment":[{"href":"https:\/\/www.tamaulipas.gob.mx\/cultura\/wp-json\/wp\/v2\/media?parent=3174"}],"curies":[{"name":"wp","href":"https:\/\/api.w.org\/{rel}","templated":true}]}}