{"id":2863,"date":"2024-01-11T11:52:31","date_gmt":"2024-01-11T17:52:31","guid":{"rendered":"https:\/\/www.tamaulipas.gob.mx\/cultura\/?page_id=2863"},"modified":"2024-01-11T12:45:37","modified_gmt":"2024-01-11T18:45:37","slug":"formatos-de-difusion-conac","status":"publish","type":"page","link":"https:\/\/www.tamaulipas.gob.mx\/cultura\/formatos-de-difusion-conac\/","title":{"rendered":"Formatos de Difusi\u00f3n CONAC"},"content":{"rendered":"<p><a href=\"https:\/\/www.tamaulipas.gob.mx\/cultura\/wp-content\/uploads\/sites\/27\/2024\/01\/01doc00853620240108115338.pdf\">Formato de Difusi\u00f3n de Resultados_01<\/a><\/p>\n<p><a href=\"https:\/\/www.tamaulipas.gob.mx\/cultura\/wp-content\/uploads\/sites\/27\/2024\/01\/02doc00853320240108115141.pdf\">Formato de Difusi\u00f3n de Resultados_02<\/a><\/p>\n<p><a href=\"https:\/\/www.tamaulipas.gob.mx\/cultura\/wp-content\/uploads\/sites\/27\/2024\/01\/03doc00853420240108115223.pdf\">Formato de Difusi\u00f3n de Resultados_03<\/a><\/p>\n<p><a href=\"https:\/\/www.tamaulipas.gob.mx\/cultura\/wp-content\/uploads\/sites\/27\/2024\/01\/04doc00853520240108115300.pdf\">Formato de Difusi\u00f3n de Resultados_04<\/a><\/p>\n<p>&nbsp;<\/p>\n","protected":false},"excerpt":{"rendered":"<p>Formato de Difusi\u00f3n de Resultados_01 Formato de Difusi\u00f3n de Resultados_02 Formato de Difusi\u00f3n de Resultados_03 Formato de Difusi\u00f3n de Resultados_04 &nbsp;<\/p>\n","protected":false},"author":310,"featured_media":0,"parent":0,"menu_order":0,"comment_status":"closed","ping_status":"closed","template":"","meta":{"footnotes":""},"class_list":["post-2863","page","type-page","status-publish","hentry"],"publishpress_future_action":{"enabled":false,"date":"2026-05-09 21:57:15","action":"change-status","newStatus":"draft","terms":[],"taxonomy":""},"_links":{"self":[{"href":"https:\/\/www.tamaulipas.gob.mx\/cultura\/wp-json\/wp\/v2\/pages\/2863"}],"collection":[{"href":"https:\/\/www.tamaulipas.gob.mx\/cultura\/wp-json\/wp\/v2\/pages"}],"about":[{"href":"https:\/\/www.tamaulipas.gob.mx\/cultura\/wp-json\/wp\/v2\/types\/page"}],"author":[{"embeddable":true,"href":"https:\/\/www.tamaulipas.gob.mx\/cultura\/wp-json\/wp\/v2\/users\/310"}],"replies":[{"embeddable":true,"href":"https:\/\/www.tamaulipas.gob.mx\/cultura\/wp-json\/wp\/v2\/comments?post=2863"}],"version-history":[{"count":8,"href":"https:\/\/www.tamaulipas.gob.mx\/cultura\/wp-json\/wp\/v2\/pages\/2863\/revisions"}],"predecessor-version":[{"id":2885,"href":"https:\/\/www.tamaulipas.gob.mx\/cultura\/wp-json\/wp\/v2\/pages\/2863\/revisions\/2885"}],"wp:attachment":[{"href":"https:\/\/www.tamaulipas.gob.mx\/cultura\/wp-json\/wp\/v2\/media?parent=2863"}],"curies":[{"name":"wp","href":"https:\/\/api.w.org\/{rel}","templated":true}]}}