{"id":2845,"date":"2023-12-05T11:45:33","date_gmt":"2023-12-05T17:45:33","guid":{"rendered":"https:\/\/www.tamaulipas.gob.mx\/cultura\/?page_id=2845"},"modified":"2023-12-05T11:45:33","modified_gmt":"2023-12-05T17:45:33","slug":"marco-normativo","status":"publish","type":"page","link":"https:\/\/www.tamaulipas.gob.mx\/cultura\/marco-normativo\/","title":{"rendered":"Marco Normativo"},"content":{"rendered":"<p>El Gobierno del Estado de Tamaulipas a trav\u00e9s de la Contralor\u00eda Gubernamental invita a participar en el Foro de Consulta Ciudadana para elaborar la Agenda Regulatoria 2024.<\/p>\n<p>Lo anterior con la finalidad de conocer la opini\u00f3n de los tamaulipecos sobre los tr\u00e1mites, servicios y regulaciones que ofrecen las dependencias y entidades de la Administraci\u00f3n P\u00fablica Estatal, as\u00ed como los ayuntamientos.<img loading=\"lazy\" decoding=\"async\" class=\"alignnone size-full wp-image-2842\" src=\"https:\/\/www.tamaulipas.gob.mx\/cultura\/wp-content\/uploads\/sites\/27\/2023\/12\/banner-agenda-reg.-2024.png\" alt=\"\" width=\"776\" height=\"1200\" \/><img loading=\"lazy\" decoding=\"async\" class=\"alignnone size-full wp-image-2843\" src=\"https:\/\/www.tamaulipas.gob.mx\/cultura\/wp-content\/uploads\/sites\/27\/2023\/12\/banner-pemr-2024.png\" alt=\"\" width=\"776\" height=\"1200\" \/><\/p>\n","protected":false},"excerpt":{"rendered":"<p>El Gobierno del Estado de Tamaulipas a trav\u00e9s de la Contralor\u00eda Gubernamental invita a participar en el Foro de Consulta Ciudadana para elaborar la Agenda\u2026<\/p>\n","protected":false},"author":310,"featured_media":0,"parent":0,"menu_order":0,"comment_status":"closed","ping_status":"closed","template":"","meta":{"footnotes":""},"class_list":["post-2845","page","type-page","status-publish","hentry"],"publishpress_future_action":{"enabled":false,"date":"2026-05-09 21:57:15","action":"change-status","newStatus":"draft","terms":[],"taxonomy":""},"_links":{"self":[{"href":"https:\/\/www.tamaulipas.gob.mx\/cultura\/wp-json\/wp\/v2\/pages\/2845"}],"collection":[{"href":"https:\/\/www.tamaulipas.gob.mx\/cultura\/wp-json\/wp\/v2\/pages"}],"about":[{"href":"https:\/\/www.tamaulipas.gob.mx\/cultura\/wp-json\/wp\/v2\/types\/page"}],"author":[{"embeddable":true,"href":"https:\/\/www.tamaulipas.gob.mx\/cultura\/wp-json\/wp\/v2\/users\/310"}],"replies":[{"embeddable":true,"href":"https:\/\/www.tamaulipas.gob.mx\/cultura\/wp-json\/wp\/v2\/comments?post=2845"}],"version-history":[{"count":2,"href":"https:\/\/www.tamaulipas.gob.mx\/cultura\/wp-json\/wp\/v2\/pages\/2845\/revisions"}],"predecessor-version":[{"id":2847,"href":"https:\/\/www.tamaulipas.gob.mx\/cultura\/wp-json\/wp\/v2\/pages\/2845\/revisions\/2847"}],"wp:attachment":[{"href":"https:\/\/www.tamaulipas.gob.mx\/cultura\/wp-json\/wp\/v2\/media?parent=2845"}],"curies":[{"name":"wp","href":"https:\/\/api.w.org\/{rel}","templated":true}]}}