{"id":2592,"date":"2022-09-30T16:56:31","date_gmt":"2022-09-30T21:56:31","guid":{"rendered":"https:\/\/www.tamaulipas.gob.mx\/cultura\/?page_id=2592"},"modified":"2022-09-30T16:56:31","modified_gmt":"2022-09-30T21:56:31","slug":"comite-de-contraloria-social","status":"publish","type":"page","link":"https:\/\/www.tamaulipas.gob.mx\/cultura\/comite-de-contraloria-social\/","title":{"rendered":"Comit\u00e9 de Contralor\u00eda Social"},"content":{"rendered":"<p>Comit\u00e9 de Contralor\u00eda Social<br \/>\n12\u00ba. Concurso Nacional de Polka \u201cArriba el Norte\u2026 Y que venga la Polka!<br \/>\nIntegrantes:<br \/>\nMtro. Andr\u00e9s Ram\u00edrez Calipto, Presidente.<\/p>\n","protected":false},"excerpt":{"rendered":"<p>Comit\u00e9 de Contralor\u00eda Social 12\u00ba. Concurso Nacional de Polka \u201cArriba el Norte\u2026 Y que venga la Polka! Integrantes: Mtro. Andr\u00e9s Ram\u00edrez Calipto, Presidente.<\/p>\n","protected":false},"author":156,"featured_media":0,"parent":0,"menu_order":0,"comment_status":"closed","ping_status":"closed","template":"","meta":{"footnotes":""},"class_list":["post-2592","page","type-page","status-publish","hentry"],"publishpress_future_action":{"enabled":false,"date":"2026-04-11 15:16:49","action":"change-status","newStatus":"draft","terms":[],"taxonomy":""},"_links":{"self":[{"href":"https:\/\/www.tamaulipas.gob.mx\/cultura\/wp-json\/wp\/v2\/pages\/2592"}],"collection":[{"href":"https:\/\/www.tamaulipas.gob.mx\/cultura\/wp-json\/wp\/v2\/pages"}],"about":[{"href":"https:\/\/www.tamaulipas.gob.mx\/cultura\/wp-json\/wp\/v2\/types\/page"}],"author":[{"embeddable":true,"href":"https:\/\/www.tamaulipas.gob.mx\/cultura\/wp-json\/wp\/v2\/users\/156"}],"replies":[{"embeddable":true,"href":"https:\/\/www.tamaulipas.gob.mx\/cultura\/wp-json\/wp\/v2\/comments?post=2592"}],"version-history":[{"count":1,"href":"https:\/\/www.tamaulipas.gob.mx\/cultura\/wp-json\/wp\/v2\/pages\/2592\/revisions"}],"predecessor-version":[{"id":2593,"href":"https:\/\/www.tamaulipas.gob.mx\/cultura\/wp-json\/wp\/v2\/pages\/2592\/revisions\/2593"}],"wp:attachment":[{"href":"https:\/\/www.tamaulipas.gob.mx\/cultura\/wp-json\/wp\/v2\/media?parent=2592"}],"curies":[{"name":"wp","href":"https:\/\/api.w.org\/{rel}","templated":true}]}}