{"id":25,"date":"2017-06-22T13:17:09","date_gmt":"2017-06-22T18:17:09","guid":{"rendered":"http:\/\/www.tamaulipas.gob.mx\/cultura\/?page_id=25"},"modified":"2017-06-22T13:52:14","modified_gmt":"2017-06-22T18:52:14","slug":"educacion-y-desarrollo-artistico","status":"publish","type":"page","link":"https:\/\/www.tamaulipas.gob.mx\/cultura\/educacion-y-desarrollo-artistico\/","title":{"rendered":"Educaci\u00f3n y Desarrollo Art\u00edstico"},"content":{"rendered":"<p>La Direcci\u00f3n de Educaci\u00f3n y Desarrollo Art\u00edstico crea cultura mediante la ense\u00f1anza de \u00a0las artes y oficios desde un punto de vista contempor\u00e1neo para poder llegar a la infancia y juventud tamaulipeca. El trabajo est\u00e1 en hacer que los centros de cultura, ya existentes, sean un centro de reuni\u00f3n familiar y no lugares que se visiten una vez al a\u00f1o. Se colaborar\u00e1 en conjunto con las dem\u00e1s direcciones para lograr que la cultura sea una herramienta para la reconstrucci\u00f3n del tejido social del estado.<\/p>\n<p>&nbsp;<\/p>\n<h3>Programas<\/h3>\n<p>Los cursos, talleres, congresos y festivales que se impartan ser\u00e1n para el alcance del mayor p\u00fablico posible.<\/p>\n","protected":false},"excerpt":{"rendered":"<p>La Direcci\u00f3n de Educaci\u00f3n y Desarrollo Art\u00edstico crea cultura mediante la ense\u00f1anza de \u00a0las artes y oficios desde un punto de vista contempor\u00e1neo para poder\u2026<\/p>\n","protected":false},"author":7,"featured_media":0,"parent":0,"menu_order":0,"comment_status":"closed","ping_status":"closed","template":"","meta":{"footnotes":""},"class_list":["post-25","page","type-page","status-publish","hentry"],"publishpress_future_action":{"enabled":false,"date":"2026-04-21 14:06:18","action":"change-status","newStatus":"draft","terms":[],"taxonomy":""},"_links":{"self":[{"href":"https:\/\/www.tamaulipas.gob.mx\/cultura\/wp-json\/wp\/v2\/pages\/25"}],"collection":[{"href":"https:\/\/www.tamaulipas.gob.mx\/cultura\/wp-json\/wp\/v2\/pages"}],"about":[{"href":"https:\/\/www.tamaulipas.gob.mx\/cultura\/wp-json\/wp\/v2\/types\/page"}],"author":[{"embeddable":true,"href":"https:\/\/www.tamaulipas.gob.mx\/cultura\/wp-json\/wp\/v2\/users\/7"}],"replies":[{"embeddable":true,"href":"https:\/\/www.tamaulipas.gob.mx\/cultura\/wp-json\/wp\/v2\/comments?post=25"}],"version-history":[{"count":4,"href":"https:\/\/www.tamaulipas.gob.mx\/cultura\/wp-json\/wp\/v2\/pages\/25\/revisions"}],"predecessor-version":[{"id":49,"href":"https:\/\/www.tamaulipas.gob.mx\/cultura\/wp-json\/wp\/v2\/pages\/25\/revisions\/49"}],"wp:attachment":[{"href":"https:\/\/www.tamaulipas.gob.mx\/cultura\/wp-json\/wp\/v2\/media?parent=25"}],"curies":[{"name":"wp","href":"https:\/\/api.w.org\/{rel}","templated":true}]}}