{"id":2385,"date":"2021-10-28T14:56:40","date_gmt":"2021-10-28T19:56:40","guid":{"rendered":"https:\/\/www.tamaulipas.gob.mx\/cultura\/?page_id=2385"},"modified":"2023-09-11T15:31:14","modified_gmt":"2023-09-11T21:31:14","slug":"biblioteca-publica-central-estatal-marte-r-gomez","status":"publish","type":"page","link":"https:\/\/www.tamaulipas.gob.mx\/cultura\/biblioteca-publica-central-estatal-marte-r-gomez\/","title":{"rendered":"Biblioteca P\u00fablica Central Estatal Marte R. G\u00f3mez"},"content":{"rendered":"<p style=\"text-align: center;\"><img loading=\"lazy\" decoding=\"async\" class=\"alignnone size-full wp-image-2791\" src=\"https:\/\/www.tamaulipas.gob.mx\/cultura\/wp-content\/uploads\/sites\/27\/2023\/09\/bmrg2-copia.jpg\" alt=\"\" width=\"1200\" height=\"800\" \/>Lunes a viernes de 09:00 a 20:45 h<\/p>\n<p style=\"text-align: center;\">S\u00e1bado y domingo de 09:00 a 15:00 h<\/p>\n<h1 style=\"text-align: center;\"><span style=\"color: #800000; font-size: 24px;\">Antecedentes y objetivos<\/span><\/h1>\n<p style=\"text-align: justify;\">Fue inaugurada por primera vez con el nombre de \u201cPresidente Adolfo Ruiz Cortines\u00bb el 11 de junio de 1962, por el entonces presidente de la Rep\u00fablica, Adolfo L\u00f3pez Mateos, en el edificio ubicado en el Centro C\u00edvico Cultural y Deportivo \u201cAdolfo Ruiz Cortines\u00bb, siendo gobernador del estado el Dr. Norberto Trevi\u00f1o Zapata. El edificio donde se ubica actualmente fue inaugura- do por el presidente de la Rep\u00fablica, Lic. Jos\u00e9 L\u00f3pez Portillo, el 20 de diciembre de 1980, con el nombre de \u201cIng. Marte R. G\u00f3mez\u00bb, siendo gobernador del Estado Don Enrique C\u00e1rdenas Gonz\u00e1lez.<\/p>\n<p style=\"text-align: justify;\">El acervo b\u00e1sico fue donado por el Gobierno del Estado de Tamaulipas, la Direcci\u00f3n General de Bibliotecas y donaciones de particulares; actualmente cuenta con un acervo de 84,995 ejemplares en las diferentes ramas, adem\u00e1s de colecciones especiales, fondos documentales y bibliogr\u00e1ficos de tamaulipecos ilustres.<\/p>\n<h2 style=\"text-align: center;\"><span style=\"font-size: 20px; color: #800000;\">Espacios con los que cuenta<\/span><\/h2>\n<ul>\n<li>M\u00f3dulo de informaci\u00f3n lado norte<\/li>\n<li>\u00c1rea especializada de Tamaulipas<\/li>\n<li>\u00c1rea de consulta general, sala \u201cA\u00bb y \u201cB\u00bb<\/li>\n<li>\u00c1rea de consulta de enciclopedias<\/li>\n<li>\u00c1gora central para eventos culturales<\/li>\n<li>Sala de estudio<\/li>\n<li>Sala infantil<\/li>\n<li>Ludoteca<\/li>\n<li>Ba\u00f1os<\/li>\n<li>Estacionamiento<\/li>\n<li>Hemeroteca<\/li>\n<li>Jardines<\/li>\n<\/ul>\n<h2 style=\"text-align: center;\"><span style=\"font-size: 20px; color: #800000;\">Planta alta<\/span><\/h2>\n<ul style=\"list-style-type: disc;\">\n<li>Direcci\u00f3n administrativa<\/li>\n<li>Fondo documental del Ing. Marte R. G\u00f3mez<\/li>\n<li>Fondos y acervos bibliogr\u00e1ficos de:<\/li>\n<\/ul>\n<ul style=\"list-style-type: circle;\">\n<li>Amalia Gonz\u00e1lez Caballero de Castillo Led\u00f3n<\/li>\n<li>Prof. Gabriel Sald\u00edvar y Silva<\/li>\n<li>Prof. Francisco de P. Arreola<\/li>\n<li>Lic. Juan Fidel Zorrilla<\/li>\n<li>Ing. Am\u00e9rico Villarreal Guerra<\/li>\n<li>Lic. Praxedis Balboa Goj\u00f3n<\/li>\n<li>Profra. Alta\u00edr Tejeda de Tamez<\/li>\n<li>Prof. Vidal Efr\u00e9n Covi\u00e1n Mart\u00ednez<\/li>\n<li>Dr. Ra\u00fal Berm\u00fadez Ru\u00edz<\/li>\n<li>Dr. Benjam\u00edn Franklin<\/li>\n<\/ul>\n<ul style=\"list-style-type: disc;\">\n<li>As\u00ed como diapositivas de los municipios de Tamaulipas de diversos temas<\/li>\n<\/ul>\n<h2 style=\"text-align: center;\"><span style=\"font-size: 20px; color: #800000;\">Servicios que presta<\/span><\/h2>\n<ul>\n<li>Consulta<\/li>\n<li>Pr\u00e9stamo de libros a domicilio<\/li>\n<li>Visitas guiadas<\/li>\n<li>Talleres literarios<\/li>\n<li>C\u00edrculos de lectura<\/li>\n<li>Actividades literarias internas y extramuros<\/li>\n<li>Conferencias<\/li>\n<li>Exposiciones y presentaciones de libros<\/li>\n<li>Internet<\/li>\n<\/ul>\n","protected":false},"excerpt":{"rendered":"<p>Lunes a viernes de 09:00 a 20:45 h S\u00e1bado y domingo de 09:00 a 15:00 h Antecedentes y objetivos Fue inaugurada por primera vez con\u2026<\/p>\n","protected":false},"author":156,"featured_media":0,"parent":0,"menu_order":0,"comment_status":"closed","ping_status":"closed","template":"","meta":{"footnotes":""},"class_list":["post-2385","page","type-page","status-publish","hentry"],"publishpress_future_action":{"enabled":false,"date":"2026-05-09 23:21:52","action":"change-status","newStatus":"draft","terms":[],"taxonomy":""},"_links":{"self":[{"href":"https:\/\/www.tamaulipas.gob.mx\/cultura\/wp-json\/wp\/v2\/pages\/2385"}],"collection":[{"href":"https:\/\/www.tamaulipas.gob.mx\/cultura\/wp-json\/wp\/v2\/pages"}],"about":[{"href":"https:\/\/www.tamaulipas.gob.mx\/cultura\/wp-json\/wp\/v2\/types\/page"}],"author":[{"embeddable":true,"href":"https:\/\/www.tamaulipas.gob.mx\/cultura\/wp-json\/wp\/v2\/users\/156"}],"replies":[{"embeddable":true,"href":"https:\/\/www.tamaulipas.gob.mx\/cultura\/wp-json\/wp\/v2\/comments?post=2385"}],"version-history":[{"count":3,"href":"https:\/\/www.tamaulipas.gob.mx\/cultura\/wp-json\/wp\/v2\/pages\/2385\/revisions"}],"predecessor-version":[{"id":2792,"href":"https:\/\/www.tamaulipas.gob.mx\/cultura\/wp-json\/wp\/v2\/pages\/2385\/revisions\/2792"}],"wp:attachment":[{"href":"https:\/\/www.tamaulipas.gob.mx\/cultura\/wp-json\/wp\/v2\/media?parent=2385"}],"curies":[{"name":"wp","href":"https:\/\/api.w.org\/{rel}","templated":true}]}}